{"id":13,"date":"2020-04-07T14:26:14","date_gmt":"2020-04-07T12:26:14","guid":{"rendered":"https:\/\/www.sindiaboldt.de\/business\/?page_id=13"},"modified":"2022-06-21T10:24:33","modified_gmt":"2022-06-21T08:24:33","slug":"home","status":"publish","type":"page","link":"https:\/\/www.sindiaboldt.de\/business\/","title":{"rendered":"Business Fotografie Branding"},"content":{"rendered":"<p id=\"tw-target-text\" class=\"tw-data-text tw-ta tw-text-small\" dir=\"ltr\" style=\"text-align: center\" data-placeholder=\"\u00dcbersetzung\"><span lang=\"de\">Der erste Eindruck z\u00e4hlt! Professionelle und medienwirksame Bilder sind f\u00fcr die Pr\u00e4sentation Ihres Unternehmens wichtig. Kunden erfassen auf den ersten Blick Ihre Dienstleistung. Verstehen die Kernbotschaften Ihrer Marke und gewinnen einen positiven Eindruck. <\/span><\/p>\n<p class=\"tw-data-text tw-ta tw-text-small\" dir=\"ltr\" style=\"text-align: center\" data-placeholder=\"\u00dcbersetzung\"><span lang=\"de\">Ich produziere Bilder mit Pers\u00f6nlichkeit und Kontext, so dass Kunden das Gef\u00fchl bekommen, bereits mit Ihnen bei einem Kaffee zu sitzen oder Ihnen bei der Arbeit \u00fcber die Schulter zu schauen. Sie transportieren Ihren Anspruch, Werte und erwecken Vertrauen. <\/span><\/p>\n<p class=\"tw-data-text tw-ta tw-text-small\" dir=\"ltr\" style=\"text-align: center\" data-placeholder=\"\u00dcbersetzung\"><span lang=\"de\">Sie erhalten eine Vielzahl an Aufnahmen, die sich perfekt auf Homepage, Social Media, Digital und Print-Kampagnen einbinden lassen. Ihr Unternehmen wird erlebbar und Websitebesucher oder Interessenten werden schneller und vor allem \u00f6fter\u00a0 zu Kunden.<br \/>\n<\/span><\/p>\n","protected":false},"excerpt":{"rendered":"<p>Der erste Eindruck z\u00e4hlt! Professionelle und medienwirksame Bilder sind f\u00fcr die Pr\u00e4sentation Ihres Unternehmens wichtig. Kunden erfassen auf den ersten Blick Ihre Dienstleistung. Verstehen die Kernbotschaften Ihrer Marke und gewinnen einen positiven Eindruck. Ich produziere Bilder mit Pers\u00f6nlichkeit und Kontext, so dass Kunden das Gef\u00fchl bekommen, bereits mit Ihnen bei einem Kaffee zu sitzen oder [&hellip;]<\/p>\n","protected":false},"author":1,"featured_media":162,"parent":0,"menu_order":0,"comment_status":"closed","ping_status":"closed","template":"","meta":{"footnotes":""},"class_list":["post-13","page","type-page","status-publish","has-post-thumbnail"],"yoast_head":"<!-- This site is optimized with the Yoast SEO plugin v26.8 - https:\/\/yoast.com\/product\/yoast-seo-wordpress\/ -->\n<title>Business Fotografie Branding<\/title>\n<meta name=\"description\" content=\"Professionelle und medienwirksame Bilder f\u00fcr die Pr\u00e4sentation Ihres Unternehmens. Mit rundum Sorglos Service! Fotoatelier Hohenkammer\" \/>\n<meta name=\"robots\" content=\"index, follow, max-snippet:-1, max-image-preview:large, max-video-preview:-1\" \/>\n<link rel=\"canonical\" href=\"https:\/\/www.sindiaboldt.de\/business\/\" \/>\n<meta property=\"og:locale\" content=\"de_DE\" \/>\n<meta property=\"og:type\" content=\"article\" \/>\n<meta property=\"og:title\" content=\"Business Fotografie Branding\" \/>\n<meta property=\"og:description\" content=\"Professionelle und medienwirksame Bilder f\u00fcr die Pr\u00e4sentation Ihres Unternehmens. Mit rundum Sorglos Service! Fotoatelier Hohenkammer\" \/>\n<meta property=\"og:url\" content=\"https:\/\/www.sindiaboldt.de\/business\/\" \/>\n<meta property=\"og:site_name\" content=\"Business\" \/>\n<meta property=\"article:modified_time\" content=\"2022-06-21T08:24:33+00:00\" \/>\n<meta property=\"og:image\" content=\"https:\/\/www.sindiaboldt.de\/business\/wp-content\/uploads\/sites\/3\/2020\/04\/Business-Fotografie-Muenchen-Branding-Shoot-Sindia-Boldt-Photogrpahy_0015.jpg\" \/>\n\t<meta property=\"og:image:width\" content=\"1400\" \/>\n\t<meta property=\"og:image:height\" content=\"2000\" \/>\n\t<meta property=\"og:image:type\" content=\"image\/jpeg\" \/>\n<meta name=\"twitter:card\" content=\"summary_large_image\" \/>\n<meta name=\"twitter:label1\" content=\"Gesch\u00e4tzte Lesezeit\" \/>\n\t<meta name=\"twitter:data1\" content=\"4\u00a0Minuten\" \/>\n<script type=\"application\/ld+json\" class=\"yoast-schema-graph\">{\"@context\":\"https:\/\/schema.org\",\"@graph\":[{\"@type\":\"WebPage\",\"@id\":\"https:\/\/www.sindiaboldt.de\/business\/\",\"url\":\"https:\/\/www.sindiaboldt.de\/business\/\",\"name\":\"Business Fotografie Branding\",\"isPartOf\":{\"@id\":\"https:\/\/www.sindiaboldt.de\/business\/#website\"},\"primaryImageOfPage\":{\"@id\":\"https:\/\/www.sindiaboldt.de\/business\/#primaryimage\"},\"image\":{\"@id\":\"https:\/\/www.sindiaboldt.de\/business\/#primaryimage\"},\"thumbnailUrl\":\"https:\/\/www.sindiaboldt.de\/business\/wp-content\/uploads\/sites\/3\/2020\/04\/Business-Portrait-Fotograf-Muenchen-Business-Fotos-Sindia-Boldt-Photogrpahy_0015.jpg\",\"datePublished\":\"2020-04-07T12:26:14+00:00\",\"dateModified\":\"2022-06-21T08:24:33+00:00\",\"description\":\"Professionelle und medienwirksame Bilder f\u00fcr die Pr\u00e4sentation Ihres Unternehmens. Mit rundum Sorglos Service! Fotoatelier Hohenkammer\",\"breadcrumb\":{\"@id\":\"https:\/\/www.sindiaboldt.de\/business\/#breadcrumb\"},\"inLanguage\":\"de\",\"potentialAction\":[{\"@type\":\"ReadAction\",\"target\":[\"https:\/\/www.sindiaboldt.de\/business\/\"]}]},{\"@type\":\"ImageObject\",\"inLanguage\":\"de\",\"@id\":\"https:\/\/www.sindiaboldt.de\/business\/#primaryimage\",\"url\":\"https:\/\/www.sindiaboldt.de\/business\/wp-content\/uploads\/sites\/3\/2020\/04\/Business-Portrait-Fotograf-Muenchen-Business-Fotos-Sindia-Boldt-Photogrpahy_0015.jpg\",\"contentUrl\":\"https:\/\/www.sindiaboldt.de\/business\/wp-content\/uploads\/sites\/3\/2020\/04\/Business-Portrait-Fotograf-Muenchen-Business-Fotos-Sindia-Boldt-Photogrpahy_0015.jpg\",\"width\":1400,\"height\":933,\"caption\":\"Business Portrait Fotograf Muenchen Business Fotos Sindia Boldt Photogrpahy 0015\"},{\"@type\":\"BreadcrumbList\",\"@id\":\"https:\/\/www.sindiaboldt.de\/business\/#breadcrumb\",\"itemListElement\":[{\"@type\":\"ListItem\",\"position\":1,\"name\":\"Home\",\"item\":\"https:\/\/www.sindiaboldt.de\/business\/\"},{\"@type\":\"ListItem\",\"position\":2,\"name\":\"Business Fotografie Branding\"}]},{\"@type\":\"WebSite\",\"@id\":\"https:\/\/www.sindiaboldt.de\/business\/#website\",\"url\":\"https:\/\/www.sindiaboldt.de\/business\/\",\"name\":\"Business\",\"description\":\"Business Fotografie M\u00fcnchen Branding Shoots Sindia Boldt\",\"potentialAction\":[{\"@type\":\"SearchAction\",\"target\":{\"@type\":\"EntryPoint\",\"urlTemplate\":\"https:\/\/www.sindiaboldt.de\/business\/?s={search_term_string}\"},\"query-input\":{\"@type\":\"PropertyValueSpecification\",\"valueRequired\":true,\"valueName\":\"search_term_string\"}}],\"inLanguage\":\"de\"}]}<\/script>\n<!-- \/ Yoast SEO plugin. -->","yoast_head_json":{"title":"Business Fotografie Branding","description":"Professionelle und medienwirksame Bilder f\u00fcr die Pr\u00e4sentation Ihres Unternehmens. Mit rundum Sorglos Service! Fotoatelier Hohenkammer","robots":{"index":"index","follow":"follow","max-snippet":"max-snippet:-1","max-image-preview":"max-image-preview:large","max-video-preview":"max-video-preview:-1"},"canonical":"https:\/\/www.sindiaboldt.de\/business\/","og_locale":"de_DE","og_type":"article","og_title":"Business Fotografie Branding","og_description":"Professionelle und medienwirksame Bilder f\u00fcr die Pr\u00e4sentation Ihres Unternehmens. Mit rundum Sorglos Service! Fotoatelier Hohenkammer","og_url":"https:\/\/www.sindiaboldt.de\/business\/","og_site_name":"Business","article_modified_time":"2022-06-21T08:24:33+00:00","og_image":[{"width":1400,"height":2000,"url":"https:\/\/www.sindiaboldt.de\/business\/wp-content\/uploads\/sites\/3\/2020\/04\/Business-Fotografie-Muenchen-Branding-Shoot-Sindia-Boldt-Photogrpahy_0015.jpg","type":"image\/jpeg"}],"twitter_card":"summary_large_image","twitter_misc":{"Gesch\u00e4tzte Lesezeit":"4\u00a0Minuten"},"schema":{"@context":"https:\/\/schema.org","@graph":[{"@type":"WebPage","@id":"https:\/\/www.sindiaboldt.de\/business\/","url":"https:\/\/www.sindiaboldt.de\/business\/","name":"Business Fotografie Branding","isPartOf":{"@id":"https:\/\/www.sindiaboldt.de\/business\/#website"},"primaryImageOfPage":{"@id":"https:\/\/www.sindiaboldt.de\/business\/#primaryimage"},"image":{"@id":"https:\/\/www.sindiaboldt.de\/business\/#primaryimage"},"thumbnailUrl":"https:\/\/www.sindiaboldt.de\/business\/wp-content\/uploads\/sites\/3\/2020\/04\/Business-Portrait-Fotograf-Muenchen-Business-Fotos-Sindia-Boldt-Photogrpahy_0015.jpg","datePublished":"2020-04-07T12:26:14+00:00","dateModified":"2022-06-21T08:24:33+00:00","description":"Professionelle und medienwirksame Bilder f\u00fcr die Pr\u00e4sentation Ihres Unternehmens. Mit rundum Sorglos Service! Fotoatelier Hohenkammer","breadcrumb":{"@id":"https:\/\/www.sindiaboldt.de\/business\/#breadcrumb"},"inLanguage":"de","potentialAction":[{"@type":"ReadAction","target":["https:\/\/www.sindiaboldt.de\/business\/"]}]},{"@type":"ImageObject","inLanguage":"de","@id":"https:\/\/www.sindiaboldt.de\/business\/#primaryimage","url":"https:\/\/www.sindiaboldt.de\/business\/wp-content\/uploads\/sites\/3\/2020\/04\/Business-Portrait-Fotograf-Muenchen-Business-Fotos-Sindia-Boldt-Photogrpahy_0015.jpg","contentUrl":"https:\/\/www.sindiaboldt.de\/business\/wp-content\/uploads\/sites\/3\/2020\/04\/Business-Portrait-Fotograf-Muenchen-Business-Fotos-Sindia-Boldt-Photogrpahy_0015.jpg","width":1400,"height":933,"caption":"Business Portrait Fotograf Muenchen Business Fotos Sindia Boldt Photogrpahy 0015"},{"@type":"BreadcrumbList","@id":"https:\/\/www.sindiaboldt.de\/business\/#breadcrumb","itemListElement":[{"@type":"ListItem","position":1,"name":"Home","item":"https:\/\/www.sindiaboldt.de\/business\/"},{"@type":"ListItem","position":2,"name":"Business Fotografie Branding"}]},{"@type":"WebSite","@id":"https:\/\/www.sindiaboldt.de\/business\/#website","url":"https:\/\/www.sindiaboldt.de\/business\/","name":"Business","description":"Business Fotografie M\u00fcnchen Branding Shoots Sindia Boldt","potentialAction":[{"@type":"SearchAction","target":{"@type":"EntryPoint","urlTemplate":"https:\/\/www.sindiaboldt.de\/business\/?s={search_term_string}"},"query-input":{"@type":"PropertyValueSpecification","valueRequired":true,"valueName":"search_term_string"}}],"inLanguage":"de"}]}},"_links":{"self":[{"href":"https:\/\/www.sindiaboldt.de\/business\/wp-json\/wp\/v2\/pages\/13","targetHints":{"allow":["GET"]}}],"collection":[{"href":"https:\/\/www.sindiaboldt.de\/business\/wp-json\/wp\/v2\/pages"}],"about":[{"href":"https:\/\/www.sindiaboldt.de\/business\/wp-json\/wp\/v2\/types\/page"}],"author":[{"embeddable":true,"href":"https:\/\/www.sindiaboldt.de\/business\/wp-json\/wp\/v2\/users\/1"}],"replies":[{"embeddable":true,"href":"https:\/\/www.sindiaboldt.de\/business\/wp-json\/wp\/v2\/comments?post=13"}],"version-history":[{"count":0,"href":"https:\/\/www.sindiaboldt.de\/business\/wp-json\/wp\/v2\/pages\/13\/revisions"}],"wp:featuredmedia":[{"embeddable":true,"href":"https:\/\/www.sindiaboldt.de\/business\/wp-json\/wp\/v2\/media\/162"}],"wp:attachment":[{"href":"https:\/\/www.sindiaboldt.de\/business\/wp-json\/wp\/v2\/media?parent=13"}],"curies":[{"name":"wp","href":"https:\/\/api.w.org\/{rel}","templated":true}]}}