{"id":180,"date":"2020-04-11T16:43:54","date_gmt":"2020-04-11T14:43:54","guid":{"rendered":"https:\/\/www.sindiaboldt.de\/business\/?page_id=180"},"modified":"2023-07-06T09:38:09","modified_gmt":"2023-07-06T07:38:09","slug":"portrait-event","status":"publish","type":"page","link":"https:\/\/www.sindiaboldt.de\/business\/portrait-event\/","title":{"rendered":"Business Portrait Event"},"content":{"rendered":"<h5 style=\"text-align: center;\">An festen Terminen \u00f6ffne ich mein Atelier f\u00fcr ein Business Portrait Event zum Vorteilspreis:<\/h5>\n<h5 style=\"text-align: center;\">Dieses besondere Angebot richtet sich an Unternehmerinnen, Angestellte, Uni-Absolventinnen, Mamas, die wieder in den Job gehen \u2026<\/h5>\n<h5 style=\"text-align: center;\">F\u00fcr motivierte Frauen, die sich ein hochwertiges Portrait f\u00fcr Ihre Bewerbungen, Homepage oder Soziale Netzwerke w\u00fcnschen.<\/h5>\n<p><img loading=\"lazy\" decoding=\"async\" class=\"aligncenter size-large wp-image-188\" title=\"Business happy hour Sindia Boldt Photography 0008 1\" src=\"https:\/\/www.sindiaboldt.de\/business\/wp-content\/uploads\/sites\/3\/2020\/04\/Business-happy-hour-Sindia-Boldt-Photography_0008-1-1024x1021.jpg\" alt=\"Business happy hour Sindia Boldt Photography 0008 1\" width=\"1024\" height=\"1021\" srcset=\"https:\/\/www.sindiaboldt.de\/business\/wp-content\/uploads\/sites\/3\/2020\/04\/Business-happy-hour-Sindia-Boldt-Photography_0008-1-1024x1021.jpg 1024w, https:\/\/www.sindiaboldt.de\/business\/wp-content\/uploads\/sites\/3\/2020\/04\/Business-happy-hour-Sindia-Boldt-Photography_0008-1-300x300.jpg 300w, https:\/\/www.sindiaboldt.de\/business\/wp-content\/uploads\/sites\/3\/2020\/04\/Business-happy-hour-Sindia-Boldt-Photography_0008-1-150x150.jpg 150w, https:\/\/www.sindiaboldt.de\/business\/wp-content\/uploads\/sites\/3\/2020\/04\/Business-happy-hour-Sindia-Boldt-Photography_0008-1-768x765.jpg 768w, https:\/\/www.sindiaboldt.de\/business\/wp-content\/uploads\/sites\/3\/2020\/04\/Business-happy-hour-Sindia-Boldt-Photography_0008-1.jpg 1500w\" sizes=\"auto, (max-width: 1024px) 100vw, 1024px\" \/><\/p>\n","protected":false},"excerpt":{"rendered":"<p>An festen Terminen \u00f6ffne ich mein Atelier f\u00fcr ein Business Portrait Event zum Vorteilspreis: Dieses besondere Angebot richtet sich an Unternehmerinnen, Angestellte, Uni-Absolventinnen, Mamas, die wieder in den Job gehen \u2026 F\u00fcr motivierte Frauen, die sich ein hochwertiges Portrait f\u00fcr Ihre Bewerbungen, Homepage oder Soziale Netzwerke w\u00fcnschen.<\/p>\n","protected":false},"author":1,"featured_media":0,"parent":0,"menu_order":0,"comment_status":"closed","ping_status":"closed","template":"","meta":{"footnotes":""},"class_list":["post-180","page","type-page","status-publish"],"yoast_head":"<!-- This site is optimized with the Yoast SEO plugin v26.8 - https:\/\/yoast.com\/product\/yoast-seo-wordpress\/ -->\n<title>Business Portrait Event<\/title>\n<meta name=\"description\" content=\"Business Portrait Happy Hour - F\u00fcr motivierte Frauen. Hochwertige Portraits f\u00fcr Ihre Bewerbung, Homepage, Soziale Netzwerke ben\u00f6tigen. Jetzt Platz sichern!\" \/>\n<meta name=\"robots\" content=\"index, follow, max-snippet:-1, max-image-preview:large, max-video-preview:-1\" \/>\n<link rel=\"canonical\" href=\"https:\/\/www.sindiaboldt.de\/business\/portrait-event\/\" \/>\n<meta property=\"og:locale\" content=\"de_DE\" \/>\n<meta property=\"og:type\" content=\"article\" \/>\n<meta property=\"og:title\" content=\"Business Portrait Event\" \/>\n<meta property=\"og:description\" content=\"Business Portrait Happy Hour - F\u00fcr motivierte Frauen. Hochwertige Portraits f\u00fcr Ihre Bewerbung, Homepage, Soziale Netzwerke ben\u00f6tigen. Jetzt Platz sichern!\" \/>\n<meta property=\"og:url\" content=\"https:\/\/www.sindiaboldt.de\/business\/portrait-event\/\" \/>\n<meta property=\"og:site_name\" content=\"Business\" \/>\n<meta property=\"article:modified_time\" content=\"2023-07-06T07:38:09+00:00\" \/>\n<meta property=\"og:image\" content=\"https:\/\/www.sindiaboldt.de\/business\/wp-content\/uploads\/sites\/3\/2020\/04\/Business-happy-hour-Sindia-Boldt-Photography_0008-1-1024x1021.jpg\" \/>\n<meta name=\"twitter:card\" content=\"summary_large_image\" \/>\n<meta name=\"twitter:label1\" content=\"Gesch\u00e4tzte Lesezeit\" \/>\n\t<meta name=\"twitter:data1\" content=\"1\u00a0Minute\" \/>\n<script type=\"application\/ld+json\" class=\"yoast-schema-graph\">{\"@context\":\"https:\/\/schema.org\",\"@graph\":[{\"@type\":\"WebPage\",\"@id\":\"https:\/\/www.sindiaboldt.de\/business\/portrait-event\/\",\"url\":\"https:\/\/www.sindiaboldt.de\/business\/portrait-event\/\",\"name\":\"Business Portrait Event\",\"isPartOf\":{\"@id\":\"https:\/\/www.sindiaboldt.de\/business\/#website\"},\"primaryImageOfPage\":{\"@id\":\"https:\/\/www.sindiaboldt.de\/business\/portrait-event\/#primaryimage\"},\"image\":{\"@id\":\"https:\/\/www.sindiaboldt.de\/business\/portrait-event\/#primaryimage\"},\"thumbnailUrl\":\"https:\/\/www.sindiaboldt.de\/business\/wp-content\/uploads\/sites\/3\/2020\/04\/Business-happy-hour-Sindia-Boldt-Photography_0008-1-1024x1021.jpg\",\"datePublished\":\"2020-04-11T14:43:54+00:00\",\"dateModified\":\"2023-07-06T07:38:09+00:00\",\"description\":\"Business Portrait Happy Hour - F\u00fcr motivierte Frauen. Hochwertige Portraits f\u00fcr Ihre Bewerbung, Homepage, Soziale Netzwerke ben\u00f6tigen. Jetzt Platz sichern!\",\"breadcrumb\":{\"@id\":\"https:\/\/www.sindiaboldt.de\/business\/portrait-event\/#breadcrumb\"},\"inLanguage\":\"de\",\"potentialAction\":[{\"@type\":\"ReadAction\",\"target\":[\"https:\/\/www.sindiaboldt.de\/business\/portrait-event\/\"]}]},{\"@type\":\"ImageObject\",\"inLanguage\":\"de\",\"@id\":\"https:\/\/www.sindiaboldt.de\/business\/portrait-event\/#primaryimage\",\"url\":\"https:\/\/www.sindiaboldt.de\/business\/wp-content\/uploads\/sites\/3\/2020\/04\/Business-happy-hour-Sindia-Boldt-Photography_0008-1.jpg\",\"contentUrl\":\"https:\/\/www.sindiaboldt.de\/business\/wp-content\/uploads\/sites\/3\/2020\/04\/Business-happy-hour-Sindia-Boldt-Photography_0008-1.jpg\",\"width\":1500,\"height\":1495,\"caption\":\"Business happy hour Sindia Boldt Photography 0008 1\"},{\"@type\":\"BreadcrumbList\",\"@id\":\"https:\/\/www.sindiaboldt.de\/business\/portrait-event\/#breadcrumb\",\"itemListElement\":[{\"@type\":\"ListItem\",\"position\":1,\"name\":\"Home\",\"item\":\"https:\/\/www.sindiaboldt.de\/business\/\"},{\"@type\":\"ListItem\",\"position\":2,\"name\":\"Business Portrait Event\"}]},{\"@type\":\"WebSite\",\"@id\":\"https:\/\/www.sindiaboldt.de\/business\/#website\",\"url\":\"https:\/\/www.sindiaboldt.de\/business\/\",\"name\":\"Business\",\"description\":\"Business Fotografie M\u00fcnchen Branding Shoots Sindia Boldt\",\"potentialAction\":[{\"@type\":\"SearchAction\",\"target\":{\"@type\":\"EntryPoint\",\"urlTemplate\":\"https:\/\/www.sindiaboldt.de\/business\/?s={search_term_string}\"},\"query-input\":{\"@type\":\"PropertyValueSpecification\",\"valueRequired\":true,\"valueName\":\"search_term_string\"}}],\"inLanguage\":\"de\"}]}<\/script>\n<!-- \/ Yoast SEO plugin. -->","yoast_head_json":{"title":"Business Portrait Event","description":"Business Portrait Happy Hour - F\u00fcr motivierte Frauen. Hochwertige Portraits f\u00fcr Ihre Bewerbung, Homepage, Soziale Netzwerke ben\u00f6tigen. Jetzt Platz sichern!","robots":{"index":"index","follow":"follow","max-snippet":"max-snippet:-1","max-image-preview":"max-image-preview:large","max-video-preview":"max-video-preview:-1"},"canonical":"https:\/\/www.sindiaboldt.de\/business\/portrait-event\/","og_locale":"de_DE","og_type":"article","og_title":"Business Portrait Event","og_description":"Business Portrait Happy Hour - F\u00fcr motivierte Frauen. Hochwertige Portraits f\u00fcr Ihre Bewerbung, Homepage, Soziale Netzwerke ben\u00f6tigen. Jetzt Platz sichern!","og_url":"https:\/\/www.sindiaboldt.de\/business\/portrait-event\/","og_site_name":"Business","article_modified_time":"2023-07-06T07:38:09+00:00","og_image":[{"url":"https:\/\/www.sindiaboldt.de\/business\/wp-content\/uploads\/sites\/3\/2020\/04\/Business-happy-hour-Sindia-Boldt-Photography_0008-1-1024x1021.jpg","type":"","width":"","height":""}],"twitter_card":"summary_large_image","twitter_misc":{"Gesch\u00e4tzte Lesezeit":"1\u00a0Minute"},"schema":{"@context":"https:\/\/schema.org","@graph":[{"@type":"WebPage","@id":"https:\/\/www.sindiaboldt.de\/business\/portrait-event\/","url":"https:\/\/www.sindiaboldt.de\/business\/portrait-event\/","name":"Business Portrait Event","isPartOf":{"@id":"https:\/\/www.sindiaboldt.de\/business\/#website"},"primaryImageOfPage":{"@id":"https:\/\/www.sindiaboldt.de\/business\/portrait-event\/#primaryimage"},"image":{"@id":"https:\/\/www.sindiaboldt.de\/business\/portrait-event\/#primaryimage"},"thumbnailUrl":"https:\/\/www.sindiaboldt.de\/business\/wp-content\/uploads\/sites\/3\/2020\/04\/Business-happy-hour-Sindia-Boldt-Photography_0008-1-1024x1021.jpg","datePublished":"2020-04-11T14:43:54+00:00","dateModified":"2023-07-06T07:38:09+00:00","description":"Business Portrait Happy Hour - F\u00fcr motivierte Frauen. Hochwertige Portraits f\u00fcr Ihre Bewerbung, Homepage, Soziale Netzwerke ben\u00f6tigen. Jetzt Platz sichern!","breadcrumb":{"@id":"https:\/\/www.sindiaboldt.de\/business\/portrait-event\/#breadcrumb"},"inLanguage":"de","potentialAction":[{"@type":"ReadAction","target":["https:\/\/www.sindiaboldt.de\/business\/portrait-event\/"]}]},{"@type":"ImageObject","inLanguage":"de","@id":"https:\/\/www.sindiaboldt.de\/business\/portrait-event\/#primaryimage","url":"https:\/\/www.sindiaboldt.de\/business\/wp-content\/uploads\/sites\/3\/2020\/04\/Business-happy-hour-Sindia-Boldt-Photography_0008-1.jpg","contentUrl":"https:\/\/www.sindiaboldt.de\/business\/wp-content\/uploads\/sites\/3\/2020\/04\/Business-happy-hour-Sindia-Boldt-Photography_0008-1.jpg","width":1500,"height":1495,"caption":"Business happy hour Sindia Boldt Photography 0008 1"},{"@type":"BreadcrumbList","@id":"https:\/\/www.sindiaboldt.de\/business\/portrait-event\/#breadcrumb","itemListElement":[{"@type":"ListItem","position":1,"name":"Home","item":"https:\/\/www.sindiaboldt.de\/business\/"},{"@type":"ListItem","position":2,"name":"Business Portrait Event"}]},{"@type":"WebSite","@id":"https:\/\/www.sindiaboldt.de\/business\/#website","url":"https:\/\/www.sindiaboldt.de\/business\/","name":"Business","description":"Business Fotografie M\u00fcnchen Branding Shoots Sindia Boldt","potentialAction":[{"@type":"SearchAction","target":{"@type":"EntryPoint","urlTemplate":"https:\/\/www.sindiaboldt.de\/business\/?s={search_term_string}"},"query-input":{"@type":"PropertyValueSpecification","valueRequired":true,"valueName":"search_term_string"}}],"inLanguage":"de"}]}},"_links":{"self":[{"href":"https:\/\/www.sindiaboldt.de\/business\/wp-json\/wp\/v2\/pages\/180","targetHints":{"allow":["GET"]}}],"collection":[{"href":"https:\/\/www.sindiaboldt.de\/business\/wp-json\/wp\/v2\/pages"}],"about":[{"href":"https:\/\/www.sindiaboldt.de\/business\/wp-json\/wp\/v2\/types\/page"}],"author":[{"embeddable":true,"href":"https:\/\/www.sindiaboldt.de\/business\/wp-json\/wp\/v2\/users\/1"}],"replies":[{"embeddable":true,"href":"https:\/\/www.sindiaboldt.de\/business\/wp-json\/wp\/v2\/comments?post=180"}],"version-history":[{"count":1,"href":"https:\/\/www.sindiaboldt.de\/business\/wp-json\/wp\/v2\/pages\/180\/revisions"}],"predecessor-version":[{"id":595,"href":"https:\/\/www.sindiaboldt.de\/business\/wp-json\/wp\/v2\/pages\/180\/revisions\/595"}],"wp:attachment":[{"href":"https:\/\/www.sindiaboldt.de\/business\/wp-json\/wp\/v2\/media?parent=180"}],"curies":[{"name":"wp","href":"https:\/\/api.w.org\/{rel}","templated":true}]}}