{"id":227,"date":"2020-04-19T18:13:50","date_gmt":"2020-04-19T16:13:50","guid":{"rendered":"https:\/\/www.sindiaboldt.de\/business\/?page_id=227"},"modified":"2021-01-05T13:54:41","modified_gmt":"2021-01-05T12:54:41","slug":"events","status":"publish","type":"page","link":"https:\/\/www.sindiaboldt.de\/business\/events\/","title":{"rendered":"Eventbegleitung"},"content":{"rendered":"<h2 style=\"text-align: center;\">Fotografische Begleitung f\u00fcr Ihr Firmenevent.<\/h2>\n<p style=\"text-align: center;\">Egal ob Konferenz, Off-Site, Mitarbeiterevent oder Messe. Ich begleite Ihre Veranstaltung mit Professionalit\u00e4t, Erfahrung und Gesp\u00fcr welche Aufnahmen Ihrem Unternehmen weiterhelfen werden!<\/p>\n<p style=\"text-align: center;\">Eine Konzernkarriere und die Erfahrung aus 10 Jahren Selbstst\u00e4ndigkeit verleihen mir das n\u00f6tige Fingerspitzengef\u00fchl im Umgang mit Gesch\u00e4ftsleitern, gehobenen Management und Ihren Mitarbeitern. Die Dokumentation Ihrer Firmenveranstaltung erm\u00f6glicht Ihnen eine hochwertige Nachbereitung f\u00fcr Intranet, Presse und Mitarbeiter.<\/p>\n<p style=\"text-align: center;\">M\u00f6gliche Motive sind die dokumentarische Begleitung von Vortr\u00e4gen, Teamarbeit, Preisverleihungen, Team-Building Events aber auch Aufnahmen von Messe-St\u00e4nden, Produktbilder im Lifestyle Stil und Mitarbeiterportraits.<\/p>\n<p style=\"text-align: center;\">Lassen Sie uns \u00fcber Ihren Bedarf sprechen &#8211; gemeinsam entwickeln wir ein rundes Konzept!<\/p>\n","protected":false},"excerpt":{"rendered":"<p>Fotografische Begleitung f\u00fcr Ihr Firmenevent. Egal ob Konferenz, Off-Site, Mitarbeiterevent oder Messe. Ich begleite Ihre Veranstaltung mit Professionalit\u00e4t, Erfahrung und Gesp\u00fcr welche Aufnahmen Ihrem Unternehmen weiterhelfen werden! Eine Konzernkarriere und die Erfahrung aus 10 Jahren Selbstst\u00e4ndigkeit verleihen mir das n\u00f6tige Fingerspitzengef\u00fchl im Umgang mit Gesch\u00e4ftsleitern, gehobenen Management und Ihren Mitarbeitern. Die Dokumentation Ihrer Firmenveranstaltung erm\u00f6glicht [&hellip;]<\/p>\n","protected":false},"author":1,"featured_media":0,"parent":0,"menu_order":0,"comment_status":"closed","ping_status":"closed","template":"","meta":{"footnotes":""},"class_list":["post-227","page","type-page","status-publish"],"yoast_head":"<!-- This site is optimized with the Yoast SEO plugin v26.8 - https:\/\/yoast.com\/product\/yoast-seo-wordpress\/ -->\n<title>Eventbegleitung<\/title>\n<meta name=\"description\" content=\"Fotografische Begleitung f\u00fcr Ihr Firmenevent. Konferenz, Off-Site, Mitarbeiterevent oder Messe. Hochwertige Aufnahmen. Jetzt individuelles Angebot einholen!\" \/>\n<meta name=\"robots\" content=\"index, follow, max-snippet:-1, max-image-preview:large, max-video-preview:-1\" \/>\n<link rel=\"canonical\" href=\"https:\/\/www.sindiaboldt.de\/business\/events\/\" \/>\n<meta property=\"og:locale\" content=\"de_DE\" \/>\n<meta property=\"og:type\" content=\"article\" \/>\n<meta property=\"og:title\" content=\"Eventbegleitung\" \/>\n<meta property=\"og:description\" content=\"Fotografische Begleitung f\u00fcr Ihr Firmenevent. Konferenz, Off-Site, Mitarbeiterevent oder Messe. Hochwertige Aufnahmen. Jetzt individuelles Angebot einholen!\" \/>\n<meta property=\"og:url\" content=\"https:\/\/www.sindiaboldt.de\/business\/events\/\" \/>\n<meta property=\"og:site_name\" content=\"Business\" \/>\n<meta property=\"article:modified_time\" content=\"2021-01-05T12:54:41+00:00\" \/>\n<meta name=\"twitter:card\" content=\"summary_large_image\" \/>\n<meta name=\"twitter:label1\" content=\"Gesch\u00e4tzte Lesezeit\" \/>\n\t<meta name=\"twitter:data1\" content=\"1\u00a0Minute\" \/>\n<script type=\"application\/ld+json\" class=\"yoast-schema-graph\">{\"@context\":\"https:\/\/schema.org\",\"@graph\":[{\"@type\":\"WebPage\",\"@id\":\"https:\/\/www.sindiaboldt.de\/business\/events\/\",\"url\":\"https:\/\/www.sindiaboldt.de\/business\/events\/\",\"name\":\"Eventbegleitung\",\"isPartOf\":{\"@id\":\"https:\/\/www.sindiaboldt.de\/business\/#website\"},\"datePublished\":\"2020-04-19T16:13:50+00:00\",\"dateModified\":\"2021-01-05T12:54:41+00:00\",\"description\":\"Fotografische Begleitung f\u00fcr Ihr Firmenevent. Konferenz, Off-Site, Mitarbeiterevent oder Messe. Hochwertige Aufnahmen. Jetzt individuelles Angebot einholen!\",\"breadcrumb\":{\"@id\":\"https:\/\/www.sindiaboldt.de\/business\/events\/#breadcrumb\"},\"inLanguage\":\"de\",\"potentialAction\":[{\"@type\":\"ReadAction\",\"target\":[\"https:\/\/www.sindiaboldt.de\/business\/events\/\"]}]},{\"@type\":\"BreadcrumbList\",\"@id\":\"https:\/\/www.sindiaboldt.de\/business\/events\/#breadcrumb\",\"itemListElement\":[{\"@type\":\"ListItem\",\"position\":1,\"name\":\"Home\",\"item\":\"https:\/\/www.sindiaboldt.de\/business\/\"},{\"@type\":\"ListItem\",\"position\":2,\"name\":\"Eventbegleitung\"}]},{\"@type\":\"WebSite\",\"@id\":\"https:\/\/www.sindiaboldt.de\/business\/#website\",\"url\":\"https:\/\/www.sindiaboldt.de\/business\/\",\"name\":\"Business\",\"description\":\"Business Fotografie M\u00fcnchen Branding Shoots Sindia Boldt\",\"potentialAction\":[{\"@type\":\"SearchAction\",\"target\":{\"@type\":\"EntryPoint\",\"urlTemplate\":\"https:\/\/www.sindiaboldt.de\/business\/?s={search_term_string}\"},\"query-input\":{\"@type\":\"PropertyValueSpecification\",\"valueRequired\":true,\"valueName\":\"search_term_string\"}}],\"inLanguage\":\"de\"}]}<\/script>\n<!-- \/ Yoast SEO plugin. -->","yoast_head_json":{"title":"Eventbegleitung","description":"Fotografische Begleitung f\u00fcr Ihr Firmenevent. Konferenz, Off-Site, Mitarbeiterevent oder Messe. Hochwertige Aufnahmen. Jetzt individuelles Angebot einholen!","robots":{"index":"index","follow":"follow","max-snippet":"max-snippet:-1","max-image-preview":"max-image-preview:large","max-video-preview":"max-video-preview:-1"},"canonical":"https:\/\/www.sindiaboldt.de\/business\/events\/","og_locale":"de_DE","og_type":"article","og_title":"Eventbegleitung","og_description":"Fotografische Begleitung f\u00fcr Ihr Firmenevent. Konferenz, Off-Site, Mitarbeiterevent oder Messe. Hochwertige Aufnahmen. Jetzt individuelles Angebot einholen!","og_url":"https:\/\/www.sindiaboldt.de\/business\/events\/","og_site_name":"Business","article_modified_time":"2021-01-05T12:54:41+00:00","twitter_card":"summary_large_image","twitter_misc":{"Gesch\u00e4tzte Lesezeit":"1\u00a0Minute"},"schema":{"@context":"https:\/\/schema.org","@graph":[{"@type":"WebPage","@id":"https:\/\/www.sindiaboldt.de\/business\/events\/","url":"https:\/\/www.sindiaboldt.de\/business\/events\/","name":"Eventbegleitung","isPartOf":{"@id":"https:\/\/www.sindiaboldt.de\/business\/#website"},"datePublished":"2020-04-19T16:13:50+00:00","dateModified":"2021-01-05T12:54:41+00:00","description":"Fotografische Begleitung f\u00fcr Ihr Firmenevent. Konferenz, Off-Site, Mitarbeiterevent oder Messe. Hochwertige Aufnahmen. Jetzt individuelles Angebot einholen!","breadcrumb":{"@id":"https:\/\/www.sindiaboldt.de\/business\/events\/#breadcrumb"},"inLanguage":"de","potentialAction":[{"@type":"ReadAction","target":["https:\/\/www.sindiaboldt.de\/business\/events\/"]}]},{"@type":"BreadcrumbList","@id":"https:\/\/www.sindiaboldt.de\/business\/events\/#breadcrumb","itemListElement":[{"@type":"ListItem","position":1,"name":"Home","item":"https:\/\/www.sindiaboldt.de\/business\/"},{"@type":"ListItem","position":2,"name":"Eventbegleitung"}]},{"@type":"WebSite","@id":"https:\/\/www.sindiaboldt.de\/business\/#website","url":"https:\/\/www.sindiaboldt.de\/business\/","name":"Business","description":"Business Fotografie M\u00fcnchen Branding Shoots Sindia Boldt","potentialAction":[{"@type":"SearchAction","target":{"@type":"EntryPoint","urlTemplate":"https:\/\/www.sindiaboldt.de\/business\/?s={search_term_string}"},"query-input":{"@type":"PropertyValueSpecification","valueRequired":true,"valueName":"search_term_string"}}],"inLanguage":"de"}]}},"_links":{"self":[{"href":"https:\/\/www.sindiaboldt.de\/business\/wp-json\/wp\/v2\/pages\/227","targetHints":{"allow":["GET"]}}],"collection":[{"href":"https:\/\/www.sindiaboldt.de\/business\/wp-json\/wp\/v2\/pages"}],"about":[{"href":"https:\/\/www.sindiaboldt.de\/business\/wp-json\/wp\/v2\/types\/page"}],"author":[{"embeddable":true,"href":"https:\/\/www.sindiaboldt.de\/business\/wp-json\/wp\/v2\/users\/1"}],"replies":[{"embeddable":true,"href":"https:\/\/www.sindiaboldt.de\/business\/wp-json\/wp\/v2\/comments?post=227"}],"version-history":[{"count":0,"href":"https:\/\/www.sindiaboldt.de\/business\/wp-json\/wp\/v2\/pages\/227\/revisions"}],"wp:attachment":[{"href":"https:\/\/www.sindiaboldt.de\/business\/wp-json\/wp\/v2\/media?parent=227"}],"curies":[{"name":"wp","href":"https:\/\/api.w.org\/{rel}","templated":true}]}}