{"id":249,"date":"2020-04-30T16:31:02","date_gmt":"2020-04-30T14:31:02","guid":{"rendered":"https:\/\/www.sindiaboldt.de\/business\/?page_id=249"},"modified":"2025-01-21T17:40:32","modified_gmt":"2025-01-21T16:40:32","slug":"impressum","status":"publish","type":"page","link":"https:\/\/www.sindiaboldt.de\/business\/impressum\/","title":{"rendered":"Impressum"},"content":{"rendered":"<div>\n<p>&nbsp;<\/p>\n<p style=\"text-align: center;\"><em>Sindia Boldt Photography<\/em><br \/>\n<em>Koppberggraben 1<\/em><br \/>\n<em>97080 W\u00fcrzburg<\/em><br \/>\n<em>mail: info@sindiaboldt.de <\/em><\/p>\n<p style=\"text-align: center;\">\n<em>USt-IdNr.: DE283487860<\/em><\/p>\n<p style=\"text-align: center;\">HAFTUNG F\u00dcR INHALTE<\/p>\n<p style=\"text-align: center;\">Die Inhalte der Seiten wurden mit gr\u00f6\u00dfter Sorgfalt erstellt. F\u00fcr die Richtigkeit, Vollst\u00e4ndigkeit und Aktualit\u00e4t der Inhalte wird jedoch keine Gew\u00e4hr \u00fcbernommen.<br \/>\nAls Diensteanbieter bin ich gem\u00e4\u00df \u00a7 7 Abs.1 TMG f\u00fcr eigene Inhalte auf diesen Seiten nach den allgemeinen Gesetzen verantwortlich. Nach \u00a7 8 bis 10 TMG bin ich als Diensteanbieter jedoch nicht verpflichtet, \u00fcbermittelte oder gespeicherte fremde Informationen zu \u00fcberwachen oder nach Umst\u00e4nden zu forschen, die auf eine rechtswidrige T\u00e4tigkeit hinweisen. Verpflichtungen zur Entfernung oder Sperrung der Nutzung von Informationen nach den allgemeinen Gesetzen bleiben hiervon unber\u00fchrt. Eine diesbez\u00fcgliche Haftung ist jedoch erst ab dem Zeitpunkt der Kenntnis einer konkreten Rechtsverletzung m\u00f6glich. Bei bekannt werden von entsprechenden Rechtsverletzungen werden diese Inhalte umgehend entfernt.<\/p>\n<p style=\"text-align: center;\">HAFTUNG F\u00dcR LINKS<\/p>\n<p style=\"text-align: center;\">Mein Angebot enth\u00e4lt Links zu externen Webseiten Dritter, auf deren Inhalte ich keinen Einfluss habe. Deshalb werden f\u00fcr diese fremden Inhalte auch keine Gew\u00e4hr \u00fcbernommen. F\u00fcr die Inhalte der verlinkten Seiten ist stets der jeweilige Anbieter oder Betreiber der Seiten verantwortlich. Die verlinkten Seiten wurden zum Zeitpunkt der Verlinkung auf m\u00f6gliche Rechtsverst\u00f6\u00dfe \u00fcberpr\u00fcft. Rechtswidrige Inhalte waren zum Zeitpunkt der Verlinkung nicht erkennbar. Eine permanente inhaltliche Kontrolle der verlinkten Seiten ist jedoch ohne konkrete Anhaltspunkte einer Rechtsverletzung nicht zumutbar. Bei bekannt werden von Rechtsverletzungen werden derartige Links umgehend entfernt.<\/p>\n<p style=\"text-align: center;\">URHEBERRECHT<\/p>\n<p style=\"text-align: center;\">Die durch die Seitenbetreiber erstellten Inhalte, Bilder und Werke auf diesen Seiten unterliegen dem deutschen Urheberrecht. Beitr\u00e4ge Dritter sind als solche gekennzeichnet. Die Vervielf\u00e4ltigung, Bearbeitung, Verbreitung und jede Art der Verwertung au\u00dferhalb der Grenzen des Urheberrechtes bed\u00fcrfen der schriftlichen Zustimmung des jeweiligen Autors bzw. Erstellers. Downloads und Kopien dieser Seite sind nicht gestattet.<br \/>\nDie Betreiber der Seiten sind bem\u00fcht, stets die Urheberrechte anderer zu beachten bzw. auf selbst erstellte sowie lizenzfreie Werke zur\u00fcckzugreifen.<\/p>\n<\/div>\n<div>\n<p style=\"text-align: center;\">\n<\/div>\n","protected":false},"excerpt":{"rendered":"<p>&nbsp; Sindia Boldt Photography Koppberggraben 1 97080 W\u00fcrzburg mail: info@sindiaboldt.de USt-IdNr.: DE283487860 HAFTUNG F\u00dcR INHALTE Die Inhalte der Seiten wurden mit gr\u00f6\u00dfter Sorgfalt erstellt. F\u00fcr die Richtigkeit, Vollst\u00e4ndigkeit und Aktualit\u00e4t der Inhalte wird jedoch keine Gew\u00e4hr \u00fcbernommen. Als Diensteanbieter bin ich gem\u00e4\u00df \u00a7 7 Abs.1 TMG f\u00fcr eigene Inhalte auf diesen Seiten nach den allgemeinen [&hellip;]<\/p>\n","protected":false},"author":1,"featured_media":0,"parent":0,"menu_order":0,"comment_status":"closed","ping_status":"closed","template":"","meta":{"footnotes":""},"class_list":["post-249","page","type-page","status-publish"],"yoast_head":"<!-- This site is optimized with the Yoast SEO plugin v26.8 - https:\/\/yoast.com\/product\/yoast-seo-wordpress\/ -->\n<title>Impressum - Business<\/title>\n<meta name=\"robots\" content=\"index, follow, max-snippet:-1, max-image-preview:large, max-video-preview:-1\" \/>\n<link rel=\"canonical\" href=\"https:\/\/www.sindiaboldt.de\/business\/impressum\/\" \/>\n<meta property=\"og:locale\" content=\"de_DE\" \/>\n<meta property=\"og:type\" content=\"article\" \/>\n<meta property=\"og:title\" content=\"Impressum - Business\" \/>\n<meta property=\"og:description\" content=\"&nbsp; Sindia Boldt Photography Koppberggraben 1 97080 W\u00fcrzburg mail: info@sindiaboldt.de USt-IdNr.: DE283487860 HAFTUNG F\u00dcR INHALTE Die Inhalte der Seiten wurden mit gr\u00f6\u00dfter Sorgfalt erstellt. F\u00fcr die Richtigkeit, Vollst\u00e4ndigkeit und Aktualit\u00e4t der Inhalte wird jedoch keine Gew\u00e4hr \u00fcbernommen. Als Diensteanbieter bin ich gem\u00e4\u00df \u00a7 7 Abs.1 TMG f\u00fcr eigene Inhalte auf diesen Seiten nach den allgemeinen [&hellip;]\" \/>\n<meta property=\"og:url\" content=\"https:\/\/www.sindiaboldt.de\/business\/impressum\/\" \/>\n<meta property=\"og:site_name\" content=\"Business\" \/>\n<meta property=\"article:modified_time\" content=\"2025-01-21T16:40:32+00:00\" \/>\n<meta name=\"twitter:card\" content=\"summary_large_image\" \/>\n<meta name=\"twitter:label1\" content=\"Gesch\u00e4tzte Lesezeit\" \/>\n\t<meta name=\"twitter:data1\" content=\"2\u00a0Minuten\" \/>\n<script type=\"application\/ld+json\" class=\"yoast-schema-graph\">{\"@context\":\"https:\/\/schema.org\",\"@graph\":[{\"@type\":\"WebPage\",\"@id\":\"https:\/\/www.sindiaboldt.de\/business\/impressum\/\",\"url\":\"https:\/\/www.sindiaboldt.de\/business\/impressum\/\",\"name\":\"Impressum - Business\",\"isPartOf\":{\"@id\":\"https:\/\/www.sindiaboldt.de\/business\/#website\"},\"datePublished\":\"2020-04-30T14:31:02+00:00\",\"dateModified\":\"2025-01-21T16:40:32+00:00\",\"breadcrumb\":{\"@id\":\"https:\/\/www.sindiaboldt.de\/business\/impressum\/#breadcrumb\"},\"inLanguage\":\"de\",\"potentialAction\":[{\"@type\":\"ReadAction\",\"target\":[\"https:\/\/www.sindiaboldt.de\/business\/impressum\/\"]}]},{\"@type\":\"BreadcrumbList\",\"@id\":\"https:\/\/www.sindiaboldt.de\/business\/impressum\/#breadcrumb\",\"itemListElement\":[{\"@type\":\"ListItem\",\"position\":1,\"name\":\"Home\",\"item\":\"https:\/\/www.sindiaboldt.de\/business\/\"},{\"@type\":\"ListItem\",\"position\":2,\"name\":\"Impressum\"}]},{\"@type\":\"WebSite\",\"@id\":\"https:\/\/www.sindiaboldt.de\/business\/#website\",\"url\":\"https:\/\/www.sindiaboldt.de\/business\/\",\"name\":\"Business\",\"description\":\"Business Fotografie M\u00fcnchen Branding Shoots Sindia Boldt\",\"potentialAction\":[{\"@type\":\"SearchAction\",\"target\":{\"@type\":\"EntryPoint\",\"urlTemplate\":\"https:\/\/www.sindiaboldt.de\/business\/?s={search_term_string}\"},\"query-input\":{\"@type\":\"PropertyValueSpecification\",\"valueRequired\":true,\"valueName\":\"search_term_string\"}}],\"inLanguage\":\"de\"}]}<\/script>\n<!-- \/ Yoast SEO plugin. -->","yoast_head_json":{"title":"Impressum - Business","robots":{"index":"index","follow":"follow","max-snippet":"max-snippet:-1","max-image-preview":"max-image-preview:large","max-video-preview":"max-video-preview:-1"},"canonical":"https:\/\/www.sindiaboldt.de\/business\/impressum\/","og_locale":"de_DE","og_type":"article","og_title":"Impressum - Business","og_description":"&nbsp; Sindia Boldt Photography Koppberggraben 1 97080 W\u00fcrzburg mail: info@sindiaboldt.de USt-IdNr.: DE283487860 HAFTUNG F\u00dcR INHALTE Die Inhalte der Seiten wurden mit gr\u00f6\u00dfter Sorgfalt erstellt. F\u00fcr die Richtigkeit, Vollst\u00e4ndigkeit und Aktualit\u00e4t der Inhalte wird jedoch keine Gew\u00e4hr \u00fcbernommen. Als Diensteanbieter bin ich gem\u00e4\u00df \u00a7 7 Abs.1 TMG f\u00fcr eigene Inhalte auf diesen Seiten nach den allgemeinen [&hellip;]","og_url":"https:\/\/www.sindiaboldt.de\/business\/impressum\/","og_site_name":"Business","article_modified_time":"2025-01-21T16:40:32+00:00","twitter_card":"summary_large_image","twitter_misc":{"Gesch\u00e4tzte Lesezeit":"2\u00a0Minuten"},"schema":{"@context":"https:\/\/schema.org","@graph":[{"@type":"WebPage","@id":"https:\/\/www.sindiaboldt.de\/business\/impressum\/","url":"https:\/\/www.sindiaboldt.de\/business\/impressum\/","name":"Impressum - Business","isPartOf":{"@id":"https:\/\/www.sindiaboldt.de\/business\/#website"},"datePublished":"2020-04-30T14:31:02+00:00","dateModified":"2025-01-21T16:40:32+00:00","breadcrumb":{"@id":"https:\/\/www.sindiaboldt.de\/business\/impressum\/#breadcrumb"},"inLanguage":"de","potentialAction":[{"@type":"ReadAction","target":["https:\/\/www.sindiaboldt.de\/business\/impressum\/"]}]},{"@type":"BreadcrumbList","@id":"https:\/\/www.sindiaboldt.de\/business\/impressum\/#breadcrumb","itemListElement":[{"@type":"ListItem","position":1,"name":"Home","item":"https:\/\/www.sindiaboldt.de\/business\/"},{"@type":"ListItem","position":2,"name":"Impressum"}]},{"@type":"WebSite","@id":"https:\/\/www.sindiaboldt.de\/business\/#website","url":"https:\/\/www.sindiaboldt.de\/business\/","name":"Business","description":"Business Fotografie M\u00fcnchen Branding Shoots Sindia Boldt","potentialAction":[{"@type":"SearchAction","target":{"@type":"EntryPoint","urlTemplate":"https:\/\/www.sindiaboldt.de\/business\/?s={search_term_string}"},"query-input":{"@type":"PropertyValueSpecification","valueRequired":true,"valueName":"search_term_string"}}],"inLanguage":"de"}]}},"_links":{"self":[{"href":"https:\/\/www.sindiaboldt.de\/business\/wp-json\/wp\/v2\/pages\/249","targetHints":{"allow":["GET"]}}],"collection":[{"href":"https:\/\/www.sindiaboldt.de\/business\/wp-json\/wp\/v2\/pages"}],"about":[{"href":"https:\/\/www.sindiaboldt.de\/business\/wp-json\/wp\/v2\/types\/page"}],"author":[{"embeddable":true,"href":"https:\/\/www.sindiaboldt.de\/business\/wp-json\/wp\/v2\/users\/1"}],"replies":[{"embeddable":true,"href":"https:\/\/www.sindiaboldt.de\/business\/wp-json\/wp\/v2\/comments?post=249"}],"version-history":[{"count":1,"href":"https:\/\/www.sindiaboldt.de\/business\/wp-json\/wp\/v2\/pages\/249\/revisions"}],"predecessor-version":[{"id":600,"href":"https:\/\/www.sindiaboldt.de\/business\/wp-json\/wp\/v2\/pages\/249\/revisions\/600"}],"wp:attachment":[{"href":"https:\/\/www.sindiaboldt.de\/business\/wp-json\/wp\/v2\/media?parent=249"}],"curies":[{"name":"wp","href":"https:\/\/api.w.org\/{rel}","templated":true}]}}