{"id":80,"date":"2020-04-07T21:08:01","date_gmt":"2020-04-07T19:08:01","guid":{"rendered":"https:\/\/www.sindiaboldt.de\/business\/?page_id=80"},"modified":"2021-01-05T13:54:45","modified_gmt":"2021-01-05T12:54:45","slug":"image-fotos","status":"publish","type":"page","link":"https:\/\/www.sindiaboldt.de\/business\/image-fotos\/","title":{"rendered":"Image Fotografie"},"content":{"rendered":"<h2 style=\"text-align: center;\">Imagefotografie f\u00fcr Ihr Unternehmen<\/h2>\n<p style=\"text-align: center;\">Imagefotos, oder auch Personal Branding genannt, ist mehr als nur ein Business Portrait \u2013 es ist die beste M\u00f6glichkeit Ihr Unternehmen einpr\u00e4gsam und wirkungsvoll zu pr\u00e4sentieren. Egal ob Gr\u00fcndershooting oder Rebranding der langj\u00e4hrigen Marke.<\/p>\n<p style=\"text-align: center;\">Moderne Fotoaufnahmen sind ein Kundenmagnet und geben Einblick in Ihre Arbeit, Ihr Angebot, Ihre Marke. Mit diesen Aufnahmen geh\u00f6ren austauschbare Stockfotos der Vergangenheit an! Wir erarbeiten Bildmaterial f\u00fcr Ihre Homepage, Social Media, Flyer, Prospekte, Kampagnen.<\/p>\n<h3 style=\"text-align: center;\">Klingt das nicht verlockend?<br \/>\nEin Ordner voller individueller Aufnahmen, die Sie und Ihr Unternehmen bestens repr\u00e4sentieren, aus dem Sie sich nach belieben f\u00fcr Ihre Projekte bedienen k\u00f6nnen?<\/h3>\n<p style=\"text-align: center;\">* Kein aufw\u00e4ndiges Suchen nach passenden Stockfotos mehr, die dann doch austauschbar wirken und hohe Kosten verursachen?<br \/>\n* Keine inkonsistenten Bilder vom Firmenevent, Mitarbeiterportraits und Produktbilder, sondern Bildmaterial, das Ihren Gesch\u00e4ftsauftritt widerspiegelt und wie aus einem Guss wirkt!<\/p>\n<p>&nbsp;<\/p>\n","protected":false},"excerpt":{"rendered":"<p>Imagefotografie f\u00fcr Ihr Unternehmen Imagefotos, oder auch Personal Branding genannt, ist mehr als nur ein Business Portrait \u2013 es ist die beste M\u00f6glichkeit Ihr Unternehmen einpr\u00e4gsam und wirkungsvoll zu pr\u00e4sentieren. Egal ob Gr\u00fcndershooting oder Rebranding der langj\u00e4hrigen Marke. Moderne Fotoaufnahmen sind ein Kundenmagnet und geben Einblick in Ihre Arbeit, Ihr Angebot, Ihre Marke. Mit diesen [&hellip;]<\/p>\n","protected":false},"author":1,"featured_media":0,"parent":0,"menu_order":0,"comment_status":"closed","ping_status":"closed","template":"","meta":{"footnotes":""},"class_list":["post-80","page","type-page","status-publish"],"yoast_head":"<!-- This site is optimized with the Yoast SEO plugin v26.8 - https:\/\/yoast.com\/product\/yoast-seo-wordpress\/ -->\n<title>Image Fotografie - Business<\/title>\n<meta name=\"robots\" content=\"index, follow, max-snippet:-1, max-image-preview:large, max-video-preview:-1\" \/>\n<link rel=\"canonical\" href=\"https:\/\/www.sindiaboldt.de\/business\/image-fotos\/\" \/>\n<meta property=\"og:locale\" content=\"de_DE\" \/>\n<meta property=\"og:type\" content=\"article\" \/>\n<meta property=\"og:title\" content=\"Image Fotografie - Business\" \/>\n<meta property=\"og:description\" content=\"Imagefotografie f\u00fcr Ihr Unternehmen Imagefotos, oder auch Personal Branding genannt, ist mehr als nur ein Business Portrait \u2013 es ist die beste M\u00f6glichkeit Ihr Unternehmen einpr\u00e4gsam und wirkungsvoll zu pr\u00e4sentieren. Egal ob Gr\u00fcndershooting oder Rebranding der langj\u00e4hrigen Marke. Moderne Fotoaufnahmen sind ein Kundenmagnet und geben Einblick in Ihre Arbeit, Ihr Angebot, Ihre Marke. Mit diesen [&hellip;]\" \/>\n<meta property=\"og:url\" content=\"https:\/\/www.sindiaboldt.de\/business\/image-fotos\/\" \/>\n<meta property=\"og:site_name\" content=\"Business\" \/>\n<meta property=\"article:modified_time\" content=\"2021-01-05T12:54:45+00:00\" \/>\n<meta name=\"twitter:card\" content=\"summary_large_image\" \/>\n<meta name=\"twitter:label1\" content=\"Gesch\u00e4tzte Lesezeit\" \/>\n\t<meta name=\"twitter:data1\" content=\"1\u00a0Minute\" \/>\n<script type=\"application\/ld+json\" class=\"yoast-schema-graph\">{\"@context\":\"https:\/\/schema.org\",\"@graph\":[{\"@type\":\"WebPage\",\"@id\":\"https:\/\/www.sindiaboldt.de\/business\/image-fotos\/\",\"url\":\"https:\/\/www.sindiaboldt.de\/business\/image-fotos\/\",\"name\":\"Image Fotografie - Business\",\"isPartOf\":{\"@id\":\"https:\/\/www.sindiaboldt.de\/business\/#website\"},\"datePublished\":\"2020-04-07T19:08:01+00:00\",\"dateModified\":\"2021-01-05T12:54:45+00:00\",\"breadcrumb\":{\"@id\":\"https:\/\/www.sindiaboldt.de\/business\/image-fotos\/#breadcrumb\"},\"inLanguage\":\"de\",\"potentialAction\":[{\"@type\":\"ReadAction\",\"target\":[\"https:\/\/www.sindiaboldt.de\/business\/image-fotos\/\"]}]},{\"@type\":\"BreadcrumbList\",\"@id\":\"https:\/\/www.sindiaboldt.de\/business\/image-fotos\/#breadcrumb\",\"itemListElement\":[{\"@type\":\"ListItem\",\"position\":1,\"name\":\"Home\",\"item\":\"https:\/\/www.sindiaboldt.de\/business\/\"},{\"@type\":\"ListItem\",\"position\":2,\"name\":\"Image Fotografie\"}]},{\"@type\":\"WebSite\",\"@id\":\"https:\/\/www.sindiaboldt.de\/business\/#website\",\"url\":\"https:\/\/www.sindiaboldt.de\/business\/\",\"name\":\"Business\",\"description\":\"Business Fotografie M\u00fcnchen Branding Shoots Sindia Boldt\",\"potentialAction\":[{\"@type\":\"SearchAction\",\"target\":{\"@type\":\"EntryPoint\",\"urlTemplate\":\"https:\/\/www.sindiaboldt.de\/business\/?s={search_term_string}\"},\"query-input\":{\"@type\":\"PropertyValueSpecification\",\"valueRequired\":true,\"valueName\":\"search_term_string\"}}],\"inLanguage\":\"de\"}]}<\/script>\n<!-- \/ Yoast SEO plugin. -->","yoast_head_json":{"title":"Image Fotografie - Business","robots":{"index":"index","follow":"follow","max-snippet":"max-snippet:-1","max-image-preview":"max-image-preview:large","max-video-preview":"max-video-preview:-1"},"canonical":"https:\/\/www.sindiaboldt.de\/business\/image-fotos\/","og_locale":"de_DE","og_type":"article","og_title":"Image Fotografie - Business","og_description":"Imagefotografie f\u00fcr Ihr Unternehmen Imagefotos, oder auch Personal Branding genannt, ist mehr als nur ein Business Portrait \u2013 es ist die beste M\u00f6glichkeit Ihr Unternehmen einpr\u00e4gsam und wirkungsvoll zu pr\u00e4sentieren. Egal ob Gr\u00fcndershooting oder Rebranding der langj\u00e4hrigen Marke. Moderne Fotoaufnahmen sind ein Kundenmagnet und geben Einblick in Ihre Arbeit, Ihr Angebot, Ihre Marke. Mit diesen [&hellip;]","og_url":"https:\/\/www.sindiaboldt.de\/business\/image-fotos\/","og_site_name":"Business","article_modified_time":"2021-01-05T12:54:45+00:00","twitter_card":"summary_large_image","twitter_misc":{"Gesch\u00e4tzte Lesezeit":"1\u00a0Minute"},"schema":{"@context":"https:\/\/schema.org","@graph":[{"@type":"WebPage","@id":"https:\/\/www.sindiaboldt.de\/business\/image-fotos\/","url":"https:\/\/www.sindiaboldt.de\/business\/image-fotos\/","name":"Image Fotografie - Business","isPartOf":{"@id":"https:\/\/www.sindiaboldt.de\/business\/#website"},"datePublished":"2020-04-07T19:08:01+00:00","dateModified":"2021-01-05T12:54:45+00:00","breadcrumb":{"@id":"https:\/\/www.sindiaboldt.de\/business\/image-fotos\/#breadcrumb"},"inLanguage":"de","potentialAction":[{"@type":"ReadAction","target":["https:\/\/www.sindiaboldt.de\/business\/image-fotos\/"]}]},{"@type":"BreadcrumbList","@id":"https:\/\/www.sindiaboldt.de\/business\/image-fotos\/#breadcrumb","itemListElement":[{"@type":"ListItem","position":1,"name":"Home","item":"https:\/\/www.sindiaboldt.de\/business\/"},{"@type":"ListItem","position":2,"name":"Image Fotografie"}]},{"@type":"WebSite","@id":"https:\/\/www.sindiaboldt.de\/business\/#website","url":"https:\/\/www.sindiaboldt.de\/business\/","name":"Business","description":"Business Fotografie M\u00fcnchen Branding Shoots Sindia Boldt","potentialAction":[{"@type":"SearchAction","target":{"@type":"EntryPoint","urlTemplate":"https:\/\/www.sindiaboldt.de\/business\/?s={search_term_string}"},"query-input":{"@type":"PropertyValueSpecification","valueRequired":true,"valueName":"search_term_string"}}],"inLanguage":"de"}]}},"_links":{"self":[{"href":"https:\/\/www.sindiaboldt.de\/business\/wp-json\/wp\/v2\/pages\/80","targetHints":{"allow":["GET"]}}],"collection":[{"href":"https:\/\/www.sindiaboldt.de\/business\/wp-json\/wp\/v2\/pages"}],"about":[{"href":"https:\/\/www.sindiaboldt.de\/business\/wp-json\/wp\/v2\/types\/page"}],"author":[{"embeddable":true,"href":"https:\/\/www.sindiaboldt.de\/business\/wp-json\/wp\/v2\/users\/1"}],"replies":[{"embeddable":true,"href":"https:\/\/www.sindiaboldt.de\/business\/wp-json\/wp\/v2\/comments?post=80"}],"version-history":[{"count":0,"href":"https:\/\/www.sindiaboldt.de\/business\/wp-json\/wp\/v2\/pages\/80\/revisions"}],"wp:attachment":[{"href":"https:\/\/www.sindiaboldt.de\/business\/wp-json\/wp\/v2\/media?parent=80"}],"curies":[{"name":"wp","href":"https:\/\/api.w.org\/{rel}","templated":true}]}}