{"id":1818,"date":"2020-06-10T18:18:16","date_gmt":"2020-06-10T16:18:16","guid":{"rendered":"https:\/\/www.sindiaboldt.de\/family\/?page_id=1818"},"modified":"2021-01-05T13:53:20","modified_gmt":"2021-01-05T12:53:20","slug":"familienfotos-freising","status":"publish","type":"page","link":"https:\/\/www.sindiaboldt.de\/family\/familienfotos-freising\/","title":{"rendered":"Familienfotos Freising &#8211; Zeitlos sch\u00f6ne Familienbilder f\u00fcr Euch und Eure Kinder!"},"content":{"rendered":"<h3 style=\"text-align: center;\">Hallo! Ich bin Sindia!<\/h3>\n<p style=\"text-align: center;\"><img loading=\"lazy\" decoding=\"async\" class=\"aligncenter size-full wp-image-1836\" title=\"Familienfotoshooting Freising Familienfotograf Sindia Boldt Photography\" src=\"https:\/\/www.sindiaboldt.de\/family\/wp-content\/uploads\/sites\/4\/2020\/06\/Familienfotoshooting-Freising-Familienfotograf-Sindia-Boldt-Photography.jpg\" alt=\"Familienfotoshooting Freising Familienfotograf Sindia Boldt Photography\" width=\"580\" height=\"435\" srcset=\"https:\/\/www.sindiaboldt.de\/family\/wp-content\/uploads\/sites\/4\/2020\/06\/Familienfotoshooting-Freising-Familienfotograf-Sindia-Boldt-Photography.jpg 580w, https:\/\/www.sindiaboldt.de\/family\/wp-content\/uploads\/sites\/4\/2020\/06\/Familienfotoshooting-Freising-Familienfotograf-Sindia-Boldt-Photography-300x225.jpg 300w\" sizes=\"auto, (max-width: 580px) 100vw, 580px\" \/><\/p>\n<p style=\"text-align: center;\">Eure Fotografin f\u00fcr Familienfotos Freising! Seit 10 Jahren bin ich verheiratet und habe eine wundervolle Tochter. Ich liebe die <strong>kostbaren Momentaufnahmen des Familienlebens<\/strong>: Dieses unbeschreibliche Gef\u00fchl, wenn der schlafwarmer K\u00f6rper deines Kindes sich an dich kuschelt. Wenn lautes Kinderlachen deinen Tag erhellt. Die ersten Gehversuche und der Jubel dar\u00fcber&#8230; Jedes <strong>fl\u00fcchtige Beobachtung die Euch Gl\u00fccksgef\u00fchle bescheeren<\/strong>.<\/p>\n<h3 style=\"text-align: center;\">Seit meine Tochter bei uns ist, wei\u00df ich wie kostbar Familienfotos sind!<\/h3>\n<p style=\"text-align: center;\">Meine gr\u00f6\u00dfte Freude ist es jedes dieser Gl\u00fccksgef\u00fchle f\u00fcr Euch in wundersch\u00f6nen Familienfotos f\u00fcr immer auf (Foto-) Papier zu bannen. Bei mir gibt es keinen Kitsch oder gestellte Posen. Ich m\u00f6chte Bilder von Euch schaffen, die Euch und <strong>Eure Gef\u00fchle f\u00fcreinander in purer Sch\u00f6nheit<\/strong> zeigen. Die voll von Liebe &amp; Zuneigung sind. Die Euer <strong>festes Familienband<\/strong> zeigen. Kleine Momente und Gesten werden so zur emotionalen Reserve, die Euch Jahre sp\u00e4ter zum gr\u00f6\u00dften Schatz Eurer Familie werden! F\u00fcr Euch als Eltern, aber auch f\u00fcr Eure Kinder! Wie wertvoll wird dieses eine Bild, auf dem du sie im Arm h\u00e4lst f\u00fcr deine Tochter werden? Sie wird sich besch\u00fctzt und geliebt f\u00fchlen! Sich an deinen Geruch und das Kitzeln deiner Haare erinnern. Wie getragen wird sich Dein Sohn f\u00fchlen, wenn er das Bild von sich und Papa sieht, der Ihn \u00fcber die Wiese tr\u00e4gt? Familienfotos Freising voller <strong>Emotion und Bedeutung<\/strong>! Das ist mein gr\u00f6\u00dftes Gl\u00fcck!<\/p>\n","protected":false},"excerpt":{"rendered":"<p>Hallo! Ich bin Sindia! Eure Fotografin f\u00fcr Familienfotos Freising! Seit 10 Jahren bin ich verheiratet und habe eine wundervolle Tochter. Ich liebe die kostbaren Momentaufnahmen des Familienlebens: Dieses unbeschreibliche Gef\u00fchl, wenn der schlafwarmer K\u00f6rper deines Kindes sich an dich kuschelt. Wenn lautes Kinderlachen deinen Tag erhellt. Die ersten Gehversuche und der Jubel dar\u00fcber&#8230; Jedes fl\u00fcchtige [&hellip;]<\/p>\n","protected":false},"author":1,"featured_media":0,"parent":0,"menu_order":0,"comment_status":"closed","ping_status":"closed","template":"","meta":{"footnotes":""},"class_list":["post-1818","page","type-page","status-publish"],"yoast_head":"<!-- This site is optimized with the Yoast SEO plugin v26.8 - https:\/\/yoast.com\/product\/yoast-seo-wordpress\/ -->\n<title>Familienfotos Freising - Zeitlos sch\u00f6ne Familienbilder f\u00fcr Euch und Eure Kinder!<\/title>\n<meta name=\"description\" content=\"Fotografin f\u00fcr Euer Familienfotos Freising - jetzt mehr Infos anfordern! Ich freue mich auf Euch und Eure wunderbaren Kinder!\" \/>\n<meta name=\"robots\" content=\"index, follow, max-snippet:-1, max-image-preview:large, max-video-preview:-1\" \/>\n<link rel=\"canonical\" href=\"https:\/\/www.sindiaboldt.de\/family\/familienfotos-freising\/\" \/>\n<meta property=\"og:locale\" content=\"de_DE\" \/>\n<meta property=\"og:type\" content=\"article\" \/>\n<meta property=\"og:title\" content=\"Familienfotos Freising - Zeitlos sch\u00f6ne Familienbilder f\u00fcr Euch und Eure Kinder!\" \/>\n<meta property=\"og:description\" content=\"Fotografin f\u00fcr Euer Familienfotos Freising - jetzt mehr Infos anfordern! Ich freue mich auf Euch und Eure wunderbaren Kinder!\" \/>\n<meta property=\"og:url\" content=\"https:\/\/www.sindiaboldt.de\/family\/familienfotos-freising\/\" \/>\n<meta property=\"og:site_name\" content=\"Familienfotograf M\u00fcnchen\" \/>\n<meta property=\"article:modified_time\" content=\"2021-01-05T12:53:20+00:00\" \/>\n<meta property=\"og:image\" content=\"https:\/\/www.sindiaboldt.de\/family\/wp-content\/uploads\/sites\/4\/2020\/06\/Familienfotoshooting-Freising-Familienfotograf-Sindia-Boldt-Photography.jpg\" \/>\n<meta name=\"twitter:card\" content=\"summary_large_image\" \/>\n<meta name=\"twitter:label1\" content=\"Gesch\u00e4tzte Lesezeit\" \/>\n\t<meta name=\"twitter:data1\" content=\"1\u00a0Minute\" \/>\n<script type=\"application\/ld+json\" class=\"yoast-schema-graph\">{\"@context\":\"https:\/\/schema.org\",\"@graph\":[{\"@type\":\"WebPage\",\"@id\":\"https:\/\/www.sindiaboldt.de\/family\/familienfotos-freising\/\",\"url\":\"https:\/\/www.sindiaboldt.de\/family\/familienfotos-freising\/\",\"name\":\"Familienfotos Freising - Zeitlos sch\u00f6ne Familienbilder f\u00fcr Euch und Eure Kinder!\",\"isPartOf\":{\"@id\":\"https:\/\/www.sindiaboldt.de\/family\/#website\"},\"primaryImageOfPage\":{\"@id\":\"https:\/\/www.sindiaboldt.de\/family\/familienfotos-freising\/#primaryimage\"},\"image\":{\"@id\":\"https:\/\/www.sindiaboldt.de\/family\/familienfotos-freising\/#primaryimage\"},\"thumbnailUrl\":\"https:\/\/www.sindiaboldt.de\/family\/wp-content\/uploads\/sites\/4\/2020\/06\/Familienfotoshooting-Freising-Familienfotograf-Sindia-Boldt-Photography.jpg\",\"datePublished\":\"2020-06-10T16:18:16+00:00\",\"dateModified\":\"2021-01-05T12:53:20+00:00\",\"description\":\"Fotografin f\u00fcr Euer Familienfotos Freising - jetzt mehr Infos anfordern! Ich freue mich auf Euch und Eure wunderbaren Kinder!\",\"breadcrumb\":{\"@id\":\"https:\/\/www.sindiaboldt.de\/family\/familienfotos-freising\/#breadcrumb\"},\"inLanguage\":\"de\",\"potentialAction\":[{\"@type\":\"ReadAction\",\"target\":[\"https:\/\/www.sindiaboldt.de\/family\/familienfotos-freising\/\"]}]},{\"@type\":\"ImageObject\",\"inLanguage\":\"de\",\"@id\":\"https:\/\/www.sindiaboldt.de\/family\/familienfotos-freising\/#primaryimage\",\"url\":\"https:\/\/www.sindiaboldt.de\/family\/wp-content\/uploads\/sites\/4\/2020\/06\/Familienfotoshooting-Freising-Familienfotograf-Sindia-Boldt-Photography.jpg\",\"contentUrl\":\"https:\/\/www.sindiaboldt.de\/family\/wp-content\/uploads\/sites\/4\/2020\/06\/Familienfotoshooting-Freising-Familienfotograf-Sindia-Boldt-Photography.jpg\",\"width\":580,\"height\":435,\"caption\":\"Familienfotoshooting Freising Familienfotograf Sindia Boldt Photography\"},{\"@type\":\"BreadcrumbList\",\"@id\":\"https:\/\/www.sindiaboldt.de\/family\/familienfotos-freising\/#breadcrumb\",\"itemListElement\":[{\"@type\":\"ListItem\",\"position\":1,\"name\":\"Home\",\"item\":\"https:\/\/www.sindiaboldt.de\/family\/\"},{\"@type\":\"ListItem\",\"position\":2,\"name\":\"Familienfotos Freising &#8211; Zeitlos sch\u00f6ne Familienbilder f\u00fcr Euch und Eure Kinder!\"}]},{\"@type\":\"WebSite\",\"@id\":\"https:\/\/www.sindiaboldt.de\/family\/#website\",\"url\":\"https:\/\/www.sindiaboldt.de\/family\/\",\"name\":\"Familienfotograf M\u00fcnchen\",\"description\":\"Sindia Boldt, Familien Fotograf M\u00fcnchen und Umgebung\",\"potentialAction\":[{\"@type\":\"SearchAction\",\"target\":{\"@type\":\"EntryPoint\",\"urlTemplate\":\"https:\/\/www.sindiaboldt.de\/family\/?s={search_term_string}\"},\"query-input\":{\"@type\":\"PropertyValueSpecification\",\"valueRequired\":true,\"valueName\":\"search_term_string\"}}],\"inLanguage\":\"de\"}]}<\/script>\n<!-- \/ Yoast SEO plugin. -->","yoast_head_json":{"title":"Familienfotos Freising - Zeitlos sch\u00f6ne Familienbilder f\u00fcr Euch und Eure Kinder!","description":"Fotografin f\u00fcr Euer Familienfotos Freising - jetzt mehr Infos anfordern! Ich freue mich auf Euch und Eure wunderbaren Kinder!","robots":{"index":"index","follow":"follow","max-snippet":"max-snippet:-1","max-image-preview":"max-image-preview:large","max-video-preview":"max-video-preview:-1"},"canonical":"https:\/\/www.sindiaboldt.de\/family\/familienfotos-freising\/","og_locale":"de_DE","og_type":"article","og_title":"Familienfotos Freising - Zeitlos sch\u00f6ne Familienbilder f\u00fcr Euch und Eure Kinder!","og_description":"Fotografin f\u00fcr Euer Familienfotos Freising - jetzt mehr Infos anfordern! Ich freue mich auf Euch und Eure wunderbaren Kinder!","og_url":"https:\/\/www.sindiaboldt.de\/family\/familienfotos-freising\/","og_site_name":"Familienfotograf M\u00fcnchen","article_modified_time":"2021-01-05T12:53:20+00:00","og_image":[{"url":"https:\/\/www.sindiaboldt.de\/family\/wp-content\/uploads\/sites\/4\/2020\/06\/Familienfotoshooting-Freising-Familienfotograf-Sindia-Boldt-Photography.jpg","type":"","width":"","height":""}],"twitter_card":"summary_large_image","twitter_misc":{"Gesch\u00e4tzte Lesezeit":"1\u00a0Minute"},"schema":{"@context":"https:\/\/schema.org","@graph":[{"@type":"WebPage","@id":"https:\/\/www.sindiaboldt.de\/family\/familienfotos-freising\/","url":"https:\/\/www.sindiaboldt.de\/family\/familienfotos-freising\/","name":"Familienfotos Freising - Zeitlos sch\u00f6ne Familienbilder f\u00fcr Euch und Eure Kinder!","isPartOf":{"@id":"https:\/\/www.sindiaboldt.de\/family\/#website"},"primaryImageOfPage":{"@id":"https:\/\/www.sindiaboldt.de\/family\/familienfotos-freising\/#primaryimage"},"image":{"@id":"https:\/\/www.sindiaboldt.de\/family\/familienfotos-freising\/#primaryimage"},"thumbnailUrl":"https:\/\/www.sindiaboldt.de\/family\/wp-content\/uploads\/sites\/4\/2020\/06\/Familienfotoshooting-Freising-Familienfotograf-Sindia-Boldt-Photography.jpg","datePublished":"2020-06-10T16:18:16+00:00","dateModified":"2021-01-05T12:53:20+00:00","description":"Fotografin f\u00fcr Euer Familienfotos Freising - jetzt mehr Infos anfordern! Ich freue mich auf Euch und Eure wunderbaren Kinder!","breadcrumb":{"@id":"https:\/\/www.sindiaboldt.de\/family\/familienfotos-freising\/#breadcrumb"},"inLanguage":"de","potentialAction":[{"@type":"ReadAction","target":["https:\/\/www.sindiaboldt.de\/family\/familienfotos-freising\/"]}]},{"@type":"ImageObject","inLanguage":"de","@id":"https:\/\/www.sindiaboldt.de\/family\/familienfotos-freising\/#primaryimage","url":"https:\/\/www.sindiaboldt.de\/family\/wp-content\/uploads\/sites\/4\/2020\/06\/Familienfotoshooting-Freising-Familienfotograf-Sindia-Boldt-Photography.jpg","contentUrl":"https:\/\/www.sindiaboldt.de\/family\/wp-content\/uploads\/sites\/4\/2020\/06\/Familienfotoshooting-Freising-Familienfotograf-Sindia-Boldt-Photography.jpg","width":580,"height":435,"caption":"Familienfotoshooting Freising Familienfotograf Sindia Boldt Photography"},{"@type":"BreadcrumbList","@id":"https:\/\/www.sindiaboldt.de\/family\/familienfotos-freising\/#breadcrumb","itemListElement":[{"@type":"ListItem","position":1,"name":"Home","item":"https:\/\/www.sindiaboldt.de\/family\/"},{"@type":"ListItem","position":2,"name":"Familienfotos Freising &#8211; Zeitlos sch\u00f6ne Familienbilder f\u00fcr Euch und Eure Kinder!"}]},{"@type":"WebSite","@id":"https:\/\/www.sindiaboldt.de\/family\/#website","url":"https:\/\/www.sindiaboldt.de\/family\/","name":"Familienfotograf M\u00fcnchen","description":"Sindia Boldt, Familien Fotograf M\u00fcnchen und Umgebung","potentialAction":[{"@type":"SearchAction","target":{"@type":"EntryPoint","urlTemplate":"https:\/\/www.sindiaboldt.de\/family\/?s={search_term_string}"},"query-input":{"@type":"PropertyValueSpecification","valueRequired":true,"valueName":"search_term_string"}}],"inLanguage":"de"}]}},"_links":{"self":[{"href":"https:\/\/www.sindiaboldt.de\/family\/wp-json\/wp\/v2\/pages\/1818","targetHints":{"allow":["GET"]}}],"collection":[{"href":"https:\/\/www.sindiaboldt.de\/family\/wp-json\/wp\/v2\/pages"}],"about":[{"href":"https:\/\/www.sindiaboldt.de\/family\/wp-json\/wp\/v2\/types\/page"}],"author":[{"embeddable":true,"href":"https:\/\/www.sindiaboldt.de\/family\/wp-json\/wp\/v2\/users\/1"}],"replies":[{"embeddable":true,"href":"https:\/\/www.sindiaboldt.de\/family\/wp-json\/wp\/v2\/comments?post=1818"}],"version-history":[{"count":0,"href":"https:\/\/www.sindiaboldt.de\/family\/wp-json\/wp\/v2\/pages\/1818\/revisions"}],"wp:attachment":[{"href":"https:\/\/www.sindiaboldt.de\/family\/wp-json\/wp\/v2\/media?parent=1818"}],"curies":[{"name":"wp","href":"https:\/\/api.w.org\/{rel}","templated":true}]}}