{"id":1846,"date":"2020-06-11T22:16:55","date_gmt":"2020-06-11T20:16:55","guid":{"rendered":"https:\/\/www.sindiaboldt.de\/family\/?page_id=1846"},"modified":"2021-01-05T13:53:19","modified_gmt":"2021-01-05T12:53:19","slug":"familienfotos-pfaffenhofen","status":"publish","type":"page","link":"https:\/\/www.sindiaboldt.de\/family\/familienfotos-pfaffenhofen\/","title":{"rendered":"Familienfotos Pfaffenhofen &#8211; Familienbilder f\u00fcr Euch und Eure Lieben!"},"content":{"rendered":"<h3 style=\"text-align: center;\">Hallo! Ich bin Sindia!<\/h3>\n<p style=\"text-align: center;\"><img loading=\"lazy\" decoding=\"async\" class=\"aligncenter size-full wp-image-1852\" title=\"Familienfotoshooting Pfaffenhofen Familienfotograf Sindia Boldt Photography\" src=\"https:\/\/www.sindiaboldt.de\/family\/wp-content\/uploads\/sites\/4\/2020\/06\/Familienfotoshooting-Pfaffenhofen-Familienfotograf-Sindia-Boldt-Photography.jpg\" alt=\"Familienfotoshooting Pfaffenhofen Familienfotograf Sindia Boldt Photography\" width=\"580\" height=\"435\" srcset=\"https:\/\/www.sindiaboldt.de\/family\/wp-content\/uploads\/sites\/4\/2020\/06\/Familienfotoshooting-Pfaffenhofen-Familienfotograf-Sindia-Boldt-Photography.jpg 580w, https:\/\/www.sindiaboldt.de\/family\/wp-content\/uploads\/sites\/4\/2020\/06\/Familienfotoshooting-Pfaffenhofen-Familienfotograf-Sindia-Boldt-Photography-300x225.jpg 300w\" sizes=\"auto, (max-width: 580px) 100vw, 580px\" \/><\/p>\n<p style=\"text-align: center;\">Ich bin Fotografin f\u00fcr Eure Familienfotos Pfaffehofen! Mit meinem Mann und meiner s\u00fc\u00dfen Tochter lebe ich in Hohenkammer an der B13. Meine gro\u00dfe Leidenschaft: Eure wertvollen Familienmomente f\u00fcr immer in zauberhaften Bildern verewigen! Diese unbeschreiblichen Momente, wenn Eure Kinder sich morgens zu Euch ins Bett kuscheln. Eure Hand greifen und Euch Ihr Wohl anvertrauen. Wenn die s\u00fc\u00dfen Kinderstimmen sich vor Freude \u00fcberschlagen. Ihr Tr\u00e4nen trocknet und jede neu erworbene F\u00e4higkeit feiert! Diese so allt\u00e4glichen aber fl\u00fcchtigen Gl\u00fccksmomente!<\/p>\n<h3 style=\"text-align: center;\">Seit ich meine eigene kleine Familie habe, wei\u00df ich wie wertvoll Familienfotos sind!<\/h3>\n<p style=\"text-align: center;\">Denn jede Erinnerung ist nur so gut, wie die M\u00f6glichkeit sie jederzeit wieder abzurufen. Erinnert Ihr Euch noch an Eure ersten Tage als Eltern? Euren Alltag, als Eure Kinder noch nicht krabbeln, laufen konnten? K\u00f6nnt Ihr Euch erinnern wie sich die Gesichtsz\u00fcge Eurer Kinder Jahr f\u00fcr Jahr ver\u00e4ndern? Meine Motivation ist diese spannende Reise f\u00fcr Euch und Eure Kinder in zeitlos sch\u00f6nen Familienfotos Pfaffenhofen festzuhalten! Ich schaffe Bilder, die Euch und Eure Liebe f\u00fcreinander in zeitloser Sch\u00f6nheit zeigen. Die Euch die Besonderheit, Kostbarkeit und Sch\u00f6nheit Eurer Familie auf (Foto-) Papier bannen. Die Bilder werden f\u00fcr Euch zur emotionalen Reserve. Jahre sp\u00e4ter werden sie zum gr\u00f6\u00dften Schatz Eurer Familie! F\u00fcr die Eltern, aber beosonders auch f\u00fcr Eure Kinder! Stellt Euch vor, wie Eure Kinder die Bilder betrachten, auf denen Ihr sie liebevoll im Arm haltet! Sie sehen, sp\u00fcren und erinnern die unb\u00e4ndige Liebe, die sie von Euch vom ersten Tag an bekommen haben! Familienfotos Pfaffenhofen &#8211; voller Liebe, Sch\u00f6nheit und dem gro\u00dfen Gl\u00fcck, das Eure Kinder Euch bedeuten! Euch dieses Geschenk zu machen &#8211; meine gr\u00f6\u00dfte Freude!<\/p>\n","protected":false},"excerpt":{"rendered":"<p>Hallo! Ich bin Sindia! Ich bin Fotografin f\u00fcr Eure Familienfotos Pfaffehofen! Mit meinem Mann und meiner s\u00fc\u00dfen Tochter lebe ich in Hohenkammer an der B13. Meine gro\u00dfe Leidenschaft: Eure wertvollen Familienmomente f\u00fcr immer in zauberhaften Bildern verewigen! Diese unbeschreiblichen Momente, wenn Eure Kinder sich morgens zu Euch ins Bett kuscheln. Eure Hand greifen und Euch [&hellip;]<\/p>\n","protected":false},"author":1,"featured_media":0,"parent":0,"menu_order":0,"comment_status":"closed","ping_status":"closed","template":"","meta":{"footnotes":""},"class_list":["post-1846","page","type-page","status-publish"],"yoast_head":"<!-- This site is optimized with the Yoast SEO plugin v26.8 - https:\/\/yoast.com\/product\/yoast-seo-wordpress\/ -->\n<title>Familienfotos Pfaffenhofen - Familienbilder f\u00fcr Euch und Eure Lieben!<\/title>\n<meta name=\"description\" content=\"Fotografin f\u00fcr Euer Familienfotos Pfaffenhofen - jetzt mehr Infos anfordern! Ich freue mich auf Euch und Eure wunderbaren Kinder!\" \/>\n<meta name=\"robots\" content=\"index, follow, max-snippet:-1, max-image-preview:large, max-video-preview:-1\" \/>\n<link rel=\"canonical\" href=\"https:\/\/www.sindiaboldt.de\/family\/familienfotos-pfaffenhofen\/\" \/>\n<meta property=\"og:locale\" content=\"de_DE\" \/>\n<meta property=\"og:type\" content=\"article\" \/>\n<meta property=\"og:title\" content=\"Familienfotos Pfaffenhofen - Familienbilder f\u00fcr Euch und Eure Lieben!\" \/>\n<meta property=\"og:description\" content=\"Fotografin f\u00fcr Euer Familienfotos Pfaffenhofen - jetzt mehr Infos anfordern! Ich freue mich auf Euch und Eure wunderbaren Kinder!\" \/>\n<meta property=\"og:url\" content=\"https:\/\/www.sindiaboldt.de\/family\/familienfotos-pfaffenhofen\/\" \/>\n<meta property=\"og:site_name\" content=\"Familienfotograf M\u00fcnchen\" \/>\n<meta property=\"article:modified_time\" content=\"2021-01-05T12:53:19+00:00\" \/>\n<meta property=\"og:image\" content=\"https:\/\/www.sindiaboldt.de\/family\/wp-content\/uploads\/sites\/4\/2020\/06\/Familienfotoshooting-Pfaffenhofen-Familienfotograf-Sindia-Boldt-Photography.jpg\" \/>\n<meta name=\"twitter:card\" content=\"summary_large_image\" \/>\n<meta name=\"twitter:label1\" content=\"Gesch\u00e4tzte Lesezeit\" \/>\n\t<meta name=\"twitter:data1\" content=\"2\u00a0Minuten\" \/>\n<script type=\"application\/ld+json\" class=\"yoast-schema-graph\">{\"@context\":\"https:\/\/schema.org\",\"@graph\":[{\"@type\":\"WebPage\",\"@id\":\"https:\/\/www.sindiaboldt.de\/family\/familienfotos-pfaffenhofen\/\",\"url\":\"https:\/\/www.sindiaboldt.de\/family\/familienfotos-pfaffenhofen\/\",\"name\":\"Familienfotos Pfaffenhofen - Familienbilder f\u00fcr Euch und Eure Lieben!\",\"isPartOf\":{\"@id\":\"https:\/\/www.sindiaboldt.de\/family\/#website\"},\"primaryImageOfPage\":{\"@id\":\"https:\/\/www.sindiaboldt.de\/family\/familienfotos-pfaffenhofen\/#primaryimage\"},\"image\":{\"@id\":\"https:\/\/www.sindiaboldt.de\/family\/familienfotos-pfaffenhofen\/#primaryimage\"},\"thumbnailUrl\":\"https:\/\/www.sindiaboldt.de\/family\/wp-content\/uploads\/sites\/4\/2020\/06\/Familienfotoshooting-Pfaffenhofen-Familienfotograf-Sindia-Boldt-Photography.jpg\",\"datePublished\":\"2020-06-11T20:16:55+00:00\",\"dateModified\":\"2021-01-05T12:53:19+00:00\",\"description\":\"Fotografin f\u00fcr Euer Familienfotos Pfaffenhofen - jetzt mehr Infos anfordern! Ich freue mich auf Euch und Eure wunderbaren Kinder!\",\"breadcrumb\":{\"@id\":\"https:\/\/www.sindiaboldt.de\/family\/familienfotos-pfaffenhofen\/#breadcrumb\"},\"inLanguage\":\"de\",\"potentialAction\":[{\"@type\":\"ReadAction\",\"target\":[\"https:\/\/www.sindiaboldt.de\/family\/familienfotos-pfaffenhofen\/\"]}]},{\"@type\":\"ImageObject\",\"inLanguage\":\"de\",\"@id\":\"https:\/\/www.sindiaboldt.de\/family\/familienfotos-pfaffenhofen\/#primaryimage\",\"url\":\"https:\/\/www.sindiaboldt.de\/family\/wp-content\/uploads\/sites\/4\/2020\/06\/Familienfotoshooting-Pfaffenhofen-Familienfotograf-Sindia-Boldt-Photography.jpg\",\"contentUrl\":\"https:\/\/www.sindiaboldt.de\/family\/wp-content\/uploads\/sites\/4\/2020\/06\/Familienfotoshooting-Pfaffenhofen-Familienfotograf-Sindia-Boldt-Photography.jpg\",\"width\":580,\"height\":435,\"caption\":\"Familienfotoshooting Pfaffenhofen Familienfotograf Sindia Boldt Photography\"},{\"@type\":\"BreadcrumbList\",\"@id\":\"https:\/\/www.sindiaboldt.de\/family\/familienfotos-pfaffenhofen\/#breadcrumb\",\"itemListElement\":[{\"@type\":\"ListItem\",\"position\":1,\"name\":\"Home\",\"item\":\"https:\/\/www.sindiaboldt.de\/family\/\"},{\"@type\":\"ListItem\",\"position\":2,\"name\":\"Familienfotos Pfaffenhofen &#8211; Familienbilder f\u00fcr Euch und Eure Lieben!\"}]},{\"@type\":\"WebSite\",\"@id\":\"https:\/\/www.sindiaboldt.de\/family\/#website\",\"url\":\"https:\/\/www.sindiaboldt.de\/family\/\",\"name\":\"Familienfotograf M\u00fcnchen\",\"description\":\"Sindia Boldt, Familien Fotograf M\u00fcnchen und Umgebung\",\"potentialAction\":[{\"@type\":\"SearchAction\",\"target\":{\"@type\":\"EntryPoint\",\"urlTemplate\":\"https:\/\/www.sindiaboldt.de\/family\/?s={search_term_string}\"},\"query-input\":{\"@type\":\"PropertyValueSpecification\",\"valueRequired\":true,\"valueName\":\"search_term_string\"}}],\"inLanguage\":\"de\"}]}<\/script>\n<!-- \/ Yoast SEO plugin. -->","yoast_head_json":{"title":"Familienfotos Pfaffenhofen - Familienbilder f\u00fcr Euch und Eure Lieben!","description":"Fotografin f\u00fcr Euer Familienfotos Pfaffenhofen - jetzt mehr Infos anfordern! Ich freue mich auf Euch und Eure wunderbaren Kinder!","robots":{"index":"index","follow":"follow","max-snippet":"max-snippet:-1","max-image-preview":"max-image-preview:large","max-video-preview":"max-video-preview:-1"},"canonical":"https:\/\/www.sindiaboldt.de\/family\/familienfotos-pfaffenhofen\/","og_locale":"de_DE","og_type":"article","og_title":"Familienfotos Pfaffenhofen - Familienbilder f\u00fcr Euch und Eure Lieben!","og_description":"Fotografin f\u00fcr Euer Familienfotos Pfaffenhofen - jetzt mehr Infos anfordern! Ich freue mich auf Euch und Eure wunderbaren Kinder!","og_url":"https:\/\/www.sindiaboldt.de\/family\/familienfotos-pfaffenhofen\/","og_site_name":"Familienfotograf M\u00fcnchen","article_modified_time":"2021-01-05T12:53:19+00:00","og_image":[{"url":"https:\/\/www.sindiaboldt.de\/family\/wp-content\/uploads\/sites\/4\/2020\/06\/Familienfotoshooting-Pfaffenhofen-Familienfotograf-Sindia-Boldt-Photography.jpg","type":"","width":"","height":""}],"twitter_card":"summary_large_image","twitter_misc":{"Gesch\u00e4tzte Lesezeit":"2\u00a0Minuten"},"schema":{"@context":"https:\/\/schema.org","@graph":[{"@type":"WebPage","@id":"https:\/\/www.sindiaboldt.de\/family\/familienfotos-pfaffenhofen\/","url":"https:\/\/www.sindiaboldt.de\/family\/familienfotos-pfaffenhofen\/","name":"Familienfotos Pfaffenhofen - Familienbilder f\u00fcr Euch und Eure Lieben!","isPartOf":{"@id":"https:\/\/www.sindiaboldt.de\/family\/#website"},"primaryImageOfPage":{"@id":"https:\/\/www.sindiaboldt.de\/family\/familienfotos-pfaffenhofen\/#primaryimage"},"image":{"@id":"https:\/\/www.sindiaboldt.de\/family\/familienfotos-pfaffenhofen\/#primaryimage"},"thumbnailUrl":"https:\/\/www.sindiaboldt.de\/family\/wp-content\/uploads\/sites\/4\/2020\/06\/Familienfotoshooting-Pfaffenhofen-Familienfotograf-Sindia-Boldt-Photography.jpg","datePublished":"2020-06-11T20:16:55+00:00","dateModified":"2021-01-05T12:53:19+00:00","description":"Fotografin f\u00fcr Euer Familienfotos Pfaffenhofen - jetzt mehr Infos anfordern! Ich freue mich auf Euch und Eure wunderbaren Kinder!","breadcrumb":{"@id":"https:\/\/www.sindiaboldt.de\/family\/familienfotos-pfaffenhofen\/#breadcrumb"},"inLanguage":"de","potentialAction":[{"@type":"ReadAction","target":["https:\/\/www.sindiaboldt.de\/family\/familienfotos-pfaffenhofen\/"]}]},{"@type":"ImageObject","inLanguage":"de","@id":"https:\/\/www.sindiaboldt.de\/family\/familienfotos-pfaffenhofen\/#primaryimage","url":"https:\/\/www.sindiaboldt.de\/family\/wp-content\/uploads\/sites\/4\/2020\/06\/Familienfotoshooting-Pfaffenhofen-Familienfotograf-Sindia-Boldt-Photography.jpg","contentUrl":"https:\/\/www.sindiaboldt.de\/family\/wp-content\/uploads\/sites\/4\/2020\/06\/Familienfotoshooting-Pfaffenhofen-Familienfotograf-Sindia-Boldt-Photography.jpg","width":580,"height":435,"caption":"Familienfotoshooting Pfaffenhofen Familienfotograf Sindia Boldt Photography"},{"@type":"BreadcrumbList","@id":"https:\/\/www.sindiaboldt.de\/family\/familienfotos-pfaffenhofen\/#breadcrumb","itemListElement":[{"@type":"ListItem","position":1,"name":"Home","item":"https:\/\/www.sindiaboldt.de\/family\/"},{"@type":"ListItem","position":2,"name":"Familienfotos Pfaffenhofen &#8211; Familienbilder f\u00fcr Euch und Eure Lieben!"}]},{"@type":"WebSite","@id":"https:\/\/www.sindiaboldt.de\/family\/#website","url":"https:\/\/www.sindiaboldt.de\/family\/","name":"Familienfotograf M\u00fcnchen","description":"Sindia Boldt, Familien Fotograf M\u00fcnchen und Umgebung","potentialAction":[{"@type":"SearchAction","target":{"@type":"EntryPoint","urlTemplate":"https:\/\/www.sindiaboldt.de\/family\/?s={search_term_string}"},"query-input":{"@type":"PropertyValueSpecification","valueRequired":true,"valueName":"search_term_string"}}],"inLanguage":"de"}]}},"_links":{"self":[{"href":"https:\/\/www.sindiaboldt.de\/family\/wp-json\/wp\/v2\/pages\/1846","targetHints":{"allow":["GET"]}}],"collection":[{"href":"https:\/\/www.sindiaboldt.de\/family\/wp-json\/wp\/v2\/pages"}],"about":[{"href":"https:\/\/www.sindiaboldt.de\/family\/wp-json\/wp\/v2\/types\/page"}],"author":[{"embeddable":true,"href":"https:\/\/www.sindiaboldt.de\/family\/wp-json\/wp\/v2\/users\/1"}],"replies":[{"embeddable":true,"href":"https:\/\/www.sindiaboldt.de\/family\/wp-json\/wp\/v2\/comments?post=1846"}],"version-history":[{"count":0,"href":"https:\/\/www.sindiaboldt.de\/family\/wp-json\/wp\/v2\/pages\/1846\/revisions"}],"wp:attachment":[{"href":"https:\/\/www.sindiaboldt.de\/family\/wp-json\/wp\/v2\/media?parent=1846"}],"curies":[{"name":"wp","href":"https:\/\/api.w.org\/{rel}","templated":true}]}}