{"id":20,"date":"2017-12-18T16:30:48","date_gmt":"2017-12-18T15:30:48","guid":{"rendered":"https:\/\/demo.flothemes.com\/lovely2\/?page_id=20"},"modified":"2023-10-05T17:13:51","modified_gmt":"2023-10-05T15:13:51","slug":"team","status":"publish","type":"page","link":"https:\/\/www.sindiaboldt.de\/family\/team\/","title":{"rendered":"Team"},"content":{"rendered":"<h2 style=\"text-align: center;\">WIR ERSTELLEN PORTRAITS, AUF DENEN DEINE KINDER F\u00dcR IMMER KLEIN BLEIBEN!<\/h2>\n<p style=\"text-align: center;\">Warum ich die Familienfotogafie so liebe? Weil ich wei\u00df wie wertvoll diese Bilder sind und vor allem sein werden! Wenn Eure Kinder gro\u00df sind, werden sie Kindheitserinnerungen wach rufen. Machen diese wundervolle Zeit als Familie f\u00fcr ewig lebendig.<\/p>\n<p style=\"text-align: center;\">Ihr als Eltern schaut auf die Familienbilder und k\u00f6nnt nicht genug davon bekommen, wie s\u00fc\u00df und anbetungsw\u00fcrdig Eure Kinder waren. Die kleinen L\u00f6ckchen und Speckfalten, die Ihr beim Kuscheln so gern gestreichelt habt. Das unbefangene, herzliche Lachen, das Euer Herz auf immer erw\u00e4rmen wird. Die kleine Hand, die in Eurer liegt und Sicherheit sucht.<\/p>\n<p style=\"text-align: center;\">Und Eure Kinder? F\u00fcr sie werden Eure Familienbilder irgendwann zum gr\u00f6\u00dften Schatz! Wenn Ihr einmal alt und schrumplig seid, als Oma und Opa auf dem Sofa sitzt und irgendwann Eure Kinder in dieser Welt zur\u00fccklassen werdet&#8230; Dann werden Eure Kinder diese kostbaren Zeugnisse der Zeit vor sich haben. Wundervolle Aufnahmen Ihrer Mama, die als junge Frau im Sonnenschein sitz. Der Papa, der den kleinen Sohn auf den Schultern tr\u00e4gt.<\/p>\n<p style=\"text-align: center;\">Macht Euch und Euren Kindern dieses Geschenk und kommt vor meine Kamera! Ich zaubere f\u00fcr Euch zeitlos sch\u00f6nen Familienfotos, auf denen sich auch Mama gef\u00e4llt! Denn ich fotografiere in M\u00fcnchen und Umgebung nicht nur Familien, sondern auch <a href=\"http:\/\/www.sindiaboldt.de\/wedding\" target=\"_blank\" rel=\"noopener noreferrer\">Hochzeiten im eleganten Fine Art Stil<\/a> (&#8220;Sch\u00f6ne K\u00fcnste&#8221;), <a href=\"https:\/\/www.sindiaboldt.de\/portraits\" target=\"_blank\" rel=\"noopener noreferrer\">Glamour Portraits<\/a>, die die sch\u00f6nsten Seiten einer Frau herauskitzeln und <a href=\"https:\/\/www.sindiaboldt.de\/business\" target=\"_blank\" rel=\"noopener noreferrer\">Personal Branding Shoots<\/a> (Unternehmer Portraits) im Stil hochwertiger Magazin-Reportagen.<\/p>\n","protected":false},"excerpt":{"rendered":"<p>WIR ERSTELLEN PORTRAITS, AUF DENEN DEINE KINDER F\u00dcR IMMER KLEIN BLEIBEN! Warum ich die Familienfotogafie so liebe? Weil ich wei\u00df wie wertvoll diese Bilder sind und vor allem sein werden! Wenn Eure Kinder gro\u00df sind, werden sie Kindheitserinnerungen wach rufen. Machen diese wundervolle Zeit als Familie f\u00fcr ewig lebendig. Ihr als Eltern schaut auf die [&hellip;]<\/p>\n","protected":false},"author":1,"featured_media":0,"parent":0,"menu_order":0,"comment_status":"closed","ping_status":"closed","template":"","meta":{"footnotes":""},"class_list":["post-20","page","type-page","status-publish"],"yoast_head":"<!-- This site is optimized with the Yoast SEO plugin v26.8 - https:\/\/yoast.com\/product\/yoast-seo-wordpress\/ -->\n<title>Team - Familienfotograf M\u00fcnchen<\/title>\n<meta name=\"robots\" content=\"index, follow, max-snippet:-1, max-image-preview:large, max-video-preview:-1\" \/>\n<link rel=\"canonical\" href=\"https:\/\/www.sindiaboldt.de\/family\/team\/\" \/>\n<meta property=\"og:locale\" content=\"de_DE\" \/>\n<meta property=\"og:type\" content=\"article\" \/>\n<meta property=\"og:title\" content=\"Team - Familienfotograf M\u00fcnchen\" \/>\n<meta property=\"og:description\" content=\"WIR ERSTELLEN PORTRAITS, AUF DENEN DEINE KINDER F\u00dcR IMMER KLEIN BLEIBEN! Warum ich die Familienfotogafie so liebe? Weil ich wei\u00df wie wertvoll diese Bilder sind und vor allem sein werden! Wenn Eure Kinder gro\u00df sind, werden sie Kindheitserinnerungen wach rufen. Machen diese wundervolle Zeit als Familie f\u00fcr ewig lebendig. Ihr als Eltern schaut auf die [&hellip;]\" \/>\n<meta property=\"og:url\" content=\"https:\/\/www.sindiaboldt.de\/family\/team\/\" \/>\n<meta property=\"og:site_name\" content=\"Familienfotograf M\u00fcnchen\" \/>\n<meta property=\"article:modified_time\" content=\"2023-10-05T15:13:51+00:00\" \/>\n<meta name=\"twitter:card\" content=\"summary_large_image\" \/>\n<meta name=\"twitter:label1\" content=\"Gesch\u00e4tzte Lesezeit\" \/>\n\t<meta name=\"twitter:data1\" content=\"2\u00a0Minuten\" \/>\n<script type=\"application\/ld+json\" class=\"yoast-schema-graph\">{\"@context\":\"https:\/\/schema.org\",\"@graph\":[{\"@type\":\"WebPage\",\"@id\":\"https:\/\/www.sindiaboldt.de\/family\/team\/\",\"url\":\"https:\/\/www.sindiaboldt.de\/family\/team\/\",\"name\":\"Team - Familienfotograf M\u00fcnchen\",\"isPartOf\":{\"@id\":\"https:\/\/www.sindiaboldt.de\/family\/#website\"},\"datePublished\":\"2017-12-18T15:30:48+00:00\",\"dateModified\":\"2023-10-05T15:13:51+00:00\",\"breadcrumb\":{\"@id\":\"https:\/\/www.sindiaboldt.de\/family\/team\/#breadcrumb\"},\"inLanguage\":\"de\",\"potentialAction\":[{\"@type\":\"ReadAction\",\"target\":[\"https:\/\/www.sindiaboldt.de\/family\/team\/\"]}]},{\"@type\":\"BreadcrumbList\",\"@id\":\"https:\/\/www.sindiaboldt.de\/family\/team\/#breadcrumb\",\"itemListElement\":[{\"@type\":\"ListItem\",\"position\":1,\"name\":\"Home\",\"item\":\"https:\/\/www.sindiaboldt.de\/family\/\"},{\"@type\":\"ListItem\",\"position\":2,\"name\":\"Team\"}]},{\"@type\":\"WebSite\",\"@id\":\"https:\/\/www.sindiaboldt.de\/family\/#website\",\"url\":\"https:\/\/www.sindiaboldt.de\/family\/\",\"name\":\"Familienfotograf M\u00fcnchen\",\"description\":\"Sindia Boldt, Familien Fotograf M\u00fcnchen und Umgebung\",\"potentialAction\":[{\"@type\":\"SearchAction\",\"target\":{\"@type\":\"EntryPoint\",\"urlTemplate\":\"https:\/\/www.sindiaboldt.de\/family\/?s={search_term_string}\"},\"query-input\":{\"@type\":\"PropertyValueSpecification\",\"valueRequired\":true,\"valueName\":\"search_term_string\"}}],\"inLanguage\":\"de\"}]}<\/script>\n<!-- \/ Yoast SEO plugin. -->","yoast_head_json":{"title":"Team - Familienfotograf M\u00fcnchen","robots":{"index":"index","follow":"follow","max-snippet":"max-snippet:-1","max-image-preview":"max-image-preview:large","max-video-preview":"max-video-preview:-1"},"canonical":"https:\/\/www.sindiaboldt.de\/family\/team\/","og_locale":"de_DE","og_type":"article","og_title":"Team - Familienfotograf M\u00fcnchen","og_description":"WIR ERSTELLEN PORTRAITS, AUF DENEN DEINE KINDER F\u00dcR IMMER KLEIN BLEIBEN! Warum ich die Familienfotogafie so liebe? Weil ich wei\u00df wie wertvoll diese Bilder sind und vor allem sein werden! Wenn Eure Kinder gro\u00df sind, werden sie Kindheitserinnerungen wach rufen. Machen diese wundervolle Zeit als Familie f\u00fcr ewig lebendig. Ihr als Eltern schaut auf die [&hellip;]","og_url":"https:\/\/www.sindiaboldt.de\/family\/team\/","og_site_name":"Familienfotograf M\u00fcnchen","article_modified_time":"2023-10-05T15:13:51+00:00","twitter_card":"summary_large_image","twitter_misc":{"Gesch\u00e4tzte Lesezeit":"2\u00a0Minuten"},"schema":{"@context":"https:\/\/schema.org","@graph":[{"@type":"WebPage","@id":"https:\/\/www.sindiaboldt.de\/family\/team\/","url":"https:\/\/www.sindiaboldt.de\/family\/team\/","name":"Team - Familienfotograf M\u00fcnchen","isPartOf":{"@id":"https:\/\/www.sindiaboldt.de\/family\/#website"},"datePublished":"2017-12-18T15:30:48+00:00","dateModified":"2023-10-05T15:13:51+00:00","breadcrumb":{"@id":"https:\/\/www.sindiaboldt.de\/family\/team\/#breadcrumb"},"inLanguage":"de","potentialAction":[{"@type":"ReadAction","target":["https:\/\/www.sindiaboldt.de\/family\/team\/"]}]},{"@type":"BreadcrumbList","@id":"https:\/\/www.sindiaboldt.de\/family\/team\/#breadcrumb","itemListElement":[{"@type":"ListItem","position":1,"name":"Home","item":"https:\/\/www.sindiaboldt.de\/family\/"},{"@type":"ListItem","position":2,"name":"Team"}]},{"@type":"WebSite","@id":"https:\/\/www.sindiaboldt.de\/family\/#website","url":"https:\/\/www.sindiaboldt.de\/family\/","name":"Familienfotograf M\u00fcnchen","description":"Sindia Boldt, Familien Fotograf M\u00fcnchen und Umgebung","potentialAction":[{"@type":"SearchAction","target":{"@type":"EntryPoint","urlTemplate":"https:\/\/www.sindiaboldt.de\/family\/?s={search_term_string}"},"query-input":{"@type":"PropertyValueSpecification","valueRequired":true,"valueName":"search_term_string"}}],"inLanguage":"de"}]}},"_links":{"self":[{"href":"https:\/\/www.sindiaboldt.de\/family\/wp-json\/wp\/v2\/pages\/20","targetHints":{"allow":["GET"]}}],"collection":[{"href":"https:\/\/www.sindiaboldt.de\/family\/wp-json\/wp\/v2\/pages"}],"about":[{"href":"https:\/\/www.sindiaboldt.de\/family\/wp-json\/wp\/v2\/types\/page"}],"author":[{"embeddable":true,"href":"https:\/\/www.sindiaboldt.de\/family\/wp-json\/wp\/v2\/users\/1"}],"replies":[{"embeddable":true,"href":"https:\/\/www.sindiaboldt.de\/family\/wp-json\/wp\/v2\/comments?post=20"}],"version-history":[{"count":3,"href":"https:\/\/www.sindiaboldt.de\/family\/wp-json\/wp\/v2\/pages\/20\/revisions"}],"predecessor-version":[{"id":2561,"href":"https:\/\/www.sindiaboldt.de\/family\/wp-json\/wp\/v2\/pages\/20\/revisions\/2561"}],"wp:attachment":[{"href":"https:\/\/www.sindiaboldt.de\/family\/wp-json\/wp\/v2\/media?parent=20"}],"curies":[{"name":"wp","href":"https:\/\/api.w.org\/{rel}","templated":true}]}}