{"id":2081,"date":"2020-07-31T20:40:05","date_gmt":"2020-07-31T18:40:05","guid":{"rendered":"https:\/\/www.sindiaboldt.de\/family\/?page_id=2081"},"modified":"2021-01-05T13:53:16","modified_gmt":"2021-01-05T12:53:16","slug":"agb","status":"publish","type":"page","link":"https:\/\/www.sindiaboldt.de\/family\/agb\/","title":{"rendered":"AGB"},"content":{"rendered":"<div>\n<p style=\"text-align: center;\"><em>Sindia Boldt Photography<\/em><br \/>\n<em>Bajuwarenring 46<\/em><br \/>\n<em>85411 Hohenkammer<\/em><br \/>\n<em>mail: info@sindiaboldt.de <\/em><br \/>\n<em>Tel: 081376103774<\/em><br \/>\n<em>USt-IdNr.: DE283487860<\/em><\/p>\n<p>&nbsp;<\/p>\n<\/div>\n<div>\n<div class=\"fusion-text\">\n<p style=\"text-align: center;\"><strong>Allgemeine Liefer- und Gesch\u00e4ftsbedingungen f\u00fcr Fotoshootings und Fotoprodukte (Abz\u00fcge, Wandbilder, Video und Alben).<\/strong><\/p>\n<p style=\"text-align: center;\"><strong>I. Allgemeines<\/strong><\/p>\n<p style=\"text-align: center;\">1. Die nachfolgenden allgemeinen Liefer- und Gesch\u00e4ftsbedingungen (nachfolgend AGB genannt) gelten f\u00fcr alle von Sindia Boldt Photography (Inhaber: Sindia Boldt, oder durch Mitarbeiter) durchgef\u00fchrten Auftr\u00e4ge, Angebote, Lieferungen und Leistungen. Nachfolgend auch &#8220;SBP&#8221; genannt.<br \/>\n2. Alle genannten Preise beinhalten die gesetzliche Mehrwertsteuer.<br \/>\n4. Die Europ\u00e4ische Kommission stellt eine Plattform zur Online-Streitbeilegung (OS) bereit: https:\/\/ec.europa.eu\/consumers\/odr.Unsere E-Mail-Adresse finden Sie oben oder im Impressum.Wir sind nicht bereit oder verpflichtet, an Streitbeilegungsverfahren vor einer Verbraucherschlichtungsstelle teilzunehmen<\/p>\n<p style=\"text-align: center;\"><strong>II. Produktionsauftr\u00e4ge<\/strong><\/p>\n<p style=\"text-align: center;\">1. Sindia Boldt Photography wird den erteilten Auftrag sorgf\u00e4ltig ausf\u00fchren. Sie kann den Auftrag zum Teil durch Dritte (Labore, Freie Mitarbeiter etc.) ausf\u00fchren lassen. Sofern der Auftraggeber keine Anweisungen in Textform trifft, ist SBP hinsichtlich der Art der Durchf\u00fchrung des Auftrags frei. Dies gilt insbesondere f\u00fcr die Bildauffassung, den Aufnahmeort und die angewendeten optischen und technischen (fotografischen) Mittel.<br \/>\n2. SBP w\u00e4hlt die Bilder aus, welche sie dem Auftraggeber bei Abschluss der Produktion zur Abnahme vorlegt.<br \/>\n3. SBP verpflichtet sich nicht zur dauerhaften Archivierung des bei einer Produktion entstandenen Bildmaterials, sofern nicht ausdr\u00fccklich abweichende Regelungen in Textform vereinbart werden.<\/p>\n<p style=\"text-align: center;\"><strong>III. Nutzungsrechte \/ Pers\u00f6nlichkeitsrechte<\/strong><\/p>\n<p style=\"text-align: center;\">1. Der Auftraggeber erwirbt an den Bildern nur die Nutzungsrechte f\u00fcr den privaten Gebrauch. Die Vervielf\u00e4ltigung und die Weitergabe an Dritte werden f\u00fcr private Zwecke einger\u00e4umt. Eine kommerzielle Nutzung sowie eine kommerzielle und\/oder \u00f6ffentliche, nicht private Wiedergabe sind nicht gestattet. Eigentumsrechte werden nicht \u00fcbertragen.<br \/>\n2. Optional: F\u00fcr SBP ist es wichtig, Bilder von Fotoauftr\u00e4gen zu ver\u00f6ffentlichen, damit Brautpaare sich von der Qualit\u00e4t und Kreativit\u00e4t der Arbeit von SBP \u00fcberzeugen k\u00f6nnen. Bei Einr\u00e4umung der Ver\u00f6ffentlichungsrechte durch den Auftraggeber, schenkt SBP im Gegenzug ein Fotoprodukt im Wert von 250\u20ac. Durch Inanspruchnahme des Geschenks willigt der Auftraggeber ein, dass SBP die Bilder im Rahmen der Eigenwerbung nutzen und insbesondere Ver\u00f6ffentlichungen auf Webseiten oder in Magazinen vornehmen darf. SBP darf die Bildnisse auch Dritten zur Verf\u00fcgung stellen, sofern dies der Eigenwerbung\u00a0 dient. Der Auftraggeber ist insoweit mit der Ver\u00f6ffentlichung einverstanden und wird bei allen Beteiligten des Fotoauftrags darauf hinweisen und deren Einverst\u00e4ndnis einholen, dass eine Ver\u00f6ffentlichung der Bilder erfolgen kann. Der Auftraggeber versichert, dass er in diesem Fall die Einwilligung der abgebildeten Personen zur Ver\u00f6ffentlichung, Vervielf\u00e4ltigung und Verbreitung der Bilder besitzt und erkl\u00e4rt sich selbst ebenfalls mit der Ver\u00f6ffentlichung, Vervielf\u00e4ltigung und Verbreitung der Bilder einverstanden. F\u00fcr Ersatzanspr\u00fcche Dritter, die auf dem Nichtvorliegen dieser Einwilligung beruhen, wird der Auftraggeber SBP von der Haftung vollumf\u00e4nglich freistellen.<\/p>\n<p style=\"text-align: center;\"><strong>IV. Haftung<\/strong><\/p>\n<p style=\"text-align: center;\">1. SBP haftet nur f\u00fcr Sch\u00e4den, die sie selbst oder ihre Erf\u00fcllungsgehilfen vors\u00e4tzlich oder grob fahrl\u00e4ssig herbeif\u00fchren. Das gilt auch f\u00fcr Sch\u00e4den, die aus einer positiven Vertragsverletzung oder unerlaubten Handlung resultieren. Der Ersatz eines etwaigen mittelbaren Schadens ist ausgeschlossen.<br \/>\n2. F\u00fcr M\u00e4ngel, die auf unrichtige oder ungenaue Anweisungen des Auftraggebers zur\u00fcckzuf\u00fchren sind, wird nicht gehaftet.<br \/>\n3. Die Organisation und Ausf\u00fchrung von Fotoauftr\u00e4gen, erfolgt mit gr\u00f6\u00dfter Sorgfalt. Sollte jedoch aufgrund von Umst\u00e4nden, die SBP nicht zu vertreten hat (z.B. Umst\u00e4nde h\u00f6herer Gewalt, pl\u00f6tzliche Krankheit, Verkehrsunfall, Umwelteinfl\u00fcsse, Verkehrsst\u00f6rungen), kein Fotograf zu dem vereinbarten Fototermin erscheinen, kann keine Haftung f\u00fcr jegliche daraus resultierende Sch\u00e4den \u00fcbernommen werden.<br \/>\n4. Im Fall der Mangelhaftigkeit steht dem Auftraggeber nur ein Verbesserungsanspruch durch SBP zu. Ist eine Verbesserung unm\u00f6glich oder wird sie von SBP abgelehnt, steht dem Auftraggeber ein Preisminderungsanspruch zu. F\u00fcr unerhebliche M\u00e4ngel wird nicht gehaftet. Farbdifferenzen bei Nachbestellungen gelten nicht als erheblicher Mangel.<\/p>\n<p style=\"text-align: center;\"><strong>V. Honorare<\/strong><\/p>\n<p style=\"text-align: center;\">1. Es gilt das vereinbarte Honorar. Ist kein Honorar vereinbart worden, bestimmt es sich nach den jeweils aktuellen Preislisten. Das Honorar versteht sich inklusive der jeweils g\u00fcltigen Mehrwertsteuer.<br \/>\n2. Wird die f\u00fcr die Aufnahmearbeiten vorgesehene Zeit aus Gr\u00fcnden, die SBP nicht zu vertreten hat, \u00fcberschritten, so erh\u00e4lt SBP auch f\u00fcr die Zeit, um die sich die Aufnahmearbeiten verl\u00e4ngern, den vereinbarten Stunden- oder Tagessatz.<br \/>\n3. Sollte die Auftragserteilung f\u00fcr die Ausf\u00fchrung der Dienstleistung vom Auftraggeber storniert werden, so wird eine Aufwandsentsch\u00e4digung und Ausfallhonorar von 300,- Euro f\u00e4llig. Ab 24 Stunden vor Beginn der vereinbarten geschuldeten Leistung durch SBP, muss die bis dahin erbrachte Leistung zuz\u00fcglich der Nebenkosten erstattet werden (Honorar und Fahrtkosten f\u00fcr An- und Abreise etc.), jedoch mindestens eine Aufwandsentsch\u00e4digung und Ausfallhonorar in H\u00f6he von 500,- Euro. Dem Auftraggeber bleibt der Nachweis offen, die Nebenkosten seien \u00fcberhaupt nicht entstanden oder wesentlich niedriger.<br \/>\n4. Rabatte jeglicher Form sind nicht kombinierbar, \u00fcbertragbar oder auszahlbar.<br \/>\n5. Durch den Auftrag anfallende Kosten und Auslagen (z.B. Material- und Laborkosten, Parkscheine, Eintrittskarten, erforderliche Spesen, Porto und Verpackung etc.) sind nicht im Honorar enthalten und gehen zu Lasten des Auftraggebers.<br \/>\n6. Das Honorar muss nach \u00dcbergabe der Bilder per Rechnung oder per Vorkasse gezahlt werden. Bei Pr\u00e4sentationsprodukten (z.B. B\u00fcchern), ist eine Anzahlung von 50% zu entrichten.<br \/>\n7. Das Honorar ist sp\u00e4testens binnen 10 Tagen nach Rechnungsstellung zu zahlen, soweit in der Rechnung keine k\u00fcrzere Zahlungsfrist angegeben ist. Nach einer Mahnung kommt der Auftraggeber in Verzug. Nach Eintritt des Verzugs ist das Honorar mit 10% p.a. zu verzinsen. Eine Aufrechnung oder die Aus\u00fcbung des Zur\u00fcckbehaltungsrechts ist nur gegen\u00fcber unbestrittenen oder rechtskr\u00e4ftig festgestellten Forderungen des Auftraggebers zul\u00e4ssig. Mahnspesen und die Kosten (auch au\u00dfergerichtlicher) anwaltlicher Intervention gehen zu Lasten des Auftraggebers.<\/p>\n<p style=\"text-align: center;\"><strong>V.I. Widerrufsrecht<\/strong><\/p>\n<p style=\"text-align: center;\">1. Die Vorschriften \u00fcber Fernabsatzvertr\u00e4ge finden keine Anwendung, da sich SBP verpflichtet die Dienstleistung (Foto- und\/ oder Video-Produktion) zu einem bestimmten Zeitpunkt zu erbringen (BGB \u00a7 312g Abs. 2 Nr. 9). Dies bedeutet, dass f\u00fcr den Auftraggeber kein Widerrufs oder R\u00fcckgaberecht besteht.<br \/>\n2. Bei der Bestellung eines individuell angefertigten Pr\u00e4sentationsproduktes (z.B. Fotobuch oder Hochzeitsalbum) besteht ebenfalls kein Widerrufs oder R\u00fcckgaberecht, da die Produkte nach den Vorgaben des Bestellers angefertigt werden und auf seine pers\u00f6nlichen Bed\u00fcrfnisse zugeschnitten sind (BGB \u00a7 312g Abs. 2 Nr. 1).<\/p>\n<p style=\"text-align: center;\"><strong>VII. Vertragsstrafe, Schadenersatz<\/strong><\/p>\n<p style=\"text-align: center;\">1. Bei jeglicher unberechtigter (ohne Zustimmung des Fotografen) erfolgter Nutzung, Verwendung, Wiedergabe oder Weitergabe des Bildmaterials zu kommerziellen Zwecken, ist f\u00fcr jeden Einzelfall eine Vertragsstrafe in H\u00f6he des zweifachen Nutzungshonorars zu zahlen, mindestens jedoch 100,- \u20ac pro Bild und Einzelfall. Dies gilt vorbehaltlich weitergehender Schadenersatzanspr\u00fcche.<br \/>\n2. Durch die in Ziffer V. 1. AGB vorgesehenen Zahlungen werden keinerlei Nutzungsrechte begr\u00fcndet.<\/p>\n<p style=\"text-align: center;\"><strong>VIII. Rechtswirksamkeit, Statut und Gerichtsstand<\/strong><\/p>\n<p style=\"text-align: center;\">1. Es gilt das Recht der Bundesrepublik Deutschland als vereinbart und zwar auch bei Lieferungen ins Ausland.<br \/>\n2. Nebenabreden zum Vertrag oder zu diesen AGB bed\u00fcrfen zu ihrer Wirksamkeit der Textform.<br \/>\n3. F\u00fcr den Fall, dass der Auftraggeber keinen Gerichtsstand in der Bundesrepublik Deutschland hat oder seinen Sitz oder gew\u00f6hnlichen Aufenthalt nach Vertragsabschluss ins Ausland verlegt, wird der Sitz von SBP als Gerichtsstand vereinbart.<\/p>\n<p style=\"text-align: center;\"><strong>Diese AGB gelten ab dem 15.01.2020. Alle fr\u00fcheren AGB verlieren ihre G\u00fcltigkeit.<\/strong><\/p>\n<\/div>\n<\/div>\n","protected":false},"excerpt":{"rendered":"<p>Sindia Boldt Photography Bajuwarenring 46 85411 Hohenkammer mail: info@sindiaboldt.de Tel: 081376103774 USt-IdNr.: DE283487860 &nbsp; Allgemeine Liefer- und Gesch\u00e4ftsbedingungen f\u00fcr Fotoshootings und Fotoprodukte (Abz\u00fcge, Wandbilder, Video und Alben). I. Allgemeines 1. Die nachfolgenden allgemeinen Liefer- und Gesch\u00e4ftsbedingungen (nachfolgend AGB genannt) gelten f\u00fcr alle von Sindia Boldt Photography (Inhaber: Sindia Boldt, oder durch Mitarbeiter) durchgef\u00fchrten Auftr\u00e4ge, Angebote, [&hellip;]<\/p>\n","protected":false},"author":1,"featured_media":0,"parent":0,"menu_order":0,"comment_status":"closed","ping_status":"closed","template":"","meta":{"footnotes":""},"class_list":["post-2081","page","type-page","status-publish"],"yoast_head":"<!-- This site is optimized with the Yoast SEO plugin v26.8 - https:\/\/yoast.com\/product\/yoast-seo-wordpress\/ -->\n<title>AGB - Familienfotograf M\u00fcnchen<\/title>\n<meta name=\"robots\" content=\"index, follow, max-snippet:-1, max-image-preview:large, max-video-preview:-1\" \/>\n<link rel=\"canonical\" href=\"https:\/\/www.sindiaboldt.de\/family\/agb\/\" \/>\n<meta property=\"og:locale\" content=\"de_DE\" \/>\n<meta property=\"og:type\" content=\"article\" \/>\n<meta property=\"og:title\" content=\"AGB - Familienfotograf M\u00fcnchen\" \/>\n<meta property=\"og:description\" content=\"Sindia Boldt Photography Bajuwarenring 46 85411 Hohenkammer mail: info@sindiaboldt.de Tel: 081376103774 USt-IdNr.: DE283487860 &nbsp; Allgemeine Liefer- und Gesch\u00e4ftsbedingungen f\u00fcr Fotoshootings und Fotoprodukte (Abz\u00fcge, Wandbilder, Video und Alben). I. Allgemeines 1. Die nachfolgenden allgemeinen Liefer- und Gesch\u00e4ftsbedingungen (nachfolgend AGB genannt) gelten f\u00fcr alle von Sindia Boldt Photography (Inhaber: Sindia Boldt, oder durch Mitarbeiter) durchgef\u00fchrten Auftr\u00e4ge, Angebote, [&hellip;]\" \/>\n<meta property=\"og:url\" content=\"https:\/\/www.sindiaboldt.de\/family\/agb\/\" \/>\n<meta property=\"og:site_name\" content=\"Familienfotograf M\u00fcnchen\" \/>\n<meta property=\"article:modified_time\" content=\"2021-01-05T12:53:16+00:00\" \/>\n<meta name=\"twitter:card\" content=\"summary_large_image\" \/>\n<meta name=\"twitter:label1\" content=\"Gesch\u00e4tzte Lesezeit\" \/>\n\t<meta name=\"twitter:data1\" content=\"6\u00a0Minuten\" \/>\n<script type=\"application\/ld+json\" class=\"yoast-schema-graph\">{\"@context\":\"https:\/\/schema.org\",\"@graph\":[{\"@type\":\"WebPage\",\"@id\":\"https:\/\/www.sindiaboldt.de\/family\/agb\/\",\"url\":\"https:\/\/www.sindiaboldt.de\/family\/agb\/\",\"name\":\"AGB - Familienfotograf M\u00fcnchen\",\"isPartOf\":{\"@id\":\"https:\/\/www.sindiaboldt.de\/family\/#website\"},\"datePublished\":\"2020-07-31T18:40:05+00:00\",\"dateModified\":\"2021-01-05T12:53:16+00:00\",\"breadcrumb\":{\"@id\":\"https:\/\/www.sindiaboldt.de\/family\/agb\/#breadcrumb\"},\"inLanguage\":\"de\",\"potentialAction\":[{\"@type\":\"ReadAction\",\"target\":[\"https:\/\/www.sindiaboldt.de\/family\/agb\/\"]}]},{\"@type\":\"BreadcrumbList\",\"@id\":\"https:\/\/www.sindiaboldt.de\/family\/agb\/#breadcrumb\",\"itemListElement\":[{\"@type\":\"ListItem\",\"position\":1,\"name\":\"Home\",\"item\":\"https:\/\/www.sindiaboldt.de\/family\/\"},{\"@type\":\"ListItem\",\"position\":2,\"name\":\"AGB\"}]},{\"@type\":\"WebSite\",\"@id\":\"https:\/\/www.sindiaboldt.de\/family\/#website\",\"url\":\"https:\/\/www.sindiaboldt.de\/family\/\",\"name\":\"Familienfotograf M\u00fcnchen\",\"description\":\"Sindia Boldt, Familien Fotograf M\u00fcnchen und Umgebung\",\"potentialAction\":[{\"@type\":\"SearchAction\",\"target\":{\"@type\":\"EntryPoint\",\"urlTemplate\":\"https:\/\/www.sindiaboldt.de\/family\/?s={search_term_string}\"},\"query-input\":{\"@type\":\"PropertyValueSpecification\",\"valueRequired\":true,\"valueName\":\"search_term_string\"}}],\"inLanguage\":\"de\"}]}<\/script>\n<!-- \/ Yoast SEO plugin. -->","yoast_head_json":{"title":"AGB - Familienfotograf M\u00fcnchen","robots":{"index":"index","follow":"follow","max-snippet":"max-snippet:-1","max-image-preview":"max-image-preview:large","max-video-preview":"max-video-preview:-1"},"canonical":"https:\/\/www.sindiaboldt.de\/family\/agb\/","og_locale":"de_DE","og_type":"article","og_title":"AGB - Familienfotograf M\u00fcnchen","og_description":"Sindia Boldt Photography Bajuwarenring 46 85411 Hohenkammer mail: info@sindiaboldt.de Tel: 081376103774 USt-IdNr.: DE283487860 &nbsp; Allgemeine Liefer- und Gesch\u00e4ftsbedingungen f\u00fcr Fotoshootings und Fotoprodukte (Abz\u00fcge, Wandbilder, Video und Alben). I. Allgemeines 1. Die nachfolgenden allgemeinen Liefer- und Gesch\u00e4ftsbedingungen (nachfolgend AGB genannt) gelten f\u00fcr alle von Sindia Boldt Photography (Inhaber: Sindia Boldt, oder durch Mitarbeiter) durchgef\u00fchrten Auftr\u00e4ge, Angebote, [&hellip;]","og_url":"https:\/\/www.sindiaboldt.de\/family\/agb\/","og_site_name":"Familienfotograf M\u00fcnchen","article_modified_time":"2021-01-05T12:53:16+00:00","twitter_card":"summary_large_image","twitter_misc":{"Gesch\u00e4tzte Lesezeit":"6\u00a0Minuten"},"schema":{"@context":"https:\/\/schema.org","@graph":[{"@type":"WebPage","@id":"https:\/\/www.sindiaboldt.de\/family\/agb\/","url":"https:\/\/www.sindiaboldt.de\/family\/agb\/","name":"AGB - Familienfotograf M\u00fcnchen","isPartOf":{"@id":"https:\/\/www.sindiaboldt.de\/family\/#website"},"datePublished":"2020-07-31T18:40:05+00:00","dateModified":"2021-01-05T12:53:16+00:00","breadcrumb":{"@id":"https:\/\/www.sindiaboldt.de\/family\/agb\/#breadcrumb"},"inLanguage":"de","potentialAction":[{"@type":"ReadAction","target":["https:\/\/www.sindiaboldt.de\/family\/agb\/"]}]},{"@type":"BreadcrumbList","@id":"https:\/\/www.sindiaboldt.de\/family\/agb\/#breadcrumb","itemListElement":[{"@type":"ListItem","position":1,"name":"Home","item":"https:\/\/www.sindiaboldt.de\/family\/"},{"@type":"ListItem","position":2,"name":"AGB"}]},{"@type":"WebSite","@id":"https:\/\/www.sindiaboldt.de\/family\/#website","url":"https:\/\/www.sindiaboldt.de\/family\/","name":"Familienfotograf M\u00fcnchen","description":"Sindia Boldt, Familien Fotograf M\u00fcnchen und Umgebung","potentialAction":[{"@type":"SearchAction","target":{"@type":"EntryPoint","urlTemplate":"https:\/\/www.sindiaboldt.de\/family\/?s={search_term_string}"},"query-input":{"@type":"PropertyValueSpecification","valueRequired":true,"valueName":"search_term_string"}}],"inLanguage":"de"}]}},"_links":{"self":[{"href":"https:\/\/www.sindiaboldt.de\/family\/wp-json\/wp\/v2\/pages\/2081","targetHints":{"allow":["GET"]}}],"collection":[{"href":"https:\/\/www.sindiaboldt.de\/family\/wp-json\/wp\/v2\/pages"}],"about":[{"href":"https:\/\/www.sindiaboldt.de\/family\/wp-json\/wp\/v2\/types\/page"}],"author":[{"embeddable":true,"href":"https:\/\/www.sindiaboldt.de\/family\/wp-json\/wp\/v2\/users\/1"}],"replies":[{"embeddable":true,"href":"https:\/\/www.sindiaboldt.de\/family\/wp-json\/wp\/v2\/comments?post=2081"}],"version-history":[{"count":0,"href":"https:\/\/www.sindiaboldt.de\/family\/wp-json\/wp\/v2\/pages\/2081\/revisions"}],"wp:attachment":[{"href":"https:\/\/www.sindiaboldt.de\/family\/wp-json\/wp\/v2\/media?parent=2081"}],"curies":[{"name":"wp","href":"https:\/\/api.w.org\/{rel}","templated":true}]}}