{"id":2210,"date":"2020-11-19T16:24:23","date_gmt":"2020-11-19T15:24:23","guid":{"rendered":"https:\/\/www.sindiaboldt.de\/family\/?page_id=2210"},"modified":"2021-01-05T13:53:13","modified_gmt":"2021-01-05T12:53:13","slug":"babybauch-fotoshooting-pfaffenhofen","status":"publish","type":"page","link":"https:\/\/www.sindiaboldt.de\/family\/babybauch-fotoshooting-pfaffenhofen\/","title":{"rendered":"Babybauch Fotoshooting Pfaffenhofen"},"content":{"rendered":"<p>&nbsp;<\/p>\n<h3 style=\"text-align: center;\">Hallo! Ich bin Sindia und dein Babybauch Fotoshooting ist in den besten H\u00e4nden!<\/h3>\n<p><img loading=\"lazy\" decoding=\"async\" class=\"size-full wp-image-1024 aligncenter\" title=\"Sindia Boldt Familienfotograf\" src=\"https:\/\/www.sindiaboldt.de\/family\/wp-content\/uploads\/sites\/4\/2019\/02\/2BridesPhotography_BoltFamily_28-Kopie-e1591188802163.jpg\" alt=\"Familienfotograf Sindia Boldt\" width=\"580\" height=\"435\" \/><\/p>\n<p style=\"text-align: center;\">Fotografin f\u00fcr deine Babybauch Fotos! Ich bin seit \u00fcber 10 Jahren verheiratet und habe eine zuckers\u00fc\u00dfe Tochter. Ich denke gerne an meine Schwangerschaft &#8211; diese ganz besonderen 9 Monate in meinem Leben &#8211; zur\u00fcck. Die ersten Tritte meiner kleinen Tochter, der Bauch der immer runder wurde und dann schlie\u00dflich der Moment als mein kleiner Liebling das erste Mal in meinen Armen lag. All das sind Momentaufnahmen &#8211; und genau diese besonderen Momente und Emotionen m\u00f6chte ich f\u00fcr dich mit einem besonderen Babybauch Fotoshooting in Pfaffenhofen f\u00fcr die Ewigkeit festhalten. Das ist das, wof\u00fcr ich brenne!<\/p>\n<p>&nbsp;<\/p>\n","protected":false},"excerpt":{"rendered":"<p>&nbsp; Hallo! Ich bin Sindia und dein Babybauch Fotoshooting ist in den besten H\u00e4nden! Fotografin f\u00fcr deine Babybauch Fotos! Ich bin seit \u00fcber 10 Jahren verheiratet und habe eine zuckers\u00fc\u00dfe Tochter. Ich denke gerne an meine Schwangerschaft &#8211; diese ganz besonderen 9 Monate in meinem Leben &#8211; zur\u00fcck. Die ersten Tritte meiner kleinen Tochter, der [&hellip;]<\/p>\n","protected":false},"author":1,"featured_media":0,"parent":0,"menu_order":0,"comment_status":"closed","ping_status":"closed","template":"","meta":{"footnotes":""},"class_list":["post-2210","page","type-page","status-publish"],"yoast_head":"<!-- This site is optimized with the Yoast SEO plugin v26.8 - https:\/\/yoast.com\/product\/yoast-seo-wordpress\/ -->\n<title>Babybauch Fotoshooting Pfaffenhofen<\/title>\n<meta name=\"description\" content=\"Du erwartest ein Baby? Zeit f\u00fcr ein Babybauch Fotoshooting! Wir sind gerne an Deiner Seite - jetzt unverbindlich anfragen!\" \/>\n<meta name=\"robots\" content=\"index, follow, max-snippet:-1, max-image-preview:large, max-video-preview:-1\" \/>\n<link rel=\"canonical\" href=\"https:\/\/www.sindiaboldt.de\/family\/babybauch-fotoshooting-pfaffenhofen\/\" \/>\n<meta property=\"og:locale\" content=\"de_DE\" \/>\n<meta property=\"og:type\" content=\"article\" \/>\n<meta property=\"og:title\" content=\"Babybauch Fotoshooting Pfaffenhofen\" \/>\n<meta property=\"og:description\" content=\"Du erwartest ein Baby? Zeit f\u00fcr ein Babybauch Fotoshooting! Wir sind gerne an Deiner Seite - jetzt unverbindlich anfragen!\" \/>\n<meta property=\"og:url\" content=\"https:\/\/www.sindiaboldt.de\/family\/babybauch-fotoshooting-pfaffenhofen\/\" \/>\n<meta property=\"og:site_name\" content=\"Familienfotograf M\u00fcnchen\" \/>\n<meta property=\"article:modified_time\" content=\"2021-01-05T12:53:13+00:00\" \/>\n<meta property=\"og:image\" content=\"https:\/\/www.sindiaboldt.de\/family\/wp-content\/uploads\/sites\/4\/2020\/06\/Babybauch-Shooting-Freising-Sindia-Boldt-Photography-12.jpg\" \/>\n\t<meta property=\"og:image:width\" content=\"881\" \/>\n\t<meta property=\"og:image:height\" content=\"588\" \/>\n\t<meta property=\"og:image:type\" content=\"image\/jpeg\" \/>\n<meta name=\"twitter:card\" content=\"summary_large_image\" \/>\n<meta name=\"twitter:label1\" content=\"Gesch\u00e4tzte Lesezeit\" \/>\n\t<meta name=\"twitter:data1\" content=\"1\u00a0Minute\" \/>\n<script type=\"application\/ld+json\" class=\"yoast-schema-graph\">{\"@context\":\"https:\/\/schema.org\",\"@graph\":[{\"@type\":\"WebPage\",\"@id\":\"https:\/\/www.sindiaboldt.de\/family\/babybauch-fotoshooting-pfaffenhofen\/\",\"url\":\"https:\/\/www.sindiaboldt.de\/family\/babybauch-fotoshooting-pfaffenhofen\/\",\"name\":\"Babybauch Fotoshooting Pfaffenhofen\",\"isPartOf\":{\"@id\":\"https:\/\/www.sindiaboldt.de\/family\/#website\"},\"primaryImageOfPage\":{\"@id\":\"https:\/\/www.sindiaboldt.de\/family\/babybauch-fotoshooting-pfaffenhofen\/#primaryimage\"},\"image\":{\"@id\":\"https:\/\/www.sindiaboldt.de\/family\/babybauch-fotoshooting-pfaffenhofen\/#primaryimage\"},\"thumbnailUrl\":\"https:\/\/www.sindiaboldt.de\/family\/wp-content\/uploads\/sites\/4\/2019\/02\/2BridesPhotography_BoltFamily_28-Kopie-e1591188802163.jpg\",\"datePublished\":\"2020-11-19T15:24:23+00:00\",\"dateModified\":\"2021-01-05T12:53:13+00:00\",\"description\":\"Du erwartest ein Baby? Zeit f\u00fcr ein Babybauch Fotoshooting! Wir sind gerne an Deiner Seite - jetzt unverbindlich anfragen!\",\"breadcrumb\":{\"@id\":\"https:\/\/www.sindiaboldt.de\/family\/babybauch-fotoshooting-pfaffenhofen\/#breadcrumb\"},\"inLanguage\":\"de\",\"potentialAction\":[{\"@type\":\"ReadAction\",\"target\":[\"https:\/\/www.sindiaboldt.de\/family\/babybauch-fotoshooting-pfaffenhofen\/\"]}]},{\"@type\":\"ImageObject\",\"inLanguage\":\"de\",\"@id\":\"https:\/\/www.sindiaboldt.de\/family\/babybauch-fotoshooting-pfaffenhofen\/#primaryimage\",\"url\":\"https:\/\/www.sindiaboldt.de\/family\/wp-content\/uploads\/sites\/4\/2019\/02\/2BridesPhotography_BoltFamily_28-Kopie-e1591188802163.jpg\",\"contentUrl\":\"https:\/\/www.sindiaboldt.de\/family\/wp-content\/uploads\/sites\/4\/2019\/02\/2BridesPhotography_BoltFamily_28-Kopie-e1591188802163.jpg\",\"width\":580,\"height\":435,\"caption\":\"Familienfotograf Dachau\"},{\"@type\":\"BreadcrumbList\",\"@id\":\"https:\/\/www.sindiaboldt.de\/family\/babybauch-fotoshooting-pfaffenhofen\/#breadcrumb\",\"itemListElement\":[{\"@type\":\"ListItem\",\"position\":1,\"name\":\"Home\",\"item\":\"https:\/\/www.sindiaboldt.de\/family\/\"},{\"@type\":\"ListItem\",\"position\":2,\"name\":\"Babybauch Fotoshooting Pfaffenhofen\"}]},{\"@type\":\"WebSite\",\"@id\":\"https:\/\/www.sindiaboldt.de\/family\/#website\",\"url\":\"https:\/\/www.sindiaboldt.de\/family\/\",\"name\":\"Familienfotograf M\u00fcnchen\",\"description\":\"Sindia Boldt, Familien Fotograf M\u00fcnchen und Umgebung\",\"potentialAction\":[{\"@type\":\"SearchAction\",\"target\":{\"@type\":\"EntryPoint\",\"urlTemplate\":\"https:\/\/www.sindiaboldt.de\/family\/?s={search_term_string}\"},\"query-input\":{\"@type\":\"PropertyValueSpecification\",\"valueRequired\":true,\"valueName\":\"search_term_string\"}}],\"inLanguage\":\"de\"}]}<\/script>\n<!-- \/ Yoast SEO plugin. -->","yoast_head_json":{"title":"Babybauch Fotoshooting Pfaffenhofen","description":"Du erwartest ein Baby? Zeit f\u00fcr ein Babybauch Fotoshooting! Wir sind gerne an Deiner Seite - jetzt unverbindlich anfragen!","robots":{"index":"index","follow":"follow","max-snippet":"max-snippet:-1","max-image-preview":"max-image-preview:large","max-video-preview":"max-video-preview:-1"},"canonical":"https:\/\/www.sindiaboldt.de\/family\/babybauch-fotoshooting-pfaffenhofen\/","og_locale":"de_DE","og_type":"article","og_title":"Babybauch Fotoshooting Pfaffenhofen","og_description":"Du erwartest ein Baby? Zeit f\u00fcr ein Babybauch Fotoshooting! Wir sind gerne an Deiner Seite - jetzt unverbindlich anfragen!","og_url":"https:\/\/www.sindiaboldt.de\/family\/babybauch-fotoshooting-pfaffenhofen\/","og_site_name":"Familienfotograf M\u00fcnchen","article_modified_time":"2021-01-05T12:53:13+00:00","og_image":[{"width":881,"height":588,"url":"https:\/\/www.sindiaboldt.de\/family\/wp-content\/uploads\/sites\/4\/2020\/06\/Babybauch-Shooting-Freising-Sindia-Boldt-Photography-12.jpg","type":"image\/jpeg"}],"twitter_card":"summary_large_image","twitter_misc":{"Gesch\u00e4tzte Lesezeit":"1\u00a0Minute"},"schema":{"@context":"https:\/\/schema.org","@graph":[{"@type":"WebPage","@id":"https:\/\/www.sindiaboldt.de\/family\/babybauch-fotoshooting-pfaffenhofen\/","url":"https:\/\/www.sindiaboldt.de\/family\/babybauch-fotoshooting-pfaffenhofen\/","name":"Babybauch Fotoshooting Pfaffenhofen","isPartOf":{"@id":"https:\/\/www.sindiaboldt.de\/family\/#website"},"primaryImageOfPage":{"@id":"https:\/\/www.sindiaboldt.de\/family\/babybauch-fotoshooting-pfaffenhofen\/#primaryimage"},"image":{"@id":"https:\/\/www.sindiaboldt.de\/family\/babybauch-fotoshooting-pfaffenhofen\/#primaryimage"},"thumbnailUrl":"https:\/\/www.sindiaboldt.de\/family\/wp-content\/uploads\/sites\/4\/2019\/02\/2BridesPhotography_BoltFamily_28-Kopie-e1591188802163.jpg","datePublished":"2020-11-19T15:24:23+00:00","dateModified":"2021-01-05T12:53:13+00:00","description":"Du erwartest ein Baby? Zeit f\u00fcr ein Babybauch Fotoshooting! Wir sind gerne an Deiner Seite - jetzt unverbindlich anfragen!","breadcrumb":{"@id":"https:\/\/www.sindiaboldt.de\/family\/babybauch-fotoshooting-pfaffenhofen\/#breadcrumb"},"inLanguage":"de","potentialAction":[{"@type":"ReadAction","target":["https:\/\/www.sindiaboldt.de\/family\/babybauch-fotoshooting-pfaffenhofen\/"]}]},{"@type":"ImageObject","inLanguage":"de","@id":"https:\/\/www.sindiaboldt.de\/family\/babybauch-fotoshooting-pfaffenhofen\/#primaryimage","url":"https:\/\/www.sindiaboldt.de\/family\/wp-content\/uploads\/sites\/4\/2019\/02\/2BridesPhotography_BoltFamily_28-Kopie-e1591188802163.jpg","contentUrl":"https:\/\/www.sindiaboldt.de\/family\/wp-content\/uploads\/sites\/4\/2019\/02\/2BridesPhotography_BoltFamily_28-Kopie-e1591188802163.jpg","width":580,"height":435,"caption":"Familienfotograf Dachau"},{"@type":"BreadcrumbList","@id":"https:\/\/www.sindiaboldt.de\/family\/babybauch-fotoshooting-pfaffenhofen\/#breadcrumb","itemListElement":[{"@type":"ListItem","position":1,"name":"Home","item":"https:\/\/www.sindiaboldt.de\/family\/"},{"@type":"ListItem","position":2,"name":"Babybauch Fotoshooting Pfaffenhofen"}]},{"@type":"WebSite","@id":"https:\/\/www.sindiaboldt.de\/family\/#website","url":"https:\/\/www.sindiaboldt.de\/family\/","name":"Familienfotograf M\u00fcnchen","description":"Sindia Boldt, Familien Fotograf M\u00fcnchen und Umgebung","potentialAction":[{"@type":"SearchAction","target":{"@type":"EntryPoint","urlTemplate":"https:\/\/www.sindiaboldt.de\/family\/?s={search_term_string}"},"query-input":{"@type":"PropertyValueSpecification","valueRequired":true,"valueName":"search_term_string"}}],"inLanguage":"de"}]}},"_links":{"self":[{"href":"https:\/\/www.sindiaboldt.de\/family\/wp-json\/wp\/v2\/pages\/2210","targetHints":{"allow":["GET"]}}],"collection":[{"href":"https:\/\/www.sindiaboldt.de\/family\/wp-json\/wp\/v2\/pages"}],"about":[{"href":"https:\/\/www.sindiaboldt.de\/family\/wp-json\/wp\/v2\/types\/page"}],"author":[{"embeddable":true,"href":"https:\/\/www.sindiaboldt.de\/family\/wp-json\/wp\/v2\/users\/1"}],"replies":[{"embeddable":true,"href":"https:\/\/www.sindiaboldt.de\/family\/wp-json\/wp\/v2\/comments?post=2210"}],"version-history":[{"count":0,"href":"https:\/\/www.sindiaboldt.de\/family\/wp-json\/wp\/v2\/pages\/2210\/revisions"}],"wp:attachment":[{"href":"https:\/\/www.sindiaboldt.de\/family\/wp-json\/wp\/v2\/media?parent=2210"}],"curies":[{"name":"wp","href":"https:\/\/api.w.org\/{rel}","templated":true}]}}