{"id":2219,"date":"2020-11-19T17:06:00","date_gmt":"2020-11-19T16:06:00","guid":{"rendered":"https:\/\/www.sindiaboldt.de\/family\/?page_id=2219"},"modified":"2021-10-27T10:33:49","modified_gmt":"2021-10-27T08:33:49","slug":"baby-fotos-dachau","status":"publish","type":"page","link":"https:\/\/www.sindiaboldt.de\/family\/baby-fotos-dachau\/","title":{"rendered":"Baby Fotos Dachau"},"content":{"rendered":"<h1 style=\"text-align: center;\">Als Baby Fotograf Dachau f\u00fcr Eure Baby Fotos im Einsatz<\/h1>\n<p style=\"text-align: center;\">Ich m\u00f6chtet f\u00fcr Eure Baby Fotos Dachau nicht irgendeinen Fotografen? Ihr m\u00f6chtet diesen besonderem Moment in Eurem Leben &#8211; Euer Neugeborenen Foto Shooting mit dem neuen Familienmitglied zu etwas ganz Besonderen machen? In den ersten Lebenstagen und Wochen ver\u00e4ndern sich die Kleinen so schnell &#8211; umso wichtiger, dass Ihr Eure Baby Fotos Dachau in die besten H\u00e4nde gebt! Als Baby Fotograf Dachau sind wir, das <a href=\"https:\/\/www.sindiaboldt.de\/family\/team\/\">Team vom Fotoatelier Hohenkammer<\/a> gern an Eurer Seite!<\/p>\n<p style=\"text-align: center;\"><img loading=\"lazy\" decoding=\"async\" class=\"aligncenter wp-image-1757 size-full\" title=\"Baby Fotos Dachau Neugeborenen Fotograf Sindia Boldt Fotoatelier Hohenkammer\" src=\"https:\/\/www.sindiaboldt.de\/family\/wp-content\/uploads\/sites\/4\/2020\/04\/Babyfotos-Pfaffenhofen-Neugeborenen-Fotograf-Sindia-Boldt-Photogrpahy_0001.jpg\" alt=\"Baby Fotos Dachau Neugeborenen Fotograf Sindia Boldt Fotoatelier Hohenkammer\" width=\"980\" height=\"735\" srcset=\"https:\/\/www.sindiaboldt.de\/family\/wp-content\/uploads\/sites\/4\/2020\/04\/Babyfotos-Pfaffenhofen-Neugeborenen-Fotograf-Sindia-Boldt-Photogrpahy_0001.jpg 980w, https:\/\/www.sindiaboldt.de\/family\/wp-content\/uploads\/sites\/4\/2020\/04\/Babyfotos-Pfaffenhofen-Neugeborenen-Fotograf-Sindia-Boldt-Photogrpahy_0001-300x225.jpg 300w, https:\/\/www.sindiaboldt.de\/family\/wp-content\/uploads\/sites\/4\/2020\/04\/Babyfotos-Pfaffenhofen-Neugeborenen-Fotograf-Sindia-Boldt-Photogrpahy_0001-768x576.jpg 768w\" sizes=\"auto, (max-width: 980px) 100vw, 980px\" \/><\/p>\n<h2 style=\"text-align: center;\"><strong>Baby Fotos Dachau \u2013 Euer Baby Fotoshooting mit besonderem Serice<br \/>\n<\/strong><\/h2>\n<p style=\"text-align: center;\">Die Baby Fotos sollten so fr\u00fch wie m\u00f6glich nach der Geburt geplant werden. W\u00e4hrend der ersten 10 bis 14 Tagen sind Babys noch sehr schl\u00e4frig und lieben es in weiche T\u00fccher eingewickelt zu sein. Das erinnert so sch\u00f6n an <strong>Mamas Bauc<\/strong>h. Zudem ist das Baby Fotoshooting mit der Familie eine wunderbare Gelegenheit, um Euer Familiengl\u00fcck in hochwertigen Bildern festzuhalten. Ihr werdet von uns im Vorfeld ausf\u00fchrlich beraten, die Mama bekommt immer ein <a href=\"https:\/\/www.sindiaboldt.de\/family\/preise\/\"><strong>Hair &amp; MakeUps Styling<\/strong><\/a> von unserer Visagistin und wir besprechen im Vorfeld wie Euer Baby Foto Shooting Dachau ablaufen wird. <a href=\"https:\/\/www.sindiaboldt.de\/family\/atelier\/\"><strong>Das Atelier<\/strong><\/a> ist voller sch\u00f6ner Stoffe, Accessoires, Kleider, Kopfb\u00e4nder und Deko-Artikeln, die Eure Baby Fotos Dachau zu etwas ganz Besonderen machen!<\/p>\n<h2 style=\"text-align: center;\"><img loading=\"lazy\" decoding=\"async\" class=\"aligncenter size-full wp-image-1765\" title=\"Babyfotos Pfaffenhofen Neugeborenen Fotograf Sindia Boldt Photogrpahy 0009\" src=\"https:\/\/www.sindiaboldt.de\/family\/wp-content\/uploads\/sites\/4\/2020\/04\/Babyfotos-Pfaffenhofen-Neugeborenen-Fotograf-Sindia-Boldt-Photogrpahy_0009.jpg\" alt=\"Babyfotos Pfaffenhofen Neugeborenen Fotograf Sindia Boldt Photogrpahy 0009\" width=\"980\" height=\"735\" srcset=\"https:\/\/www.sindiaboldt.de\/family\/wp-content\/uploads\/sites\/4\/2020\/04\/Babyfotos-Pfaffenhofen-Neugeborenen-Fotograf-Sindia-Boldt-Photogrpahy_0009.jpg 980w, https:\/\/www.sindiaboldt.de\/family\/wp-content\/uploads\/sites\/4\/2020\/04\/Babyfotos-Pfaffenhofen-Neugeborenen-Fotograf-Sindia-Boldt-Photogrpahy_0009-300x225.jpg 300w, https:\/\/www.sindiaboldt.de\/family\/wp-content\/uploads\/sites\/4\/2020\/04\/Babyfotos-Pfaffenhofen-Neugeborenen-Fotograf-Sindia-Boldt-Photogrpahy_0009-768x576.jpg 768w\" sizes=\"auto, (max-width: 980px) 100vw, 980px\" \/><\/h2>\n<h2 style=\"text-align: center;\">Baby Fotos Dachau &#8211; mit der ganzen Familie!<\/h2>\n<p style=\"text-align: center;\">Meist beginnen wir mit dem Fotografieren Eures Babys, wenn es gerade frisch gestillt, gewickelt und seelig eingeschlafen ist. Wir nehmen uns f\u00fcr alles viel Zeit. Wird Euer Baby beim Fotoshooting unruhig d\u00fcrft Ihr gerne kuscheln, schwingen, singen, tanzen &#8211; alles was Euch und Eurem Baby gut tut. Das ist f\u00fcr mich eine wunderbare Gelegenheit auch Fotos von euch als Familie zu machen. Ebenso planen wir Geschwisterbilder, diese sind immer ganz besonders emotional &#8211; sind sie nicht der Start einer ganz besonderen Beziehung? Es geht also bei unserem Fotoshooting nicht &#8220;nur&#8221; um Baby Fotos! Die ganze Familie soll bei diesem wichtigen Anlass im Fokus stehen. Deshalb ist auch das Styling der Mama so wichtig! Augenringe? Schlaflose Nacht? Hautunreinheiten wegen Hormonumstellung? Das hat auf Euren Familienfotos nichts zu suchen und wir k\u00fcmmern uns ganz und gar darum Euch wunderbar und entspannt ins rechte Licht zu r\u00fccken.<\/p>\n<p style=\"text-align: center;\"><img loading=\"lazy\" decoding=\"async\" class=\"aligncenter wp-image-1758 size-large\" title=\"Baby Fotos Dachau Neugeborenen Fotograf Sindia Boldt Photogrpahy 0002\" src=\"https:\/\/www.sindiaboldt.de\/family\/wp-content\/uploads\/sites\/4\/2020\/04\/Babyfotos-Pfaffenhofen-Neugeborenen-Fotograf-Sindia-Boldt-Photogrpahy_0002-1024x683.jpg\" alt=\"Baby Fotos Dachau Neugeborenen Fotograf Sindia Boldt Photogrpahy 0002\" width=\"1024\" height=\"683\" \/><\/p>\n<p style=\"text-align: center;\"><img loading=\"lazy\" decoding=\"async\" class=\"aligncenter wp-image-1760 size-large\" title=\"Baby Fotos Dachau Neugeborenen Fotograf Sindia Boldt Photogrpahy 0004\" src=\"https:\/\/www.sindiaboldt.de\/family\/wp-content\/uploads\/sites\/4\/2020\/04\/Babyfotos-Pfaffenhofen-Neugeborenen-Fotograf-Sindia-Boldt-Photogrpahy_0004-1024x683.jpg\" alt=\"Baby Fotos Dachau Neugeborenen Fotograf Sindia Boldt Photogrpahy 0004\" width=\"1024\" height=\"683\" srcset=\"https:\/\/www.sindiaboldt.de\/family\/wp-content\/uploads\/sites\/4\/2020\/04\/Babyfotos-Pfaffenhofen-Neugeborenen-Fotograf-Sindia-Boldt-Photogrpahy_0004-1024x683.jpg 1024w, https:\/\/www.sindiaboldt.de\/family\/wp-content\/uploads\/sites\/4\/2020\/04\/Babyfotos-Pfaffenhofen-Neugeborenen-Fotograf-Sindia-Boldt-Photogrpahy_0004-300x200.jpg 300w, https:\/\/www.sindiaboldt.de\/family\/wp-content\/uploads\/sites\/4\/2020\/04\/Babyfotos-Pfaffenhofen-Neugeborenen-Fotograf-Sindia-Boldt-Photogrpahy_0004-768x512.jpg 768w, https:\/\/www.sindiaboldt.de\/family\/wp-content\/uploads\/sites\/4\/2020\/04\/Babyfotos-Pfaffenhofen-Neugeborenen-Fotograf-Sindia-Boldt-Photogrpahy_0004.jpg 1400w\" sizes=\"auto, (max-width: 1024px) 100vw, 1024px\" \/><\/p>\n<p style=\"text-align: center;\">Als Baby Fotografin f\u00fcr Neugeborene in Dachau und Umgebung ist es mir besonders wichtig Euch eine wundervolle Schatzkiste an emotionalen, authentischen Bildern zu kreiren, die Euch ein Leben lang Freude bereiten werden! Und nicht nur Euch! Auch Eure Verwandten werden die Bilder lieben!<\/p>\n<p style=\"text-align: center;\"><img loading=\"lazy\" decoding=\"async\" class=\"aligncenter size-full wp-image-1759\" title=\"Babyfotos Pfaffenhofen Neugeborenen Fotograf Sindia Boldt Photogrpahy 0003\" src=\"https:\/\/www.sindiaboldt.de\/family\/wp-content\/uploads\/sites\/4\/2020\/04\/Babyfotos-Pfaffenhofen-Neugeborenen-Fotograf-Sindia-Boldt-Photogrpahy_0003.jpg\" alt=\"Babyfotos Pfaffenhofen Neugeborenen Fotograf Sindia Boldt Photogrpahy 0003\" width=\"686\" height=\"515\" srcset=\"https:\/\/www.sindiaboldt.de\/family\/wp-content\/uploads\/sites\/4\/2020\/04\/Babyfotos-Pfaffenhofen-Neugeborenen-Fotograf-Sindia-Boldt-Photogrpahy_0003.jpg 686w, https:\/\/www.sindiaboldt.de\/family\/wp-content\/uploads\/sites\/4\/2020\/04\/Babyfotos-Pfaffenhofen-Neugeborenen-Fotograf-Sindia-Boldt-Photogrpahy_0003-300x225.jpg 300w\" sizes=\"auto, (max-width: 686px) 100vw, 686px\" \/><\/p>\n<h2 style=\"text-align: center;\">Fotoatelier Hohenkammer &#8211; Baby Fotos vom Fotograf Dachau<\/h2>\n<p style=\"text-align: center;\">Mein Atelier bei Dachau ist perfekt f\u00fcr Euren Besuch mit Eurem Baby ausgestattet. Fl\u00e4schchenw\u00e4rmer, Wickeltisch, T\u00fccher, Kleider zum Wechseln &#8211; alles steht zu Eurer Verf\u00fcgung. Ihr sollt Euch schlie\u00dflich wohl f\u00fchlen! Manch Elternpaar ist sogar schon mal auf meinem Sofa bei Walgesang und wohlig warmer W\u00e4rme eingschlafen. Ihr seht, Eure Baby Fotos Dachau werden ein wundervolles Erlebnis werden!<\/p>\n<p style=\"text-align: center;\"><img loading=\"lazy\" decoding=\"async\" class=\"aligncenter size-full wp-image-1762\" title=\"Babyfotos Pfaffenhofen Neugeborenen Fotograf Sindia Boldt Photogrpahy 0006\" src=\"https:\/\/www.sindiaboldt.de\/family\/wp-content\/uploads\/sites\/4\/2020\/04\/Babyfotos-Pfaffenhofen-Neugeborenen-Fotograf-Sindia-Boldt-Photogrpahy_0006.jpg\" alt=\"Babyfotos Pfaffenhofen Neugeborenen Fotograf Sindia Boldt Photogrpahy 0006\" width=\"980\" height=\"735\" srcset=\"https:\/\/www.sindiaboldt.de\/family\/wp-content\/uploads\/sites\/4\/2020\/04\/Babyfotos-Pfaffenhofen-Neugeborenen-Fotograf-Sindia-Boldt-Photogrpahy_0006.jpg 980w, https:\/\/www.sindiaboldt.de\/family\/wp-content\/uploads\/sites\/4\/2020\/04\/Babyfotos-Pfaffenhofen-Neugeborenen-Fotograf-Sindia-Boldt-Photogrpahy_0006-300x225.jpg 300w, https:\/\/www.sindiaboldt.de\/family\/wp-content\/uploads\/sites\/4\/2020\/04\/Babyfotos-Pfaffenhofen-Neugeborenen-Fotograf-Sindia-Boldt-Photogrpahy_0006-768x576.jpg 768w\" sizes=\"auto, (max-width: 980px) 100vw, 980px\" \/><\/p>\n<p style=\"text-align: center;\"><img loading=\"lazy\" decoding=\"async\" class=\"aligncenter size-large wp-image-1761\" title=\"Babyfotos Pfaffenhofen Neugeborenen Fotograf Sindia Boldt Photogrpahy 0005\" src=\"https:\/\/www.sindiaboldt.de\/family\/wp-content\/uploads\/sites\/4\/2020\/04\/Babyfotos-Pfaffenhofen-Neugeborenen-Fotograf-Sindia-Boldt-Photogrpahy_0005-1024x801.jpg\" alt=\"Babyfotos Pfaffenhofen Neugeborenen Fotograf Sindia Boldt Photogrpahy 0005\" width=\"1024\" height=\"801\" \/><\/p>\n<p style=\"text-align: center;\">\u00a0<a href=\"https:\/\/www.sindiaboldt.de\/family\/preise\/\">HIER<\/a> findet Ihr mehr Infos zum Ablauf. Nach Eurer <a href=\"https:\/\/www.sindiaboldt.de\/family\/kontakt\/\">Anfrage per Kontaktformular<\/a> kontaktieren wir Euch umgehend um Euer Fotoshooting zu planen. Es gibt ein Familienmagazin mit tollen Infos und Tipps, Inspirationen. Ihr erhaltet eine ausf\u00fchrliche Beratung zu Euren W\u00fcnschen, m\u00f6glichen Outftis und unseren sch\u00f6ne Fotoprodukten. Wir freuen uns auf Euch!<\/p>\n<p style=\"text-align: center;\"><img loading=\"lazy\" decoding=\"async\" class=\"aligncenter size-full wp-image-1764\" title=\"Babyfotos Pfaffenhofen Neugeborenen Fotograf Sindia Boldt Photogrpahy 0008\" src=\"https:\/\/www.sindiaboldt.de\/family\/wp-content\/uploads\/sites\/4\/2020\/04\/Babyfotos-Pfaffenhofen-Neugeborenen-Fotograf-Sindia-Boldt-Photogrpahy_0008.jpg\" alt=\"Babyfotos Pfaffenhofen Neugeborenen Fotograf Sindia Boldt Photogrpahy 0008\" width=\"980\" height=\"692\" srcset=\"https:\/\/www.sindiaboldt.de\/family\/wp-content\/uploads\/sites\/4\/2020\/04\/Babyfotos-Pfaffenhofen-Neugeborenen-Fotograf-Sindia-Boldt-Photogrpahy_0008.jpg 980w, https:\/\/www.sindiaboldt.de\/family\/wp-content\/uploads\/sites\/4\/2020\/04\/Babyfotos-Pfaffenhofen-Neugeborenen-Fotograf-Sindia-Boldt-Photogrpahy_0008-300x212.jpg 300w, https:\/\/www.sindiaboldt.de\/family\/wp-content\/uploads\/sites\/4\/2020\/04\/Babyfotos-Pfaffenhofen-Neugeborenen-Fotograf-Sindia-Boldt-Photogrpahy_0008-768x542.jpg 768w\" sizes=\"auto, (max-width: 980px) 100vw, 980px\" \/><\/p>\n<p style=\"text-align: center;\">Herzlichst,<\/p>\n<p style=\"text-align: center;\">Sindia &amp; Team vom Fotoatelier Hohenkammer &#8211; Fotograf Dachau f\u00fcr Eure Baby Fotos<\/p>\n","protected":false},"excerpt":{"rendered":"<p>Als Baby Fotograf Dachau f\u00fcr Eure Baby Fotos im Einsatz Ich m\u00f6chtet f\u00fcr Eure Baby Fotos Dachau nicht irgendeinen Fotografen? Ihr m\u00f6chtet diesen besonderem Moment in Eurem Leben &#8211; Euer Neugeborenen Foto Shooting mit dem neuen Familienmitglied zu etwas ganz Besonderen machen? In den ersten Lebenstagen und Wochen ver\u00e4ndern sich die Kleinen so schnell &#8211; [&hellip;]<\/p>\n","protected":false},"author":1,"featured_media":0,"parent":0,"menu_order":0,"comment_status":"closed","ping_status":"closed","template":"","meta":{"footnotes":""},"class_list":["post-2219","page","type-page","status-publish"],"yoast_head":"<!-- This site is optimized with the Yoast SEO plugin v26.8 - https:\/\/yoast.com\/product\/yoast-seo-wordpress\/ -->\n<title>Baby Fotos Dachau<\/title>\n<meta name=\"description\" content=\"Baby Fotos Dachau - Wir vom Fotoatelier Hohenkammer vew\u00f6hnen Euch mit Rundum-Sorglos-Service! Jetzt anfragen!\" \/>\n<meta name=\"robots\" content=\"index, follow, max-snippet:-1, max-image-preview:large, max-video-preview:-1\" \/>\n<link rel=\"canonical\" href=\"https:\/\/www.sindiaboldt.de\/family\/baby-fotos-dachau\/\" \/>\n<meta property=\"og:locale\" content=\"de_DE\" \/>\n<meta property=\"og:type\" content=\"article\" \/>\n<meta property=\"og:title\" content=\"Baby Fotos Dachau\" \/>\n<meta property=\"og:description\" content=\"Baby Fotos Dachau - Wir vom Fotoatelier Hohenkammer vew\u00f6hnen Euch mit Rundum-Sorglos-Service! Jetzt anfragen!\" \/>\n<meta property=\"og:url\" content=\"https:\/\/www.sindiaboldt.de\/family\/baby-fotos-dachau\/\" \/>\n<meta property=\"og:site_name\" content=\"Familienfotograf M\u00fcnchen\" \/>\n<meta property=\"article:modified_time\" content=\"2021-10-27T08:33:49+00:00\" \/>\n<meta property=\"og:image\" content=\"https:\/\/www.sindiaboldt.de\/family\/wp-content\/uploads\/sites\/4\/2020\/04\/Babyfotos-Pfaffenhofen-Neugeborenen-Fotograf-Sindia-Boldt-Photogrpahy_0001.jpg\" \/>\n<meta name=\"twitter:card\" content=\"summary_large_image\" \/>\n<meta name=\"twitter:label1\" content=\"Gesch\u00e4tzte Lesezeit\" \/>\n\t<meta name=\"twitter:data1\" content=\"3\u00a0Minuten\" \/>\n<script type=\"application\/ld+json\" class=\"yoast-schema-graph\">{\"@context\":\"https:\/\/schema.org\",\"@graph\":[{\"@type\":\"WebPage\",\"@id\":\"https:\/\/www.sindiaboldt.de\/family\/baby-fotos-dachau\/\",\"url\":\"https:\/\/www.sindiaboldt.de\/family\/baby-fotos-dachau\/\",\"name\":\"Baby Fotos Dachau\",\"isPartOf\":{\"@id\":\"https:\/\/www.sindiaboldt.de\/family\/#website\"},\"primaryImageOfPage\":{\"@id\":\"https:\/\/www.sindiaboldt.de\/family\/baby-fotos-dachau\/#primaryimage\"},\"image\":{\"@id\":\"https:\/\/www.sindiaboldt.de\/family\/baby-fotos-dachau\/#primaryimage\"},\"thumbnailUrl\":\"https:\/\/www.sindiaboldt.de\/family\/wp-content\/uploads\/sites\/4\/2020\/04\/Babyfotos-Pfaffenhofen-Neugeborenen-Fotograf-Sindia-Boldt-Photogrpahy_0001.jpg\",\"datePublished\":\"2020-11-19T16:06:00+00:00\",\"dateModified\":\"2021-10-27T08:33:49+00:00\",\"description\":\"Baby Fotos Dachau - Wir vom Fotoatelier Hohenkammer vew\u00f6hnen Euch mit Rundum-Sorglos-Service! Jetzt anfragen!\",\"breadcrumb\":{\"@id\":\"https:\/\/www.sindiaboldt.de\/family\/baby-fotos-dachau\/#breadcrumb\"},\"inLanguage\":\"de\",\"potentialAction\":[{\"@type\":\"ReadAction\",\"target\":[\"https:\/\/www.sindiaboldt.de\/family\/baby-fotos-dachau\/\"]}]},{\"@type\":\"ImageObject\",\"inLanguage\":\"de\",\"@id\":\"https:\/\/www.sindiaboldt.de\/family\/baby-fotos-dachau\/#primaryimage\",\"url\":\"https:\/\/www.sindiaboldt.de\/family\/wp-content\/uploads\/sites\/4\/2020\/04\/Babyfotos-Pfaffenhofen-Neugeborenen-Fotograf-Sindia-Boldt-Photogrpahy_0001.jpg\",\"contentUrl\":\"https:\/\/www.sindiaboldt.de\/family\/wp-content\/uploads\/sites\/4\/2020\/04\/Babyfotos-Pfaffenhofen-Neugeborenen-Fotograf-Sindia-Boldt-Photogrpahy_0001.jpg\",\"width\":980,\"height\":735,\"caption\":\"Babyfotos Pfaffenhofen Neugeborenen Fotograf Sindia Boldt Photogrpahy 0001\"},{\"@type\":\"BreadcrumbList\",\"@id\":\"https:\/\/www.sindiaboldt.de\/family\/baby-fotos-dachau\/#breadcrumb\",\"itemListElement\":[{\"@type\":\"ListItem\",\"position\":1,\"name\":\"Home\",\"item\":\"https:\/\/www.sindiaboldt.de\/family\/\"},{\"@type\":\"ListItem\",\"position\":2,\"name\":\"Baby Fotos Dachau\"}]},{\"@type\":\"WebSite\",\"@id\":\"https:\/\/www.sindiaboldt.de\/family\/#website\",\"url\":\"https:\/\/www.sindiaboldt.de\/family\/\",\"name\":\"Familienfotograf M\u00fcnchen\",\"description\":\"Sindia Boldt, Familien Fotograf M\u00fcnchen und Umgebung\",\"potentialAction\":[{\"@type\":\"SearchAction\",\"target\":{\"@type\":\"EntryPoint\",\"urlTemplate\":\"https:\/\/www.sindiaboldt.de\/family\/?s={search_term_string}\"},\"query-input\":{\"@type\":\"PropertyValueSpecification\",\"valueRequired\":true,\"valueName\":\"search_term_string\"}}],\"inLanguage\":\"de\"}]}<\/script>\n<!-- \/ Yoast SEO plugin. -->","yoast_head_json":{"title":"Baby Fotos Dachau","description":"Baby Fotos Dachau - Wir vom Fotoatelier Hohenkammer vew\u00f6hnen Euch mit Rundum-Sorglos-Service! Jetzt anfragen!","robots":{"index":"index","follow":"follow","max-snippet":"max-snippet:-1","max-image-preview":"max-image-preview:large","max-video-preview":"max-video-preview:-1"},"canonical":"https:\/\/www.sindiaboldt.de\/family\/baby-fotos-dachau\/","og_locale":"de_DE","og_type":"article","og_title":"Baby Fotos Dachau","og_description":"Baby Fotos Dachau - Wir vom Fotoatelier Hohenkammer vew\u00f6hnen Euch mit Rundum-Sorglos-Service! Jetzt anfragen!","og_url":"https:\/\/www.sindiaboldt.de\/family\/baby-fotos-dachau\/","og_site_name":"Familienfotograf M\u00fcnchen","article_modified_time":"2021-10-27T08:33:49+00:00","og_image":[{"url":"https:\/\/www.sindiaboldt.de\/family\/wp-content\/uploads\/sites\/4\/2020\/04\/Babyfotos-Pfaffenhofen-Neugeborenen-Fotograf-Sindia-Boldt-Photogrpahy_0001.jpg","type":"","width":"","height":""}],"twitter_card":"summary_large_image","twitter_misc":{"Gesch\u00e4tzte Lesezeit":"3\u00a0Minuten"},"schema":{"@context":"https:\/\/schema.org","@graph":[{"@type":"WebPage","@id":"https:\/\/www.sindiaboldt.de\/family\/baby-fotos-dachau\/","url":"https:\/\/www.sindiaboldt.de\/family\/baby-fotos-dachau\/","name":"Baby Fotos Dachau","isPartOf":{"@id":"https:\/\/www.sindiaboldt.de\/family\/#website"},"primaryImageOfPage":{"@id":"https:\/\/www.sindiaboldt.de\/family\/baby-fotos-dachau\/#primaryimage"},"image":{"@id":"https:\/\/www.sindiaboldt.de\/family\/baby-fotos-dachau\/#primaryimage"},"thumbnailUrl":"https:\/\/www.sindiaboldt.de\/family\/wp-content\/uploads\/sites\/4\/2020\/04\/Babyfotos-Pfaffenhofen-Neugeborenen-Fotograf-Sindia-Boldt-Photogrpahy_0001.jpg","datePublished":"2020-11-19T16:06:00+00:00","dateModified":"2021-10-27T08:33:49+00:00","description":"Baby Fotos Dachau - Wir vom Fotoatelier Hohenkammer vew\u00f6hnen Euch mit Rundum-Sorglos-Service! Jetzt anfragen!","breadcrumb":{"@id":"https:\/\/www.sindiaboldt.de\/family\/baby-fotos-dachau\/#breadcrumb"},"inLanguage":"de","potentialAction":[{"@type":"ReadAction","target":["https:\/\/www.sindiaboldt.de\/family\/baby-fotos-dachau\/"]}]},{"@type":"ImageObject","inLanguage":"de","@id":"https:\/\/www.sindiaboldt.de\/family\/baby-fotos-dachau\/#primaryimage","url":"https:\/\/www.sindiaboldt.de\/family\/wp-content\/uploads\/sites\/4\/2020\/04\/Babyfotos-Pfaffenhofen-Neugeborenen-Fotograf-Sindia-Boldt-Photogrpahy_0001.jpg","contentUrl":"https:\/\/www.sindiaboldt.de\/family\/wp-content\/uploads\/sites\/4\/2020\/04\/Babyfotos-Pfaffenhofen-Neugeborenen-Fotograf-Sindia-Boldt-Photogrpahy_0001.jpg","width":980,"height":735,"caption":"Babyfotos Pfaffenhofen Neugeborenen Fotograf Sindia Boldt Photogrpahy 0001"},{"@type":"BreadcrumbList","@id":"https:\/\/www.sindiaboldt.de\/family\/baby-fotos-dachau\/#breadcrumb","itemListElement":[{"@type":"ListItem","position":1,"name":"Home","item":"https:\/\/www.sindiaboldt.de\/family\/"},{"@type":"ListItem","position":2,"name":"Baby Fotos Dachau"}]},{"@type":"WebSite","@id":"https:\/\/www.sindiaboldt.de\/family\/#website","url":"https:\/\/www.sindiaboldt.de\/family\/","name":"Familienfotograf M\u00fcnchen","description":"Sindia Boldt, Familien Fotograf M\u00fcnchen und Umgebung","potentialAction":[{"@type":"SearchAction","target":{"@type":"EntryPoint","urlTemplate":"https:\/\/www.sindiaboldt.de\/family\/?s={search_term_string}"},"query-input":{"@type":"PropertyValueSpecification","valueRequired":true,"valueName":"search_term_string"}}],"inLanguage":"de"}]}},"_links":{"self":[{"href":"https:\/\/www.sindiaboldt.de\/family\/wp-json\/wp\/v2\/pages\/2219","targetHints":{"allow":["GET"]}}],"collection":[{"href":"https:\/\/www.sindiaboldt.de\/family\/wp-json\/wp\/v2\/pages"}],"about":[{"href":"https:\/\/www.sindiaboldt.de\/family\/wp-json\/wp\/v2\/types\/page"}],"author":[{"embeddable":true,"href":"https:\/\/www.sindiaboldt.de\/family\/wp-json\/wp\/v2\/users\/1"}],"replies":[{"embeddable":true,"href":"https:\/\/www.sindiaboldt.de\/family\/wp-json\/wp\/v2\/comments?post=2219"}],"version-history":[{"count":0,"href":"https:\/\/www.sindiaboldt.de\/family\/wp-json\/wp\/v2\/pages\/2219\/revisions"}],"wp:attachment":[{"href":"https:\/\/www.sindiaboldt.de\/family\/wp-json\/wp\/v2\/media?parent=2219"}],"curies":[{"name":"wp","href":"https:\/\/api.w.org\/{rel}","templated":true}]}}