{"id":2222,"date":"2020-11-19T17:33:36","date_gmt":"2020-11-19T16:33:36","guid":{"rendered":"https:\/\/www.sindiaboldt.de\/family\/?page_id=2222"},"modified":"2021-10-27T10:22:45","modified_gmt":"2021-10-27T08:22:45","slug":"baby-fotograf-freising","status":"publish","type":"page","link":"https:\/\/www.sindiaboldt.de\/family\/baby-fotograf-freising\/","title":{"rendered":"Baby Fotograf Freising"},"content":{"rendered":"<h1 style=\"text-align: center;\">Als Baby Fotograf Freising zaubern wir wundervolle Baby Fotos<\/h1>\n<p style=\"text-align: center;\">Als Baby Fotograf Freising kommt nat\u00fcrlich nur das Fotoatelier Hohenkammer in Frage! Immer dann, wenn Ihr etwas Besonderes m\u00f6chtet. Denn wir sind nicht irgendein Fotostudio. Wir sind das Rundum-Sorglos-Fotoatelier f\u00fcr die sch\u00f6nsten Fotos Eures Babys! Die ersten Tage mit Eurem Baby sind etwas ganz Besonderes und das sollte geb\u00fchrend vom besten Baby Fotograf Freising f\u00fcr Euch festgehalten werden!\u00a0 Als Baby Fotograf Freising sind wir, das <a href=\"https:\/\/www.sindiaboldt.de\/family\/team\/\">Team vom Fotoatelier Hohenkammer<\/a> die Richtigen! Ihr m\u00fcsst Euch um nichts k\u00fcmmern &#8211; die Mama erh\u00e4lt bei uns sogar ein professionelles Hair &amp; MakeUp Styling!<\/p>\n<p style=\"text-align: center;\"><img loading=\"lazy\" decoding=\"async\" class=\"aligncenter wp-image-1757 size-full\" title=\"Baby Fotograf Freising Neugeborenen Fotograf Sindia Boldt Fotoatelier Hohenkammer\" src=\"https:\/\/www.sindiaboldt.de\/family\/wp-content\/uploads\/sites\/4\/2020\/04\/Babyfotos-Pfaffenhofen-Neugeborenen-Fotograf-Sindia-Boldt-Photogrpahy_0001.jpg\" alt=\"Baby Fotograf Freising Neugeborenen Fotograf Sindia Boldt Fotoatelier Hohenkammer\" width=\"980\" height=\"735\" srcset=\"https:\/\/www.sindiaboldt.de\/family\/wp-content\/uploads\/sites\/4\/2020\/04\/Babyfotos-Pfaffenhofen-Neugeborenen-Fotograf-Sindia-Boldt-Photogrpahy_0001.jpg 980w, https:\/\/www.sindiaboldt.de\/family\/wp-content\/uploads\/sites\/4\/2020\/04\/Babyfotos-Pfaffenhofen-Neugeborenen-Fotograf-Sindia-Boldt-Photogrpahy_0001-300x225.jpg 300w, https:\/\/www.sindiaboldt.de\/family\/wp-content\/uploads\/sites\/4\/2020\/04\/Babyfotos-Pfaffenhofen-Neugeborenen-Fotograf-Sindia-Boldt-Photogrpahy_0001-768x576.jpg 768w\" sizes=\"auto, (max-width: 980px) 100vw, 980px\" \/><\/p>\n<h2 style=\"text-align: center;\"><strong>Baby Fotograf Freising \u2013 Ein Fotoshooting f\u00fcr Euch und Euer Baby &#8211; besonderer Service inklusive!<br \/>\n<\/strong><\/h2>\n<p style=\"text-align: center;\">Als Baby Fotograf Freising kommen wir m\u00f6glichst schon w\u00e4hrend der Schwangerschaft ins Spiel. Das Newborn Fotoshooting sollte n\u00e4mlich in den ersten zehn bis 14 Lebenstagen Eures Babys stattfinden. Da schl\u00e4ft Euer Baby noch sehr viel und kann gar nicht genug von unseren weichen Decken und Kuschelt\u00fcchern bekommen. Fast so sch\u00f6n wie in <strong>Mamas Bauch!<\/strong> Wichtig ist uns, dass Ihr vom ersten Kontakt bis zum fertigen Album von uns beraten und begleitet werdet. Und habe ich schon das ultimative <a href=\"https:\/\/www.sindiaboldt.de\/family\/preise\/\"><strong>Hair &amp; MakeUps Styling<\/strong><\/a> von unserer Visagistin erw\u00e4hnt? Ihr m\u00fcsst gar nichts machen, wir k\u00fcmmen uns um alles! Selbst sch\u00f6ne Kleider und Accessoires stehen im Atelier f\u00fcr Euch bereit. Als Baby Fotograf Freising bieten wir Euch den besonderen Service!\u00a0\u00a0<a href=\"https:\/\/www.sindiaboldt.de\/family\/atelier\/\"><strong>Im Atelier<\/strong><\/a> k\u00f6nnt Ihr alles ausw\u00e4hlen, von Stoffen, Farben, Hintergr\u00fcnden, Kopfschmuck, Kleidern und am Ende sch\u00f6ne Fotoprodukte, die Eure Bilder in Euer Leben bringen (und nicht auf der Festplatte versauen lassen \ud83d\ude09<\/p>\n<h2 style=\"text-align: center;\"><img loading=\"lazy\" decoding=\"async\" class=\"aligncenter wp-image-1765 size-full\" title=\"Baby Fotograf Freising Neugeborenen Fotograf Sindia Boldt Photogrpahy 0009\" src=\"https:\/\/www.sindiaboldt.de\/family\/wp-content\/uploads\/sites\/4\/2020\/04\/Babyfotos-Pfaffenhofen-Neugeborenen-Fotograf-Sindia-Boldt-Photogrpahy_0009.jpg\" alt=\"Baby Fotograf Freising Neugeborenen Fotograf Sindia Boldt Photogrpahy 0009\" width=\"980\" height=\"735\" srcset=\"https:\/\/www.sindiaboldt.de\/family\/wp-content\/uploads\/sites\/4\/2020\/04\/Babyfotos-Pfaffenhofen-Neugeborenen-Fotograf-Sindia-Boldt-Photogrpahy_0009.jpg 980w, https:\/\/www.sindiaboldt.de\/family\/wp-content\/uploads\/sites\/4\/2020\/04\/Babyfotos-Pfaffenhofen-Neugeborenen-Fotograf-Sindia-Boldt-Photogrpahy_0009-300x225.jpg 300w, https:\/\/www.sindiaboldt.de\/family\/wp-content\/uploads\/sites\/4\/2020\/04\/Babyfotos-Pfaffenhofen-Neugeborenen-Fotograf-Sindia-Boldt-Photogrpahy_0009-768x576.jpg 768w\" sizes=\"auto, (max-width: 980px) 100vw, 980px\" \/><\/h2>\n<h2 style=\"text-align: center;\">Baby Fotograf Freising &#8211; f\u00fcr die ganze Familie!<\/h2>\n<p style=\"text-align: center;\">Euer Baby ist satt, zufrieden und schl\u00e4frig? Wunderbar! Dann geht es gleich los mit den bereits vorbereiteten Sets. Das kann auch erst 20\/30 Minuten nach Eurem Eintreffen sein. Wir nehmen uns ausreichend Zeit und achten darauf, dass Ihr und Euer Baby sich rundum wohl f\u00fchlen. Euer Baby ist sehr aufgeweckt und will partout die \u00c4uglein nicht zu machen? Dann wird erst mal gekuschelt, gesungen, getanzt, alles was Ihr zu Hause auch machen w\u00fcrdet. Ich als Baby Fotograf Freising nutze dann die Zeit und mache wundersch\u00f6ne, emotionale Fotos von euch als Familie. Denn was w\u00e4ren Baby Fotos ohne die sch\u00f6ne Beziehung zwischen Eltern, Kind und vielleicht Geschwistern einzufangen? Und du als Mama wirst in jedem Fall umwerfend aussehen! Professionellem Styling sei Dank! Eine Schlaflose Nacht? Hormonbedingte Akne? Kein Problem &#8211; lass das alles unsere Sorge sein!<\/p>\n<p style=\"text-align: center;\"><img loading=\"lazy\" decoding=\"async\" class=\"aligncenter wp-image-1758 size-large\" title=\"Baby Fotograf Freising Neugeborenen Fotograf Sindia Boldt Photogrpahy 0002\" src=\"https:\/\/www.sindiaboldt.de\/family\/wp-content\/uploads\/sites\/4\/2020\/04\/Babyfotos-Pfaffenhofen-Neugeborenen-Fotograf-Sindia-Boldt-Photogrpahy_0002-1024x683.jpg\" alt=\"Baby Fotograf Freising Neugeborenen Fotograf Sindia Boldt Photogrpahy 0002\" width=\"1024\" height=\"683\" \/><\/p>\n<p style=\"text-align: center;\"><img loading=\"lazy\" decoding=\"async\" class=\"aligncenter wp-image-1760 size-large\" title=\"Baby Fotos Dachau Neugeborenen Fotograf Sindia Boldt Photogrpahy 0004\" src=\"https:\/\/www.sindiaboldt.de\/family\/wp-content\/uploads\/sites\/4\/2020\/04\/Babyfotos-Pfaffenhofen-Neugeborenen-Fotograf-Sindia-Boldt-Photogrpahy_0004-1024x683.jpg\" alt=\"Baby Fotos Dachau Neugeborenen Fotograf Sindia Boldt Photogrpahy 0004\" width=\"1024\" height=\"683\" srcset=\"https:\/\/www.sindiaboldt.de\/family\/wp-content\/uploads\/sites\/4\/2020\/04\/Babyfotos-Pfaffenhofen-Neugeborenen-Fotograf-Sindia-Boldt-Photogrpahy_0004-1024x683.jpg 1024w, https:\/\/www.sindiaboldt.de\/family\/wp-content\/uploads\/sites\/4\/2020\/04\/Babyfotos-Pfaffenhofen-Neugeborenen-Fotograf-Sindia-Boldt-Photogrpahy_0004-300x200.jpg 300w, https:\/\/www.sindiaboldt.de\/family\/wp-content\/uploads\/sites\/4\/2020\/04\/Babyfotos-Pfaffenhofen-Neugeborenen-Fotograf-Sindia-Boldt-Photogrpahy_0004-768x512.jpg 768w, https:\/\/www.sindiaboldt.de\/family\/wp-content\/uploads\/sites\/4\/2020\/04\/Babyfotos-Pfaffenhofen-Neugeborenen-Fotograf-Sindia-Boldt-Photogrpahy_0004.jpg 1400w\" sizes=\"auto, (max-width: 1024px) 100vw, 1024px\" \/><\/p>\n<p style=\"text-align: center;\">Als Baby Fotograf Freising und Umgebung sind wir zu 100% f\u00fcr Euch da und unser gr\u00f6\u00dfter Wunsch ist es, Euch mit unvergleichlich sch\u00f6nen Baby Fotos nach Hause zu schicken. Daf\u00fcr gehen wir auch die Extra Meile und beraten Euch nach dem Fotoshooting bei Eurer Bilderschau zu wundervollen Fotoprodukten, die Euch ein Leben lang begleiten werden.\u00a0 Euch und Eure Verwandten, Gro\u00dfeltern, Paten und in 5, 10, 20, 30 Jahren dann auch Eure Kinder!<\/p>\n<p style=\"text-align: center;\"><img loading=\"lazy\" decoding=\"async\" class=\"aligncenter wp-image-1759 size-full\" title=\"Baby Fotograf Freising Neugeborenen Fotograf Sindia Boldt Photogrpahy 0003\" src=\"https:\/\/www.sindiaboldt.de\/family\/wp-content\/uploads\/sites\/4\/2020\/04\/Babyfotos-Pfaffenhofen-Neugeborenen-Fotograf-Sindia-Boldt-Photogrpahy_0003.jpg\" alt=\"Baby Fotograf Freising Neugeborenen Fotograf Sindia Boldt Photogrpahy 0003\" width=\"686\" height=\"515\" srcset=\"https:\/\/www.sindiaboldt.de\/family\/wp-content\/uploads\/sites\/4\/2020\/04\/Babyfotos-Pfaffenhofen-Neugeborenen-Fotograf-Sindia-Boldt-Photogrpahy_0003.jpg 686w, https:\/\/www.sindiaboldt.de\/family\/wp-content\/uploads\/sites\/4\/2020\/04\/Babyfotos-Pfaffenhofen-Neugeborenen-Fotograf-Sindia-Boldt-Photogrpahy_0003-300x225.jpg 300w\" sizes=\"auto, (max-width: 686px) 100vw, 686px\" \/><\/p>\n<h2 style=\"text-align: center;\">Fotoatelier Hohenkammer &#8211; Baby Fotograf Freising<\/h2>\n<p style=\"text-align: center;\">Mein Atelier im Landkreis Freising ist extra f\u00fcr Euer Wohbefinden eingerichtet. Es gibt ein bequemes Sofa, ein Bett zum Kuscheln, eine Teek\u00fcche, Wickeltisch, T\u00fccher, Fu\u00dfbodenheizung, Kleider f\u00fcr die Mama. Wie oft die mitgebrachte Bluse schon mit Flecken nach den ersten Fotos gegen ein Kleid aus unserer Garderobe getauscht wurde, kann ich schon gar nicht mehr z\u00e4hlen :-). Ihr seid am diesem Tag unser 100% Fokus! Als Baby Fotograf Freising gehen wir ganz auf Eure Bed\u00fcrfnisse ein und wollen, dass Ihr Euch umsorgt und wohl f\u00fchlt.<\/p>\n<p style=\"text-align: center;\"><img loading=\"lazy\" decoding=\"async\" class=\"aligncenter size-full wp-image-1762\" title=\"Babyfotos Pfaffenhofen Neugeborenen Fotograf Sindia Boldt Photogrpahy 0006\" src=\"https:\/\/www.sindiaboldt.de\/family\/wp-content\/uploads\/sites\/4\/2020\/04\/Babyfotos-Pfaffenhofen-Neugeborenen-Fotograf-Sindia-Boldt-Photogrpahy_0006.jpg\" alt=\"Babyfotos Pfaffenhofen Neugeborenen Fotograf Sindia Boldt Photogrpahy 0006\" width=\"980\" height=\"735\" srcset=\"https:\/\/www.sindiaboldt.de\/family\/wp-content\/uploads\/sites\/4\/2020\/04\/Babyfotos-Pfaffenhofen-Neugeborenen-Fotograf-Sindia-Boldt-Photogrpahy_0006.jpg 980w, https:\/\/www.sindiaboldt.de\/family\/wp-content\/uploads\/sites\/4\/2020\/04\/Babyfotos-Pfaffenhofen-Neugeborenen-Fotograf-Sindia-Boldt-Photogrpahy_0006-300x225.jpg 300w, https:\/\/www.sindiaboldt.de\/family\/wp-content\/uploads\/sites\/4\/2020\/04\/Babyfotos-Pfaffenhofen-Neugeborenen-Fotograf-Sindia-Boldt-Photogrpahy_0006-768x576.jpg 768w\" sizes=\"auto, (max-width: 980px) 100vw, 980px\" \/><\/p>\n<p style=\"text-align: center;\"><img loading=\"lazy\" decoding=\"async\" class=\"aligncenter size-large wp-image-1761\" title=\"Babyfotos Pfaffenhofen Neugeborenen Fotograf Sindia Boldt Photogrpahy 0005\" src=\"https:\/\/www.sindiaboldt.de\/family\/wp-content\/uploads\/sites\/4\/2020\/04\/Babyfotos-Pfaffenhofen-Neugeborenen-Fotograf-Sindia-Boldt-Photogrpahy_0005-1024x801.jpg\" alt=\"Babyfotos Pfaffenhofen Neugeborenen Fotograf Sindia Boldt Photogrpahy 0005\" width=\"1024\" height=\"801\" \/><\/p>\n<p style=\"text-align: center;\">\u00a0<a href=\"https:\/\/www.sindiaboldt.de\/family\/preise\/\">HIER<\/a> gibt es n\u00e4here Details zum genauen Ablauf. Wenn auch Ihr die Ankunft Eures Babys von uns begleiten lassen m\u00f6chtet, nachdem schon hunderten Familien aus dem Gro\u00dfreim M\u00fcnchen, also Freising, Dachau und Pfaffenhofen, uns Ihr vertrauen geschenkt haben, freuen wir uns \u00fcber eine Nachricht \u00fcber das\u00a0<a href=\"https:\/\/www.sindiaboldt.de\/family\/kontakt\/\"> Kontaktformular!<\/a>\u00a0 Ihr h\u00f6rt dann binnen 48 Stunden von uns. Wir freuen uns auf Euch!<\/p>\n<p style=\"text-align: center;\"><img loading=\"lazy\" decoding=\"async\" class=\"aligncenter size-full wp-image-1764\" title=\"Babyfotos Pfaffenhofen Neugeborenen Fotograf Sindia Boldt Photogrpahy 0008\" src=\"https:\/\/www.sindiaboldt.de\/family\/wp-content\/uploads\/sites\/4\/2020\/04\/Babyfotos-Pfaffenhofen-Neugeborenen-Fotograf-Sindia-Boldt-Photogrpahy_0008.jpg\" alt=\"Babyfotos Pfaffenhofen Neugeborenen Fotograf Sindia Boldt Photogrpahy 0008\" width=\"980\" height=\"692\" srcset=\"https:\/\/www.sindiaboldt.de\/family\/wp-content\/uploads\/sites\/4\/2020\/04\/Babyfotos-Pfaffenhofen-Neugeborenen-Fotograf-Sindia-Boldt-Photogrpahy_0008.jpg 980w, https:\/\/www.sindiaboldt.de\/family\/wp-content\/uploads\/sites\/4\/2020\/04\/Babyfotos-Pfaffenhofen-Neugeborenen-Fotograf-Sindia-Boldt-Photogrpahy_0008-300x212.jpg 300w, https:\/\/www.sindiaboldt.de\/family\/wp-content\/uploads\/sites\/4\/2020\/04\/Babyfotos-Pfaffenhofen-Neugeborenen-Fotograf-Sindia-Boldt-Photogrpahy_0008-768x542.jpg 768w\" sizes=\"auto, (max-width: 980px) 100vw, 980px\" \/><\/p>\n<p style=\"text-align: center;\">Herzlichst,<\/p>\n<p style=\"text-align: center;\">Sindia &amp; Team &#8211; Baby Fotograf aus Freising &#8211; Fotoatelier Hohenkammer<\/p>\n","protected":false},"excerpt":{"rendered":"<p>Als Baby Fotograf Freising zaubern wir wundervolle Baby Fotos Als Baby Fotograf Freising kommt nat\u00fcrlich nur das Fotoatelier Hohenkammer in Frage! Immer dann, wenn Ihr etwas Besonderes m\u00f6chtet. Denn wir sind nicht irgendein Fotostudio. Wir sind das Rundum-Sorglos-Fotoatelier f\u00fcr die sch\u00f6nsten Fotos Eures Babys! Die ersten Tage mit Eurem Baby sind etwas ganz Besonderes und [&hellip;]<\/p>\n","protected":false},"author":1,"featured_media":0,"parent":0,"menu_order":0,"comment_status":"closed","ping_status":"closed","template":"","meta":{"footnotes":""},"class_list":["post-2222","page","type-page","status-publish"],"yoast_head":"<!-- This site is optimized with the Yoast SEO plugin v26.8 - https:\/\/yoast.com\/product\/yoast-seo-wordpress\/ -->\n<title>Baby Fotograf Freising<\/title>\n<meta name=\"description\" content=\"Baby Fotograf Freising - Wir vom Fotoatelier Hohenkammer vew\u00f6hnen Euch mit Rundum-Sorglos-Service! Jetzt anfragen!\" \/>\n<meta name=\"robots\" content=\"index, follow, max-snippet:-1, max-image-preview:large, max-video-preview:-1\" \/>\n<link rel=\"canonical\" href=\"https:\/\/www.sindiaboldt.de\/family\/baby-fotograf-freising\/\" \/>\n<meta property=\"og:locale\" content=\"de_DE\" \/>\n<meta property=\"og:type\" content=\"article\" \/>\n<meta property=\"og:title\" content=\"Baby Fotograf Freising\" \/>\n<meta property=\"og:description\" content=\"Baby Fotograf Freising - Wir vom Fotoatelier Hohenkammer vew\u00f6hnen Euch mit Rundum-Sorglos-Service! Jetzt anfragen!\" \/>\n<meta property=\"og:url\" content=\"https:\/\/www.sindiaboldt.de\/family\/baby-fotograf-freising\/\" \/>\n<meta property=\"og:site_name\" content=\"Familienfotograf M\u00fcnchen\" \/>\n<meta property=\"article:modified_time\" content=\"2021-10-27T08:22:45+00:00\" \/>\n<meta property=\"og:image\" content=\"https:\/\/www.sindiaboldt.de\/family\/wp-content\/uploads\/sites\/4\/2020\/04\/Babyfotos-Pfaffenhofen-Neugeborenen-Fotograf-Sindia-Boldt-Photogrpahy_0001.jpg\" \/>\n<meta name=\"twitter:card\" content=\"summary_large_image\" \/>\n<meta name=\"twitter:label1\" content=\"Gesch\u00e4tzte Lesezeit\" \/>\n\t<meta name=\"twitter:data1\" content=\"3\u00a0Minuten\" \/>\n<script type=\"application\/ld+json\" class=\"yoast-schema-graph\">{\"@context\":\"https:\/\/schema.org\",\"@graph\":[{\"@type\":\"WebPage\",\"@id\":\"https:\/\/www.sindiaboldt.de\/family\/baby-fotograf-freising\/\",\"url\":\"https:\/\/www.sindiaboldt.de\/family\/baby-fotograf-freising\/\",\"name\":\"Baby Fotograf Freising\",\"isPartOf\":{\"@id\":\"https:\/\/www.sindiaboldt.de\/family\/#website\"},\"primaryImageOfPage\":{\"@id\":\"https:\/\/www.sindiaboldt.de\/family\/baby-fotograf-freising\/#primaryimage\"},\"image\":{\"@id\":\"https:\/\/www.sindiaboldt.de\/family\/baby-fotograf-freising\/#primaryimage\"},\"thumbnailUrl\":\"https:\/\/www.sindiaboldt.de\/family\/wp-content\/uploads\/sites\/4\/2020\/04\/Babyfotos-Pfaffenhofen-Neugeborenen-Fotograf-Sindia-Boldt-Photogrpahy_0001.jpg\",\"datePublished\":\"2020-11-19T16:33:36+00:00\",\"dateModified\":\"2021-10-27T08:22:45+00:00\",\"description\":\"Baby Fotograf Freising - Wir vom Fotoatelier Hohenkammer vew\u00f6hnen Euch mit Rundum-Sorglos-Service! Jetzt anfragen!\",\"breadcrumb\":{\"@id\":\"https:\/\/www.sindiaboldt.de\/family\/baby-fotograf-freising\/#breadcrumb\"},\"inLanguage\":\"de\",\"potentialAction\":[{\"@type\":\"ReadAction\",\"target\":[\"https:\/\/www.sindiaboldt.de\/family\/baby-fotograf-freising\/\"]}]},{\"@type\":\"ImageObject\",\"inLanguage\":\"de\",\"@id\":\"https:\/\/www.sindiaboldt.de\/family\/baby-fotograf-freising\/#primaryimage\",\"url\":\"https:\/\/www.sindiaboldt.de\/family\/wp-content\/uploads\/sites\/4\/2020\/04\/Babyfotos-Pfaffenhofen-Neugeborenen-Fotograf-Sindia-Boldt-Photogrpahy_0001.jpg\",\"contentUrl\":\"https:\/\/www.sindiaboldt.de\/family\/wp-content\/uploads\/sites\/4\/2020\/04\/Babyfotos-Pfaffenhofen-Neugeborenen-Fotograf-Sindia-Boldt-Photogrpahy_0001.jpg\",\"width\":980,\"height\":735,\"caption\":\"Babyfotos Pfaffenhofen Neugeborenen Fotograf Sindia Boldt Photogrpahy 0001\"},{\"@type\":\"BreadcrumbList\",\"@id\":\"https:\/\/www.sindiaboldt.de\/family\/baby-fotograf-freising\/#breadcrumb\",\"itemListElement\":[{\"@type\":\"ListItem\",\"position\":1,\"name\":\"Home\",\"item\":\"https:\/\/www.sindiaboldt.de\/family\/\"},{\"@type\":\"ListItem\",\"position\":2,\"name\":\"Baby Fotograf Freising\"}]},{\"@type\":\"WebSite\",\"@id\":\"https:\/\/www.sindiaboldt.de\/family\/#website\",\"url\":\"https:\/\/www.sindiaboldt.de\/family\/\",\"name\":\"Familienfotograf M\u00fcnchen\",\"description\":\"Sindia Boldt, Familien Fotograf M\u00fcnchen und Umgebung\",\"potentialAction\":[{\"@type\":\"SearchAction\",\"target\":{\"@type\":\"EntryPoint\",\"urlTemplate\":\"https:\/\/www.sindiaboldt.de\/family\/?s={search_term_string}\"},\"query-input\":{\"@type\":\"PropertyValueSpecification\",\"valueRequired\":true,\"valueName\":\"search_term_string\"}}],\"inLanguage\":\"de\"}]}<\/script>\n<!-- \/ Yoast SEO plugin. -->","yoast_head_json":{"title":"Baby Fotograf Freising","description":"Baby Fotograf Freising - Wir vom Fotoatelier Hohenkammer vew\u00f6hnen Euch mit Rundum-Sorglos-Service! Jetzt anfragen!","robots":{"index":"index","follow":"follow","max-snippet":"max-snippet:-1","max-image-preview":"max-image-preview:large","max-video-preview":"max-video-preview:-1"},"canonical":"https:\/\/www.sindiaboldt.de\/family\/baby-fotograf-freising\/","og_locale":"de_DE","og_type":"article","og_title":"Baby Fotograf Freising","og_description":"Baby Fotograf Freising - Wir vom Fotoatelier Hohenkammer vew\u00f6hnen Euch mit Rundum-Sorglos-Service! Jetzt anfragen!","og_url":"https:\/\/www.sindiaboldt.de\/family\/baby-fotograf-freising\/","og_site_name":"Familienfotograf M\u00fcnchen","article_modified_time":"2021-10-27T08:22:45+00:00","og_image":[{"url":"https:\/\/www.sindiaboldt.de\/family\/wp-content\/uploads\/sites\/4\/2020\/04\/Babyfotos-Pfaffenhofen-Neugeborenen-Fotograf-Sindia-Boldt-Photogrpahy_0001.jpg","type":"","width":"","height":""}],"twitter_card":"summary_large_image","twitter_misc":{"Gesch\u00e4tzte Lesezeit":"3\u00a0Minuten"},"schema":{"@context":"https:\/\/schema.org","@graph":[{"@type":"WebPage","@id":"https:\/\/www.sindiaboldt.de\/family\/baby-fotograf-freising\/","url":"https:\/\/www.sindiaboldt.de\/family\/baby-fotograf-freising\/","name":"Baby Fotograf Freising","isPartOf":{"@id":"https:\/\/www.sindiaboldt.de\/family\/#website"},"primaryImageOfPage":{"@id":"https:\/\/www.sindiaboldt.de\/family\/baby-fotograf-freising\/#primaryimage"},"image":{"@id":"https:\/\/www.sindiaboldt.de\/family\/baby-fotograf-freising\/#primaryimage"},"thumbnailUrl":"https:\/\/www.sindiaboldt.de\/family\/wp-content\/uploads\/sites\/4\/2020\/04\/Babyfotos-Pfaffenhofen-Neugeborenen-Fotograf-Sindia-Boldt-Photogrpahy_0001.jpg","datePublished":"2020-11-19T16:33:36+00:00","dateModified":"2021-10-27T08:22:45+00:00","description":"Baby Fotograf Freising - Wir vom Fotoatelier Hohenkammer vew\u00f6hnen Euch mit Rundum-Sorglos-Service! Jetzt anfragen!","breadcrumb":{"@id":"https:\/\/www.sindiaboldt.de\/family\/baby-fotograf-freising\/#breadcrumb"},"inLanguage":"de","potentialAction":[{"@type":"ReadAction","target":["https:\/\/www.sindiaboldt.de\/family\/baby-fotograf-freising\/"]}]},{"@type":"ImageObject","inLanguage":"de","@id":"https:\/\/www.sindiaboldt.de\/family\/baby-fotograf-freising\/#primaryimage","url":"https:\/\/www.sindiaboldt.de\/family\/wp-content\/uploads\/sites\/4\/2020\/04\/Babyfotos-Pfaffenhofen-Neugeborenen-Fotograf-Sindia-Boldt-Photogrpahy_0001.jpg","contentUrl":"https:\/\/www.sindiaboldt.de\/family\/wp-content\/uploads\/sites\/4\/2020\/04\/Babyfotos-Pfaffenhofen-Neugeborenen-Fotograf-Sindia-Boldt-Photogrpahy_0001.jpg","width":980,"height":735,"caption":"Babyfotos Pfaffenhofen Neugeborenen Fotograf Sindia Boldt Photogrpahy 0001"},{"@type":"BreadcrumbList","@id":"https:\/\/www.sindiaboldt.de\/family\/baby-fotograf-freising\/#breadcrumb","itemListElement":[{"@type":"ListItem","position":1,"name":"Home","item":"https:\/\/www.sindiaboldt.de\/family\/"},{"@type":"ListItem","position":2,"name":"Baby Fotograf Freising"}]},{"@type":"WebSite","@id":"https:\/\/www.sindiaboldt.de\/family\/#website","url":"https:\/\/www.sindiaboldt.de\/family\/","name":"Familienfotograf M\u00fcnchen","description":"Sindia Boldt, Familien Fotograf M\u00fcnchen und Umgebung","potentialAction":[{"@type":"SearchAction","target":{"@type":"EntryPoint","urlTemplate":"https:\/\/www.sindiaboldt.de\/family\/?s={search_term_string}"},"query-input":{"@type":"PropertyValueSpecification","valueRequired":true,"valueName":"search_term_string"}}],"inLanguage":"de"}]}},"_links":{"self":[{"href":"https:\/\/www.sindiaboldt.de\/family\/wp-json\/wp\/v2\/pages\/2222","targetHints":{"allow":["GET"]}}],"collection":[{"href":"https:\/\/www.sindiaboldt.de\/family\/wp-json\/wp\/v2\/pages"}],"about":[{"href":"https:\/\/www.sindiaboldt.de\/family\/wp-json\/wp\/v2\/types\/page"}],"author":[{"embeddable":true,"href":"https:\/\/www.sindiaboldt.de\/family\/wp-json\/wp\/v2\/users\/1"}],"replies":[{"embeddable":true,"href":"https:\/\/www.sindiaboldt.de\/family\/wp-json\/wp\/v2\/comments?post=2222"}],"version-history":[{"count":0,"href":"https:\/\/www.sindiaboldt.de\/family\/wp-json\/wp\/v2\/pages\/2222\/revisions"}],"wp:attachment":[{"href":"https:\/\/www.sindiaboldt.de\/family\/wp-json\/wp\/v2\/media?parent=2222"}],"curies":[{"name":"wp","href":"https:\/\/api.w.org\/{rel}","templated":true}]}}