{"id":2229,"date":"2020-11-25T14:46:17","date_gmt":"2020-11-25T13:46:17","guid":{"rendered":"https:\/\/www.sindiaboldt.de\/family\/?page_id=2229"},"modified":"2021-12-24T11:06:49","modified_gmt":"2021-12-24T10:06:49","slug":"babybauch-fotos-muenchen","status":"publish","type":"page","link":"https:\/\/www.sindiaboldt.de\/family\/babybauch-fotos-muenchen\/","title":{"rendered":"Babybauch Fotos M\u00fcnchen &#8211; Schwangerschafts Fotos Babybauchshooting"},"content":{"rendered":"<p>&nbsp;<\/p>\n<h3 style=\"text-align: center\">Hallo! Ich bin Sindia und deine Fotografin f\u00fcr Babybauch Fotos M\u00fcnchen!<\/h3>\n<p><img loading=\"lazy\" decoding=\"async\" class=\"aligncenter size-full wp-image-2238\" title=\"Familienfotoshooting Muenchen Familienfotograf Sindia Boldt Photography\" src=\"https:\/\/www.sindiaboldt.de\/family\/wp-content\/uploads\/sites\/4\/2020\/11\/Familienfotoshooting-Muenchen-Familienfotograf-Sindia-Boldt-Photography.jpg\" alt=\"Familienfotoshooting Muenchen Familienfotograf Sindia Boldt Photography\" width=\"580\" height=\"435\" srcset=\"https:\/\/www.sindiaboldt.de\/family\/wp-content\/uploads\/sites\/4\/2020\/11\/Familienfotoshooting-Muenchen-Familienfotograf-Sindia-Boldt-Photography.jpg 580w, https:\/\/www.sindiaboldt.de\/family\/wp-content\/uploads\/sites\/4\/2020\/11\/Familienfotoshooting-Muenchen-Familienfotograf-Sindia-Boldt-Photography-300x225.jpg 300w\" sizes=\"auto, (max-width: 580px) 100vw, 580px\" \/><\/p>\n<p style=\"text-align: center\">Deine Babybauch Fotos M\u00fcnchen &#8211; von der besten Fotografin! Ich bin selbst Mama und wei\u00df genau wie wichtig dieser wundervolle Kugelbauch ist. Welche Sehns\u00fcchte, Tr\u00e4ume, aber auch \u00c4ngste und Sorgen Dich begleiten. Die Zeit meiner Schwangerschaft war eine sehr besondere &#8211; wie f\u00fcr jede Frau! 10 Monate warten und Vorfreude auf diesen kleinen Menschen! Das Schmetterlingsgef\u00fchl der ersten Bewegungen bis hin zu dem Moment, wenn Dein Baby endlich in Deinen Armen liegt! Unvergesslich sch\u00f6n! Wirklich unvergesslich? Nein! Ich kann mir heute nicht mehr vorstellen wie es war diesen gro\u00dfen Bauch zu haben &#8211; deshalb sind Erinnerungsfotos &#8211; Babybauch Fotos so unglaublich wichtig!\u00a0 Diese kostbaren Gef\u00fchle und Momente halte ich in wundersch\u00f6nen Babybauch Fotos f\u00fcr Dich fest\u00a0 &#8211; mit einem ganz besonderen Babybauch Fotoshooting in M\u00fcnchen und Umgebung. Mit Rundum-Sorglos-Service! Denn Du sollst Dich nur um Dein Wohlbefinden k\u00fcmmern!<\/p>\n<p>&nbsp;<\/p>\n","protected":false},"excerpt":{"rendered":"<p>&nbsp; Hallo! Ich bin Sindia und deine Fotografin f\u00fcr Babybauch Fotos M\u00fcnchen! Deine Babybauch Fotos M\u00fcnchen &#8211; von der besten Fotografin! Ich bin selbst Mama und wei\u00df genau wie wichtig dieser wundervolle Kugelbauch ist. Welche Sehns\u00fcchte, Tr\u00e4ume, aber auch \u00c4ngste und Sorgen Dich begleiten. Die Zeit meiner Schwangerschaft war eine sehr besondere &#8211; wie f\u00fcr [&hellip;]<\/p>\n","protected":false},"author":1,"featured_media":0,"parent":0,"menu_order":0,"comment_status":"closed","ping_status":"closed","template":"","meta":{"footnotes":""},"class_list":["post-2229","page","type-page","status-publish"],"yoast_head":"<!-- This site is optimized with the Yoast SEO plugin v26.8 - https:\/\/yoast.com\/product\/yoast-seo-wordpress\/ -->\n<title>Babybauch Fotos M\u00fcnchen - Schwangerschafts Fotos Babybauchshooting<\/title>\n<meta name=\"description\" content=\"Du erwartest ein Baby? Zeit f\u00fcr Deine Babybauch Fotos M\u00fcnchen und Umgebung! Mit rundum sorglos Service! Jetzt unverbindlich anfragen...\" \/>\n<meta name=\"robots\" content=\"index, follow, max-snippet:-1, max-image-preview:large, max-video-preview:-1\" \/>\n<link rel=\"canonical\" href=\"https:\/\/www.sindiaboldt.de\/family\/babybauch-fotos-muenchen\/\" \/>\n<meta property=\"og:locale\" content=\"de_DE\" \/>\n<meta property=\"og:type\" content=\"article\" \/>\n<meta property=\"og:title\" content=\"Babybauch Fotos M\u00fcnchen - Schwangerschafts Fotos Babybauchshooting\" \/>\n<meta property=\"og:description\" content=\"Du erwartest ein Baby? Zeit f\u00fcr Deine Babybauch Fotos M\u00fcnchen und Umgebung! Mit rundum sorglos Service! Jetzt unverbindlich anfragen...\" \/>\n<meta property=\"og:url\" content=\"https:\/\/www.sindiaboldt.de\/family\/babybauch-fotos-muenchen\/\" \/>\n<meta property=\"og:site_name\" content=\"Familienfotograf M\u00fcnchen\" \/>\n<meta property=\"article:modified_time\" content=\"2021-12-24T10:06:49+00:00\" \/>\n<meta property=\"og:image\" content=\"https:\/\/www.sindiaboldt.de\/family\/wp-content\/uploads\/sites\/4\/2020\/06\/Babybauch-Shooting-Freising-Sindia-Boldt-Photography-12.jpg\" \/>\n\t<meta property=\"og:image:width\" content=\"881\" \/>\n\t<meta property=\"og:image:height\" content=\"588\" \/>\n\t<meta property=\"og:image:type\" content=\"image\/jpeg\" \/>\n<meta name=\"twitter:card\" content=\"summary_large_image\" \/>\n<meta name=\"twitter:label1\" content=\"Gesch\u00e4tzte Lesezeit\" \/>\n\t<meta name=\"twitter:data1\" content=\"1\u00a0Minute\" \/>\n<script type=\"application\/ld+json\" class=\"yoast-schema-graph\">{\"@context\":\"https:\/\/schema.org\",\"@graph\":[{\"@type\":\"WebPage\",\"@id\":\"https:\/\/www.sindiaboldt.de\/family\/babybauch-fotos-muenchen\/\",\"url\":\"https:\/\/www.sindiaboldt.de\/family\/babybauch-fotos-muenchen\/\",\"name\":\"Babybauch Fotos M\u00fcnchen - Schwangerschafts Fotos Babybauchshooting\",\"isPartOf\":{\"@id\":\"https:\/\/www.sindiaboldt.de\/family\/#website\"},\"primaryImageOfPage\":{\"@id\":\"https:\/\/www.sindiaboldt.de\/family\/babybauch-fotos-muenchen\/#primaryimage\"},\"image\":{\"@id\":\"https:\/\/www.sindiaboldt.de\/family\/babybauch-fotos-muenchen\/#primaryimage\"},\"thumbnailUrl\":\"https:\/\/www.sindiaboldt.de\/family\/wp-content\/uploads\/sites\/4\/2020\/11\/Familienfotoshooting-Muenchen-Familienfotograf-Sindia-Boldt-Photography.jpg\",\"datePublished\":\"2020-11-25T13:46:17+00:00\",\"dateModified\":\"2021-12-24T10:06:49+00:00\",\"description\":\"Du erwartest ein Baby? Zeit f\u00fcr Deine Babybauch Fotos M\u00fcnchen und Umgebung! Mit rundum sorglos Service! Jetzt unverbindlich anfragen...\",\"breadcrumb\":{\"@id\":\"https:\/\/www.sindiaboldt.de\/family\/babybauch-fotos-muenchen\/#breadcrumb\"},\"inLanguage\":\"de\",\"potentialAction\":[{\"@type\":\"ReadAction\",\"target\":[\"https:\/\/www.sindiaboldt.de\/family\/babybauch-fotos-muenchen\/\"]}]},{\"@type\":\"ImageObject\",\"inLanguage\":\"de\",\"@id\":\"https:\/\/www.sindiaboldt.de\/family\/babybauch-fotos-muenchen\/#primaryimage\",\"url\":\"https:\/\/www.sindiaboldt.de\/family\/wp-content\/uploads\/sites\/4\/2020\/11\/Familienfotoshooting-Muenchen-Familienfotograf-Sindia-Boldt-Photography.jpg\",\"contentUrl\":\"https:\/\/www.sindiaboldt.de\/family\/wp-content\/uploads\/sites\/4\/2020\/11\/Familienfotoshooting-Muenchen-Familienfotograf-Sindia-Boldt-Photography.jpg\",\"width\":580,\"height\":435,\"caption\":\"Familienfotoshooting Muenchen Familienfotograf Sindia Boldt Photography\"},{\"@type\":\"BreadcrumbList\",\"@id\":\"https:\/\/www.sindiaboldt.de\/family\/babybauch-fotos-muenchen\/#breadcrumb\",\"itemListElement\":[{\"@type\":\"ListItem\",\"position\":1,\"name\":\"Home\",\"item\":\"https:\/\/www.sindiaboldt.de\/family\/\"},{\"@type\":\"ListItem\",\"position\":2,\"name\":\"Babybauch Fotos M\u00fcnchen &#8211; Schwangerschafts Fotos Babybauchshooting\"}]},{\"@type\":\"WebSite\",\"@id\":\"https:\/\/www.sindiaboldt.de\/family\/#website\",\"url\":\"https:\/\/www.sindiaboldt.de\/family\/\",\"name\":\"Familienfotograf M\u00fcnchen\",\"description\":\"Sindia Boldt, Familien Fotograf M\u00fcnchen und Umgebung\",\"potentialAction\":[{\"@type\":\"SearchAction\",\"target\":{\"@type\":\"EntryPoint\",\"urlTemplate\":\"https:\/\/www.sindiaboldt.de\/family\/?s={search_term_string}\"},\"query-input\":{\"@type\":\"PropertyValueSpecification\",\"valueRequired\":true,\"valueName\":\"search_term_string\"}}],\"inLanguage\":\"de\"}]}<\/script>\n<!-- \/ Yoast SEO plugin. -->","yoast_head_json":{"title":"Babybauch Fotos M\u00fcnchen - Schwangerschafts Fotos Babybauchshooting","description":"Du erwartest ein Baby? Zeit f\u00fcr Deine Babybauch Fotos M\u00fcnchen und Umgebung! Mit rundum sorglos Service! Jetzt unverbindlich anfragen...","robots":{"index":"index","follow":"follow","max-snippet":"max-snippet:-1","max-image-preview":"max-image-preview:large","max-video-preview":"max-video-preview:-1"},"canonical":"https:\/\/www.sindiaboldt.de\/family\/babybauch-fotos-muenchen\/","og_locale":"de_DE","og_type":"article","og_title":"Babybauch Fotos M\u00fcnchen - Schwangerschafts Fotos Babybauchshooting","og_description":"Du erwartest ein Baby? Zeit f\u00fcr Deine Babybauch Fotos M\u00fcnchen und Umgebung! Mit rundum sorglos Service! Jetzt unverbindlich anfragen...","og_url":"https:\/\/www.sindiaboldt.de\/family\/babybauch-fotos-muenchen\/","og_site_name":"Familienfotograf M\u00fcnchen","article_modified_time":"2021-12-24T10:06:49+00:00","og_image":[{"width":881,"height":588,"url":"https:\/\/www.sindiaboldt.de\/family\/wp-content\/uploads\/sites\/4\/2020\/06\/Babybauch-Shooting-Freising-Sindia-Boldt-Photography-12.jpg","type":"image\/jpeg"}],"twitter_card":"summary_large_image","twitter_misc":{"Gesch\u00e4tzte Lesezeit":"1\u00a0Minute"},"schema":{"@context":"https:\/\/schema.org","@graph":[{"@type":"WebPage","@id":"https:\/\/www.sindiaboldt.de\/family\/babybauch-fotos-muenchen\/","url":"https:\/\/www.sindiaboldt.de\/family\/babybauch-fotos-muenchen\/","name":"Babybauch Fotos M\u00fcnchen - Schwangerschafts Fotos Babybauchshooting","isPartOf":{"@id":"https:\/\/www.sindiaboldt.de\/family\/#website"},"primaryImageOfPage":{"@id":"https:\/\/www.sindiaboldt.de\/family\/babybauch-fotos-muenchen\/#primaryimage"},"image":{"@id":"https:\/\/www.sindiaboldt.de\/family\/babybauch-fotos-muenchen\/#primaryimage"},"thumbnailUrl":"https:\/\/www.sindiaboldt.de\/family\/wp-content\/uploads\/sites\/4\/2020\/11\/Familienfotoshooting-Muenchen-Familienfotograf-Sindia-Boldt-Photography.jpg","datePublished":"2020-11-25T13:46:17+00:00","dateModified":"2021-12-24T10:06:49+00:00","description":"Du erwartest ein Baby? Zeit f\u00fcr Deine Babybauch Fotos M\u00fcnchen und Umgebung! Mit rundum sorglos Service! Jetzt unverbindlich anfragen...","breadcrumb":{"@id":"https:\/\/www.sindiaboldt.de\/family\/babybauch-fotos-muenchen\/#breadcrumb"},"inLanguage":"de","potentialAction":[{"@type":"ReadAction","target":["https:\/\/www.sindiaboldt.de\/family\/babybauch-fotos-muenchen\/"]}]},{"@type":"ImageObject","inLanguage":"de","@id":"https:\/\/www.sindiaboldt.de\/family\/babybauch-fotos-muenchen\/#primaryimage","url":"https:\/\/www.sindiaboldt.de\/family\/wp-content\/uploads\/sites\/4\/2020\/11\/Familienfotoshooting-Muenchen-Familienfotograf-Sindia-Boldt-Photography.jpg","contentUrl":"https:\/\/www.sindiaboldt.de\/family\/wp-content\/uploads\/sites\/4\/2020\/11\/Familienfotoshooting-Muenchen-Familienfotograf-Sindia-Boldt-Photography.jpg","width":580,"height":435,"caption":"Familienfotoshooting Muenchen Familienfotograf Sindia Boldt Photography"},{"@type":"BreadcrumbList","@id":"https:\/\/www.sindiaboldt.de\/family\/babybauch-fotos-muenchen\/#breadcrumb","itemListElement":[{"@type":"ListItem","position":1,"name":"Home","item":"https:\/\/www.sindiaboldt.de\/family\/"},{"@type":"ListItem","position":2,"name":"Babybauch Fotos M\u00fcnchen &#8211; Schwangerschafts Fotos Babybauchshooting"}]},{"@type":"WebSite","@id":"https:\/\/www.sindiaboldt.de\/family\/#website","url":"https:\/\/www.sindiaboldt.de\/family\/","name":"Familienfotograf M\u00fcnchen","description":"Sindia Boldt, Familien Fotograf M\u00fcnchen und Umgebung","potentialAction":[{"@type":"SearchAction","target":{"@type":"EntryPoint","urlTemplate":"https:\/\/www.sindiaboldt.de\/family\/?s={search_term_string}"},"query-input":{"@type":"PropertyValueSpecification","valueRequired":true,"valueName":"search_term_string"}}],"inLanguage":"de"}]}},"_links":{"self":[{"href":"https:\/\/www.sindiaboldt.de\/family\/wp-json\/wp\/v2\/pages\/2229","targetHints":{"allow":["GET"]}}],"collection":[{"href":"https:\/\/www.sindiaboldt.de\/family\/wp-json\/wp\/v2\/pages"}],"about":[{"href":"https:\/\/www.sindiaboldt.de\/family\/wp-json\/wp\/v2\/types\/page"}],"author":[{"embeddable":true,"href":"https:\/\/www.sindiaboldt.de\/family\/wp-json\/wp\/v2\/users\/1"}],"replies":[{"embeddable":true,"href":"https:\/\/www.sindiaboldt.de\/family\/wp-json\/wp\/v2\/comments?post=2229"}],"version-history":[{"count":0,"href":"https:\/\/www.sindiaboldt.de\/family\/wp-json\/wp\/v2\/pages\/2229\/revisions"}],"wp:attachment":[{"href":"https:\/\/www.sindiaboldt.de\/family\/wp-json\/wp\/v2\/media?parent=2229"}],"curies":[{"name":"wp","href":"https:\/\/api.w.org\/{rel}","templated":true}]}}