{"id":2246,"date":"2020-11-25T16:03:26","date_gmt":"2020-11-25T15:03:26","guid":{"rendered":"https:\/\/www.sindiaboldt.de\/family\/?page_id=2246"},"modified":"2021-10-27T10:29:10","modified_gmt":"2021-10-27T08:29:10","slug":"baby-fotos-ingolstadt","status":"publish","type":"page","link":"https:\/\/www.sindiaboldt.de\/family\/baby-fotos-ingolstadt\/","title":{"rendered":"Baby Fotos Ingolstadt &#8211; Babybauch Fotoshooting, Newborn, Homestory"},"content":{"rendered":"<h1 style=\"text-align: center;\">Eure Baby Fotos Ingolstadt &#8211; gleich nach der Geburt (auch Newborn Fotoshooting genannt)<\/h1>\n<p style=\"text-align: center;\">Eure Baby Fotos Ingolstadt sollen etwas ganz Besonderes werden? Das Team vom Fotoatelier Hohenkammer ist spezialisiert auf Baby Fotos von Eurem kleinen Lielbing! Dank Neugeborenen Fotoshooting vom Profi samt Rundum-Sorglos-Service m\u00fcsst Ihr gar nichts tun! Wir halten diesen besonderem Moment in Eurem Leben f\u00fcr Euch fest! Gerade als Baby ver\u00e4ndern sich Eure Kinder so schnell! Da ist es wichtig bereits in den ersten Lebenstagen diesen kostbaren Moment in zeitlos sch\u00f6nen Bildern festzuhalten! Wir sind die erste Adresse wenn es um Baby Fotos in Ingolstadt und Umgebung geht. Das <a href=\"https:\/\/www.sindiaboldt.de\/family\/team\/\">Team vom Fotoatelier Hohenkammer<\/a> ist f\u00fcr Euch da!<\/p>\n<p><img loading=\"lazy\" decoding=\"async\" class=\"aligncenter size-full wp-image-2247\" title=\"Baby Fotos Ingolstadt Neugeborenen Fotograf Sindia Boldt Fotoatelier Hohenkammer 0001\" src=\"https:\/\/www.sindiaboldt.de\/family\/wp-content\/uploads\/sites\/4\/2020\/11\/Baby-Fotos-Ingolstadt-Neugeborenen-Fotograf-Sindia-Boldt-Fotoatelier-Hohenkammer_0001.jpg\" alt=\"Baby Fotos Ingolstadt Neugeborenen Fotograf Sindia Boldt Fotoatelier Hohenkammer 0001\" width=\"980\" height=\"735\" srcset=\"https:\/\/www.sindiaboldt.de\/family\/wp-content\/uploads\/sites\/4\/2020\/11\/Baby-Fotos-Ingolstadt-Neugeborenen-Fotograf-Sindia-Boldt-Fotoatelier-Hohenkammer_0001.jpg 980w, https:\/\/www.sindiaboldt.de\/family\/wp-content\/uploads\/sites\/4\/2020\/11\/Baby-Fotos-Ingolstadt-Neugeborenen-Fotograf-Sindia-Boldt-Fotoatelier-Hohenkammer_0001-300x225.jpg 300w, https:\/\/www.sindiaboldt.de\/family\/wp-content\/uploads\/sites\/4\/2020\/11\/Baby-Fotos-Ingolstadt-Neugeborenen-Fotograf-Sindia-Boldt-Fotoatelier-Hohenkammer_0001-768x576.jpg 768w\" sizes=\"auto, (max-width: 980px) 100vw, 980px\" \/><\/p>\n<h2 style=\"text-align: center;\"><strong>Baby Fotos Ingolstadt \u2013 Ihr werdet verw\u00f6hnt! Euer Baby Fotoshooting samt Rundum-Sorglos-Service<br \/>\n<\/strong><\/h2>\n<p style=\"text-align: center;\">Der perfekte Zeitpunkt f\u00fcr die Baby Fotos ist in den ersten <strong>10 bis 14 Lebenstagen Eures Babys<\/strong>. Warum? Da sind die kleinen noch <strong>wunderbar schl\u00e4frig<\/strong> und m\u00f6gen es warm und eng eingekuschelt zu sein. Das machen wir uns zunutze! Satt und zufriden schlummert Euer kleiner Liebling w\u00e4hrend wir in <strong>wundersch\u00f6nen Sets Baby Fotos<\/strong> &#8211; auch Newborn oder Neugeborenene Fotos genannt &#8211; erstellen. Selbstverst\u00e4ndlich fotografieren wir nicht nur Euer Baby beim Baby Fotoshooting. Die ganze Familie soll in dieser zauberhaften Zeit eingebunden werden! Geschwister, Ihr als Eltern. <strong>Euer Familiengl\u00fcck<\/strong> ist nie mehr so neu und aufregend wie jetzt! Wir beraten Euch zu Outfits und Hintergr\u00fcnden und als <strong>Mama bekommst Du IMMER<\/strong> ein professionelles\u00a0 <a href=\"https:\/\/www.sindiaboldt.de\/family\/preise\/\"><strong>Hair &amp; MakeUps Styling<\/strong><\/a> von unserer hauseigenen Stylistin. Ihr m\u00fcsst gar nichts machen und wir leiten Euch mit viel Erfahrung und Einf\u00fchlungsverm\u00f6gen durch Euer Baby Foto Shooting Ingolstadt. <a href=\"https:\/\/www.sindiaboldt.de\/family\/atelier\/\"><strong>Das Atelier<\/strong><\/a> ist ein Wohlf\u00fchlort mit sch\u00f6nen T\u00fcchern, Accessoires, Babybauch Kleidern, die Ihr selbstverst\u00e4ndlich nutzen d\u00fcrft. Desweiteren haben wir eine gro\u00dfe Auswahl an Kopfb\u00e4ndern und Deko, die wir f\u00fcr Eure perfekten Babybauch und Baby Fotos Ingolstadt nutzen werden!<\/p>\n<h2 style=\"text-align: center;\"><img loading=\"lazy\" decoding=\"async\" class=\"aligncenter size-full wp-image-2250\" title=\"BabyFotos Ingolstadt Neugeborenen Fotograf Sindia Boldt Fotoatelier Hohenkammer 0001\" src=\"https:\/\/www.sindiaboldt.de\/family\/wp-content\/uploads\/sites\/4\/2020\/11\/BabyFotos-Ingolstadt-Neugeborenen-Fotograf-Sindia-Boldt-Fotoatelier-Hohenkammer_0001.jpg\" alt=\"BabyFotos Ingolstadt Neugeborenen Fotograf Sindia Boldt Fotoatelier Hohenkammer 0001\" width=\"980\" height=\"735\" srcset=\"https:\/\/www.sindiaboldt.de\/family\/wp-content\/uploads\/sites\/4\/2020\/11\/BabyFotos-Ingolstadt-Neugeborenen-Fotograf-Sindia-Boldt-Fotoatelier-Hohenkammer_0001.jpg 980w, https:\/\/www.sindiaboldt.de\/family\/wp-content\/uploads\/sites\/4\/2020\/11\/BabyFotos-Ingolstadt-Neugeborenen-Fotograf-Sindia-Boldt-Fotoatelier-Hohenkammer_0001-300x225.jpg 300w, https:\/\/www.sindiaboldt.de\/family\/wp-content\/uploads\/sites\/4\/2020\/11\/BabyFotos-Ingolstadt-Neugeborenen-Fotograf-Sindia-Boldt-Fotoatelier-Hohenkammer_0001-768x576.jpg 768w\" sizes=\"auto, (max-width: 980px) 100vw, 980px\" \/><\/h2>\n<h2 style=\"text-align: center;\">Baby Fotos Ingolstadt &#8211; Ablauf<\/h2>\n<p style=\"text-align: center;\">Euer Baby ist satt, frisch gewickelt und m\u00fcde? Das ist unser Startschuss! Die vorbereitetn Sets w\u00e4hlt Ihr direkt nach dem ankommen im Atelier aus. So sind wir jederzeit startklar, wenn Euer Baby so weit ist. Zeit soll uns bei all dem nicht im Wege stehen. Wir wollen dass Ihr Euch rundum wohl f\u00fchlt und ganz gelassen an das Baby Fotoshooting ran gehen k\u00f6nnt. W\u00e4hrend unsere Fotografin das erste Set mit Eurem Baby Model fotografiert, wird die Mama wunder bar heraus geputzt. Augenringe, fahle Haut, schlaffe Haare? Kein Problem f\u00fcr unsere Stylisin! Begebt Euch ganz entspannt in unsere H\u00e4nde und Ihr werdet Euch auf den Bildern lieben! Braucht Euer Baby w\u00e4hrend des Fotoshooting Eure N\u00e4he oder hat Hunger, k\u00f6nnt Ihr kuscheln, singen, f\u00fcttern &#8211; alles Eurem Baby braucht ist willkommen. W\u00e4hrend Ihr kuschelt nutzen wir die Gelegenheit f\u00fcr erste Familien Fotos. Ihr habt Geschwister dabei? Prima! Sie werden nat\u00fcrlich ins Fotoshooting einbezogen und d\u00fcrfen voller Stolz Ihren kleinen Bruder oder Schwester auf dem Fotoset begleiten. Ihr seht, ein Baby Foto Shooting ist mehr als nur Bilder von Eurem Baby. Es geht uns vor allem um die tiefen Emotionen und Beziehungen, die dieser kleine Mensch hervorruft. Und deshalb ist es uns auch so wichtig, dass Du als Mama Dich ganz entspannt (und wundersch\u00f6n gestylt) vor unsere Kamera begeben kannst. Nichts soll von all den sch\u00f6nen Gef\u00fchlen, die Ihr f\u00fcreinander empfindet ablenken.<\/p>\n<p style=\"text-align: center;\"><img loading=\"lazy\" decoding=\"async\" class=\"aligncenter size-large wp-image-2248\" title=\"Baby Fotoshooting Ingolstadt Neugeborenen Fotograf Sindia Boldt Fotoatelier Hohenkammer 0001\" src=\"https:\/\/www.sindiaboldt.de\/family\/wp-content\/uploads\/sites\/4\/2020\/11\/Baby-Fotoshooting-Ingolstadt-Neugeborenen-Fotograf-Sindia-Boldt-Fotoatelier-Hohenkammer_0001-1024x683.jpg\" alt=\"Baby Fotoshooting Ingolstadt Neugeborenen Fotograf Sindia Boldt Fotoatelier Hohenkammer 0001\" width=\"1024\" height=\"683\" \/><\/p>\n<p style=\"text-align: center;\"><img loading=\"lazy\" decoding=\"async\" class=\"aligncenter size-large wp-image-2254\" title=\"Foto Homestory Familien Fotos Ingolstadt Babybauch Fotograf Sindia Boldt Fotoatelier Hohenkammer 0005\" src=\"https:\/\/www.sindiaboldt.de\/family\/wp-content\/uploads\/sites\/4\/2020\/11\/Foto-Homestory-Familien-Fotos-Ingolstadt-Babybauch-Fotograf-Sindia-Boldt-Fotoatelier-Hohenkammer_0005-1024x801.jpg\" alt=\"Foto Homestory Familien Fotos Ingolstadt Babybauch Fotograf Sindia Boldt Fotoatelier Hohenkammer 0005\" width=\"1024\" height=\"801\" \/><\/p>\n<p style=\"text-align: center;\">Als Baby Fotograf f\u00fcr Neugeborene in Ingolstadt und Umgebung ist es uns mindestens genauso wichtig wie Euch wundersch\u00f6ne Erinnerungsbilder an diese besondere Zeit zu haben. Wir wollen jeder Familie aus Ingolstadt und Umgebung das Geschenk traumhaft sch\u00f6ner Baby Fotos machen. Wir nennen es auch gerne eine &#8220;Schatzkiste&#8221;. Und das nehmen wir sehr w\u00f6rtlich! Nach Eurem Shooting w\u00e4hlt Ihr Eure Lieblingsbilder aus und bekommt diese in wundersch\u00f6nen Passepartouts oder als kleiner Abzug in einer edlen Kiste. Ein schat an bedeutungsvollen, echten und herzerweichenen Bildern! Die Euch als Eltern, Verwandten aber auch Euren Kindern irgendwann zum gr\u00f6\u00dften Schatz werden!<\/p>\n<p style=\"text-align: center;\"><img loading=\"lazy\" decoding=\"async\" class=\"aligncenter size-full wp-image-2252\" title=\"Familien Fotos Ingolstadt Babyfotos Fotograf Sindia Boldt Fotoatelier Hohenkammer 0003\" src=\"https:\/\/www.sindiaboldt.de\/family\/wp-content\/uploads\/sites\/4\/2020\/11\/Familien-Fotos-Ingolstadt-Babyfotos-Fotograf-Sindia-Boldt-Fotoatelier-Hohenkammer_0003.jpg\" alt=\"Familien Fotos Ingolstadt Babyfotos Fotograf Sindia Boldt Fotoatelier Hohenkammer 0003\" width=\"686\" height=\"515\" srcset=\"https:\/\/www.sindiaboldt.de\/family\/wp-content\/uploads\/sites\/4\/2020\/11\/Familien-Fotos-Ingolstadt-Babyfotos-Fotograf-Sindia-Boldt-Fotoatelier-Hohenkammer_0003.jpg 686w, https:\/\/www.sindiaboldt.de\/family\/wp-content\/uploads\/sites\/4\/2020\/11\/Familien-Fotos-Ingolstadt-Babyfotos-Fotograf-Sindia-Boldt-Fotoatelier-Hohenkammer_0003-300x225.jpg 300w\" sizes=\"auto, (max-width: 686px) 100vw, 686px\" \/><\/p>\n<h2 style=\"text-align: center;\">Fotoatelier Hohenkammer &#8211; Fotograf Ingolstadt f\u00fcr Eure Baby Fotos<\/h2>\n<p style=\"text-align: center;\">Unser Atelier ist genau auf Eure Bed\u00fcrfnisse ausgelegt. Es gibt hei\u00dfes Wasser, Fu\u00dfbodenheizung, eine Wicklekommode, Badezimmer, T\u00fccher, Kleider zum Wechseln. All das, damit Ihr Euch rundum wohl und umsorgt f\u00fchlt. Vielleicht geh\u00f6rt Ihr auch zu den Eltern, die nach manch schlaflosen Nacht auf einem ganz ruhig werden auf meinem Kuschelsofa? Bei wohliger W\u00e4rme und Meeresrauschen mit Ihrem Baby um die wetter schnarchen. F\u00fcr uns als Familienfotograf Ingolstadt das sch\u00f6nste Kompliment!<\/p>\n<p style=\"text-align: center;\"><img loading=\"lazy\" decoding=\"async\" class=\"aligncenter size-full wp-image-2253\" title=\"Familienfotos Baby Fotograf Ingolstadt Familien Sindia Boldt Fotoatelier Hohenkammer 0006\" src=\"https:\/\/www.sindiaboldt.de\/family\/wp-content\/uploads\/sites\/4\/2020\/11\/Familienfotos-Baby-Fotograf-Ingolstadt-Familien-Sindia-Boldt-Fotoatelier-Hohenkammer_0006.jpg\" alt=\"Familienfotos Baby Fotograf Ingolstadt Familien Sindia Boldt Fotoatelier Hohenkammer 0006\" width=\"980\" height=\"735\" srcset=\"https:\/\/www.sindiaboldt.de\/family\/wp-content\/uploads\/sites\/4\/2020\/11\/Familienfotos-Baby-Fotograf-Ingolstadt-Familien-Sindia-Boldt-Fotoatelier-Hohenkammer_0006.jpg 980w, https:\/\/www.sindiaboldt.de\/family\/wp-content\/uploads\/sites\/4\/2020\/11\/Familienfotos-Baby-Fotograf-Ingolstadt-Familien-Sindia-Boldt-Fotoatelier-Hohenkammer_0006-300x225.jpg 300w, https:\/\/www.sindiaboldt.de\/family\/wp-content\/uploads\/sites\/4\/2020\/11\/Familienfotos-Baby-Fotograf-Ingolstadt-Familien-Sindia-Boldt-Fotoatelier-Hohenkammer_0006-768x576.jpg 768w\" sizes=\"auto, (max-width: 980px) 100vw, 980px\" \/><\/p>\n<p style=\"text-align: center;\"><img loading=\"lazy\" decoding=\"async\" class=\"aligncenter size-large wp-image-2254\" title=\"Foto Homestory Familien Fotos Ingolstadt Babybauch Fotograf Sindia Boldt Fotoatelier Hohenkammer 0005\" src=\"https:\/\/www.sindiaboldt.de\/family\/wp-content\/uploads\/sites\/4\/2020\/11\/Foto-Homestory-Familien-Fotos-Ingolstadt-Babybauch-Fotograf-Sindia-Boldt-Fotoatelier-Hohenkammer_0005-1024x801.jpg\" alt=\"Foto Homestory Familien Fotos Ingolstadt Babybauch Fotograf Sindia Boldt Fotoatelier Hohenkammer 0005\" width=\"1024\" height=\"801\" \/><\/p>\n<p style=\"text-align: center;\">Ihr wollt mehr zum genauen Ablauf wissen? <a href=\"https:\/\/www.sindiaboldt.de\/family\/preise\/\">HIER<\/a> entlang! Wir freuen uns \u00fcber Eure <a href=\"https:\/\/www.sindiaboldt.de\/family\/kontakt\/\">Nachricht per Kontaktformular<\/a> und melden uns innerhalb 48h bei Euch um Eure Baby Fotos zu planen. Ihr erhaltet dann auch unser\u00a0 Familienmagazin vollgepackt mit sch\u00f6nen Inspirationen, Tipps und Infos rund um Euer Fotoshooting mit Kindern. Wir beraten Euch ganz individuell und werden all Eure W\u00fcnsche erf\u00fcllen. Selbstverst\u00e4ndlich erhaltet Ihr bei uns auch hochwertige Fotoprodukte, denen Ihr nicht widerstehen k\u00f6nnt! Wir freuen uns auf Euch!<\/p>\n<p style=\"text-align: center;\"><img loading=\"lazy\" decoding=\"async\" class=\"aligncenter size-full wp-image-2251\" title=\"Babyfotos Ingolstadt Neugeborenen Fotograf Sindia Boldt Photogrpahy 0008\" src=\"https:\/\/www.sindiaboldt.de\/family\/wp-content\/uploads\/sites\/4\/2020\/11\/Babyfotos-Ingolstadt-Neugeborenen-Fotograf-Sindia-Boldt-Photogrpahy_0008.jpg\" alt=\"Babyfotos Ingolstadt Neugeborenen Fotograf Sindia Boldt Photogrpahy 0008\" width=\"980\" height=\"692\" srcset=\"https:\/\/www.sindiaboldt.de\/family\/wp-content\/uploads\/sites\/4\/2020\/11\/Babyfotos-Ingolstadt-Neugeborenen-Fotograf-Sindia-Boldt-Photogrpahy_0008.jpg 980w, https:\/\/www.sindiaboldt.de\/family\/wp-content\/uploads\/sites\/4\/2020\/11\/Babyfotos-Ingolstadt-Neugeborenen-Fotograf-Sindia-Boldt-Photogrpahy_0008-300x212.jpg 300w, https:\/\/www.sindiaboldt.de\/family\/wp-content\/uploads\/sites\/4\/2020\/11\/Babyfotos-Ingolstadt-Neugeborenen-Fotograf-Sindia-Boldt-Photogrpahy_0008-768x542.jpg 768w\" sizes=\"auto, (max-width: 980px) 100vw, 980px\" \/><\/p>\n<p style=\"text-align: center;\">Herzlichst,<\/p>\n<p style=\"text-align: center;\">Sindia &amp; Team &#8211; Fotoatelier Hohenkammer &#8211; Fotograf Ingolstadt f\u00fcr Eure Baby Fotos<\/p>\n","protected":false},"excerpt":{"rendered":"<p>Eure Baby Fotos Ingolstadt &#8211; gleich nach der Geburt (auch Newborn Fotoshooting genannt) Eure Baby Fotos Ingolstadt sollen etwas ganz Besonderes werden? Das Team vom Fotoatelier Hohenkammer ist spezialisiert auf Baby Fotos von Eurem kleinen Lielbing! Dank Neugeborenen Fotoshooting vom Profi samt Rundum-Sorglos-Service m\u00fcsst Ihr gar nichts tun! Wir halten diesen besonderem Moment in Eurem [&hellip;]<\/p>\n","protected":false},"author":1,"featured_media":0,"parent":0,"menu_order":0,"comment_status":"closed","ping_status":"closed","template":"","meta":{"footnotes":""},"class_list":["post-2246","page","type-page","status-publish"],"yoast_head":"<!-- This site is optimized with the Yoast SEO plugin v26.8 - https:\/\/yoast.com\/product\/yoast-seo-wordpress\/ -->\n<title>Baby Fotos Ingolstadt - Babybauch Fotoshooting, Newborn, Homestory<\/title>\n<meta name=\"description\" content=\"Baby Fotos Ingolstadt - Wir vom Fotoatelier Hohenkammer vew\u00f6hnen Euch mit Rundum-Sorglos-Service! Jetzt anfragen!\" \/>\n<meta name=\"robots\" content=\"index, follow, max-snippet:-1, max-image-preview:large, max-video-preview:-1\" \/>\n<link rel=\"canonical\" href=\"https:\/\/www.sindiaboldt.de\/family\/baby-fotos-ingolstadt\/\" \/>\n<meta property=\"og:locale\" content=\"de_DE\" \/>\n<meta property=\"og:type\" content=\"article\" \/>\n<meta property=\"og:title\" content=\"Baby Fotos Ingolstadt - Babybauch Fotoshooting, Newborn, Homestory\" \/>\n<meta property=\"og:description\" content=\"Baby Fotos Ingolstadt - Wir vom Fotoatelier Hohenkammer vew\u00f6hnen Euch mit Rundum-Sorglos-Service! Jetzt anfragen!\" \/>\n<meta property=\"og:url\" content=\"https:\/\/www.sindiaboldt.de\/family\/baby-fotos-ingolstadt\/\" \/>\n<meta property=\"og:site_name\" content=\"Familienfotograf M\u00fcnchen\" \/>\n<meta property=\"article:modified_time\" content=\"2021-10-27T08:29:10+00:00\" \/>\n<meta property=\"og:image\" content=\"https:\/\/www.sindiaboldt.de\/family\/wp-content\/uploads\/sites\/4\/2020\/11\/Baby-Fotos-Ingolstadt-Neugeborenen-Fotograf-Sindia-Boldt-Fotoatelier-Hohenkammer_0001.jpg\" \/>\n<meta name=\"twitter:card\" content=\"summary_large_image\" \/>\n<meta name=\"twitter:label1\" content=\"Gesch\u00e4tzte Lesezeit\" \/>\n\t<meta name=\"twitter:data1\" content=\"6\u00a0Minuten\" \/>\n<script type=\"application\/ld+json\" class=\"yoast-schema-graph\">{\"@context\":\"https:\/\/schema.org\",\"@graph\":[{\"@type\":\"WebPage\",\"@id\":\"https:\/\/www.sindiaboldt.de\/family\/baby-fotos-ingolstadt\/\",\"url\":\"https:\/\/www.sindiaboldt.de\/family\/baby-fotos-ingolstadt\/\",\"name\":\"Baby Fotos Ingolstadt - Babybauch Fotoshooting, Newborn, Homestory\",\"isPartOf\":{\"@id\":\"https:\/\/www.sindiaboldt.de\/family\/#website\"},\"primaryImageOfPage\":{\"@id\":\"https:\/\/www.sindiaboldt.de\/family\/baby-fotos-ingolstadt\/#primaryimage\"},\"image\":{\"@id\":\"https:\/\/www.sindiaboldt.de\/family\/baby-fotos-ingolstadt\/#primaryimage\"},\"thumbnailUrl\":\"https:\/\/www.sindiaboldt.de\/family\/wp-content\/uploads\/sites\/4\/2020\/11\/Baby-Fotos-Ingolstadt-Neugeborenen-Fotograf-Sindia-Boldt-Fotoatelier-Hohenkammer_0001.jpg\",\"datePublished\":\"2020-11-25T15:03:26+00:00\",\"dateModified\":\"2021-10-27T08:29:10+00:00\",\"description\":\"Baby Fotos Ingolstadt - Wir vom Fotoatelier Hohenkammer vew\u00f6hnen Euch mit Rundum-Sorglos-Service! Jetzt anfragen!\",\"breadcrumb\":{\"@id\":\"https:\/\/www.sindiaboldt.de\/family\/baby-fotos-ingolstadt\/#breadcrumb\"},\"inLanguage\":\"de\",\"potentialAction\":[{\"@type\":\"ReadAction\",\"target\":[\"https:\/\/www.sindiaboldt.de\/family\/baby-fotos-ingolstadt\/\"]}]},{\"@type\":\"ImageObject\",\"inLanguage\":\"de\",\"@id\":\"https:\/\/www.sindiaboldt.de\/family\/baby-fotos-ingolstadt\/#primaryimage\",\"url\":\"https:\/\/www.sindiaboldt.de\/family\/wp-content\/uploads\/sites\/4\/2020\/11\/Baby-Fotos-Ingolstadt-Neugeborenen-Fotograf-Sindia-Boldt-Fotoatelier-Hohenkammer_0001.jpg\",\"contentUrl\":\"https:\/\/www.sindiaboldt.de\/family\/wp-content\/uploads\/sites\/4\/2020\/11\/Baby-Fotos-Ingolstadt-Neugeborenen-Fotograf-Sindia-Boldt-Fotoatelier-Hohenkammer_0001.jpg\",\"width\":980,\"height\":735,\"caption\":\"Baby Fotos Ingolstadt Neugeborenen Fotograf Sindia Boldt Fotoatelier Hohenkammer 0001\"},{\"@type\":\"BreadcrumbList\",\"@id\":\"https:\/\/www.sindiaboldt.de\/family\/baby-fotos-ingolstadt\/#breadcrumb\",\"itemListElement\":[{\"@type\":\"ListItem\",\"position\":1,\"name\":\"Home\",\"item\":\"https:\/\/www.sindiaboldt.de\/family\/\"},{\"@type\":\"ListItem\",\"position\":2,\"name\":\"Baby Fotos Ingolstadt &#8211; Babybauch Fotoshooting, Newborn, Homestory\"}]},{\"@type\":\"WebSite\",\"@id\":\"https:\/\/www.sindiaboldt.de\/family\/#website\",\"url\":\"https:\/\/www.sindiaboldt.de\/family\/\",\"name\":\"Familienfotograf M\u00fcnchen\",\"description\":\"Sindia Boldt, Familien Fotograf M\u00fcnchen und Umgebung\",\"potentialAction\":[{\"@type\":\"SearchAction\",\"target\":{\"@type\":\"EntryPoint\",\"urlTemplate\":\"https:\/\/www.sindiaboldt.de\/family\/?s={search_term_string}\"},\"query-input\":{\"@type\":\"PropertyValueSpecification\",\"valueRequired\":true,\"valueName\":\"search_term_string\"}}],\"inLanguage\":\"de\"}]}<\/script>\n<!-- \/ Yoast SEO plugin. -->","yoast_head_json":{"title":"Baby Fotos Ingolstadt - Babybauch Fotoshooting, Newborn, Homestory","description":"Baby Fotos Ingolstadt - Wir vom Fotoatelier Hohenkammer vew\u00f6hnen Euch mit Rundum-Sorglos-Service! Jetzt anfragen!","robots":{"index":"index","follow":"follow","max-snippet":"max-snippet:-1","max-image-preview":"max-image-preview:large","max-video-preview":"max-video-preview:-1"},"canonical":"https:\/\/www.sindiaboldt.de\/family\/baby-fotos-ingolstadt\/","og_locale":"de_DE","og_type":"article","og_title":"Baby Fotos Ingolstadt - Babybauch Fotoshooting, Newborn, Homestory","og_description":"Baby Fotos Ingolstadt - Wir vom Fotoatelier Hohenkammer vew\u00f6hnen Euch mit Rundum-Sorglos-Service! Jetzt anfragen!","og_url":"https:\/\/www.sindiaboldt.de\/family\/baby-fotos-ingolstadt\/","og_site_name":"Familienfotograf M\u00fcnchen","article_modified_time":"2021-10-27T08:29:10+00:00","og_image":[{"url":"https:\/\/www.sindiaboldt.de\/family\/wp-content\/uploads\/sites\/4\/2020\/11\/Baby-Fotos-Ingolstadt-Neugeborenen-Fotograf-Sindia-Boldt-Fotoatelier-Hohenkammer_0001.jpg","type":"","width":"","height":""}],"twitter_card":"summary_large_image","twitter_misc":{"Gesch\u00e4tzte Lesezeit":"6\u00a0Minuten"},"schema":{"@context":"https:\/\/schema.org","@graph":[{"@type":"WebPage","@id":"https:\/\/www.sindiaboldt.de\/family\/baby-fotos-ingolstadt\/","url":"https:\/\/www.sindiaboldt.de\/family\/baby-fotos-ingolstadt\/","name":"Baby Fotos Ingolstadt - Babybauch Fotoshooting, Newborn, Homestory","isPartOf":{"@id":"https:\/\/www.sindiaboldt.de\/family\/#website"},"primaryImageOfPage":{"@id":"https:\/\/www.sindiaboldt.de\/family\/baby-fotos-ingolstadt\/#primaryimage"},"image":{"@id":"https:\/\/www.sindiaboldt.de\/family\/baby-fotos-ingolstadt\/#primaryimage"},"thumbnailUrl":"https:\/\/www.sindiaboldt.de\/family\/wp-content\/uploads\/sites\/4\/2020\/11\/Baby-Fotos-Ingolstadt-Neugeborenen-Fotograf-Sindia-Boldt-Fotoatelier-Hohenkammer_0001.jpg","datePublished":"2020-11-25T15:03:26+00:00","dateModified":"2021-10-27T08:29:10+00:00","description":"Baby Fotos Ingolstadt - Wir vom Fotoatelier Hohenkammer vew\u00f6hnen Euch mit Rundum-Sorglos-Service! Jetzt anfragen!","breadcrumb":{"@id":"https:\/\/www.sindiaboldt.de\/family\/baby-fotos-ingolstadt\/#breadcrumb"},"inLanguage":"de","potentialAction":[{"@type":"ReadAction","target":["https:\/\/www.sindiaboldt.de\/family\/baby-fotos-ingolstadt\/"]}]},{"@type":"ImageObject","inLanguage":"de","@id":"https:\/\/www.sindiaboldt.de\/family\/baby-fotos-ingolstadt\/#primaryimage","url":"https:\/\/www.sindiaboldt.de\/family\/wp-content\/uploads\/sites\/4\/2020\/11\/Baby-Fotos-Ingolstadt-Neugeborenen-Fotograf-Sindia-Boldt-Fotoatelier-Hohenkammer_0001.jpg","contentUrl":"https:\/\/www.sindiaboldt.de\/family\/wp-content\/uploads\/sites\/4\/2020\/11\/Baby-Fotos-Ingolstadt-Neugeborenen-Fotograf-Sindia-Boldt-Fotoatelier-Hohenkammer_0001.jpg","width":980,"height":735,"caption":"Baby Fotos Ingolstadt Neugeborenen Fotograf Sindia Boldt Fotoatelier Hohenkammer 0001"},{"@type":"BreadcrumbList","@id":"https:\/\/www.sindiaboldt.de\/family\/baby-fotos-ingolstadt\/#breadcrumb","itemListElement":[{"@type":"ListItem","position":1,"name":"Home","item":"https:\/\/www.sindiaboldt.de\/family\/"},{"@type":"ListItem","position":2,"name":"Baby Fotos Ingolstadt &#8211; Babybauch Fotoshooting, Newborn, Homestory"}]},{"@type":"WebSite","@id":"https:\/\/www.sindiaboldt.de\/family\/#website","url":"https:\/\/www.sindiaboldt.de\/family\/","name":"Familienfotograf M\u00fcnchen","description":"Sindia Boldt, Familien Fotograf M\u00fcnchen und Umgebung","potentialAction":[{"@type":"SearchAction","target":{"@type":"EntryPoint","urlTemplate":"https:\/\/www.sindiaboldt.de\/family\/?s={search_term_string}"},"query-input":{"@type":"PropertyValueSpecification","valueRequired":true,"valueName":"search_term_string"}}],"inLanguage":"de"}]}},"_links":{"self":[{"href":"https:\/\/www.sindiaboldt.de\/family\/wp-json\/wp\/v2\/pages\/2246","targetHints":{"allow":["GET"]}}],"collection":[{"href":"https:\/\/www.sindiaboldt.de\/family\/wp-json\/wp\/v2\/pages"}],"about":[{"href":"https:\/\/www.sindiaboldt.de\/family\/wp-json\/wp\/v2\/types\/page"}],"author":[{"embeddable":true,"href":"https:\/\/www.sindiaboldt.de\/family\/wp-json\/wp\/v2\/users\/1"}],"replies":[{"embeddable":true,"href":"https:\/\/www.sindiaboldt.de\/family\/wp-json\/wp\/v2\/comments?post=2246"}],"version-history":[{"count":0,"href":"https:\/\/www.sindiaboldt.de\/family\/wp-json\/wp\/v2\/pages\/2246\/revisions"}],"wp:attachment":[{"href":"https:\/\/www.sindiaboldt.de\/family\/wp-json\/wp\/v2\/media?parent=2246"}],"curies":[{"name":"wp","href":"https:\/\/api.w.org\/{rel}","templated":true}]}}