{"id":31,"date":"2017-12-18T17:21:43","date_gmt":"2017-12-18T16:21:43","guid":{"rendered":"https:\/\/demo.flothemes.com\/lovely2\/?page_id=31"},"modified":"2022-03-30T11:44:05","modified_gmt":"2022-03-30T09:44:05","slug":"atelier","status":"publish","type":"page","link":"https:\/\/www.sindiaboldt.de\/family\/atelier\/","title":{"rendered":"Atelier"},"content":{"rendered":"<h3 style=\"text-align: center;\">Kommt vorbei und lasst uns bei einem Cappuccino besprechen, wie wir das Gl\u00fcck Eurer Familie in zeitlos sch\u00f6nen Bildern f\u00fcr euch festhalten k\u00f6nnen.<\/h3>\n<p>&nbsp;<\/p>\n<p style=\"text-align: center;\">F\u00fcr Eure Familienfotos in M\u00fcnchen und Umgebung: Unser kleines aber feines Fotoatelier in Hohenkammer liegt verkehrsg\u00fcnstig direkt an der A9 \u2013 Ausfahrt Allershausen und genau zwischen Dachau, Pfaffenhofen und Freising gelegen. Mit zarten Farben, sch\u00f6nem weichen Tageslicht und wohliger Atmosph\u00e4re haben wir einen Ort geschaffen, an dem wir kreativ sein und Euch im besten Licht erstrahlen lassen k\u00f6nnen! Kommt vorbei und lasst uns bei einem Cappuccino besprechen, wie wird das Gl\u00fcck Eurer Familie in zeitlos sch\u00f6nen Bildern f\u00fcr Euch festhalten k\u00f6nnen. Ebenso stehen im Atelier zahlreiche <a href=\"https:\/\/www.sindiaboldt.de\/lieblingsprodukte\/\" target=\"_blank\" rel=\"noopener\">Produktmuster zur Ansicht<\/a> bereit. Egal, ob Ihr Euch f\u00fcr Wandbilder, Alben oder Fotoabz\u00fcge begeistert \u2013 Eure Bildern verdienen die sch\u00f6nstm\u00f6gliche Pr\u00e4sentation! Wir freuen uns auf Euren Besuch im Atelier!<\/p>\n","protected":false},"excerpt":{"rendered":"<p>Kommt vorbei und lasst uns bei einem Cappuccino besprechen, wie wir das Gl\u00fcck Eurer Familie in zeitlos sch\u00f6nen Bildern f\u00fcr euch festhalten k\u00f6nnen. &nbsp; F\u00fcr Eure Familienfotos in M\u00fcnchen und Umgebung: Unser kleines aber feines Fotoatelier in Hohenkammer liegt verkehrsg\u00fcnstig direkt an der A9 \u2013 Ausfahrt Allershausen und genau zwischen Dachau, Pfaffenhofen und Freising gelegen. [&hellip;]<\/p>\n","protected":false},"author":1,"featured_media":0,"parent":0,"menu_order":0,"comment_status":"closed","ping_status":"closed","template":"","meta":{"footnotes":""},"class_list":["post-31","page","type-page","status-publish"],"yoast_head":"<!-- This site is optimized with the Yoast SEO plugin v26.8 - https:\/\/yoast.com\/product\/yoast-seo-wordpress\/ -->\n<title>Atelier - Familienfotograf M\u00fcnchen<\/title>\n<meta name=\"robots\" content=\"index, follow, max-snippet:-1, max-image-preview:large, max-video-preview:-1\" \/>\n<link rel=\"canonical\" href=\"https:\/\/www.sindiaboldt.de\/family\/atelier\/\" \/>\n<meta property=\"og:locale\" content=\"de_DE\" \/>\n<meta property=\"og:type\" content=\"article\" \/>\n<meta property=\"og:title\" content=\"Atelier - Familienfotograf M\u00fcnchen\" \/>\n<meta property=\"og:description\" content=\"Kommt vorbei und lasst uns bei einem Cappuccino besprechen, wie wir das Gl\u00fcck Eurer Familie in zeitlos sch\u00f6nen Bildern f\u00fcr euch festhalten k\u00f6nnen. &nbsp; F\u00fcr Eure Familienfotos in M\u00fcnchen und Umgebung: Unser kleines aber feines Fotoatelier in Hohenkammer liegt verkehrsg\u00fcnstig direkt an der A9 \u2013 Ausfahrt Allershausen und genau zwischen Dachau, Pfaffenhofen und Freising gelegen. [&hellip;]\" \/>\n<meta property=\"og:url\" content=\"https:\/\/www.sindiaboldt.de\/family\/atelier\/\" \/>\n<meta property=\"og:site_name\" content=\"Familienfotograf M\u00fcnchen\" \/>\n<meta property=\"article:modified_time\" content=\"2022-03-30T09:44:05+00:00\" \/>\n<meta name=\"twitter:card\" content=\"summary_large_image\" \/>\n<meta name=\"twitter:label1\" content=\"Gesch\u00e4tzte Lesezeit\" \/>\n\t<meta name=\"twitter:data1\" content=\"1\u00a0Minute\" \/>\n<script type=\"application\/ld+json\" class=\"yoast-schema-graph\">{\"@context\":\"https:\/\/schema.org\",\"@graph\":[{\"@type\":\"WebPage\",\"@id\":\"https:\/\/www.sindiaboldt.de\/family\/atelier\/\",\"url\":\"https:\/\/www.sindiaboldt.de\/family\/atelier\/\",\"name\":\"Atelier - Familienfotograf M\u00fcnchen\",\"isPartOf\":{\"@id\":\"https:\/\/www.sindiaboldt.de\/family\/#website\"},\"datePublished\":\"2017-12-18T16:21:43+00:00\",\"dateModified\":\"2022-03-30T09:44:05+00:00\",\"breadcrumb\":{\"@id\":\"https:\/\/www.sindiaboldt.de\/family\/atelier\/#breadcrumb\"},\"inLanguage\":\"de\",\"potentialAction\":[{\"@type\":\"ReadAction\",\"target\":[\"https:\/\/www.sindiaboldt.de\/family\/atelier\/\"]}]},{\"@type\":\"BreadcrumbList\",\"@id\":\"https:\/\/www.sindiaboldt.de\/family\/atelier\/#breadcrumb\",\"itemListElement\":[{\"@type\":\"ListItem\",\"position\":1,\"name\":\"Home\",\"item\":\"https:\/\/www.sindiaboldt.de\/family\/\"},{\"@type\":\"ListItem\",\"position\":2,\"name\":\"Atelier\"}]},{\"@type\":\"WebSite\",\"@id\":\"https:\/\/www.sindiaboldt.de\/family\/#website\",\"url\":\"https:\/\/www.sindiaboldt.de\/family\/\",\"name\":\"Familienfotograf M\u00fcnchen\",\"description\":\"Sindia Boldt, Familien Fotograf M\u00fcnchen und Umgebung\",\"potentialAction\":[{\"@type\":\"SearchAction\",\"target\":{\"@type\":\"EntryPoint\",\"urlTemplate\":\"https:\/\/www.sindiaboldt.de\/family\/?s={search_term_string}\"},\"query-input\":{\"@type\":\"PropertyValueSpecification\",\"valueRequired\":true,\"valueName\":\"search_term_string\"}}],\"inLanguage\":\"de\"}]}<\/script>\n<!-- \/ Yoast SEO plugin. -->","yoast_head_json":{"title":"Atelier - Familienfotograf M\u00fcnchen","robots":{"index":"index","follow":"follow","max-snippet":"max-snippet:-1","max-image-preview":"max-image-preview:large","max-video-preview":"max-video-preview:-1"},"canonical":"https:\/\/www.sindiaboldt.de\/family\/atelier\/","og_locale":"de_DE","og_type":"article","og_title":"Atelier - Familienfotograf M\u00fcnchen","og_description":"Kommt vorbei und lasst uns bei einem Cappuccino besprechen, wie wir das Gl\u00fcck Eurer Familie in zeitlos sch\u00f6nen Bildern f\u00fcr euch festhalten k\u00f6nnen. &nbsp; F\u00fcr Eure Familienfotos in M\u00fcnchen und Umgebung: Unser kleines aber feines Fotoatelier in Hohenkammer liegt verkehrsg\u00fcnstig direkt an der A9 \u2013 Ausfahrt Allershausen und genau zwischen Dachau, Pfaffenhofen und Freising gelegen. [&hellip;]","og_url":"https:\/\/www.sindiaboldt.de\/family\/atelier\/","og_site_name":"Familienfotograf M\u00fcnchen","article_modified_time":"2022-03-30T09:44:05+00:00","twitter_card":"summary_large_image","twitter_misc":{"Gesch\u00e4tzte Lesezeit":"1\u00a0Minute"},"schema":{"@context":"https:\/\/schema.org","@graph":[{"@type":"WebPage","@id":"https:\/\/www.sindiaboldt.de\/family\/atelier\/","url":"https:\/\/www.sindiaboldt.de\/family\/atelier\/","name":"Atelier - Familienfotograf M\u00fcnchen","isPartOf":{"@id":"https:\/\/www.sindiaboldt.de\/family\/#website"},"datePublished":"2017-12-18T16:21:43+00:00","dateModified":"2022-03-30T09:44:05+00:00","breadcrumb":{"@id":"https:\/\/www.sindiaboldt.de\/family\/atelier\/#breadcrumb"},"inLanguage":"de","potentialAction":[{"@type":"ReadAction","target":["https:\/\/www.sindiaboldt.de\/family\/atelier\/"]}]},{"@type":"BreadcrumbList","@id":"https:\/\/www.sindiaboldt.de\/family\/atelier\/#breadcrumb","itemListElement":[{"@type":"ListItem","position":1,"name":"Home","item":"https:\/\/www.sindiaboldt.de\/family\/"},{"@type":"ListItem","position":2,"name":"Atelier"}]},{"@type":"WebSite","@id":"https:\/\/www.sindiaboldt.de\/family\/#website","url":"https:\/\/www.sindiaboldt.de\/family\/","name":"Familienfotograf M\u00fcnchen","description":"Sindia Boldt, Familien Fotograf M\u00fcnchen und Umgebung","potentialAction":[{"@type":"SearchAction","target":{"@type":"EntryPoint","urlTemplate":"https:\/\/www.sindiaboldt.de\/family\/?s={search_term_string}"},"query-input":{"@type":"PropertyValueSpecification","valueRequired":true,"valueName":"search_term_string"}}],"inLanguage":"de"}]}},"_links":{"self":[{"href":"https:\/\/www.sindiaboldt.de\/family\/wp-json\/wp\/v2\/pages\/31","targetHints":{"allow":["GET"]}}],"collection":[{"href":"https:\/\/www.sindiaboldt.de\/family\/wp-json\/wp\/v2\/pages"}],"about":[{"href":"https:\/\/www.sindiaboldt.de\/family\/wp-json\/wp\/v2\/types\/page"}],"author":[{"embeddable":true,"href":"https:\/\/www.sindiaboldt.de\/family\/wp-json\/wp\/v2\/users\/1"}],"replies":[{"embeddable":true,"href":"https:\/\/www.sindiaboldt.de\/family\/wp-json\/wp\/v2\/comments?post=31"}],"version-history":[{"count":0,"href":"https:\/\/www.sindiaboldt.de\/family\/wp-json\/wp\/v2\/pages\/31\/revisions"}],"wp:attachment":[{"href":"https:\/\/www.sindiaboldt.de\/family\/wp-json\/wp\/v2\/media?parent=31"}],"curies":[{"name":"wp","href":"https:\/\/api.w.org\/{rel}","templated":true}]}}