{"id":9,"date":"2017-12-18T15:59:07","date_gmt":"2017-12-18T14:59:07","guid":{"rendered":"https:\/\/demo.flothemes.com\/lovely2\/?page_id=9"},"modified":"2022-03-30T11:07:49","modified_gmt":"2022-03-30T09:07:49","slug":"familien-fotograf-muenchen","status":"publish","type":"page","link":"https:\/\/www.sindiaboldt.de\/family\/","title":{"rendered":"Familienfotos M\u00fcnchen f\u00fcr Babybauch und Baby Fotos"},"content":{"rendered":"<h2 class=\"flo-block-text__title\" style=\"text-align: center;\" data-font=\"title_1\/large\">Familienfotos, Baby Fotos und Babybauch Fotos M\u00fcnchen f\u00fcr Eure Familie &#8211; Das Wertvollste im Leben!<\/h2>\n<h3 class=\"flo-block-text__subtitle\" style=\"text-align: center;\" data-font=\"second_level\/subtitle_1\">&#8211; f\u00fcr Euch und Eure Kinder festgehalten &#8211;<\/h3>\n<p style=\"text-align: justify;\">Die Familienfotografie und Eure Familienfotos M\u00fcnchen sind f\u00fcr mich als Fotografin eine <strong>absolute Herzensangelegenheit<\/strong>.\u00a0 Seien es die Babybauch Fotos, die Baby Fotos (auch Neugeborenen Fotos genannt), ein Familientreffen, ein entspanntes Familienshooting oder eine Homestory, die die Liebe Eurer Familie festh\u00e4lt.<\/p>\n<h4>Wir sind DAS Fotoatelier, wenn es um Babybauchshooting, einem Newbornshooting, einer Baby-Homestory oder um ein Familienshooting geht.<\/h4>\n<p style=\"text-align: justify;\">Denn jeder dieser einzigartigen Momente hat es verdient f\u00fcr die Ewigkeit in <strong>hochwertigen Qualit\u00e4t<\/strong> festgehalten zu werden. Ich begegne Euch mit viel Empathie, sp\u00fcre die kleinen aber hochemotionalen Gesten auf. Blicke, ein Streicheln, eine Umarmung. Alles was Eure <strong>Liebe zueinander sichtbar und erlebbar macht<\/strong>. Mit meiner Kamera banne ich diese wundervollen Momente Eures Familienshooting f\u00fcr die Ewigkeit.<\/p>\n<h3 style=\"text-align: left;\"><strong>Unsere Kinder werden so schnell gro\u00df und die Zeit mit ihnen geht so schnell vorbei. Da sind hochwertige Familienfotos perfekt um Eure Liebe zueinander f\u00fcr die Ewigkeit festzuhalten!<\/strong><\/h3>\n<p style=\"text-align: left;\">Genau darum geht es bei meiner Familienfotografie in M\u00fcnchen, Pfaffenhofen, Freising und Dachau. Mit der Kamera fange ich die kleinen und gro\u00dfen <strong>Gl\u00fccksmomente f\u00fcr Euch<\/strong> ein. Damit ihr in ein paar Jahren wieder auf eine Zeitreise gehen und diese so wundervollen Momente erinnern k\u00f6nnt! Wohlf\u00fchlfotos in sch\u00f6ner Atmosph\u00e4re in meinem Atelier f\u00fcr Babybauch Fotos M\u00fcnchen und Umgebung. <strong>Denn dank langj\u00e4hriger Erfahrung sind wir die erste Adresse f\u00fcr Baby Fotos in Pfaffenhofen, Ingolstadt, Dachau, Freising und M\u00fcnchner Norden!<\/strong><\/p>\n<p style=\"text-align: left;\">Begleitet durch unserem <strong>Rundum-Sorglos-Wohlf\u00fchl-Service<\/strong>, damit Ihr Euch um nichts Sorgen machen m\u00fcsst!<\/p>\n","protected":false},"excerpt":{"rendered":"<p>Familienfotos, Baby Fotos und Babybauch Fotos M\u00fcnchen f\u00fcr Eure Familie &#8211; Das Wertvollste im Leben! &#8211; f\u00fcr Euch und Eure Kinder festgehalten &#8211; Die Familienfotografie und Eure Familienfotos M\u00fcnchen sind f\u00fcr mich als Fotografin eine absolute Herzensangelegenheit.\u00a0 Seien es die Babybauch Fotos, die Baby Fotos (auch Neugeborenen Fotos genannt), ein Familientreffen, ein entspanntes Familienshooting oder [&hellip;]<\/p>\n","protected":false},"author":1,"featured_media":0,"parent":0,"menu_order":0,"comment_status":"closed","ping_status":"closed","template":"","meta":{"footnotes":""},"class_list":["post-9","page","type-page","status-publish"],"yoast_head":"<!-- This site is optimized with the Yoast SEO plugin v26.8 - https:\/\/yoast.com\/product\/yoast-seo-wordpress\/ -->\n<title>Familienfotos M\u00fcnchen f\u00fcr Babybauch und Baby Fotos<\/title>\n<meta name=\"description\" content=\"Familienfotos M\u00fcnchen - F\u00fcr Babybauch, Baby und Family. Mit Rundum Sorglos Paket und Hair&amp;MakeUp f\u00fcr die Mama! Jetzt mehr erfahren!\" \/>\n<meta name=\"robots\" content=\"index, follow, max-snippet:-1, max-image-preview:large, max-video-preview:-1\" \/>\n<link rel=\"canonical\" href=\"https:\/\/www.sindiaboldt.de\/family\/\" \/>\n<meta property=\"og:locale\" content=\"de_DE\" \/>\n<meta property=\"og:type\" content=\"article\" \/>\n<meta property=\"og:title\" content=\"Familienfotos M\u00fcnchen f\u00fcr Babybauch und Baby Fotos\" \/>\n<meta property=\"og:description\" content=\"Familienfotos M\u00fcnchen - F\u00fcr Babybauch, Baby und Family. Mit Rundum Sorglos Paket und Hair&amp;MakeUp f\u00fcr die Mama! Jetzt mehr erfahren!\" \/>\n<meta property=\"og:url\" content=\"https:\/\/www.sindiaboldt.de\/family\/\" \/>\n<meta property=\"og:site_name\" content=\"Familienfotograf M\u00fcnchen\" \/>\n<meta property=\"article:modified_time\" content=\"2022-03-30T09:07:49+00:00\" \/>\n<meta property=\"og:image\" content=\"https:\/\/www.sindiaboldt.de\/family\/wp-content\/uploads\/sites\/4\/2020\/06\/Familienfotos-Dachau-Babyfotos-Familienfotograf-Sindia-Boldt-Photography-61-1800x1200-1-e1591803164794.jpg\" \/>\n\t<meta property=\"og:image:width\" content=\"1300\" \/>\n\t<meta property=\"og:image:height\" content=\"867\" \/>\n\t<meta property=\"og:image:type\" content=\"image\/jpeg\" \/>\n<meta name=\"twitter:card\" content=\"summary_large_image\" \/>\n<meta name=\"twitter:label1\" content=\"Gesch\u00e4tzte Lesezeit\" \/>\n\t<meta name=\"twitter:data1\" content=\"2\u00a0Minuten\" \/>\n<script type=\"application\/ld+json\" class=\"yoast-schema-graph\">{\"@context\":\"https:\/\/schema.org\",\"@graph\":[{\"@type\":\"WebPage\",\"@id\":\"https:\/\/www.sindiaboldt.de\/family\/\",\"url\":\"https:\/\/www.sindiaboldt.de\/family\/\",\"name\":\"Familienfotos M\u00fcnchen f\u00fcr Babybauch und Baby Fotos\",\"isPartOf\":{\"@id\":\"https:\/\/www.sindiaboldt.de\/family\/#website\"},\"datePublished\":\"2017-12-18T14:59:07+00:00\",\"dateModified\":\"2022-03-30T09:07:49+00:00\",\"description\":\"Familienfotos M\u00fcnchen - F\u00fcr Babybauch, Baby und Family. Mit Rundum Sorglos Paket und Hair&MakeUp f\u00fcr die Mama! Jetzt mehr erfahren!\",\"breadcrumb\":{\"@id\":\"https:\/\/www.sindiaboldt.de\/family\/#breadcrumb\"},\"inLanguage\":\"de\",\"potentialAction\":[{\"@type\":\"ReadAction\",\"target\":[\"https:\/\/www.sindiaboldt.de\/family\/\"]}]},{\"@type\":\"BreadcrumbList\",\"@id\":\"https:\/\/www.sindiaboldt.de\/family\/#breadcrumb\",\"itemListElement\":[{\"@type\":\"ListItem\",\"position\":1,\"name\":\"Home\",\"item\":\"https:\/\/www.sindiaboldt.de\/family\/\"},{\"@type\":\"ListItem\",\"position\":2,\"name\":\"Familienfotos M\u00fcnchen f\u00fcr Babybauch und Baby Fotos\"}]},{\"@type\":\"WebSite\",\"@id\":\"https:\/\/www.sindiaboldt.de\/family\/#website\",\"url\":\"https:\/\/www.sindiaboldt.de\/family\/\",\"name\":\"Familienfotograf M\u00fcnchen\",\"description\":\"Sindia Boldt, Familien Fotograf M\u00fcnchen und Umgebung\",\"potentialAction\":[{\"@type\":\"SearchAction\",\"target\":{\"@type\":\"EntryPoint\",\"urlTemplate\":\"https:\/\/www.sindiaboldt.de\/family\/?s={search_term_string}\"},\"query-input\":{\"@type\":\"PropertyValueSpecification\",\"valueRequired\":true,\"valueName\":\"search_term_string\"}}],\"inLanguage\":\"de\"}]}<\/script>\n<!-- \/ Yoast SEO plugin. -->","yoast_head_json":{"title":"Familienfotos M\u00fcnchen f\u00fcr Babybauch und Baby Fotos","description":"Familienfotos M\u00fcnchen - F\u00fcr Babybauch, Baby und Family. Mit Rundum Sorglos Paket und Hair&MakeUp f\u00fcr die Mama! Jetzt mehr erfahren!","robots":{"index":"index","follow":"follow","max-snippet":"max-snippet:-1","max-image-preview":"max-image-preview:large","max-video-preview":"max-video-preview:-1"},"canonical":"https:\/\/www.sindiaboldt.de\/family\/","og_locale":"de_DE","og_type":"article","og_title":"Familienfotos M\u00fcnchen f\u00fcr Babybauch und Baby Fotos","og_description":"Familienfotos M\u00fcnchen - F\u00fcr Babybauch, Baby und Family. Mit Rundum Sorglos Paket und Hair&MakeUp f\u00fcr die Mama! Jetzt mehr erfahren!","og_url":"https:\/\/www.sindiaboldt.de\/family\/","og_site_name":"Familienfotograf M\u00fcnchen","article_modified_time":"2022-03-30T09:07:49+00:00","og_image":[{"width":1300,"height":867,"url":"https:\/\/www.sindiaboldt.de\/family\/wp-content\/uploads\/sites\/4\/2020\/06\/Familienfotos-Dachau-Babyfotos-Familienfotograf-Sindia-Boldt-Photography-61-1800x1200-1-e1591803164794.jpg","type":"image\/jpeg"}],"twitter_card":"summary_large_image","twitter_misc":{"Gesch\u00e4tzte Lesezeit":"2\u00a0Minuten"},"schema":{"@context":"https:\/\/schema.org","@graph":[{"@type":"WebPage","@id":"https:\/\/www.sindiaboldt.de\/family\/","url":"https:\/\/www.sindiaboldt.de\/family\/","name":"Familienfotos M\u00fcnchen f\u00fcr Babybauch und Baby Fotos","isPartOf":{"@id":"https:\/\/www.sindiaboldt.de\/family\/#website"},"datePublished":"2017-12-18T14:59:07+00:00","dateModified":"2022-03-30T09:07:49+00:00","description":"Familienfotos M\u00fcnchen - F\u00fcr Babybauch, Baby und Family. Mit Rundum Sorglos Paket und Hair&MakeUp f\u00fcr die Mama! Jetzt mehr erfahren!","breadcrumb":{"@id":"https:\/\/www.sindiaboldt.de\/family\/#breadcrumb"},"inLanguage":"de","potentialAction":[{"@type":"ReadAction","target":["https:\/\/www.sindiaboldt.de\/family\/"]}]},{"@type":"BreadcrumbList","@id":"https:\/\/www.sindiaboldt.de\/family\/#breadcrumb","itemListElement":[{"@type":"ListItem","position":1,"name":"Home","item":"https:\/\/www.sindiaboldt.de\/family\/"},{"@type":"ListItem","position":2,"name":"Familienfotos M\u00fcnchen f\u00fcr Babybauch und Baby Fotos"}]},{"@type":"WebSite","@id":"https:\/\/www.sindiaboldt.de\/family\/#website","url":"https:\/\/www.sindiaboldt.de\/family\/","name":"Familienfotograf M\u00fcnchen","description":"Sindia Boldt, Familien Fotograf M\u00fcnchen und Umgebung","potentialAction":[{"@type":"SearchAction","target":{"@type":"EntryPoint","urlTemplate":"https:\/\/www.sindiaboldt.de\/family\/?s={search_term_string}"},"query-input":{"@type":"PropertyValueSpecification","valueRequired":true,"valueName":"search_term_string"}}],"inLanguage":"de"}]}},"_links":{"self":[{"href":"https:\/\/www.sindiaboldt.de\/family\/wp-json\/wp\/v2\/pages\/9","targetHints":{"allow":["GET"]}}],"collection":[{"href":"https:\/\/www.sindiaboldt.de\/family\/wp-json\/wp\/v2\/pages"}],"about":[{"href":"https:\/\/www.sindiaboldt.de\/family\/wp-json\/wp\/v2\/types\/page"}],"author":[{"embeddable":true,"href":"https:\/\/www.sindiaboldt.de\/family\/wp-json\/wp\/v2\/users\/1"}],"replies":[{"embeddable":true,"href":"https:\/\/www.sindiaboldt.de\/family\/wp-json\/wp\/v2\/comments?post=9"}],"version-history":[{"count":0,"href":"https:\/\/www.sindiaboldt.de\/family\/wp-json\/wp\/v2\/pages\/9\/revisions"}],"wp:attachment":[{"href":"https:\/\/www.sindiaboldt.de\/family\/wp-json\/wp\/v2\/media?parent=9"}],"curies":[{"name":"wp","href":"https:\/\/api.w.org\/{rel}","templated":true}]}}