{"id":12,"date":"2020-03-29T15:12:58","date_gmt":"2020-03-29T13:12:58","guid":{"rendered":"https:\/\/www.sindiaboldt.de\/portraits\/?page_id=12"},"modified":"2023-05-15T08:43:48","modified_gmt":"2023-05-15T06:43:48","slug":"home","status":"publish","type":"page","link":"https:\/\/www.sindiaboldt.de\/portraits\/","title":{"rendered":"Portrait Fotoshooting Fotograf M\u00fcnchen Pfaffenhofen Ingolstadt Dachau Freising"},"content":{"rendered":"","protected":false},"excerpt":{"rendered":"","protected":false},"author":1,"featured_media":0,"parent":0,"menu_order":0,"comment_status":"closed","ping_status":"closed","template":"","meta":{"footnotes":""},"class_list":["post-12","page","type-page","status-publish"],"yoast_head":"<!-- This site is optimized with the Yoast SEO plugin v26.8 - https:\/\/yoast.com\/product\/yoast-seo-wordpress\/ -->\n<title>Portrait Fotoshooting Fotograf M\u00fcnchen Pfaffenhofen Ingolstadt Dachau Freising<\/title>\n<meta name=\"description\" content=\"Sie w\u00fcnschen sich ein Portrait? So sch\u00f6n, dass Sie es f\u00fcr immer in Ehren halten und sogar voller Stolz an die Wand h\u00e4ngen w\u00fcrden? Hier mehr Infos anfordern:\" \/>\n<meta name=\"robots\" content=\"index, follow, max-snippet:-1, max-image-preview:large, max-video-preview:-1\" \/>\n<link rel=\"canonical\" href=\"https:\/\/www.sindiaboldt.de\/portraits\/\" \/>\n<meta property=\"og:locale\" content=\"de_DE\" \/>\n<meta property=\"og:type\" content=\"article\" \/>\n<meta property=\"og:title\" content=\"Portrait Fotoshooting Fotograf M\u00fcnchen Pfaffenhofen Ingolstadt Dachau Freising\" \/>\n<meta property=\"og:description\" content=\"Sie w\u00fcnschen sich ein Portrait? So sch\u00f6n, dass Sie es f\u00fcr immer in Ehren halten und sogar voller Stolz an die Wand h\u00e4ngen w\u00fcrden? Hier mehr Infos anfordern:\" \/>\n<meta property=\"og:url\" content=\"https:\/\/www.sindiaboldt.de\/portraits\/\" \/>\n<meta property=\"og:site_name\" content=\"Portraits\" \/>\n<meta property=\"article:modified_time\" content=\"2023-05-15T06:43:48+00:00\" \/>\n<meta property=\"og:image\" content=\"https:\/\/www.sindiaboldt.de\/portraits\/wp-content\/uploads\/sites\/5\/2020\/04\/Portrait-Fotoshooting-Pfaffenhofen-Sindia-Boldt-Photography_0001-e1602074502508.jpg\" \/>\n\t<meta property=\"og:image:width\" content=\"600\" \/>\n\t<meta property=\"og:image:height\" content=\"750\" \/>\n\t<meta property=\"og:image:type\" content=\"image\/jpeg\" \/>\n<meta name=\"twitter:card\" content=\"summary_large_image\" \/>\n<script type=\"application\/ld+json\" class=\"yoast-schema-graph\">{\"@context\":\"https:\/\/schema.org\",\"@graph\":[{\"@type\":\"WebPage\",\"@id\":\"https:\/\/www.sindiaboldt.de\/portraits\/\",\"url\":\"https:\/\/www.sindiaboldt.de\/portraits\/\",\"name\":\"Portrait Fotoshooting Fotograf M\u00fcnchen Pfaffenhofen Ingolstadt Dachau Freising\",\"isPartOf\":{\"@id\":\"https:\/\/www.sindiaboldt.de\/portraits\/#website\"},\"datePublished\":\"2020-03-29T13:12:58+00:00\",\"dateModified\":\"2023-05-15T06:43:48+00:00\",\"description\":\"Sie w\u00fcnschen sich ein Portrait? So sch\u00f6n, dass Sie es f\u00fcr immer in Ehren halten und sogar voller Stolz an die Wand h\u00e4ngen w\u00fcrden? Hier mehr Infos anfordern:\",\"breadcrumb\":{\"@id\":\"https:\/\/www.sindiaboldt.de\/portraits\/#breadcrumb\"},\"inLanguage\":\"de\",\"potentialAction\":[{\"@type\":\"ReadAction\",\"target\":[\"https:\/\/www.sindiaboldt.de\/portraits\/\"]}]},{\"@type\":\"BreadcrumbList\",\"@id\":\"https:\/\/www.sindiaboldt.de\/portraits\/#breadcrumb\",\"itemListElement\":[{\"@type\":\"ListItem\",\"position\":1,\"name\":\"Home\",\"item\":\"https:\/\/www.sindiaboldt.de\/portraits\/\"},{\"@type\":\"ListItem\",\"position\":2,\"name\":\"Portrait Fotoshooting Fotograf M\u00fcnchen Pfaffenhofen Ingolstadt Dachau Freising\"}]},{\"@type\":\"WebSite\",\"@id\":\"https:\/\/www.sindiaboldt.de\/portraits\/#website\",\"url\":\"https:\/\/www.sindiaboldt.de\/portraits\/\",\"name\":\"Portraits\",\"description\":\"Eine weitere Sindia Boldt Photography Website\",\"potentialAction\":[{\"@type\":\"SearchAction\",\"target\":{\"@type\":\"EntryPoint\",\"urlTemplate\":\"https:\/\/www.sindiaboldt.de\/portraits\/?s={search_term_string}\"},\"query-input\":{\"@type\":\"PropertyValueSpecification\",\"valueRequired\":true,\"valueName\":\"search_term_string\"}}],\"inLanguage\":\"de\"}]}<\/script>\n<!-- \/ Yoast SEO plugin. -->","yoast_head_json":{"title":"Portrait Fotoshooting Fotograf M\u00fcnchen Pfaffenhofen Ingolstadt Dachau Freising","description":"Sie w\u00fcnschen sich ein Portrait? So sch\u00f6n, dass Sie es f\u00fcr immer in Ehren halten und sogar voller Stolz an die Wand h\u00e4ngen w\u00fcrden? Hier mehr Infos anfordern:","robots":{"index":"index","follow":"follow","max-snippet":"max-snippet:-1","max-image-preview":"max-image-preview:large","max-video-preview":"max-video-preview:-1"},"canonical":"https:\/\/www.sindiaboldt.de\/portraits\/","og_locale":"de_DE","og_type":"article","og_title":"Portrait Fotoshooting Fotograf M\u00fcnchen Pfaffenhofen Ingolstadt Dachau Freising","og_description":"Sie w\u00fcnschen sich ein Portrait? So sch\u00f6n, dass Sie es f\u00fcr immer in Ehren halten und sogar voller Stolz an die Wand h\u00e4ngen w\u00fcrden? Hier mehr Infos anfordern:","og_url":"https:\/\/www.sindiaboldt.de\/portraits\/","og_site_name":"Portraits","article_modified_time":"2023-05-15T06:43:48+00:00","og_image":[{"width":600,"height":750,"url":"https:\/\/www.sindiaboldt.de\/portraits\/wp-content\/uploads\/sites\/5\/2020\/04\/Portrait-Fotoshooting-Pfaffenhofen-Sindia-Boldt-Photography_0001-e1602074502508.jpg","type":"image\/jpeg"}],"twitter_card":"summary_large_image","schema":{"@context":"https:\/\/schema.org","@graph":[{"@type":"WebPage","@id":"https:\/\/www.sindiaboldt.de\/portraits\/","url":"https:\/\/www.sindiaboldt.de\/portraits\/","name":"Portrait Fotoshooting Fotograf M\u00fcnchen Pfaffenhofen Ingolstadt Dachau Freising","isPartOf":{"@id":"https:\/\/www.sindiaboldt.de\/portraits\/#website"},"datePublished":"2020-03-29T13:12:58+00:00","dateModified":"2023-05-15T06:43:48+00:00","description":"Sie w\u00fcnschen sich ein Portrait? So sch\u00f6n, dass Sie es f\u00fcr immer in Ehren halten und sogar voller Stolz an die Wand h\u00e4ngen w\u00fcrden? Hier mehr Infos anfordern:","breadcrumb":{"@id":"https:\/\/www.sindiaboldt.de\/portraits\/#breadcrumb"},"inLanguage":"de","potentialAction":[{"@type":"ReadAction","target":["https:\/\/www.sindiaboldt.de\/portraits\/"]}]},{"@type":"BreadcrumbList","@id":"https:\/\/www.sindiaboldt.de\/portraits\/#breadcrumb","itemListElement":[{"@type":"ListItem","position":1,"name":"Home","item":"https:\/\/www.sindiaboldt.de\/portraits\/"},{"@type":"ListItem","position":2,"name":"Portrait Fotoshooting Fotograf M\u00fcnchen Pfaffenhofen Ingolstadt Dachau Freising"}]},{"@type":"WebSite","@id":"https:\/\/www.sindiaboldt.de\/portraits\/#website","url":"https:\/\/www.sindiaboldt.de\/portraits\/","name":"Portraits","description":"Eine weitere Sindia Boldt Photography Website","potentialAction":[{"@type":"SearchAction","target":{"@type":"EntryPoint","urlTemplate":"https:\/\/www.sindiaboldt.de\/portraits\/?s={search_term_string}"},"query-input":{"@type":"PropertyValueSpecification","valueRequired":true,"valueName":"search_term_string"}}],"inLanguage":"de"}]}},"_links":{"self":[{"href":"https:\/\/www.sindiaboldt.de\/portraits\/wp-json\/wp\/v2\/pages\/12","targetHints":{"allow":["GET"]}}],"collection":[{"href":"https:\/\/www.sindiaboldt.de\/portraits\/wp-json\/wp\/v2\/pages"}],"about":[{"href":"https:\/\/www.sindiaboldt.de\/portraits\/wp-json\/wp\/v2\/types\/page"}],"author":[{"embeddable":true,"href":"https:\/\/www.sindiaboldt.de\/portraits\/wp-json\/wp\/v2\/users\/1"}],"replies":[{"embeddable":true,"href":"https:\/\/www.sindiaboldt.de\/portraits\/wp-json\/wp\/v2\/comments?post=12"}],"version-history":[{"count":3,"href":"https:\/\/www.sindiaboldt.de\/portraits\/wp-json\/wp\/v2\/pages\/12\/revisions"}],"predecessor-version":[{"id":1398,"href":"https:\/\/www.sindiaboldt.de\/portraits\/wp-json\/wp\/v2\/pages\/12\/revisions\/1398"}],"wp:attachment":[{"href":"https:\/\/www.sindiaboldt.de\/portraits\/wp-json\/wp\/v2\/media?parent=12"}],"curies":[{"name":"wp","href":"https:\/\/api.w.org\/{rel}","templated":true}]}}