{"id":227,"date":"2020-12-04T14:29:26","date_gmt":"2020-12-04T13:29:26","guid":{"rendered":"https:\/\/www.sindiaboldt.de\/portraits\/?page_id=227"},"modified":"2021-03-12T12:05:57","modified_gmt":"2021-03-12T11:05:57","slug":"boudoir-fotos-muenchen","status":"publish","type":"page","link":"https:\/\/www.sindiaboldt.de\/portraits\/boudoir-fotos-muenchen\/","title":{"rendered":"Boudoir Fotos M\u00fcnchen"},"content":{"rendered":"<div id=\"comp-jvq70me2\" class=\"_1Z_nJ\" data-testid=\"richTextElement\">\n<h1 class=\"font_8\" style=\"text-align: center;\">Du wirst Deine Boudoir Fotos lieben!<\/h1>\n<p class=\"font_8\" style=\"text-align: center;\">Deine Boudoir Fotos M\u00fcnchen in den besten H\u00e4nden, denn &#8220;Unfotogen&#8221; gibt es nicht. Punkt!<\/p>\n<p class=\"font_8\" style=\"text-align: center;\">Ein Boudoir Fotoshooting bei uns im Fotoatelier Hohenkammer ist eine faszinierende Art, sich selbst n\u00e4her zu kommen und sich (neu) kennen zu lernen. Wir sorgen daf\u00fcr, dass Du Dich lieben wirst!<\/p>\n<p class=\"font_8\" style=\"text-align: center;\">Mit allen Kurven, Linien, Punkten, Kanten &#8211; denn jede Frau ist einzigartig und Du bist wundersch\u00f6n!<\/p>\n<p class=\"font_8\" style=\"text-align: center;\">Lass es uns Dir zeigen!<\/p>\n<p><img loading=\"lazy\" decoding=\"async\" class=\"size-large wp-image-276\" title=\"Boudoir Fotograf Sindia Boldt Fotos Fotoatelier Hohenkammer 0001\" src=\"https:\/\/www.sindiaboldt.de\/portraits\/wp-content\/uploads\/sites\/5\/2020\/12\/Boudoir-Fotograf-Sindia-Boldt-Fotos-Fotoatelier-Hohenkammer_0001-1024x472.jpg\" alt=\"Boudoir Fotograf Sindia Boldt Fotos Fotoatelier Hohenkammer 0001\" width=\"1024\" height=\"472\" srcset=\"https:\/\/www.sindiaboldt.de\/portraits\/wp-content\/uploads\/sites\/5\/2020\/12\/Boudoir-Fotograf-Sindia-Boldt-Fotos-Fotoatelier-Hohenkammer_0001-1024x472.jpg 1024w, https:\/\/www.sindiaboldt.de\/portraits\/wp-content\/uploads\/sites\/5\/2020\/12\/Boudoir-Fotograf-Sindia-Boldt-Fotos-Fotoatelier-Hohenkammer_0001-300x138.jpg 300w, https:\/\/www.sindiaboldt.de\/portraits\/wp-content\/uploads\/sites\/5\/2020\/12\/Boudoir-Fotograf-Sindia-Boldt-Fotos-Fotoatelier-Hohenkammer_0001-768x354.jpg 768w, https:\/\/www.sindiaboldt.de\/portraits\/wp-content\/uploads\/sites\/5\/2020\/12\/Boudoir-Fotograf-Sindia-Boldt-Fotos-Fotoatelier-Hohenkammer_0001.jpg 1500w\" sizes=\"auto, (max-width: 1024px) 100vw, 1024px\" \/><\/p>\n<h2 style=\"text-align: center;\">Deine Boudoir Fotos M\u00fcnchen<\/h2>\n<p style=\"text-align: center;\">Wir sind ein Team aus 5 wunderbaren Frauen, f\u00fcr die Du, Dein Wohlbefinden und Deine Boudoir Fotos M\u00fcnchen h\u00f6chste Priorit\u00e4t haben! Denn nichts macht eine Frau sch\u00f6ner und strahlender als das Gef\u00fchl zu 100% angenommen, gesch\u00e4tzt und gesehen zu werden!<\/p>\n<p style=\"text-align: center;\">Dein Boudoir Fotoshooting stimmen wir zu 100% auf Dich und Deine W\u00fcnsche ab. Wir beraten Dich zu Deinen Outfits und Du erh\u00e4lst ein hochwertiges Beauty Styling von unserer professionellen Visagistin &amp; Hair Stylistin.<\/p>\n<div id='gallery-1' class='gallery galleryid-227 gallery-columns-2 gallery-size-large'><figure class='gallery-item'>\n\t\t\t<div class='gallery-icon portrait'>\n\t\t\t\t<a title=\"Fotoshooting Boudoir Fotos Muenchen Fotograf Fotoatelier Hohenkammer Sindia Boldt 211\"  href='https:\/\/www.sindiaboldt.de\/portraits\/boudoir-fotoshooting-doris-62-jahre\/fotoshooting-boudoir-fotos-muenchen-fotograf-fotoatelier-hohenkammer-sindia-boldt-211\/'><img loading=\"lazy\" decoding=\"async\" width=\"574\" height=\"860\" src=\"https:\/\/www.sindiaboldt.de\/portraits\/wp-content\/uploads\/sites\/5\/2021\/03\/Fotoshooting-Boudoir-Fotos-Muenchen-Fotograf-Fotoatelier-Hohenkammer-Sindia-Boldt-211.jpg\" class=\"attachment-large size-large\" alt=\"Fotoshooting Boudoir Fotos Muenchen Fotograf Fotoatelier Hohenkammer Sindia Boldt 211\" srcset=\"https:\/\/www.sindiaboldt.de\/portraits\/wp-content\/uploads\/sites\/5\/2021\/03\/Fotoshooting-Boudoir-Fotos-Muenchen-Fotograf-Fotoatelier-Hohenkammer-Sindia-Boldt-211.jpg 574w, https:\/\/www.sindiaboldt.de\/portraits\/wp-content\/uploads\/sites\/5\/2021\/03\/Fotoshooting-Boudoir-Fotos-Muenchen-Fotograf-Fotoatelier-Hohenkammer-Sindia-Boldt-211-200x300.jpg 200w\" sizes=\"auto, (max-width: 574px) 100vw, 574px\" \/><\/a>\n\t\t\t<\/div><\/figure><figure class='gallery-item'>\n\t\t\t<div class='gallery-icon portrait'>\n\t\t\t\t<a title=\"Fotoshooting Boudoir Fotos Muenchen Fotograf Fotoatelier Hohenkammer Sindia Boldt 192\"  href='https:\/\/www.sindiaboldt.de\/portraits\/boudoir-fotoshooting-doris-62-jahre\/fotoshooting-boudoir-fotos-muenchen-fotograf-fotoatelier-hohenkammer-sindia-boldt-192\/'><img loading=\"lazy\" decoding=\"async\" width=\"574\" height=\"860\" src=\"https:\/\/www.sindiaboldt.de\/portraits\/wp-content\/uploads\/sites\/5\/2021\/03\/Fotoshooting-Boudoir-Fotos-Muenchen-Fotograf-Fotoatelier-Hohenkammer-Sindia-Boldt-192.jpg\" class=\"attachment-large size-large\" alt=\"Fotoshooting Boudoir Fotos Muenchen Fotograf Fotoatelier Hohenkammer Sindia Boldt 192\" srcset=\"https:\/\/www.sindiaboldt.de\/portraits\/wp-content\/uploads\/sites\/5\/2021\/03\/Fotoshooting-Boudoir-Fotos-Muenchen-Fotograf-Fotoatelier-Hohenkammer-Sindia-Boldt-192.jpg 574w, https:\/\/www.sindiaboldt.de\/portraits\/wp-content\/uploads\/sites\/5\/2021\/03\/Fotoshooting-Boudoir-Fotos-Muenchen-Fotograf-Fotoatelier-Hohenkammer-Sindia-Boldt-192-200x300.jpg 200w\" sizes=\"auto, (max-width: 574px) 100vw, 574px\" \/><\/a>\n\t\t\t<\/div><\/figure>\n\t\t<\/div>\n\n<p><img loading=\"lazy\" decoding=\"async\" class=\"wp-image-228 size-large\" title=\"Boudoir Fotograf Sindia Boldt Fotos Fotoatelier Hohenkammer 0003\" src=\"https:\/\/www.sindiaboldt.de\/portraits\/wp-content\/uploads\/sites\/5\/2020\/12\/Boudoir-Fotografie-Sindia-Boldt-Photography-1024x433.jpg\" alt=\"Boudoir Fotografie Sindia Boldt Photography\" width=\"1024\" height=\"433\" srcset=\"https:\/\/www.sindiaboldt.de\/portraits\/wp-content\/uploads\/sites\/5\/2020\/12\/Boudoir-Fotografie-Sindia-Boldt-Photography-1024x433.jpg 1024w, https:\/\/www.sindiaboldt.de\/portraits\/wp-content\/uploads\/sites\/5\/2020\/12\/Boudoir-Fotografie-Sindia-Boldt-Photography-300x127.jpg 300w, https:\/\/www.sindiaboldt.de\/portraits\/wp-content\/uploads\/sites\/5\/2020\/12\/Boudoir-Fotografie-Sindia-Boldt-Photography-768x325.jpg 768w, https:\/\/www.sindiaboldt.de\/portraits\/wp-content\/uploads\/sites\/5\/2020\/12\/Boudoir-Fotografie-Sindia-Boldt-Photography-1536x649.jpg 1536w, https:\/\/www.sindiaboldt.de\/portraits\/wp-content\/uploads\/sites\/5\/2020\/12\/Boudoir-Fotografie-Sindia-Boldt-Photography.jpg 1614w\" sizes=\"auto, (max-width: 1024px) 100vw, 1024px\" \/><\/p>\n<p style=\"text-align: center;\">Viele Kundinnen sagen das Boudoir Foto Shooting hatte sogar therapeutische Elemente. Es geht um Selbstvertrauen, Selbstliebe, sich im neuen Licht zu sehen, sich begeistern zu lassen und begeistert zu sein. Jede Frau tr\u00e4gt diese Sch\u00f6nheit in sich. Lass sie uns gemeinsam ans Licht holen! Als Fotografin f\u00fcr Deine Boudoir Fotos bin ich gerne f\u00fcr Dich da!<\/p>\n<div id='gallery-2' class='gallery galleryid-227 gallery-columns-3 gallery-size-large'><figure class='gallery-item'>\n\t\t\t<div class='gallery-icon portrait'>\n\t\t\t\t<a title=\"Fotoshooting Boudoir Fotos Muenchen Fotograf Fotoatelier Hohenkammer Sindia Boldt 93\"  href='https:\/\/www.sindiaboldt.de\/portraits\/fotoshooting-boudoir-fotos-muenchen-fotograf-fotoatelier-hohenkammer-sindia-boldt-93\/'><img loading=\"lazy\" decoding=\"async\" width=\"573\" height=\"860\" src=\"https:\/\/www.sindiaboldt.de\/portraits\/wp-content\/uploads\/sites\/5\/2021\/03\/Fotoshooting-Boudoir-Fotos-Muenchen-Fotograf-Fotoatelier-Hohenkammer-Sindia-Boldt-93.jpg\" class=\"attachment-large size-large\" alt=\"Fotoshooting Boudoir Fotos Muenchen Fotograf Fotoatelier Hohenkammer Sindia Boldt 93\" srcset=\"https:\/\/www.sindiaboldt.de\/portraits\/wp-content\/uploads\/sites\/5\/2021\/03\/Fotoshooting-Boudoir-Fotos-Muenchen-Fotograf-Fotoatelier-Hohenkammer-Sindia-Boldt-93.jpg 573w, https:\/\/www.sindiaboldt.de\/portraits\/wp-content\/uploads\/sites\/5\/2021\/03\/Fotoshooting-Boudoir-Fotos-Muenchen-Fotograf-Fotoatelier-Hohenkammer-Sindia-Boldt-93-200x300.jpg 200w\" sizes=\"auto, (max-width: 573px) 100vw, 573px\" \/><\/a>\n\t\t\t<\/div><\/figure><figure class='gallery-item'>\n\t\t\t<div class='gallery-icon portrait'>\n\t\t\t\t<a title=\"Fotoshooting Boudoir Fotos Muenchen Fotograf Fotoatelier Hohenkammer Sindia Boldt 125\"  href='https:\/\/www.sindiaboldt.de\/portraits\/fotoshooting-boudoir-fotos-muenchen-fotograf-fotoatelier-hohenkammer-sindia-boldt-125\/'><img loading=\"lazy\" decoding=\"async\" width=\"573\" height=\"860\" src=\"https:\/\/www.sindiaboldt.de\/portraits\/wp-content\/uploads\/sites\/5\/2021\/03\/Fotoshooting-Boudoir-Fotos-Muenchen-Fotograf-Fotoatelier-Hohenkammer-Sindia-Boldt-125.jpg\" class=\"attachment-large size-large\" alt=\"Fotoshooting Boudoir Fotos Muenchen Fotograf Fotoatelier Hohenkammer Sindia Boldt 125\" srcset=\"https:\/\/www.sindiaboldt.de\/portraits\/wp-content\/uploads\/sites\/5\/2021\/03\/Fotoshooting-Boudoir-Fotos-Muenchen-Fotograf-Fotoatelier-Hohenkammer-Sindia-Boldt-125.jpg 573w, https:\/\/www.sindiaboldt.de\/portraits\/wp-content\/uploads\/sites\/5\/2021\/03\/Fotoshooting-Boudoir-Fotos-Muenchen-Fotograf-Fotoatelier-Hohenkammer-Sindia-Boldt-125-200x300.jpg 200w\" sizes=\"auto, (max-width: 573px) 100vw, 573px\" \/><\/a>\n\t\t\t<\/div><\/figure><figure class='gallery-item'>\n\t\t\t<div class='gallery-icon portrait'>\n\t\t\t\t<a title=\"Fotoshooting Boudoir Fotos Muenchen Fotograf Fotoatelier Hohenkammer Sindia Boldt 44\"  href='https:\/\/www.sindiaboldt.de\/portraits\/fotoshooting-boudoir-fotos-muenchen-fotograf-fotoatelier-hohenkammer-sindia-boldt-44\/'><img loading=\"lazy\" decoding=\"async\" width=\"573\" height=\"860\" src=\"https:\/\/www.sindiaboldt.de\/portraits\/wp-content\/uploads\/sites\/5\/2021\/03\/Fotoshooting-Boudoir-Fotos-Muenchen-Fotograf-Fotoatelier-Hohenkammer-Sindia-Boldt-44.jpg\" class=\"attachment-large size-large\" alt=\"Fotoshooting Boudoir Fotos Muenchen Fotograf Fotoatelier Hohenkammer Sindia Boldt 44\" srcset=\"https:\/\/www.sindiaboldt.de\/portraits\/wp-content\/uploads\/sites\/5\/2021\/03\/Fotoshooting-Boudoir-Fotos-Muenchen-Fotograf-Fotoatelier-Hohenkammer-Sindia-Boldt-44.jpg 573w, https:\/\/www.sindiaboldt.de\/portraits\/wp-content\/uploads\/sites\/5\/2021\/03\/Fotoshooting-Boudoir-Fotos-Muenchen-Fotograf-Fotoatelier-Hohenkammer-Sindia-Boldt-44-200x300.jpg 200w\" sizes=\"auto, (max-width: 573px) 100vw, 573px\" \/><\/a>\n\t\t\t<\/div><\/figure>\n\t\t<\/div>\n\n<p><img loading=\"lazy\" decoding=\"async\" class=\"aligncenter size-full wp-image-503\" title=\"Fotoshooting Boudoir Fotos Muenchen Fotograf Fotoatelier Hohenkammer Sindia Boldt 32\" src=\"https:\/\/www.sindiaboldt.de\/portraits\/wp-content\/uploads\/sites\/5\/2021\/03\/Fotoshooting-Boudoir-Fotos-Muenchen-Fotograf-Fotoatelier-Hohenkammer-Sindia-Boldt-32.jpg\" alt=\"Fotoshooting Boudoir Fotos Muenchen Fotograf Fotoatelier Hohenkammer Sindia Boldt 32\" width=\"573\" height=\"382\" srcset=\"https:\/\/www.sindiaboldt.de\/portraits\/wp-content\/uploads\/sites\/5\/2021\/03\/Fotoshooting-Boudoir-Fotos-Muenchen-Fotograf-Fotoatelier-Hohenkammer-Sindia-Boldt-32.jpg 573w, https:\/\/www.sindiaboldt.de\/portraits\/wp-content\/uploads\/sites\/5\/2021\/03\/Fotoshooting-Boudoir-Fotos-Muenchen-Fotograf-Fotoatelier-Hohenkammer-Sindia-Boldt-32-300x200.jpg 300w\" sizes=\"auto, (max-width: 573px) 100vw, 573px\" \/><\/p>\n<\/div>\n","protected":false},"excerpt":{"rendered":"<p>Du wirst Deine Boudoir Fotos lieben! Deine Boudoir Fotos M\u00fcnchen in den besten H\u00e4nden, denn &#8220;Unfotogen&#8221; gibt es nicht. Punkt! Ein Boudoir Fotoshooting bei uns im Fotoatelier Hohenkammer ist eine faszinierende Art, sich selbst n\u00e4her zu kommen und sich (neu) kennen zu lernen. Wir sorgen daf\u00fcr, dass Du Dich lieben wirst! Mit allen Kurven, Linien, [&hellip;]<\/p>\n","protected":false},"author":1,"featured_media":253,"parent":0,"menu_order":0,"comment_status":"closed","ping_status":"closed","template":"","meta":{"footnotes":""},"class_list":["post-227","page","type-page","status-publish","has-post-thumbnail"],"yoast_head":"<!-- This site is optimized with the Yoast SEO plugin v26.8 - https:\/\/yoast.com\/product\/yoast-seo-wordpress\/ -->\n<title>Boudoir Fotos M\u00fcnchen<\/title>\n<meta name=\"description\" content=\"Boudoir Fotos M\u00fcnchen Fotoshooting - zu 100% Du! Inkl. Outfit-Beratung professionelles Hair &amp; MakeUp Styling. Jetzt informieren!\" \/>\n<meta name=\"robots\" content=\"index, follow, max-snippet:-1, max-image-preview:large, max-video-preview:-1\" \/>\n<link rel=\"canonical\" href=\"https:\/\/www.sindiaboldt.de\/portraits\/boudoir-fotos-muenchen\/\" \/>\n<meta property=\"og:locale\" content=\"de_DE\" \/>\n<meta property=\"og:type\" content=\"article\" \/>\n<meta property=\"og:title\" content=\"Boudoir Fotos M\u00fcnchen\" \/>\n<meta property=\"og:description\" content=\"Boudoir Fotos M\u00fcnchen Fotoshooting - zu 100% Du! Inkl. Outfit-Beratung professionelles Hair &amp; MakeUp Styling. Jetzt informieren!\" \/>\n<meta property=\"og:url\" content=\"https:\/\/www.sindiaboldt.de\/portraits\/boudoir-fotos-muenchen\/\" \/>\n<meta property=\"og:site_name\" content=\"Portraits\" \/>\n<meta property=\"article:modified_time\" content=\"2021-03-12T11:05:57+00:00\" \/>\n<meta property=\"og:image\" content=\"https:\/\/www.sindiaboldt.de\/portraits\/wp-content\/uploads\/sites\/5\/2020\/12\/Bridal-Boudoir-Fotoshooting-Braut-Muenchen-Sindia-Boldt-Photography-53.jpg\" \/>\n\t<meta property=\"og:image:width\" content=\"576\" \/>\n\t<meta property=\"og:image:height\" content=\"864\" \/>\n\t<meta property=\"og:image:type\" content=\"image\/jpeg\" \/>\n<meta name=\"twitter:card\" content=\"summary_large_image\" \/>\n<meta name=\"twitter:label1\" content=\"Gesch\u00e4tzte Lesezeit\" \/>\n\t<meta name=\"twitter:data1\" content=\"2\u00a0Minuten\" \/>\n<script type=\"application\/ld+json\" class=\"yoast-schema-graph\">{\"@context\":\"https:\/\/schema.org\",\"@graph\":[{\"@type\":\"WebPage\",\"@id\":\"https:\/\/www.sindiaboldt.de\/portraits\/boudoir-fotos-muenchen\/\",\"url\":\"https:\/\/www.sindiaboldt.de\/portraits\/boudoir-fotos-muenchen\/\",\"name\":\"Boudoir Fotos M\u00fcnchen\",\"isPartOf\":{\"@id\":\"https:\/\/www.sindiaboldt.de\/portraits\/#website\"},\"primaryImageOfPage\":{\"@id\":\"https:\/\/www.sindiaboldt.de\/portraits\/boudoir-fotos-muenchen\/#primaryimage\"},\"image\":{\"@id\":\"https:\/\/www.sindiaboldt.de\/portraits\/boudoir-fotos-muenchen\/#primaryimage\"},\"thumbnailUrl\":\"https:\/\/www.sindiaboldt.de\/portraits\/wp-content\/uploads\/sites\/5\/2020\/12\/Bridal-Boudoir-Fotoshooting-Braut-Muenchen-Sindia-Boldt-Photography-53.jpg\",\"datePublished\":\"2020-12-04T13:29:26+00:00\",\"dateModified\":\"2021-03-12T11:05:57+00:00\",\"description\":\"Boudoir Fotos M\u00fcnchen Fotoshooting - zu 100% Du! Inkl. Outfit-Beratung professionelles Hair & MakeUp Styling. Jetzt informieren!\",\"breadcrumb\":{\"@id\":\"https:\/\/www.sindiaboldt.de\/portraits\/boudoir-fotos-muenchen\/#breadcrumb\"},\"inLanguage\":\"de\",\"potentialAction\":[{\"@type\":\"ReadAction\",\"target\":[\"https:\/\/www.sindiaboldt.de\/portraits\/boudoir-fotos-muenchen\/\"]}]},{\"@type\":\"ImageObject\",\"inLanguage\":\"de\",\"@id\":\"https:\/\/www.sindiaboldt.de\/portraits\/boudoir-fotos-muenchen\/#primaryimage\",\"url\":\"https:\/\/www.sindiaboldt.de\/portraits\/wp-content\/uploads\/sites\/5\/2020\/12\/Bridal-Boudoir-Fotoshooting-Braut-Muenchen-Sindia-Boldt-Photography-53.jpg\",\"contentUrl\":\"https:\/\/www.sindiaboldt.de\/portraits\/wp-content\/uploads\/sites\/5\/2020\/12\/Bridal-Boudoir-Fotoshooting-Braut-Muenchen-Sindia-Boldt-Photography-53.jpg\",\"width\":576,\"height\":864,\"caption\":\"Bridal Boudoir Fotoshooting Braut Muenchen Sindia Boldt Photography 53\"},{\"@type\":\"BreadcrumbList\",\"@id\":\"https:\/\/www.sindiaboldt.de\/portraits\/boudoir-fotos-muenchen\/#breadcrumb\",\"itemListElement\":[{\"@type\":\"ListItem\",\"position\":1,\"name\":\"Home\",\"item\":\"https:\/\/www.sindiaboldt.de\/portraits\/\"},{\"@type\":\"ListItem\",\"position\":2,\"name\":\"Boudoir Fotos M\u00fcnchen\"}]},{\"@type\":\"WebSite\",\"@id\":\"https:\/\/www.sindiaboldt.de\/portraits\/#website\",\"url\":\"https:\/\/www.sindiaboldt.de\/portraits\/\",\"name\":\"Portraits\",\"description\":\"Eine weitere Sindia Boldt Photography Website\",\"potentialAction\":[{\"@type\":\"SearchAction\",\"target\":{\"@type\":\"EntryPoint\",\"urlTemplate\":\"https:\/\/www.sindiaboldt.de\/portraits\/?s={search_term_string}\"},\"query-input\":{\"@type\":\"PropertyValueSpecification\",\"valueRequired\":true,\"valueName\":\"search_term_string\"}}],\"inLanguage\":\"de\"}]}<\/script>\n<!-- \/ Yoast SEO plugin. -->","yoast_head_json":{"title":"Boudoir Fotos M\u00fcnchen","description":"Boudoir Fotos M\u00fcnchen Fotoshooting - zu 100% Du! Inkl. Outfit-Beratung professionelles Hair & MakeUp Styling. Jetzt informieren!","robots":{"index":"index","follow":"follow","max-snippet":"max-snippet:-1","max-image-preview":"max-image-preview:large","max-video-preview":"max-video-preview:-1"},"canonical":"https:\/\/www.sindiaboldt.de\/portraits\/boudoir-fotos-muenchen\/","og_locale":"de_DE","og_type":"article","og_title":"Boudoir Fotos M\u00fcnchen","og_description":"Boudoir Fotos M\u00fcnchen Fotoshooting - zu 100% Du! Inkl. Outfit-Beratung professionelles Hair & MakeUp Styling. Jetzt informieren!","og_url":"https:\/\/www.sindiaboldt.de\/portraits\/boudoir-fotos-muenchen\/","og_site_name":"Portraits","article_modified_time":"2021-03-12T11:05:57+00:00","og_image":[{"width":576,"height":864,"url":"https:\/\/www.sindiaboldt.de\/portraits\/wp-content\/uploads\/sites\/5\/2020\/12\/Bridal-Boudoir-Fotoshooting-Braut-Muenchen-Sindia-Boldt-Photography-53.jpg","type":"image\/jpeg"}],"twitter_card":"summary_large_image","twitter_misc":{"Gesch\u00e4tzte Lesezeit":"2\u00a0Minuten"},"schema":{"@context":"https:\/\/schema.org","@graph":[{"@type":"WebPage","@id":"https:\/\/www.sindiaboldt.de\/portraits\/boudoir-fotos-muenchen\/","url":"https:\/\/www.sindiaboldt.de\/portraits\/boudoir-fotos-muenchen\/","name":"Boudoir Fotos M\u00fcnchen","isPartOf":{"@id":"https:\/\/www.sindiaboldt.de\/portraits\/#website"},"primaryImageOfPage":{"@id":"https:\/\/www.sindiaboldt.de\/portraits\/boudoir-fotos-muenchen\/#primaryimage"},"image":{"@id":"https:\/\/www.sindiaboldt.de\/portraits\/boudoir-fotos-muenchen\/#primaryimage"},"thumbnailUrl":"https:\/\/www.sindiaboldt.de\/portraits\/wp-content\/uploads\/sites\/5\/2020\/12\/Bridal-Boudoir-Fotoshooting-Braut-Muenchen-Sindia-Boldt-Photography-53.jpg","datePublished":"2020-12-04T13:29:26+00:00","dateModified":"2021-03-12T11:05:57+00:00","description":"Boudoir Fotos M\u00fcnchen Fotoshooting - zu 100% Du! Inkl. Outfit-Beratung professionelles Hair & MakeUp Styling. Jetzt informieren!","breadcrumb":{"@id":"https:\/\/www.sindiaboldt.de\/portraits\/boudoir-fotos-muenchen\/#breadcrumb"},"inLanguage":"de","potentialAction":[{"@type":"ReadAction","target":["https:\/\/www.sindiaboldt.de\/portraits\/boudoir-fotos-muenchen\/"]}]},{"@type":"ImageObject","inLanguage":"de","@id":"https:\/\/www.sindiaboldt.de\/portraits\/boudoir-fotos-muenchen\/#primaryimage","url":"https:\/\/www.sindiaboldt.de\/portraits\/wp-content\/uploads\/sites\/5\/2020\/12\/Bridal-Boudoir-Fotoshooting-Braut-Muenchen-Sindia-Boldt-Photography-53.jpg","contentUrl":"https:\/\/www.sindiaboldt.de\/portraits\/wp-content\/uploads\/sites\/5\/2020\/12\/Bridal-Boudoir-Fotoshooting-Braut-Muenchen-Sindia-Boldt-Photography-53.jpg","width":576,"height":864,"caption":"Bridal Boudoir Fotoshooting Braut Muenchen Sindia Boldt Photography 53"},{"@type":"BreadcrumbList","@id":"https:\/\/www.sindiaboldt.de\/portraits\/boudoir-fotos-muenchen\/#breadcrumb","itemListElement":[{"@type":"ListItem","position":1,"name":"Home","item":"https:\/\/www.sindiaboldt.de\/portraits\/"},{"@type":"ListItem","position":2,"name":"Boudoir Fotos M\u00fcnchen"}]},{"@type":"WebSite","@id":"https:\/\/www.sindiaboldt.de\/portraits\/#website","url":"https:\/\/www.sindiaboldt.de\/portraits\/","name":"Portraits","description":"Eine weitere Sindia Boldt Photography Website","potentialAction":[{"@type":"SearchAction","target":{"@type":"EntryPoint","urlTemplate":"https:\/\/www.sindiaboldt.de\/portraits\/?s={search_term_string}"},"query-input":{"@type":"PropertyValueSpecification","valueRequired":true,"valueName":"search_term_string"}}],"inLanguage":"de"}]}},"_links":{"self":[{"href":"https:\/\/www.sindiaboldt.de\/portraits\/wp-json\/wp\/v2\/pages\/227","targetHints":{"allow":["GET"]}}],"collection":[{"href":"https:\/\/www.sindiaboldt.de\/portraits\/wp-json\/wp\/v2\/pages"}],"about":[{"href":"https:\/\/www.sindiaboldt.de\/portraits\/wp-json\/wp\/v2\/types\/page"}],"author":[{"embeddable":true,"href":"https:\/\/www.sindiaboldt.de\/portraits\/wp-json\/wp\/v2\/users\/1"}],"replies":[{"embeddable":true,"href":"https:\/\/www.sindiaboldt.de\/portraits\/wp-json\/wp\/v2\/comments?post=227"}],"version-history":[{"count":0,"href":"https:\/\/www.sindiaboldt.de\/portraits\/wp-json\/wp\/v2\/pages\/227\/revisions"}],"wp:featuredmedia":[{"embeddable":true,"href":"https:\/\/www.sindiaboldt.de\/portraits\/wp-json\/wp\/v2\/media\/253"}],"wp:attachment":[{"href":"https:\/\/www.sindiaboldt.de\/portraits\/wp-json\/wp\/v2\/media?parent=227"}],"curies":[{"name":"wp","href":"https:\/\/api.w.org\/{rel}","templated":true}]}}