{"id":28,"date":"2017-12-18T17:10:02","date_gmt":"2017-12-18T17:10:02","guid":{"rendered":"https:\/\/demo.flothemes.com\/lovely2\/?page_id=28"},"modified":"2021-01-05T13:56:26","modified_gmt":"2021-01-05T12:56:26","slug":"investition","status":"publish","type":"page","link":"https:\/\/www.sindiaboldt.de\/wedding\/investition\/","title":{"rendered":"Investition"},"content":{"rendered":"<p style=\"text-align: center;\">Ich wei\u00df, wie wichtig es ist, dass Eure Hochzeit so dokumentiert wird, dass sie den Test der Zeit besteht. Ihr sollt in 40, 50 Jahren Euer Hochzeitsalbum durchbl\u00e4ttern und Euch an jeden Moment und jede Emotion erinnern. Genauso intensiv und emotional wie am Tag Eurer Hochzeit!<\/p>\n<p style=\"text-align: center;\">Deshalb gebe ich alles daf\u00fcr Eure Augen, Euer Herz zu sein! Ich stehe mit all meiner Empathie, Erfahrung und Professionalit\u00e4t daf\u00fcr ein, dass Ihr diesen Tag nie vergessen werdet. Mehr noch, dass dieser Tag f\u00fcr Euch und eure Lieben bestm\u00f6glich festgehalten wird. In zeitlos sch\u00f6nen, eleganten und warmherzigen Bildern.<\/p>\n<p style=\"text-align: center;\">Diese Verantwortung trage ich mit Stolz und bin mir bewusst wie wertvoll die Bilder f\u00fcr Euch und Eure Kinder und Enkelkinder irgendwann sein werden. Mit jeden Tag, der nach Eurer Hochzeit vergeht, mit jedem Jahr, mit jedem neuen Schritt in Eurem Leben werden Eure Bilder an Wert gewinnen. Ihr t\u00e4tigt eine Investition in die Zukunft und macht Euch Selbst mit den Bildern das gr\u00f6\u00dfte Hochzeitsgeschenk!<\/p>\n<p style=\"text-align: center;\">Die fotografische Begleitung an Eurem Hochzeitstag biete ich ab 1299\u20ac an. Je nach Dauer und Euren W\u00fcnschen zu einem Vorabshooting, Hochzeitsvideo, Alben, Abz\u00fcgen und der Anfahrt stelle ich Euch ein individuelles Angebot &#8220;\u00e1 la carte&#8221; zusammen. F\u00fcr weitere Informationen freue ich mich auf ein Kennenlernen in meinem Atelier! Schreibt mir an info@sindiaboldt.de oder nutzt das Kontaktformular um Euren Kennenlern-Termin zu vereinbaren.<\/p>\n","protected":false},"excerpt":{"rendered":"<p>Ich wei\u00df, wie wichtig es ist, dass Eure Hochzeit so dokumentiert wird, dass sie den Test der Zeit besteht. Ihr sollt in 40, 50 Jahren Euer Hochzeitsalbum durchbl\u00e4ttern und Euch an jeden Moment und jede Emotion erinnern. Genauso intensiv und emotional wie am Tag Eurer Hochzeit! Deshalb gebe ich alles daf\u00fcr Eure Augen, Euer Herz [&hellip;]<\/p>\n","protected":false},"author":1,"featured_media":0,"parent":0,"menu_order":0,"comment_status":"closed","ping_status":"closed","template":"","meta":{"footnotes":""},"class_list":["post-28","page","type-page","status-publish"],"yoast_head":"<!-- This site is optimized with the Yoast SEO plugin v26.8 - https:\/\/yoast.com\/product\/yoast-seo-wordpress\/ -->\n<title>Investition - Wedding<\/title>\n<meta name=\"description\" content=\"Eure Hochzeitsbilder: Eine Investition in die Zukunft! Macht Euch selbst mit den Bildern das gr\u00f6\u00dfte Hochzeitsgeschenk! Ich stehe f\u00fcr Empathie, Erfahrung und Professionalit\u00e4t sodass Ihr diesen Tag nie vergessen werdet!\" \/>\n<meta name=\"robots\" content=\"index, follow, max-snippet:-1, max-image-preview:large, max-video-preview:-1\" \/>\n<link rel=\"canonical\" href=\"https:\/\/www.sindiaboldt.de\/wedding\/investition\/\" \/>\n<meta property=\"og:locale\" content=\"de_DE\" \/>\n<meta property=\"og:type\" content=\"article\" \/>\n<meta property=\"og:title\" content=\"Investition - Wedding\" \/>\n<meta property=\"og:description\" content=\"Eure Hochzeitsbilder: Eine Investition in die Zukunft! Macht Euch selbst mit den Bildern das gr\u00f6\u00dfte Hochzeitsgeschenk! Ich stehe f\u00fcr Empathie, Erfahrung und Professionalit\u00e4t sodass Ihr diesen Tag nie vergessen werdet!\" \/>\n<meta property=\"og:url\" content=\"https:\/\/www.sindiaboldt.de\/wedding\/investition\/\" \/>\n<meta property=\"og:site_name\" content=\"Wedding\" \/>\n<meta property=\"article:modified_time\" content=\"2021-01-05T12:56:26+00:00\" \/>\n<meta name=\"twitter:card\" content=\"summary_large_image\" \/>\n<meta name=\"twitter:label1\" content=\"Gesch\u00e4tzte Lesezeit\" \/>\n\t<meta name=\"twitter:data1\" content=\"1\u00a0Minute\" \/>\n<script type=\"application\/ld+json\" class=\"yoast-schema-graph\">{\"@context\":\"https:\/\/schema.org\",\"@graph\":[{\"@type\":\"WebPage\",\"@id\":\"https:\/\/www.sindiaboldt.de\/wedding\/investition\/\",\"url\":\"https:\/\/www.sindiaboldt.de\/wedding\/investition\/\",\"name\":\"Investition - Wedding\",\"isPartOf\":{\"@id\":\"https:\/\/www.sindiaboldt.de\/wedding\/#website\"},\"datePublished\":\"2017-12-18T17:10:02+00:00\",\"dateModified\":\"2021-01-05T12:56:26+00:00\",\"description\":\"Eure Hochzeitsbilder: Eine Investition in die Zukunft! Macht Euch selbst mit den Bildern das gr\u00f6\u00dfte Hochzeitsgeschenk! Ich stehe f\u00fcr Empathie, Erfahrung und Professionalit\u00e4t sodass Ihr diesen Tag nie vergessen werdet!\",\"breadcrumb\":{\"@id\":\"https:\/\/www.sindiaboldt.de\/wedding\/investition\/#breadcrumb\"},\"inLanguage\":\"de\",\"potentialAction\":[{\"@type\":\"ReadAction\",\"target\":[\"https:\/\/www.sindiaboldt.de\/wedding\/investition\/\"]}]},{\"@type\":\"BreadcrumbList\",\"@id\":\"https:\/\/www.sindiaboldt.de\/wedding\/investition\/#breadcrumb\",\"itemListElement\":[{\"@type\":\"ListItem\",\"position\":1,\"name\":\"Home\",\"item\":\"https:\/\/www.sindiaboldt.de\/wedding\/\"},{\"@type\":\"ListItem\",\"position\":2,\"name\":\"Investition\"}]},{\"@type\":\"WebSite\",\"@id\":\"https:\/\/www.sindiaboldt.de\/wedding\/#website\",\"url\":\"https:\/\/www.sindiaboldt.de\/wedding\/\",\"name\":\"Wedding\",\"description\":\"Sindia Boldt Hochzeitsfotograf M\u00fcnchen\",\"potentialAction\":[{\"@type\":\"SearchAction\",\"target\":{\"@type\":\"EntryPoint\",\"urlTemplate\":\"https:\/\/www.sindiaboldt.de\/wedding\/?s={search_term_string}\"},\"query-input\":{\"@type\":\"PropertyValueSpecification\",\"valueRequired\":true,\"valueName\":\"search_term_string\"}}],\"inLanguage\":\"de\"}]}<\/script>\n<!-- \/ Yoast SEO plugin. -->","yoast_head_json":{"title":"Investition - Wedding","description":"Eure Hochzeitsbilder: Eine Investition in die Zukunft! Macht Euch selbst mit den Bildern das gr\u00f6\u00dfte Hochzeitsgeschenk! Ich stehe f\u00fcr Empathie, Erfahrung und Professionalit\u00e4t sodass Ihr diesen Tag nie vergessen werdet!","robots":{"index":"index","follow":"follow","max-snippet":"max-snippet:-1","max-image-preview":"max-image-preview:large","max-video-preview":"max-video-preview:-1"},"canonical":"https:\/\/www.sindiaboldt.de\/wedding\/investition\/","og_locale":"de_DE","og_type":"article","og_title":"Investition - Wedding","og_description":"Eure Hochzeitsbilder: Eine Investition in die Zukunft! Macht Euch selbst mit den Bildern das gr\u00f6\u00dfte Hochzeitsgeschenk! Ich stehe f\u00fcr Empathie, Erfahrung und Professionalit\u00e4t sodass Ihr diesen Tag nie vergessen werdet!","og_url":"https:\/\/www.sindiaboldt.de\/wedding\/investition\/","og_site_name":"Wedding","article_modified_time":"2021-01-05T12:56:26+00:00","twitter_card":"summary_large_image","twitter_misc":{"Gesch\u00e4tzte Lesezeit":"1\u00a0Minute"},"schema":{"@context":"https:\/\/schema.org","@graph":[{"@type":"WebPage","@id":"https:\/\/www.sindiaboldt.de\/wedding\/investition\/","url":"https:\/\/www.sindiaboldt.de\/wedding\/investition\/","name":"Investition - Wedding","isPartOf":{"@id":"https:\/\/www.sindiaboldt.de\/wedding\/#website"},"datePublished":"2017-12-18T17:10:02+00:00","dateModified":"2021-01-05T12:56:26+00:00","description":"Eure Hochzeitsbilder: Eine Investition in die Zukunft! Macht Euch selbst mit den Bildern das gr\u00f6\u00dfte Hochzeitsgeschenk! Ich stehe f\u00fcr Empathie, Erfahrung und Professionalit\u00e4t sodass Ihr diesen Tag nie vergessen werdet!","breadcrumb":{"@id":"https:\/\/www.sindiaboldt.de\/wedding\/investition\/#breadcrumb"},"inLanguage":"de","potentialAction":[{"@type":"ReadAction","target":["https:\/\/www.sindiaboldt.de\/wedding\/investition\/"]}]},{"@type":"BreadcrumbList","@id":"https:\/\/www.sindiaboldt.de\/wedding\/investition\/#breadcrumb","itemListElement":[{"@type":"ListItem","position":1,"name":"Home","item":"https:\/\/www.sindiaboldt.de\/wedding\/"},{"@type":"ListItem","position":2,"name":"Investition"}]},{"@type":"WebSite","@id":"https:\/\/www.sindiaboldt.de\/wedding\/#website","url":"https:\/\/www.sindiaboldt.de\/wedding\/","name":"Wedding","description":"Sindia Boldt Hochzeitsfotograf M\u00fcnchen","potentialAction":[{"@type":"SearchAction","target":{"@type":"EntryPoint","urlTemplate":"https:\/\/www.sindiaboldt.de\/wedding\/?s={search_term_string}"},"query-input":{"@type":"PropertyValueSpecification","valueRequired":true,"valueName":"search_term_string"}}],"inLanguage":"de"}]}},"_links":{"self":[{"href":"https:\/\/www.sindiaboldt.de\/wedding\/wp-json\/wp\/v2\/pages\/28","targetHints":{"allow":["GET"]}}],"collection":[{"href":"https:\/\/www.sindiaboldt.de\/wedding\/wp-json\/wp\/v2\/pages"}],"about":[{"href":"https:\/\/www.sindiaboldt.de\/wedding\/wp-json\/wp\/v2\/types\/page"}],"author":[{"embeddable":true,"href":"https:\/\/www.sindiaboldt.de\/wedding\/wp-json\/wp\/v2\/users\/1"}],"replies":[{"embeddable":true,"href":"https:\/\/www.sindiaboldt.de\/wedding\/wp-json\/wp\/v2\/comments?post=28"}],"version-history":[{"count":0,"href":"https:\/\/www.sindiaboldt.de\/wedding\/wp-json\/wp\/v2\/pages\/28\/revisions"}],"wp:attachment":[{"href":"https:\/\/www.sindiaboldt.de\/wedding\/wp-json\/wp\/v2\/media?parent=28"}],"curies":[{"name":"wp","href":"https:\/\/api.w.org\/{rel}","templated":true}]}}