{"id":8390,"date":"2020-02-20T20:09:07","date_gmt":"2020-02-20T19:09:07","guid":{"rendered":"https:\/\/www.sindiaboldt.de\/wedding\/?page_id=8390"},"modified":"2022-04-14T16:37:23","modified_gmt":"2022-04-14T14:37:23","slug":"hochzeitsfotograf-starnberg","status":"publish","type":"page","link":"https:\/\/www.sindiaboldt.de\/wedding\/hochzeitsfotograf-starnberg\/","title":{"rendered":"Hochzeitsfotograf Starnberg f\u00fcr Eure klassisch, elegante Hochzeit"},"content":{"rendered":"<h1 style=\"text-align: center\">HOCHZEITSFOTOGRAF STARNBERG &#8211; F\u00dcR EURE KLASSISCH ELEGANTE HOCHZEIT<\/h1>\n<p style=\"text-align: center\">Liebe Brautpaare, ich bin Sindia, Hochzeitsfotograf Starnberg. Gemeinsam mit meinem Team bin ich auf Hochzeiten rund um Starnberg und M\u00fcnchen spezialisiert. Unser Herz schl\u00e4gt f\u00fcr Hochzeiten in Schl\u00f6ssern, Herrenh\u00e4usern, eben k\u00f6niglich, edlen Ambiente und unser Ziel ist es diesen besonderen Tag mit zeitlos eleganten Bildern f\u00fcr Euch festzuhalten. Kitsch und gestellte Posen geh\u00f6ren bei uns nicht zum Repertoire. Vielmehr begleiten wir Euch sehr dezent und dennoch mit sicherer Hand durch diese spannende Reise. Wir haben \u00fcber 250 Brautpaare in Starnberg &amp; Umgebung gl\u00fccklich gemacht. Mit traumhaften sch\u00f6nen Hochzeitsfotos, die Euch durch unsere langj\u00e4hrige Erfahrung ein Leben lang Freude bereiten werden.<\/p>\n","protected":false},"excerpt":{"rendered":"<p>HOCHZEITSFOTOGRAF STARNBERG &#8211; F\u00dcR EURE KLASSISCH ELEGANTE HOCHZEIT Liebe Brautpaare, ich bin Sindia, Hochzeitsfotograf Starnberg. Gemeinsam mit meinem Team bin ich auf Hochzeiten rund um Starnberg und M\u00fcnchen spezialisiert. Unser Herz schl\u00e4gt f\u00fcr Hochzeiten in Schl\u00f6ssern, Herrenh\u00e4usern, eben k\u00f6niglich, edlen Ambiente und unser Ziel ist es diesen besonderen Tag mit zeitlos eleganten Bildern f\u00fcr Euch [&hellip;]<\/p>\n","protected":false},"author":3,"featured_media":0,"parent":0,"menu_order":0,"comment_status":"closed","ping_status":"closed","template":"","meta":{"footnotes":""},"class_list":["post-8390","page","type-page","status-publish"],"yoast_head":"<!-- This site is optimized with the Yoast SEO plugin v26.8 - https:\/\/yoast.com\/product\/yoast-seo-wordpress\/ -->\n<title>Hochzeitsfotograf Starnberg f\u00fcr Eure klassisch, elegante Hochzeit<\/title>\n<meta name=\"description\" content=\"\u2665 Hochzeitsfotograf Starnberg &amp; Umgebung: Hochwertige Hochzeitsbilder f\u00fcr Eure klassisch, elegante Hochzeit. Jetzt Kennenlernen vereinbaren! \u2665\" \/>\n<meta name=\"robots\" content=\"index, follow, max-snippet:-1, max-image-preview:large, max-video-preview:-1\" \/>\n<link rel=\"canonical\" href=\"https:\/\/www.sindiaboldt.de\/wedding\/hochzeitsfotograf-starnberg\/\" \/>\n<meta property=\"og:locale\" content=\"de_DE\" \/>\n<meta property=\"og:type\" content=\"article\" \/>\n<meta property=\"og:title\" content=\"Hochzeitsfotograf Starnberg f\u00fcr Eure klassisch, elegante Hochzeit\" \/>\n<meta property=\"og:description\" content=\"\u2665 Hochzeitsfotograf Starnberg &amp; Umgebung: Hochwertige Hochzeitsbilder f\u00fcr Eure klassisch, elegante Hochzeit. Jetzt Kennenlernen vereinbaren! \u2665\" \/>\n<meta property=\"og:url\" content=\"https:\/\/www.sindiaboldt.de\/wedding\/hochzeitsfotograf-starnberg\/\" \/>\n<meta property=\"og:site_name\" content=\"Wedding\" \/>\n<meta property=\"article:modified_time\" content=\"2022-04-14T14:37:23+00:00\" \/>\n<meta name=\"twitter:card\" content=\"summary_large_image\" \/>\n<meta name=\"twitter:label1\" content=\"Gesch\u00e4tzte Lesezeit\" \/>\n\t<meta name=\"twitter:data1\" content=\"1\u00a0Minute\" \/>\n<script type=\"application\/ld+json\" class=\"yoast-schema-graph\">{\"@context\":\"https:\/\/schema.org\",\"@graph\":[{\"@type\":\"WebPage\",\"@id\":\"https:\/\/www.sindiaboldt.de\/wedding\/hochzeitsfotograf-starnberg\/\",\"url\":\"https:\/\/www.sindiaboldt.de\/wedding\/hochzeitsfotograf-starnberg\/\",\"name\":\"Hochzeitsfotograf Starnberg f\u00fcr Eure klassisch, elegante Hochzeit\",\"isPartOf\":{\"@id\":\"https:\/\/www.sindiaboldt.de\/wedding\/#website\"},\"datePublished\":\"2020-02-20T19:09:07+00:00\",\"dateModified\":\"2022-04-14T14:37:23+00:00\",\"description\":\"\u2665 Hochzeitsfotograf Starnberg & Umgebung: Hochwertige Hochzeitsbilder f\u00fcr Eure klassisch, elegante Hochzeit. Jetzt Kennenlernen vereinbaren! \u2665\",\"breadcrumb\":{\"@id\":\"https:\/\/www.sindiaboldt.de\/wedding\/hochzeitsfotograf-starnberg\/#breadcrumb\"},\"inLanguage\":\"de\",\"potentialAction\":[{\"@type\":\"ReadAction\",\"target\":[\"https:\/\/www.sindiaboldt.de\/wedding\/hochzeitsfotograf-starnberg\/\"]}]},{\"@type\":\"BreadcrumbList\",\"@id\":\"https:\/\/www.sindiaboldt.de\/wedding\/hochzeitsfotograf-starnberg\/#breadcrumb\",\"itemListElement\":[{\"@type\":\"ListItem\",\"position\":1,\"name\":\"Home\",\"item\":\"https:\/\/www.sindiaboldt.de\/wedding\/\"},{\"@type\":\"ListItem\",\"position\":2,\"name\":\"Hochzeitsfotograf Starnberg f\u00fcr Eure klassisch, elegante Hochzeit\"}]},{\"@type\":\"WebSite\",\"@id\":\"https:\/\/www.sindiaboldt.de\/wedding\/#website\",\"url\":\"https:\/\/www.sindiaboldt.de\/wedding\/\",\"name\":\"Wedding\",\"description\":\"Sindia Boldt Hochzeitsfotograf M\u00fcnchen\",\"potentialAction\":[{\"@type\":\"SearchAction\",\"target\":{\"@type\":\"EntryPoint\",\"urlTemplate\":\"https:\/\/www.sindiaboldt.de\/wedding\/?s={search_term_string}\"},\"query-input\":{\"@type\":\"PropertyValueSpecification\",\"valueRequired\":true,\"valueName\":\"search_term_string\"}}],\"inLanguage\":\"de\"}]}<\/script>\n<!-- \/ Yoast SEO plugin. -->","yoast_head_json":{"title":"Hochzeitsfotograf Starnberg f\u00fcr Eure klassisch, elegante Hochzeit","description":"\u2665 Hochzeitsfotograf Starnberg & Umgebung: Hochwertige Hochzeitsbilder f\u00fcr Eure klassisch, elegante Hochzeit. Jetzt Kennenlernen vereinbaren! \u2665","robots":{"index":"index","follow":"follow","max-snippet":"max-snippet:-1","max-image-preview":"max-image-preview:large","max-video-preview":"max-video-preview:-1"},"canonical":"https:\/\/www.sindiaboldt.de\/wedding\/hochzeitsfotograf-starnberg\/","og_locale":"de_DE","og_type":"article","og_title":"Hochzeitsfotograf Starnberg f\u00fcr Eure klassisch, elegante Hochzeit","og_description":"\u2665 Hochzeitsfotograf Starnberg & Umgebung: Hochwertige Hochzeitsbilder f\u00fcr Eure klassisch, elegante Hochzeit. Jetzt Kennenlernen vereinbaren! \u2665","og_url":"https:\/\/www.sindiaboldt.de\/wedding\/hochzeitsfotograf-starnberg\/","og_site_name":"Wedding","article_modified_time":"2022-04-14T14:37:23+00:00","twitter_card":"summary_large_image","twitter_misc":{"Gesch\u00e4tzte Lesezeit":"1\u00a0Minute"},"schema":{"@context":"https:\/\/schema.org","@graph":[{"@type":"WebPage","@id":"https:\/\/www.sindiaboldt.de\/wedding\/hochzeitsfotograf-starnberg\/","url":"https:\/\/www.sindiaboldt.de\/wedding\/hochzeitsfotograf-starnberg\/","name":"Hochzeitsfotograf Starnberg f\u00fcr Eure klassisch, elegante Hochzeit","isPartOf":{"@id":"https:\/\/www.sindiaboldt.de\/wedding\/#website"},"datePublished":"2020-02-20T19:09:07+00:00","dateModified":"2022-04-14T14:37:23+00:00","description":"\u2665 Hochzeitsfotograf Starnberg & Umgebung: Hochwertige Hochzeitsbilder f\u00fcr Eure klassisch, elegante Hochzeit. Jetzt Kennenlernen vereinbaren! \u2665","breadcrumb":{"@id":"https:\/\/www.sindiaboldt.de\/wedding\/hochzeitsfotograf-starnberg\/#breadcrumb"},"inLanguage":"de","potentialAction":[{"@type":"ReadAction","target":["https:\/\/www.sindiaboldt.de\/wedding\/hochzeitsfotograf-starnberg\/"]}]},{"@type":"BreadcrumbList","@id":"https:\/\/www.sindiaboldt.de\/wedding\/hochzeitsfotograf-starnberg\/#breadcrumb","itemListElement":[{"@type":"ListItem","position":1,"name":"Home","item":"https:\/\/www.sindiaboldt.de\/wedding\/"},{"@type":"ListItem","position":2,"name":"Hochzeitsfotograf Starnberg f\u00fcr Eure klassisch, elegante Hochzeit"}]},{"@type":"WebSite","@id":"https:\/\/www.sindiaboldt.de\/wedding\/#website","url":"https:\/\/www.sindiaboldt.de\/wedding\/","name":"Wedding","description":"Sindia Boldt Hochzeitsfotograf M\u00fcnchen","potentialAction":[{"@type":"SearchAction","target":{"@type":"EntryPoint","urlTemplate":"https:\/\/www.sindiaboldt.de\/wedding\/?s={search_term_string}"},"query-input":{"@type":"PropertyValueSpecification","valueRequired":true,"valueName":"search_term_string"}}],"inLanguage":"de"}]}},"_links":{"self":[{"href":"https:\/\/www.sindiaboldt.de\/wedding\/wp-json\/wp\/v2\/pages\/8390","targetHints":{"allow":["GET"]}}],"collection":[{"href":"https:\/\/www.sindiaboldt.de\/wedding\/wp-json\/wp\/v2\/pages"}],"about":[{"href":"https:\/\/www.sindiaboldt.de\/wedding\/wp-json\/wp\/v2\/types\/page"}],"author":[{"embeddable":true,"href":"https:\/\/www.sindiaboldt.de\/wedding\/wp-json\/wp\/v2\/users\/3"}],"replies":[{"embeddable":true,"href":"https:\/\/www.sindiaboldt.de\/wedding\/wp-json\/wp\/v2\/comments?post=8390"}],"version-history":[{"count":0,"href":"https:\/\/www.sindiaboldt.de\/wedding\/wp-json\/wp\/v2\/pages\/8390\/revisions"}],"wp:attachment":[{"href":"https:\/\/www.sindiaboldt.de\/wedding\/wp-json\/wp\/v2\/media?parent=8390"}],"curies":[{"name":"wp","href":"https:\/\/api.w.org\/{rel}","templated":true}]}}