{"id":8514,"date":"2020-02-25T19:18:19","date_gmt":"2020-02-25T18:18:19","guid":{"rendered":"https:\/\/www.sindiaboldt.de\/wedding\/?page_id=8514"},"modified":"2022-06-14T16:09:13","modified_gmt":"2022-06-14T14:09:13","slug":"hochzeitsfotograf-augsburg","status":"publish","type":"page","link":"https:\/\/www.sindiaboldt.de\/wedding\/hochzeitsfotograf-augsburg\/","title":{"rendered":"Hochzeitsfotograf Augsburg &#8211; Eleganter, zeitloser Stil"},"content":{"rendered":"<p style=\"text-align: center\">Liebes Brautpaar, ich bin Sindia, Hochzeitsfotograf Augsburg. Gemeinsam mit meinem Team begleite ich seit 10 Jahren Hochzeiten. In Augsburg und ganz Bayern. Ich bin spezialisiert auf Hochzeiten in Schl\u00f6ssern, Herrenh\u00e4usern, eben k\u00f6niglich, edlem Ambiente. Diesen besonderen Tag halten wir in zeitlos eleganten Bildern f\u00fcr Euch fest. Abseits von unnat\u00fcrlichen Posen und kitschigen Bildern. Wir begleiten Euch zur\u00fcckhaltend und dennoch mit sicherer Hand durch diese spannende Reise. Wir haben bereits \u00fcber 250 Brautpaare in Augsburg und Umgebung mit\u00a0 Hochzeitsfotos gl\u00fccklich gemacht. Eure Hochzeitsbilder werden Euch durch unsere langj\u00e4hrige Erfahrung ein Leben lang Freude bereiten!<\/p>\n","protected":false},"excerpt":{"rendered":"<p>Liebes Brautpaar, ich bin Sindia, Hochzeitsfotograf Augsburg. Gemeinsam mit meinem Team begleite ich seit 10 Jahren Hochzeiten. In Augsburg und ganz Bayern. Ich bin spezialisiert auf Hochzeiten in Schl\u00f6ssern, Herrenh\u00e4usern, eben k\u00f6niglich, edlem Ambiente. Diesen besonderen Tag halten wir in zeitlos eleganten Bildern f\u00fcr Euch fest. Abseits von unnat\u00fcrlichen Posen und kitschigen Bildern. Wir begleiten [&hellip;]<\/p>\n","protected":false},"author":3,"featured_media":0,"parent":0,"menu_order":0,"comment_status":"closed","ping_status":"closed","template":"","meta":{"footnotes":""},"class_list":["post-8514","page","type-page","status-publish"],"yoast_head":"<!-- This site is optimized with the Yoast SEO plugin v26.8 - https:\/\/yoast.com\/product\/yoast-seo-wordpress\/ -->\n<title>Hochzeitsfotograf Augsburg - Eleganter, zeitloser Stil<\/title>\n<meta name=\"description\" content=\"\u2665 Hochzeitsfotograf Augsburg &amp; Umgebung: Hochwertige Hochzeitsbilder f\u00fcr Eure klassisch, elegante Hochzeit. Jetzt Kennenlernen vereinbaren! \u2665\" \/>\n<meta name=\"robots\" content=\"index, follow, max-snippet:-1, max-image-preview:large, max-video-preview:-1\" \/>\n<link rel=\"canonical\" href=\"https:\/\/www.sindiaboldt.de\/wedding\/hochzeitsfotograf-augsburg\/\" \/>\n<meta property=\"og:locale\" content=\"de_DE\" \/>\n<meta property=\"og:type\" content=\"article\" \/>\n<meta property=\"og:title\" content=\"Hochzeitsfotograf Augsburg - Eleganter, zeitloser Stil\" \/>\n<meta property=\"og:description\" content=\"\u2665 Hochzeitsfotograf Augsburg &amp; Umgebung: Hochwertige Hochzeitsbilder f\u00fcr Eure klassisch, elegante Hochzeit. Jetzt Kennenlernen vereinbaren! \u2665\" \/>\n<meta property=\"og:url\" content=\"https:\/\/www.sindiaboldt.de\/wedding\/hochzeitsfotograf-augsburg\/\" \/>\n<meta property=\"og:site_name\" content=\"Wedding\" \/>\n<meta property=\"article:modified_time\" content=\"2022-06-14T14:09:13+00:00\" \/>\n<meta name=\"twitter:card\" content=\"summary_large_image\" \/>\n<script type=\"application\/ld+json\" class=\"yoast-schema-graph\">{\"@context\":\"https:\/\/schema.org\",\"@graph\":[{\"@type\":\"WebPage\",\"@id\":\"https:\/\/www.sindiaboldt.de\/wedding\/hochzeitsfotograf-augsburg\/\",\"url\":\"https:\/\/www.sindiaboldt.de\/wedding\/hochzeitsfotograf-augsburg\/\",\"name\":\"Hochzeitsfotograf Augsburg - Eleganter, zeitloser Stil\",\"isPartOf\":{\"@id\":\"https:\/\/www.sindiaboldt.de\/wedding\/#website\"},\"datePublished\":\"2020-02-25T18:18:19+00:00\",\"dateModified\":\"2022-06-14T14:09:13+00:00\",\"description\":\"\u2665 Hochzeitsfotograf Augsburg & Umgebung: Hochwertige Hochzeitsbilder f\u00fcr Eure klassisch, elegante Hochzeit. Jetzt Kennenlernen vereinbaren! \u2665\",\"breadcrumb\":{\"@id\":\"https:\/\/www.sindiaboldt.de\/wedding\/hochzeitsfotograf-augsburg\/#breadcrumb\"},\"inLanguage\":\"de\",\"potentialAction\":[{\"@type\":\"ReadAction\",\"target\":[\"https:\/\/www.sindiaboldt.de\/wedding\/hochzeitsfotograf-augsburg\/\"]}]},{\"@type\":\"BreadcrumbList\",\"@id\":\"https:\/\/www.sindiaboldt.de\/wedding\/hochzeitsfotograf-augsburg\/#breadcrumb\",\"itemListElement\":[{\"@type\":\"ListItem\",\"position\":1,\"name\":\"Home\",\"item\":\"https:\/\/www.sindiaboldt.de\/wedding\/\"},{\"@type\":\"ListItem\",\"position\":2,\"name\":\"Hochzeitsfotograf Augsburg &#8211; Eleganter, zeitloser Stil\"}]},{\"@type\":\"WebSite\",\"@id\":\"https:\/\/www.sindiaboldt.de\/wedding\/#website\",\"url\":\"https:\/\/www.sindiaboldt.de\/wedding\/\",\"name\":\"Wedding\",\"description\":\"Sindia Boldt Hochzeitsfotograf M\u00fcnchen\",\"potentialAction\":[{\"@type\":\"SearchAction\",\"target\":{\"@type\":\"EntryPoint\",\"urlTemplate\":\"https:\/\/www.sindiaboldt.de\/wedding\/?s={search_term_string}\"},\"query-input\":{\"@type\":\"PropertyValueSpecification\",\"valueRequired\":true,\"valueName\":\"search_term_string\"}}],\"inLanguage\":\"de\"}]}<\/script>\n<!-- \/ Yoast SEO plugin. -->","yoast_head_json":{"title":"Hochzeitsfotograf Augsburg - Eleganter, zeitloser Stil","description":"\u2665 Hochzeitsfotograf Augsburg & Umgebung: Hochwertige Hochzeitsbilder f\u00fcr Eure klassisch, elegante Hochzeit. Jetzt Kennenlernen vereinbaren! \u2665","robots":{"index":"index","follow":"follow","max-snippet":"max-snippet:-1","max-image-preview":"max-image-preview:large","max-video-preview":"max-video-preview:-1"},"canonical":"https:\/\/www.sindiaboldt.de\/wedding\/hochzeitsfotograf-augsburg\/","og_locale":"de_DE","og_type":"article","og_title":"Hochzeitsfotograf Augsburg - Eleganter, zeitloser Stil","og_description":"\u2665 Hochzeitsfotograf Augsburg & Umgebung: Hochwertige Hochzeitsbilder f\u00fcr Eure klassisch, elegante Hochzeit. Jetzt Kennenlernen vereinbaren! \u2665","og_url":"https:\/\/www.sindiaboldt.de\/wedding\/hochzeitsfotograf-augsburg\/","og_site_name":"Wedding","article_modified_time":"2022-06-14T14:09:13+00:00","twitter_card":"summary_large_image","schema":{"@context":"https:\/\/schema.org","@graph":[{"@type":"WebPage","@id":"https:\/\/www.sindiaboldt.de\/wedding\/hochzeitsfotograf-augsburg\/","url":"https:\/\/www.sindiaboldt.de\/wedding\/hochzeitsfotograf-augsburg\/","name":"Hochzeitsfotograf Augsburg - Eleganter, zeitloser Stil","isPartOf":{"@id":"https:\/\/www.sindiaboldt.de\/wedding\/#website"},"datePublished":"2020-02-25T18:18:19+00:00","dateModified":"2022-06-14T14:09:13+00:00","description":"\u2665 Hochzeitsfotograf Augsburg & Umgebung: Hochwertige Hochzeitsbilder f\u00fcr Eure klassisch, elegante Hochzeit. Jetzt Kennenlernen vereinbaren! \u2665","breadcrumb":{"@id":"https:\/\/www.sindiaboldt.de\/wedding\/hochzeitsfotograf-augsburg\/#breadcrumb"},"inLanguage":"de","potentialAction":[{"@type":"ReadAction","target":["https:\/\/www.sindiaboldt.de\/wedding\/hochzeitsfotograf-augsburg\/"]}]},{"@type":"BreadcrumbList","@id":"https:\/\/www.sindiaboldt.de\/wedding\/hochzeitsfotograf-augsburg\/#breadcrumb","itemListElement":[{"@type":"ListItem","position":1,"name":"Home","item":"https:\/\/www.sindiaboldt.de\/wedding\/"},{"@type":"ListItem","position":2,"name":"Hochzeitsfotograf Augsburg &#8211; Eleganter, zeitloser Stil"}]},{"@type":"WebSite","@id":"https:\/\/www.sindiaboldt.de\/wedding\/#website","url":"https:\/\/www.sindiaboldt.de\/wedding\/","name":"Wedding","description":"Sindia Boldt Hochzeitsfotograf M\u00fcnchen","potentialAction":[{"@type":"SearchAction","target":{"@type":"EntryPoint","urlTemplate":"https:\/\/www.sindiaboldt.de\/wedding\/?s={search_term_string}"},"query-input":{"@type":"PropertyValueSpecification","valueRequired":true,"valueName":"search_term_string"}}],"inLanguage":"de"}]}},"_links":{"self":[{"href":"https:\/\/www.sindiaboldt.de\/wedding\/wp-json\/wp\/v2\/pages\/8514","targetHints":{"allow":["GET"]}}],"collection":[{"href":"https:\/\/www.sindiaboldt.de\/wedding\/wp-json\/wp\/v2\/pages"}],"about":[{"href":"https:\/\/www.sindiaboldt.de\/wedding\/wp-json\/wp\/v2\/types\/page"}],"author":[{"embeddable":true,"href":"https:\/\/www.sindiaboldt.de\/wedding\/wp-json\/wp\/v2\/users\/3"}],"replies":[{"embeddable":true,"href":"https:\/\/www.sindiaboldt.de\/wedding\/wp-json\/wp\/v2\/comments?post=8514"}],"version-history":[{"count":0,"href":"https:\/\/www.sindiaboldt.de\/wedding\/wp-json\/wp\/v2\/pages\/8514\/revisions"}],"wp:attachment":[{"href":"https:\/\/www.sindiaboldt.de\/wedding\/wp-json\/wp\/v2\/media?parent=8514"}],"curies":[{"name":"wp","href":"https:\/\/api.w.org\/{rel}","templated":true}]}}