{"id":8527,"date":"2020-02-26T09:32:36","date_gmt":"2020-02-26T08:32:36","guid":{"rendered":"https:\/\/www.sindiaboldt.de\/wedding\/?page_id=8527"},"modified":"2022-04-14T16:28:35","modified_gmt":"2022-04-14T14:28:35","slug":"hochzeitsfotograf-ingolstadt","status":"publish","type":"page","link":"https:\/\/www.sindiaboldt.de\/wedding\/hochzeitsfotograf-ingolstadt\/","title":{"rendered":"Hochzeitsfotograf Ingolstadt &#8211; Klassisch Elegante Hochzeit"},"content":{"rendered":"<p style=\"text-align: center\">Liebe Brautpaare, ich bin Sindia, Hochzeitsfotograf Ingolstadt. Mit meinem Team gemeinsam bin ich auf Hochzeiten rund um Ingolstadt und in ganz Bayern spezialisiert. Unser Herz schl\u00e4gt f\u00fcr Hochzeiten in Schl\u00f6ssern, Herrenh\u00e4usern, eben k\u00f6niglich, edlen Ambiente und unser Ziel ist es diesen besonderen Tag mit zeitlos eleganten Bildern f\u00fcr Euch festzuhalten. Kitsch und gestellte Posen geh\u00f6ren bei uns nicht zum Repertoire. Vielmehr begleiten wir Euch sehr dezent und dennoch mit sicherer Hand durch diese spannende Reise. Wir haben \u00fcber 250 Brautpaare als Hochzeitsfotograf Ingolstadt &amp; Umgebung gl\u00fccklich gemacht. Mit traumhaften sch\u00f6nen Hochzeitsfotos, die Euch durch unsere langj\u00e4hrige Erfahrung ein Leben lang Freude bereiten werden.<\/p>\n","protected":false},"excerpt":{"rendered":"<p>Liebe Brautpaare, ich bin Sindia, Hochzeitsfotograf Ingolstadt. Mit meinem Team gemeinsam bin ich auf Hochzeiten rund um Ingolstadt und in ganz Bayern spezialisiert. Unser Herz schl\u00e4gt f\u00fcr Hochzeiten in Schl\u00f6ssern, Herrenh\u00e4usern, eben k\u00f6niglich, edlen Ambiente und unser Ziel ist es diesen besonderen Tag mit zeitlos eleganten Bildern f\u00fcr Euch festzuhalten. Kitsch und gestellte Posen geh\u00f6ren [&hellip;]<\/p>\n","protected":false},"author":3,"featured_media":0,"parent":0,"menu_order":0,"comment_status":"closed","ping_status":"closed","template":"","meta":{"footnotes":""},"class_list":["post-8527","page","type-page","status-publish"],"yoast_head":"<!-- This site is optimized with the Yoast SEO plugin v26.8 - https:\/\/yoast.com\/product\/yoast-seo-wordpress\/ -->\n<title>Hochzeitsfotograf Ingolstadt - Klassisch Elegante Hochzeit<\/title>\n<meta name=\"description\" content=\"\u2665 Hochzeitsfotograf Ingolstadt &amp; Umgebung: Hochwertige Hochzeitsbilder f\u00fcr Eure klassisch, elegante Hochzeit. Jetzt Kennenlernen vereinbaren! \u2665\" \/>\n<meta name=\"robots\" content=\"index, follow, max-snippet:-1, max-image-preview:large, max-video-preview:-1\" \/>\n<link rel=\"canonical\" href=\"https:\/\/www.sindiaboldt.de\/wedding\/hochzeitsfotograf-ingolstadt\/\" \/>\n<meta property=\"og:locale\" content=\"de_DE\" \/>\n<meta property=\"og:type\" content=\"article\" \/>\n<meta property=\"og:title\" content=\"Hochzeitsfotograf Ingolstadt - Klassisch Elegante Hochzeit\" \/>\n<meta property=\"og:description\" content=\"\u2665 Hochzeitsfotograf Ingolstadt &amp; Umgebung: Hochwertige Hochzeitsbilder f\u00fcr Eure klassisch, elegante Hochzeit. Jetzt Kennenlernen vereinbaren! \u2665\" \/>\n<meta property=\"og:url\" content=\"https:\/\/www.sindiaboldt.de\/wedding\/hochzeitsfotograf-ingolstadt\/\" \/>\n<meta property=\"og:site_name\" content=\"Wedding\" \/>\n<meta property=\"article:modified_time\" content=\"2022-04-14T14:28:35+00:00\" \/>\n<meta name=\"twitter:card\" content=\"summary_large_image\" \/>\n<meta name=\"twitter:label1\" content=\"Gesch\u00e4tzte Lesezeit\" \/>\n\t<meta name=\"twitter:data1\" content=\"1\u00a0Minute\" \/>\n<script type=\"application\/ld+json\" class=\"yoast-schema-graph\">{\"@context\":\"https:\/\/schema.org\",\"@graph\":[{\"@type\":\"WebPage\",\"@id\":\"https:\/\/www.sindiaboldt.de\/wedding\/hochzeitsfotograf-ingolstadt\/\",\"url\":\"https:\/\/www.sindiaboldt.de\/wedding\/hochzeitsfotograf-ingolstadt\/\",\"name\":\"Hochzeitsfotograf Ingolstadt - Klassisch Elegante Hochzeit\",\"isPartOf\":{\"@id\":\"https:\/\/www.sindiaboldt.de\/wedding\/#website\"},\"datePublished\":\"2020-02-26T08:32:36+00:00\",\"dateModified\":\"2022-04-14T14:28:35+00:00\",\"description\":\"\u2665 Hochzeitsfotograf Ingolstadt & Umgebung: Hochwertige Hochzeitsbilder f\u00fcr Eure klassisch, elegante Hochzeit. Jetzt Kennenlernen vereinbaren! \u2665\",\"breadcrumb\":{\"@id\":\"https:\/\/www.sindiaboldt.de\/wedding\/hochzeitsfotograf-ingolstadt\/#breadcrumb\"},\"inLanguage\":\"de\",\"potentialAction\":[{\"@type\":\"ReadAction\",\"target\":[\"https:\/\/www.sindiaboldt.de\/wedding\/hochzeitsfotograf-ingolstadt\/\"]}]},{\"@type\":\"BreadcrumbList\",\"@id\":\"https:\/\/www.sindiaboldt.de\/wedding\/hochzeitsfotograf-ingolstadt\/#breadcrumb\",\"itemListElement\":[{\"@type\":\"ListItem\",\"position\":1,\"name\":\"Home\",\"item\":\"https:\/\/www.sindiaboldt.de\/wedding\/\"},{\"@type\":\"ListItem\",\"position\":2,\"name\":\"Hochzeitsfotograf Ingolstadt &#8211; Klassisch Elegante Hochzeit\"}]},{\"@type\":\"WebSite\",\"@id\":\"https:\/\/www.sindiaboldt.de\/wedding\/#website\",\"url\":\"https:\/\/www.sindiaboldt.de\/wedding\/\",\"name\":\"Wedding\",\"description\":\"Sindia Boldt Hochzeitsfotograf M\u00fcnchen\",\"potentialAction\":[{\"@type\":\"SearchAction\",\"target\":{\"@type\":\"EntryPoint\",\"urlTemplate\":\"https:\/\/www.sindiaboldt.de\/wedding\/?s={search_term_string}\"},\"query-input\":{\"@type\":\"PropertyValueSpecification\",\"valueRequired\":true,\"valueName\":\"search_term_string\"}}],\"inLanguage\":\"de\"}]}<\/script>\n<!-- \/ Yoast SEO plugin. -->","yoast_head_json":{"title":"Hochzeitsfotograf Ingolstadt - Klassisch Elegante Hochzeit","description":"\u2665 Hochzeitsfotograf Ingolstadt & Umgebung: Hochwertige Hochzeitsbilder f\u00fcr Eure klassisch, elegante Hochzeit. Jetzt Kennenlernen vereinbaren! \u2665","robots":{"index":"index","follow":"follow","max-snippet":"max-snippet:-1","max-image-preview":"max-image-preview:large","max-video-preview":"max-video-preview:-1"},"canonical":"https:\/\/www.sindiaboldt.de\/wedding\/hochzeitsfotograf-ingolstadt\/","og_locale":"de_DE","og_type":"article","og_title":"Hochzeitsfotograf Ingolstadt - Klassisch Elegante Hochzeit","og_description":"\u2665 Hochzeitsfotograf Ingolstadt & Umgebung: Hochwertige Hochzeitsbilder f\u00fcr Eure klassisch, elegante Hochzeit. Jetzt Kennenlernen vereinbaren! \u2665","og_url":"https:\/\/www.sindiaboldt.de\/wedding\/hochzeitsfotograf-ingolstadt\/","og_site_name":"Wedding","article_modified_time":"2022-04-14T14:28:35+00:00","twitter_card":"summary_large_image","twitter_misc":{"Gesch\u00e4tzte Lesezeit":"1\u00a0Minute"},"schema":{"@context":"https:\/\/schema.org","@graph":[{"@type":"WebPage","@id":"https:\/\/www.sindiaboldt.de\/wedding\/hochzeitsfotograf-ingolstadt\/","url":"https:\/\/www.sindiaboldt.de\/wedding\/hochzeitsfotograf-ingolstadt\/","name":"Hochzeitsfotograf Ingolstadt - Klassisch Elegante Hochzeit","isPartOf":{"@id":"https:\/\/www.sindiaboldt.de\/wedding\/#website"},"datePublished":"2020-02-26T08:32:36+00:00","dateModified":"2022-04-14T14:28:35+00:00","description":"\u2665 Hochzeitsfotograf Ingolstadt & Umgebung: Hochwertige Hochzeitsbilder f\u00fcr Eure klassisch, elegante Hochzeit. Jetzt Kennenlernen vereinbaren! \u2665","breadcrumb":{"@id":"https:\/\/www.sindiaboldt.de\/wedding\/hochzeitsfotograf-ingolstadt\/#breadcrumb"},"inLanguage":"de","potentialAction":[{"@type":"ReadAction","target":["https:\/\/www.sindiaboldt.de\/wedding\/hochzeitsfotograf-ingolstadt\/"]}]},{"@type":"BreadcrumbList","@id":"https:\/\/www.sindiaboldt.de\/wedding\/hochzeitsfotograf-ingolstadt\/#breadcrumb","itemListElement":[{"@type":"ListItem","position":1,"name":"Home","item":"https:\/\/www.sindiaboldt.de\/wedding\/"},{"@type":"ListItem","position":2,"name":"Hochzeitsfotograf Ingolstadt &#8211; Klassisch Elegante Hochzeit"}]},{"@type":"WebSite","@id":"https:\/\/www.sindiaboldt.de\/wedding\/#website","url":"https:\/\/www.sindiaboldt.de\/wedding\/","name":"Wedding","description":"Sindia Boldt Hochzeitsfotograf M\u00fcnchen","potentialAction":[{"@type":"SearchAction","target":{"@type":"EntryPoint","urlTemplate":"https:\/\/www.sindiaboldt.de\/wedding\/?s={search_term_string}"},"query-input":{"@type":"PropertyValueSpecification","valueRequired":true,"valueName":"search_term_string"}}],"inLanguage":"de"}]}},"_links":{"self":[{"href":"https:\/\/www.sindiaboldt.de\/wedding\/wp-json\/wp\/v2\/pages\/8527","targetHints":{"allow":["GET"]}}],"collection":[{"href":"https:\/\/www.sindiaboldt.de\/wedding\/wp-json\/wp\/v2\/pages"}],"about":[{"href":"https:\/\/www.sindiaboldt.de\/wedding\/wp-json\/wp\/v2\/types\/page"}],"author":[{"embeddable":true,"href":"https:\/\/www.sindiaboldt.de\/wedding\/wp-json\/wp\/v2\/users\/3"}],"replies":[{"embeddable":true,"href":"https:\/\/www.sindiaboldt.de\/wedding\/wp-json\/wp\/v2\/comments?post=8527"}],"version-history":[{"count":0,"href":"https:\/\/www.sindiaboldt.de\/wedding\/wp-json\/wp\/v2\/pages\/8527\/revisions"}],"wp:attachment":[{"href":"https:\/\/www.sindiaboldt.de\/wedding\/wp-json\/wp\/v2\/media?parent=8527"}],"curies":[{"name":"wp","href":"https:\/\/api.w.org\/{rel}","templated":true}]}}