{"id":9252,"date":"2020-04-01T22:00:05","date_gmt":"2020-04-01T20:00:05","guid":{"rendered":"https:\/\/www.sindiaboldt.de\/wedding\/?page_id=9252"},"modified":"2022-04-14T16:33:06","modified_gmt":"2022-04-14T14:33:06","slug":"hochzeitsfotograf-landshut","status":"publish","type":"page","link":"https:\/\/www.sindiaboldt.de\/wedding\/hochzeitsfotograf-landshut\/","title":{"rendered":"Hochzeitsfotograf Landshut &#8211; Hochwertige Hochzeitsfotos"},"content":{"rendered":"<p style=\"text-align: center\">Sch\u00f6n, dass Ihr hier seid! Ich bin Sindia Boldt, Hochzeitsfotograf Landshut, und wenn Euer Herz bei Hochzeiten im Schloss h\u00f6her h\u00fcpft, seid Ihr hier genau richtig! Mein Team und ich begleiten seit fast 10 Jahren Hochzeiten. In Landshut und der Region. Meine Spezialit\u00e4t sind Hochzeiten im Schloss, einem alten Herrenhaus, k\u00f6niglichem, edlem Ambiente. Diesen gro\u00dfen Tag Eurer Liebe sollt ihr f\u00fcr immer durch wundervolle Bilder erinnern k\u00f6nnen. Das ist mein gr\u00f6\u00dfter Antrieb! Mein Stil ist zeitlos und elegant. Genau wie Eure Hochzeit! Ohne unnat\u00fcrliche Posen und kitschige Bilder. Wir begleiten Euch als Hochzeitsfotograf Landshut mit sicherer Hand und viel Empathie an diesem wichtigen Tag und sind dennoch zur\u00fcckhaltend und kaum wahrnehmbar. \u00dcber 250 Brautpaare in Landshut und Umgebung haben mir bereits Ihr Vertrauen geschenkt und wurden mit wundersch\u00f6nen Hochzeitsbildern beschenkt. Eure Hochzeit ist etwas ganz besonderes! Lasst sie uns in ganz besonderen Hochzeitsfotos Landshut festhalten!<\/p>\n","protected":false},"excerpt":{"rendered":"<p>Sch\u00f6n, dass Ihr hier seid! Ich bin Sindia Boldt, Hochzeitsfotograf Landshut, und wenn Euer Herz bei Hochzeiten im Schloss h\u00f6her h\u00fcpft, seid Ihr hier genau richtig! Mein Team und ich begleiten seit fast 10 Jahren Hochzeiten. In Landshut und der Region. Meine Spezialit\u00e4t sind Hochzeiten im Schloss, einem alten Herrenhaus, k\u00f6niglichem, edlem Ambiente. Diesen gro\u00dfen [&hellip;]<\/p>\n","protected":false},"author":1,"featured_media":0,"parent":0,"menu_order":0,"comment_status":"closed","ping_status":"closed","template":"","meta":{"footnotes":""},"class_list":["post-9252","page","type-page","status-publish"],"yoast_head":"<!-- This site is optimized with the Yoast SEO plugin v26.8 - https:\/\/yoast.com\/product\/yoast-seo-wordpress\/ -->\n<title>Hochzeitsfotograf Landshut - Hochwertige Hochzeitsfotos<\/title>\n<meta name=\"description\" content=\"\u2665 Hochzeitsfotograf Landshut &amp; Umgebung: Hochwertige Hochzeitsbilder f\u00fcr Eure klassisch, elegante Hochzeit. Jetzt Kennenlernen vereinbaren! \u2665\" \/>\n<meta name=\"robots\" content=\"index, follow, max-snippet:-1, max-image-preview:large, max-video-preview:-1\" \/>\n<link rel=\"canonical\" href=\"https:\/\/www.sindiaboldt.de\/wedding\/hochzeitsfotograf-landshut\/\" \/>\n<meta property=\"og:locale\" content=\"de_DE\" \/>\n<meta property=\"og:type\" content=\"article\" \/>\n<meta property=\"og:title\" content=\"Hochzeitsfotograf Landshut - Hochwertige Hochzeitsfotos\" \/>\n<meta property=\"og:description\" content=\"\u2665 Hochzeitsfotograf Landshut &amp; Umgebung: Hochwertige Hochzeitsbilder f\u00fcr Eure klassisch, elegante Hochzeit. Jetzt Kennenlernen vereinbaren! \u2665\" \/>\n<meta property=\"og:url\" content=\"https:\/\/www.sindiaboldt.de\/wedding\/hochzeitsfotograf-landshut\/\" \/>\n<meta property=\"og:site_name\" content=\"Wedding\" \/>\n<meta property=\"article:modified_time\" content=\"2022-04-14T14:33:06+00:00\" \/>\n<meta name=\"twitter:card\" content=\"summary_large_image\" \/>\n<meta name=\"twitter:label1\" content=\"Gesch\u00e4tzte Lesezeit\" \/>\n\t<meta name=\"twitter:data1\" content=\"1\u00a0Minute\" \/>\n<script type=\"application\/ld+json\" class=\"yoast-schema-graph\">{\"@context\":\"https:\/\/schema.org\",\"@graph\":[{\"@type\":\"WebPage\",\"@id\":\"https:\/\/www.sindiaboldt.de\/wedding\/hochzeitsfotograf-landshut\/\",\"url\":\"https:\/\/www.sindiaboldt.de\/wedding\/hochzeitsfotograf-landshut\/\",\"name\":\"Hochzeitsfotograf Landshut - Hochwertige Hochzeitsfotos\",\"isPartOf\":{\"@id\":\"https:\/\/www.sindiaboldt.de\/wedding\/#website\"},\"datePublished\":\"2020-04-01T20:00:05+00:00\",\"dateModified\":\"2022-04-14T14:33:06+00:00\",\"description\":\"\u2665 Hochzeitsfotograf Landshut & Umgebung: Hochwertige Hochzeitsbilder f\u00fcr Eure klassisch, elegante Hochzeit. Jetzt Kennenlernen vereinbaren! \u2665\",\"breadcrumb\":{\"@id\":\"https:\/\/www.sindiaboldt.de\/wedding\/hochzeitsfotograf-landshut\/#breadcrumb\"},\"inLanguage\":\"de\",\"potentialAction\":[{\"@type\":\"ReadAction\",\"target\":[\"https:\/\/www.sindiaboldt.de\/wedding\/hochzeitsfotograf-landshut\/\"]}]},{\"@type\":\"BreadcrumbList\",\"@id\":\"https:\/\/www.sindiaboldt.de\/wedding\/hochzeitsfotograf-landshut\/#breadcrumb\",\"itemListElement\":[{\"@type\":\"ListItem\",\"position\":1,\"name\":\"Home\",\"item\":\"https:\/\/www.sindiaboldt.de\/wedding\/\"},{\"@type\":\"ListItem\",\"position\":2,\"name\":\"Hochzeitsfotograf Landshut &#8211; Hochwertige Hochzeitsfotos\"}]},{\"@type\":\"WebSite\",\"@id\":\"https:\/\/www.sindiaboldt.de\/wedding\/#website\",\"url\":\"https:\/\/www.sindiaboldt.de\/wedding\/\",\"name\":\"Wedding\",\"description\":\"Sindia Boldt Hochzeitsfotograf M\u00fcnchen\",\"potentialAction\":[{\"@type\":\"SearchAction\",\"target\":{\"@type\":\"EntryPoint\",\"urlTemplate\":\"https:\/\/www.sindiaboldt.de\/wedding\/?s={search_term_string}\"},\"query-input\":{\"@type\":\"PropertyValueSpecification\",\"valueRequired\":true,\"valueName\":\"search_term_string\"}}],\"inLanguage\":\"de\"}]}<\/script>\n<!-- \/ Yoast SEO plugin. -->","yoast_head_json":{"title":"Hochzeitsfotograf Landshut - Hochwertige Hochzeitsfotos","description":"\u2665 Hochzeitsfotograf Landshut & Umgebung: Hochwertige Hochzeitsbilder f\u00fcr Eure klassisch, elegante Hochzeit. Jetzt Kennenlernen vereinbaren! \u2665","robots":{"index":"index","follow":"follow","max-snippet":"max-snippet:-1","max-image-preview":"max-image-preview:large","max-video-preview":"max-video-preview:-1"},"canonical":"https:\/\/www.sindiaboldt.de\/wedding\/hochzeitsfotograf-landshut\/","og_locale":"de_DE","og_type":"article","og_title":"Hochzeitsfotograf Landshut - Hochwertige Hochzeitsfotos","og_description":"\u2665 Hochzeitsfotograf Landshut & Umgebung: Hochwertige Hochzeitsbilder f\u00fcr Eure klassisch, elegante Hochzeit. Jetzt Kennenlernen vereinbaren! \u2665","og_url":"https:\/\/www.sindiaboldt.de\/wedding\/hochzeitsfotograf-landshut\/","og_site_name":"Wedding","article_modified_time":"2022-04-14T14:33:06+00:00","twitter_card":"summary_large_image","twitter_misc":{"Gesch\u00e4tzte Lesezeit":"1\u00a0Minute"},"schema":{"@context":"https:\/\/schema.org","@graph":[{"@type":"WebPage","@id":"https:\/\/www.sindiaboldt.de\/wedding\/hochzeitsfotograf-landshut\/","url":"https:\/\/www.sindiaboldt.de\/wedding\/hochzeitsfotograf-landshut\/","name":"Hochzeitsfotograf Landshut - Hochwertige Hochzeitsfotos","isPartOf":{"@id":"https:\/\/www.sindiaboldt.de\/wedding\/#website"},"datePublished":"2020-04-01T20:00:05+00:00","dateModified":"2022-04-14T14:33:06+00:00","description":"\u2665 Hochzeitsfotograf Landshut & Umgebung: Hochwertige Hochzeitsbilder f\u00fcr Eure klassisch, elegante Hochzeit. Jetzt Kennenlernen vereinbaren! \u2665","breadcrumb":{"@id":"https:\/\/www.sindiaboldt.de\/wedding\/hochzeitsfotograf-landshut\/#breadcrumb"},"inLanguage":"de","potentialAction":[{"@type":"ReadAction","target":["https:\/\/www.sindiaboldt.de\/wedding\/hochzeitsfotograf-landshut\/"]}]},{"@type":"BreadcrumbList","@id":"https:\/\/www.sindiaboldt.de\/wedding\/hochzeitsfotograf-landshut\/#breadcrumb","itemListElement":[{"@type":"ListItem","position":1,"name":"Home","item":"https:\/\/www.sindiaboldt.de\/wedding\/"},{"@type":"ListItem","position":2,"name":"Hochzeitsfotograf Landshut &#8211; Hochwertige Hochzeitsfotos"}]},{"@type":"WebSite","@id":"https:\/\/www.sindiaboldt.de\/wedding\/#website","url":"https:\/\/www.sindiaboldt.de\/wedding\/","name":"Wedding","description":"Sindia Boldt Hochzeitsfotograf M\u00fcnchen","potentialAction":[{"@type":"SearchAction","target":{"@type":"EntryPoint","urlTemplate":"https:\/\/www.sindiaboldt.de\/wedding\/?s={search_term_string}"},"query-input":{"@type":"PropertyValueSpecification","valueRequired":true,"valueName":"search_term_string"}}],"inLanguage":"de"}]}},"_links":{"self":[{"href":"https:\/\/www.sindiaboldt.de\/wedding\/wp-json\/wp\/v2\/pages\/9252","targetHints":{"allow":["GET"]}}],"collection":[{"href":"https:\/\/www.sindiaboldt.de\/wedding\/wp-json\/wp\/v2\/pages"}],"about":[{"href":"https:\/\/www.sindiaboldt.de\/wedding\/wp-json\/wp\/v2\/types\/page"}],"author":[{"embeddable":true,"href":"https:\/\/www.sindiaboldt.de\/wedding\/wp-json\/wp\/v2\/users\/1"}],"replies":[{"embeddable":true,"href":"https:\/\/www.sindiaboldt.de\/wedding\/wp-json\/wp\/v2\/comments?post=9252"}],"version-history":[{"count":0,"href":"https:\/\/www.sindiaboldt.de\/wedding\/wp-json\/wp\/v2\/pages\/9252\/revisions"}],"wp:attachment":[{"href":"https:\/\/www.sindiaboldt.de\/wedding\/wp-json\/wp\/v2\/media?parent=9252"}],"curies":[{"name":"wp","href":"https:\/\/api.w.org\/{rel}","templated":true}]}}