{"id":9289,"date":"2020-04-14T15:38:26","date_gmt":"2020-04-14T13:38:26","guid":{"rendered":"https:\/\/www.sindiaboldt.de\/wedding\/?page_id=9289"},"modified":"2022-04-14T16:13:44","modified_gmt":"2022-04-14T14:13:44","slug":"hochzeitsfotograf-tegernsee","status":"publish","type":"page","link":"https:\/\/www.sindiaboldt.de\/wedding\/hochzeitsfotograf-tegernsee\/","title":{"rendered":"Hochzeitsfotograf Tegernsee &#8211; Klassisch elegante Hochzeitsfotos"},"content":{"rendered":"<p style=\"text-align: center\">Hallo, liebes Brautpaar, sch\u00f6n, dass Ihr da seid! Mein Name ist Sindia, ich bin mit viel Herz und Leidenschaft seit mehr als 10 Jahren Hochzeitsfotograf Tegernsee. Ich begleite auch Eure Hochzeit am Tegernsee, auf einem Schloss, in einem eleganten oder edlen Ambiente. Was mich antreibt sind die gl\u00fccklichen Momentaufnahmen, die gro\u00dfen Gef\u00fchle zweier Menschen und Eurer ganzen Familie \u2013 festgehalten f\u00fcr immer! Es ist Euer besonderer Tag und ich mache besondere Bilder: zeitlos, elegant und stilvoll, dezent und mit dem n\u00f6tigen Fingerspitzengef\u00fchl. Darf ich auch Euch nach einem der sch\u00f6nsten Tage Eures Lebens wundersch\u00f6ne Hochzeitsbilder Tegernsee \u00fcbergeben?<\/p>\n","protected":false},"excerpt":{"rendered":"<p>Hallo, liebes Brautpaar, sch\u00f6n, dass Ihr da seid! Mein Name ist Sindia, ich bin mit viel Herz und Leidenschaft seit mehr als 10 Jahren Hochzeitsfotograf Tegernsee. Ich begleite auch Eure Hochzeit am Tegernsee, auf einem Schloss, in einem eleganten oder edlen Ambiente. Was mich antreibt sind die gl\u00fccklichen Momentaufnahmen, die gro\u00dfen Gef\u00fchle zweier Menschen und [&hellip;]<\/p>\n","protected":false},"author":1,"featured_media":0,"parent":0,"menu_order":0,"comment_status":"closed","ping_status":"closed","template":"","meta":{"footnotes":""},"class_list":["post-9289","page","type-page","status-publish"],"yoast_head":"<!-- This site is optimized with the Yoast SEO plugin v26.8 - https:\/\/yoast.com\/product\/yoast-seo-wordpress\/ -->\n<title>Hochzeitsfotograf Tegernsee - Klassisch elegante Hochzeitsfotos<\/title>\n<meta name=\"description\" content=\"\u2665 Hochzeitsfotograf Tegernsee &amp; Umgebung: Hochwertige Hochzeitsbilder f\u00fcr Eure klassisch, elegante Hochzeit. Jetzt Kennenlernen vereinbaren! \u2665\" \/>\n<meta name=\"robots\" content=\"index, follow, max-snippet:-1, max-image-preview:large, max-video-preview:-1\" \/>\n<link rel=\"canonical\" href=\"https:\/\/www.sindiaboldt.de\/wedding\/hochzeitsfotograf-tegernsee\/\" \/>\n<meta property=\"og:locale\" content=\"de_DE\" \/>\n<meta property=\"og:type\" content=\"article\" \/>\n<meta property=\"og:title\" content=\"Hochzeitsfotograf Tegernsee - Klassisch elegante Hochzeitsfotos\" \/>\n<meta property=\"og:description\" content=\"\u2665 Hochzeitsfotograf Tegernsee &amp; Umgebung: Hochwertige Hochzeitsbilder f\u00fcr Eure klassisch, elegante Hochzeit. Jetzt Kennenlernen vereinbaren! \u2665\" \/>\n<meta property=\"og:url\" content=\"https:\/\/www.sindiaboldt.de\/wedding\/hochzeitsfotograf-tegernsee\/\" \/>\n<meta property=\"og:site_name\" content=\"Wedding\" \/>\n<meta property=\"article:modified_time\" content=\"2022-04-14T14:13:44+00:00\" \/>\n<meta name=\"twitter:card\" content=\"summary_large_image\" \/>\n<meta name=\"twitter:label1\" content=\"Gesch\u00e4tzte Lesezeit\" \/>\n\t<meta name=\"twitter:data1\" content=\"1\u00a0Minute\" \/>\n<script type=\"application\/ld+json\" class=\"yoast-schema-graph\">{\"@context\":\"https:\/\/schema.org\",\"@graph\":[{\"@type\":\"WebPage\",\"@id\":\"https:\/\/www.sindiaboldt.de\/wedding\/hochzeitsfotograf-tegernsee\/\",\"url\":\"https:\/\/www.sindiaboldt.de\/wedding\/hochzeitsfotograf-tegernsee\/\",\"name\":\"Hochzeitsfotograf Tegernsee - Klassisch elegante Hochzeitsfotos\",\"isPartOf\":{\"@id\":\"https:\/\/www.sindiaboldt.de\/wedding\/#website\"},\"datePublished\":\"2020-04-14T13:38:26+00:00\",\"dateModified\":\"2022-04-14T14:13:44+00:00\",\"description\":\"\u2665 Hochzeitsfotograf Tegernsee & Umgebung: Hochwertige Hochzeitsbilder f\u00fcr Eure klassisch, elegante Hochzeit. Jetzt Kennenlernen vereinbaren! \u2665\",\"breadcrumb\":{\"@id\":\"https:\/\/www.sindiaboldt.de\/wedding\/hochzeitsfotograf-tegernsee\/#breadcrumb\"},\"inLanguage\":\"de\",\"potentialAction\":[{\"@type\":\"ReadAction\",\"target\":[\"https:\/\/www.sindiaboldt.de\/wedding\/hochzeitsfotograf-tegernsee\/\"]}]},{\"@type\":\"BreadcrumbList\",\"@id\":\"https:\/\/www.sindiaboldt.de\/wedding\/hochzeitsfotograf-tegernsee\/#breadcrumb\",\"itemListElement\":[{\"@type\":\"ListItem\",\"position\":1,\"name\":\"Home\",\"item\":\"https:\/\/www.sindiaboldt.de\/wedding\/\"},{\"@type\":\"ListItem\",\"position\":2,\"name\":\"Hochzeitsfotograf Tegernsee &#8211; Klassisch elegante Hochzeitsfotos\"}]},{\"@type\":\"WebSite\",\"@id\":\"https:\/\/www.sindiaboldt.de\/wedding\/#website\",\"url\":\"https:\/\/www.sindiaboldt.de\/wedding\/\",\"name\":\"Wedding\",\"description\":\"Sindia Boldt Hochzeitsfotograf M\u00fcnchen\",\"potentialAction\":[{\"@type\":\"SearchAction\",\"target\":{\"@type\":\"EntryPoint\",\"urlTemplate\":\"https:\/\/www.sindiaboldt.de\/wedding\/?s={search_term_string}\"},\"query-input\":{\"@type\":\"PropertyValueSpecification\",\"valueRequired\":true,\"valueName\":\"search_term_string\"}}],\"inLanguage\":\"de\"}]}<\/script>\n<!-- \/ Yoast SEO plugin. -->","yoast_head_json":{"title":"Hochzeitsfotograf Tegernsee - Klassisch elegante Hochzeitsfotos","description":"\u2665 Hochzeitsfotograf Tegernsee & Umgebung: Hochwertige Hochzeitsbilder f\u00fcr Eure klassisch, elegante Hochzeit. Jetzt Kennenlernen vereinbaren! \u2665","robots":{"index":"index","follow":"follow","max-snippet":"max-snippet:-1","max-image-preview":"max-image-preview:large","max-video-preview":"max-video-preview:-1"},"canonical":"https:\/\/www.sindiaboldt.de\/wedding\/hochzeitsfotograf-tegernsee\/","og_locale":"de_DE","og_type":"article","og_title":"Hochzeitsfotograf Tegernsee - Klassisch elegante Hochzeitsfotos","og_description":"\u2665 Hochzeitsfotograf Tegernsee & Umgebung: Hochwertige Hochzeitsbilder f\u00fcr Eure klassisch, elegante Hochzeit. Jetzt Kennenlernen vereinbaren! \u2665","og_url":"https:\/\/www.sindiaboldt.de\/wedding\/hochzeitsfotograf-tegernsee\/","og_site_name":"Wedding","article_modified_time":"2022-04-14T14:13:44+00:00","twitter_card":"summary_large_image","twitter_misc":{"Gesch\u00e4tzte Lesezeit":"1\u00a0Minute"},"schema":{"@context":"https:\/\/schema.org","@graph":[{"@type":"WebPage","@id":"https:\/\/www.sindiaboldt.de\/wedding\/hochzeitsfotograf-tegernsee\/","url":"https:\/\/www.sindiaboldt.de\/wedding\/hochzeitsfotograf-tegernsee\/","name":"Hochzeitsfotograf Tegernsee - Klassisch elegante Hochzeitsfotos","isPartOf":{"@id":"https:\/\/www.sindiaboldt.de\/wedding\/#website"},"datePublished":"2020-04-14T13:38:26+00:00","dateModified":"2022-04-14T14:13:44+00:00","description":"\u2665 Hochzeitsfotograf Tegernsee & Umgebung: Hochwertige Hochzeitsbilder f\u00fcr Eure klassisch, elegante Hochzeit. Jetzt Kennenlernen vereinbaren! \u2665","breadcrumb":{"@id":"https:\/\/www.sindiaboldt.de\/wedding\/hochzeitsfotograf-tegernsee\/#breadcrumb"},"inLanguage":"de","potentialAction":[{"@type":"ReadAction","target":["https:\/\/www.sindiaboldt.de\/wedding\/hochzeitsfotograf-tegernsee\/"]}]},{"@type":"BreadcrumbList","@id":"https:\/\/www.sindiaboldt.de\/wedding\/hochzeitsfotograf-tegernsee\/#breadcrumb","itemListElement":[{"@type":"ListItem","position":1,"name":"Home","item":"https:\/\/www.sindiaboldt.de\/wedding\/"},{"@type":"ListItem","position":2,"name":"Hochzeitsfotograf Tegernsee &#8211; Klassisch elegante Hochzeitsfotos"}]},{"@type":"WebSite","@id":"https:\/\/www.sindiaboldt.de\/wedding\/#website","url":"https:\/\/www.sindiaboldt.de\/wedding\/","name":"Wedding","description":"Sindia Boldt Hochzeitsfotograf M\u00fcnchen","potentialAction":[{"@type":"SearchAction","target":{"@type":"EntryPoint","urlTemplate":"https:\/\/www.sindiaboldt.de\/wedding\/?s={search_term_string}"},"query-input":{"@type":"PropertyValueSpecification","valueRequired":true,"valueName":"search_term_string"}}],"inLanguage":"de"}]}},"_links":{"self":[{"href":"https:\/\/www.sindiaboldt.de\/wedding\/wp-json\/wp\/v2\/pages\/9289","targetHints":{"allow":["GET"]}}],"collection":[{"href":"https:\/\/www.sindiaboldt.de\/wedding\/wp-json\/wp\/v2\/pages"}],"about":[{"href":"https:\/\/www.sindiaboldt.de\/wedding\/wp-json\/wp\/v2\/types\/page"}],"author":[{"embeddable":true,"href":"https:\/\/www.sindiaboldt.de\/wedding\/wp-json\/wp\/v2\/users\/1"}],"replies":[{"embeddable":true,"href":"https:\/\/www.sindiaboldt.de\/wedding\/wp-json\/wp\/v2\/comments?post=9289"}],"version-history":[{"count":0,"href":"https:\/\/www.sindiaboldt.de\/wedding\/wp-json\/wp\/v2\/pages\/9289\/revisions"}],"wp:attachment":[{"href":"https:\/\/www.sindiaboldt.de\/wedding\/wp-json\/wp\/v2\/media?parent=9289"}],"curies":[{"name":"wp","href":"https:\/\/api.w.org\/{rel}","templated":true}]}}