{"id":9291,"date":"2020-04-15T11:28:11","date_gmt":"2020-04-15T09:28:11","guid":{"rendered":"https:\/\/www.sindiaboldt.de\/wedding\/?page_id=9291"},"modified":"2022-04-14T16:30:53","modified_gmt":"2022-04-14T14:30:53","slug":"hochzeitsfotograf-pfaffenhofen","status":"publish","type":"page","link":"https:\/\/www.sindiaboldt.de\/wedding\/hochzeitsfotograf-pfaffenhofen\/","title":{"rendered":"Hochzeitsfotograf Pfaffenhofen &#8211; F\u00fcr eure klassisch, elegante Hochzeit"},"content":{"rendered":"<p style=\"text-align: center\">Liebes Brautpaar! Ihr steht kurz vor Eurer Hochzeit und sucht einen Hochzeitsfotograf Pfaffenhofen oder im Raum Oberbayern? \u2013 Eure Suche hat ein Ende! Wenn Euch der Stil meiner Hochzeitsbilder gef\u00e4llt und Ihr Euch in einem Schloss, einer Villa oder einem herrschaftlichen Anwesen mit dem gewissen Extra das Ja-Wort gebt, sollten wir uns schnellstm\u00f6glich kennenlernen! Ich begleite euch mit viel Herz und Einf\u00fchlungsverm\u00f6gen als Euer Hochzeitsfotograf Pfaffenhofen einen ganzen Tag lang. Daf\u00fcr braucht es Symphatie und Vertrauen. Was ist mir dabei wichtig? \u2013\u00a0 Eure Zufriedenheit, denn die Hochzeitsbilder Pfaffenhofen sollen euch noch \u00fcber all die gemeinsamen Jahre hinweg erfreuen. Und ich achte besonders auf einen vertrauensvollen Umgang, damit Ihr Euch vor der Kamera wohlf\u00fchlt und jeder Moment authentisch und nat\u00fcrlich in Eure Erinnerung eingeht.<\/p>\n","protected":false},"excerpt":{"rendered":"<p>Liebes Brautpaar! Ihr steht kurz vor Eurer Hochzeit und sucht einen Hochzeitsfotograf Pfaffenhofen oder im Raum Oberbayern? \u2013 Eure Suche hat ein Ende! Wenn Euch der Stil meiner Hochzeitsbilder gef\u00e4llt und Ihr Euch in einem Schloss, einer Villa oder einem herrschaftlichen Anwesen mit dem gewissen Extra das Ja-Wort gebt, sollten wir uns schnellstm\u00f6glich kennenlernen! Ich [&hellip;]<\/p>\n","protected":false},"author":1,"featured_media":0,"parent":0,"menu_order":0,"comment_status":"closed","ping_status":"closed","template":"","meta":{"footnotes":""},"class_list":["post-9291","page","type-page","status-publish"],"yoast_head":"<!-- This site is optimized with the Yoast SEO plugin v26.8 - https:\/\/yoast.com\/product\/yoast-seo-wordpress\/ -->\n<title>Hochzeitsfotograf Pfaffenhofen - F\u00fcr eure klassisch, elegante Hochzeit<\/title>\n<meta name=\"description\" content=\"\u2665 Hochzeitsfotograf Pfaffenhofen &amp; Umgebung: Hochwertige Hochzeitsbilder f\u00fcr Eure klassisch, elegante Hochzeit. Jetzt Kennenlernen vereinbaren! \u2665\" \/>\n<meta name=\"robots\" content=\"index, follow, max-snippet:-1, max-image-preview:large, max-video-preview:-1\" \/>\n<link rel=\"canonical\" href=\"https:\/\/www.sindiaboldt.de\/wedding\/hochzeitsfotograf-pfaffenhofen\/\" \/>\n<meta property=\"og:locale\" content=\"de_DE\" \/>\n<meta property=\"og:type\" content=\"article\" \/>\n<meta property=\"og:title\" content=\"Hochzeitsfotograf Pfaffenhofen - F\u00fcr eure klassisch, elegante Hochzeit\" \/>\n<meta property=\"og:description\" content=\"\u2665 Hochzeitsfotograf Pfaffenhofen &amp; Umgebung: Hochwertige Hochzeitsbilder f\u00fcr Eure klassisch, elegante Hochzeit. Jetzt Kennenlernen vereinbaren! \u2665\" \/>\n<meta property=\"og:url\" content=\"https:\/\/www.sindiaboldt.de\/wedding\/hochzeitsfotograf-pfaffenhofen\/\" \/>\n<meta property=\"og:site_name\" content=\"Wedding\" \/>\n<meta property=\"article:modified_time\" content=\"2022-04-14T14:30:53+00:00\" \/>\n<meta name=\"twitter:card\" content=\"summary_large_image\" \/>\n<meta name=\"twitter:label1\" content=\"Gesch\u00e4tzte Lesezeit\" \/>\n\t<meta name=\"twitter:data1\" content=\"1\u00a0Minute\" \/>\n<script type=\"application\/ld+json\" class=\"yoast-schema-graph\">{\"@context\":\"https:\/\/schema.org\",\"@graph\":[{\"@type\":\"WebPage\",\"@id\":\"https:\/\/www.sindiaboldt.de\/wedding\/hochzeitsfotograf-pfaffenhofen\/\",\"url\":\"https:\/\/www.sindiaboldt.de\/wedding\/hochzeitsfotograf-pfaffenhofen\/\",\"name\":\"Hochzeitsfotograf Pfaffenhofen - F\u00fcr eure klassisch, elegante Hochzeit\",\"isPartOf\":{\"@id\":\"https:\/\/www.sindiaboldt.de\/wedding\/#website\"},\"datePublished\":\"2020-04-15T09:28:11+00:00\",\"dateModified\":\"2022-04-14T14:30:53+00:00\",\"description\":\"\u2665 Hochzeitsfotograf Pfaffenhofen & Umgebung: Hochwertige Hochzeitsbilder f\u00fcr Eure klassisch, elegante Hochzeit. Jetzt Kennenlernen vereinbaren! \u2665\",\"breadcrumb\":{\"@id\":\"https:\/\/www.sindiaboldt.de\/wedding\/hochzeitsfotograf-pfaffenhofen\/#breadcrumb\"},\"inLanguage\":\"de\",\"potentialAction\":[{\"@type\":\"ReadAction\",\"target\":[\"https:\/\/www.sindiaboldt.de\/wedding\/hochzeitsfotograf-pfaffenhofen\/\"]}]},{\"@type\":\"BreadcrumbList\",\"@id\":\"https:\/\/www.sindiaboldt.de\/wedding\/hochzeitsfotograf-pfaffenhofen\/#breadcrumb\",\"itemListElement\":[{\"@type\":\"ListItem\",\"position\":1,\"name\":\"Home\",\"item\":\"https:\/\/www.sindiaboldt.de\/wedding\/\"},{\"@type\":\"ListItem\",\"position\":2,\"name\":\"Hochzeitsfotograf Pfaffenhofen &#8211; F\u00fcr eure klassisch, elegante Hochzeit\"}]},{\"@type\":\"WebSite\",\"@id\":\"https:\/\/www.sindiaboldt.de\/wedding\/#website\",\"url\":\"https:\/\/www.sindiaboldt.de\/wedding\/\",\"name\":\"Wedding\",\"description\":\"Sindia Boldt Hochzeitsfotograf M\u00fcnchen\",\"potentialAction\":[{\"@type\":\"SearchAction\",\"target\":{\"@type\":\"EntryPoint\",\"urlTemplate\":\"https:\/\/www.sindiaboldt.de\/wedding\/?s={search_term_string}\"},\"query-input\":{\"@type\":\"PropertyValueSpecification\",\"valueRequired\":true,\"valueName\":\"search_term_string\"}}],\"inLanguage\":\"de\"}]}<\/script>\n<!-- \/ Yoast SEO plugin. -->","yoast_head_json":{"title":"Hochzeitsfotograf Pfaffenhofen - F\u00fcr eure klassisch, elegante Hochzeit","description":"\u2665 Hochzeitsfotograf Pfaffenhofen & Umgebung: Hochwertige Hochzeitsbilder f\u00fcr Eure klassisch, elegante Hochzeit. Jetzt Kennenlernen vereinbaren! \u2665","robots":{"index":"index","follow":"follow","max-snippet":"max-snippet:-1","max-image-preview":"max-image-preview:large","max-video-preview":"max-video-preview:-1"},"canonical":"https:\/\/www.sindiaboldt.de\/wedding\/hochzeitsfotograf-pfaffenhofen\/","og_locale":"de_DE","og_type":"article","og_title":"Hochzeitsfotograf Pfaffenhofen - F\u00fcr eure klassisch, elegante Hochzeit","og_description":"\u2665 Hochzeitsfotograf Pfaffenhofen & Umgebung: Hochwertige Hochzeitsbilder f\u00fcr Eure klassisch, elegante Hochzeit. Jetzt Kennenlernen vereinbaren! \u2665","og_url":"https:\/\/www.sindiaboldt.de\/wedding\/hochzeitsfotograf-pfaffenhofen\/","og_site_name":"Wedding","article_modified_time":"2022-04-14T14:30:53+00:00","twitter_card":"summary_large_image","twitter_misc":{"Gesch\u00e4tzte Lesezeit":"1\u00a0Minute"},"schema":{"@context":"https:\/\/schema.org","@graph":[{"@type":"WebPage","@id":"https:\/\/www.sindiaboldt.de\/wedding\/hochzeitsfotograf-pfaffenhofen\/","url":"https:\/\/www.sindiaboldt.de\/wedding\/hochzeitsfotograf-pfaffenhofen\/","name":"Hochzeitsfotograf Pfaffenhofen - F\u00fcr eure klassisch, elegante Hochzeit","isPartOf":{"@id":"https:\/\/www.sindiaboldt.de\/wedding\/#website"},"datePublished":"2020-04-15T09:28:11+00:00","dateModified":"2022-04-14T14:30:53+00:00","description":"\u2665 Hochzeitsfotograf Pfaffenhofen & Umgebung: Hochwertige Hochzeitsbilder f\u00fcr Eure klassisch, elegante Hochzeit. Jetzt Kennenlernen vereinbaren! \u2665","breadcrumb":{"@id":"https:\/\/www.sindiaboldt.de\/wedding\/hochzeitsfotograf-pfaffenhofen\/#breadcrumb"},"inLanguage":"de","potentialAction":[{"@type":"ReadAction","target":["https:\/\/www.sindiaboldt.de\/wedding\/hochzeitsfotograf-pfaffenhofen\/"]}]},{"@type":"BreadcrumbList","@id":"https:\/\/www.sindiaboldt.de\/wedding\/hochzeitsfotograf-pfaffenhofen\/#breadcrumb","itemListElement":[{"@type":"ListItem","position":1,"name":"Home","item":"https:\/\/www.sindiaboldt.de\/wedding\/"},{"@type":"ListItem","position":2,"name":"Hochzeitsfotograf Pfaffenhofen &#8211; F\u00fcr eure klassisch, elegante Hochzeit"}]},{"@type":"WebSite","@id":"https:\/\/www.sindiaboldt.de\/wedding\/#website","url":"https:\/\/www.sindiaboldt.de\/wedding\/","name":"Wedding","description":"Sindia Boldt Hochzeitsfotograf M\u00fcnchen","potentialAction":[{"@type":"SearchAction","target":{"@type":"EntryPoint","urlTemplate":"https:\/\/www.sindiaboldt.de\/wedding\/?s={search_term_string}"},"query-input":{"@type":"PropertyValueSpecification","valueRequired":true,"valueName":"search_term_string"}}],"inLanguage":"de"}]}},"_links":{"self":[{"href":"https:\/\/www.sindiaboldt.de\/wedding\/wp-json\/wp\/v2\/pages\/9291","targetHints":{"allow":["GET"]}}],"collection":[{"href":"https:\/\/www.sindiaboldt.de\/wedding\/wp-json\/wp\/v2\/pages"}],"about":[{"href":"https:\/\/www.sindiaboldt.de\/wedding\/wp-json\/wp\/v2\/types\/page"}],"author":[{"embeddable":true,"href":"https:\/\/www.sindiaboldt.de\/wedding\/wp-json\/wp\/v2\/users\/1"}],"replies":[{"embeddable":true,"href":"https:\/\/www.sindiaboldt.de\/wedding\/wp-json\/wp\/v2\/comments?post=9291"}],"version-history":[{"count":0,"href":"https:\/\/www.sindiaboldt.de\/wedding\/wp-json\/wp\/v2\/pages\/9291\/revisions"}],"wp:attachment":[{"href":"https:\/\/www.sindiaboldt.de\/wedding\/wp-json\/wp\/v2\/media?parent=9291"}],"curies":[{"name":"wp","href":"https:\/\/api.w.org\/{rel}","templated":true}]}}