{"id":9345,"date":"2020-04-15T11:05:10","date_gmt":"2020-04-15T09:05:10","guid":{"rendered":"https:\/\/www.sindiaboldt.de\/wedding\/?page_id=9345"},"modified":"2022-04-14T16:50:29","modified_gmt":"2022-04-14T14:50:29","slug":"hochzeitsfotograf-nuernberg","status":"publish","type":"page","link":"https:\/\/www.sindiaboldt.de\/wedding\/hochzeitsfotograf-nuernberg\/","title":{"rendered":"Hochzeitsfotograf N\u00fcrnberg &#8211; Klassisch elegante Hochzeitsfotografie"},"content":{"rendered":"<h1 style=\"text-align: center\">HOCHZEITSFOTOGRAF N\u00dcRNBERG &#8211; F\u00dcR EURE KLASSISCH ELEGANTE HOCHZEIT<\/h1>\n<p class=\"Text\" style=\"text-align: center\">Herzlich Willkommen, Ihr Lieben, auf meiner Webseite f\u00fcr Hochzeitsbilder N\u00fcrnberg und Umgebung. Ich bin Sindia und gebe Euch hier Einblicke in meine Arbeit als Hochzeitsfotograf N\u00fcrnberg. Das Fundament f\u00fcr mein Schaffen seid Ihr, die Brautpaare, meine Kamera ist mein Handwerkszeug, und Euer Fest und Eure G\u00e4ste setzen das gro\u00dfe Puzzle zusammen und machen die Bilder zu Erinnerungen und Andenken. Das ist G\u00e4nsehaut pur! Jede Hochzeit, die ich fotografiert habe, ist einzigartig und jede Liebe hat ihre eigenen Wege. Sucht Ihr nach einem Hochzeitsfotograf N\u00fcrnberg und Umgebung, der Eure sch\u00f6nsten Momente festh\u00e4lt? \u2013 Kontaktiert mich gern und besucht mich in meinem Atelier. Bei einem Kaffee lernt es sich sehr gut kennen und wir finden gemeinsam heraus, was Eure Vorstellungen und W\u00fcnsche f\u00fcr Eure Hochzeitsbilder sind.<\/p>\n<h2 style=\"text-align: center;padding-top: 75px\">HOCHWERTIGE HOCHZEITSFOTOS IN N\u00dcRNBERG<\/h2>\n<h3 style=\"text-align: center\"><em>romantisch.zeitlos.elegant.<\/em><\/h3>\n","protected":false},"excerpt":{"rendered":"<p>HOCHZEITSFOTOGRAF N\u00dcRNBERG &#8211; F\u00dcR EURE KLASSISCH ELEGANTE HOCHZEIT Herzlich Willkommen, Ihr Lieben, auf meiner Webseite f\u00fcr Hochzeitsbilder N\u00fcrnberg und Umgebung. Ich bin Sindia und gebe Euch hier Einblicke in meine Arbeit als Hochzeitsfotograf N\u00fcrnberg. Das Fundament f\u00fcr mein Schaffen seid Ihr, die Brautpaare, meine Kamera ist mein Handwerkszeug, und Euer Fest und Eure G\u00e4ste setzen [&hellip;]<\/p>\n","protected":false},"author":1,"featured_media":0,"parent":0,"menu_order":0,"comment_status":"closed","ping_status":"closed","template":"","meta":{"footnotes":""},"class_list":["post-9345","page","type-page","status-publish"],"yoast_head":"<!-- This site is optimized with the Yoast SEO plugin v26.8 - https:\/\/yoast.com\/product\/yoast-seo-wordpress\/ -->\n<title>Hochzeitsfotograf N\u00fcrnberg - Klassisch elegante Hochzeitsfotografie<\/title>\n<meta name=\"description\" content=\"\u2665 Hochzeitsfotograf N\u00fcrnberg &amp; Umgebung: Hochwertige Hochzeitsbilder f\u00fcr Eure elegante Schlosshochzeit. Jetzt Kennenlernen vereinbaren! \u2665\" \/>\n<meta name=\"robots\" content=\"index, follow, max-snippet:-1, max-image-preview:large, max-video-preview:-1\" \/>\n<link rel=\"canonical\" href=\"https:\/\/www.sindiaboldt.de\/wedding\/hochzeitsfotograf-nuernberg\/\" \/>\n<meta property=\"og:locale\" content=\"de_DE\" \/>\n<meta property=\"og:type\" content=\"article\" \/>\n<meta property=\"og:title\" content=\"Hochzeitsfotograf N\u00fcrnberg - Klassisch elegante Hochzeitsfotografie\" \/>\n<meta property=\"og:description\" content=\"\u2665 Hochzeitsfotograf N\u00fcrnberg &amp; Umgebung: Hochwertige Hochzeitsbilder f\u00fcr Eure elegante Schlosshochzeit. Jetzt Kennenlernen vereinbaren! \u2665\" \/>\n<meta property=\"og:url\" content=\"https:\/\/www.sindiaboldt.de\/wedding\/hochzeitsfotograf-nuernberg\/\" \/>\n<meta property=\"og:site_name\" content=\"Wedding\" \/>\n<meta property=\"article:modified_time\" content=\"2022-04-14T14:50:29+00:00\" \/>\n<meta name=\"twitter:card\" content=\"summary_large_image\" \/>\n<meta name=\"twitter:label1\" content=\"Gesch\u00e4tzte Lesezeit\" \/>\n\t<meta name=\"twitter:data1\" content=\"1\u00a0Minute\" \/>\n<script type=\"application\/ld+json\" class=\"yoast-schema-graph\">{\"@context\":\"https:\/\/schema.org\",\"@graph\":[{\"@type\":\"WebPage\",\"@id\":\"https:\/\/www.sindiaboldt.de\/wedding\/hochzeitsfotograf-nuernberg\/\",\"url\":\"https:\/\/www.sindiaboldt.de\/wedding\/hochzeitsfotograf-nuernberg\/\",\"name\":\"Hochzeitsfotograf N\u00fcrnberg - Klassisch elegante Hochzeitsfotografie\",\"isPartOf\":{\"@id\":\"https:\/\/www.sindiaboldt.de\/wedding\/#website\"},\"datePublished\":\"2020-04-15T09:05:10+00:00\",\"dateModified\":\"2022-04-14T14:50:29+00:00\",\"description\":\"\u2665 Hochzeitsfotograf N\u00fcrnberg & Umgebung: Hochwertige Hochzeitsbilder f\u00fcr Eure elegante Schlosshochzeit. Jetzt Kennenlernen vereinbaren! \u2665\",\"breadcrumb\":{\"@id\":\"https:\/\/www.sindiaboldt.de\/wedding\/hochzeitsfotograf-nuernberg\/#breadcrumb\"},\"inLanguage\":\"de\",\"potentialAction\":[{\"@type\":\"ReadAction\",\"target\":[\"https:\/\/www.sindiaboldt.de\/wedding\/hochzeitsfotograf-nuernberg\/\"]}]},{\"@type\":\"BreadcrumbList\",\"@id\":\"https:\/\/www.sindiaboldt.de\/wedding\/hochzeitsfotograf-nuernberg\/#breadcrumb\",\"itemListElement\":[{\"@type\":\"ListItem\",\"position\":1,\"name\":\"Home\",\"item\":\"https:\/\/www.sindiaboldt.de\/wedding\/\"},{\"@type\":\"ListItem\",\"position\":2,\"name\":\"Hochzeitsfotograf N\u00fcrnberg &#8211; Klassisch elegante Hochzeitsfotografie\"}]},{\"@type\":\"WebSite\",\"@id\":\"https:\/\/www.sindiaboldt.de\/wedding\/#website\",\"url\":\"https:\/\/www.sindiaboldt.de\/wedding\/\",\"name\":\"Wedding\",\"description\":\"Sindia Boldt Hochzeitsfotograf M\u00fcnchen\",\"potentialAction\":[{\"@type\":\"SearchAction\",\"target\":{\"@type\":\"EntryPoint\",\"urlTemplate\":\"https:\/\/www.sindiaboldt.de\/wedding\/?s={search_term_string}\"},\"query-input\":{\"@type\":\"PropertyValueSpecification\",\"valueRequired\":true,\"valueName\":\"search_term_string\"}}],\"inLanguage\":\"de\"}]}<\/script>\n<!-- \/ Yoast SEO plugin. -->","yoast_head_json":{"title":"Hochzeitsfotograf N\u00fcrnberg - Klassisch elegante Hochzeitsfotografie","description":"\u2665 Hochzeitsfotograf N\u00fcrnberg & Umgebung: Hochwertige Hochzeitsbilder f\u00fcr Eure elegante Schlosshochzeit. Jetzt Kennenlernen vereinbaren! \u2665","robots":{"index":"index","follow":"follow","max-snippet":"max-snippet:-1","max-image-preview":"max-image-preview:large","max-video-preview":"max-video-preview:-1"},"canonical":"https:\/\/www.sindiaboldt.de\/wedding\/hochzeitsfotograf-nuernberg\/","og_locale":"de_DE","og_type":"article","og_title":"Hochzeitsfotograf N\u00fcrnberg - Klassisch elegante Hochzeitsfotografie","og_description":"\u2665 Hochzeitsfotograf N\u00fcrnberg & Umgebung: Hochwertige Hochzeitsbilder f\u00fcr Eure elegante Schlosshochzeit. Jetzt Kennenlernen vereinbaren! \u2665","og_url":"https:\/\/www.sindiaboldt.de\/wedding\/hochzeitsfotograf-nuernberg\/","og_site_name":"Wedding","article_modified_time":"2022-04-14T14:50:29+00:00","twitter_card":"summary_large_image","twitter_misc":{"Gesch\u00e4tzte Lesezeit":"1\u00a0Minute"},"schema":{"@context":"https:\/\/schema.org","@graph":[{"@type":"WebPage","@id":"https:\/\/www.sindiaboldt.de\/wedding\/hochzeitsfotograf-nuernberg\/","url":"https:\/\/www.sindiaboldt.de\/wedding\/hochzeitsfotograf-nuernberg\/","name":"Hochzeitsfotograf N\u00fcrnberg - Klassisch elegante Hochzeitsfotografie","isPartOf":{"@id":"https:\/\/www.sindiaboldt.de\/wedding\/#website"},"datePublished":"2020-04-15T09:05:10+00:00","dateModified":"2022-04-14T14:50:29+00:00","description":"\u2665 Hochzeitsfotograf N\u00fcrnberg & Umgebung: Hochwertige Hochzeitsbilder f\u00fcr Eure elegante Schlosshochzeit. Jetzt Kennenlernen vereinbaren! \u2665","breadcrumb":{"@id":"https:\/\/www.sindiaboldt.de\/wedding\/hochzeitsfotograf-nuernberg\/#breadcrumb"},"inLanguage":"de","potentialAction":[{"@type":"ReadAction","target":["https:\/\/www.sindiaboldt.de\/wedding\/hochzeitsfotograf-nuernberg\/"]}]},{"@type":"BreadcrumbList","@id":"https:\/\/www.sindiaboldt.de\/wedding\/hochzeitsfotograf-nuernberg\/#breadcrumb","itemListElement":[{"@type":"ListItem","position":1,"name":"Home","item":"https:\/\/www.sindiaboldt.de\/wedding\/"},{"@type":"ListItem","position":2,"name":"Hochzeitsfotograf N\u00fcrnberg &#8211; Klassisch elegante Hochzeitsfotografie"}]},{"@type":"WebSite","@id":"https:\/\/www.sindiaboldt.de\/wedding\/#website","url":"https:\/\/www.sindiaboldt.de\/wedding\/","name":"Wedding","description":"Sindia Boldt Hochzeitsfotograf M\u00fcnchen","potentialAction":[{"@type":"SearchAction","target":{"@type":"EntryPoint","urlTemplate":"https:\/\/www.sindiaboldt.de\/wedding\/?s={search_term_string}"},"query-input":{"@type":"PropertyValueSpecification","valueRequired":true,"valueName":"search_term_string"}}],"inLanguage":"de"}]}},"_links":{"self":[{"href":"https:\/\/www.sindiaboldt.de\/wedding\/wp-json\/wp\/v2\/pages\/9345","targetHints":{"allow":["GET"]}}],"collection":[{"href":"https:\/\/www.sindiaboldt.de\/wedding\/wp-json\/wp\/v2\/pages"}],"about":[{"href":"https:\/\/www.sindiaboldt.de\/wedding\/wp-json\/wp\/v2\/types\/page"}],"author":[{"embeddable":true,"href":"https:\/\/www.sindiaboldt.de\/wedding\/wp-json\/wp\/v2\/users\/1"}],"replies":[{"embeddable":true,"href":"https:\/\/www.sindiaboldt.de\/wedding\/wp-json\/wp\/v2\/comments?post=9345"}],"version-history":[{"count":0,"href":"https:\/\/www.sindiaboldt.de\/wedding\/wp-json\/wp\/v2\/pages\/9345\/revisions"}],"wp:attachment":[{"href":"https:\/\/www.sindiaboldt.de\/wedding\/wp-json\/wp\/v2\/media?parent=9345"}],"curies":[{"name":"wp","href":"https:\/\/api.w.org\/{rel}","templated":true}]}}