{"id":9528,"date":"2020-05-26T22:32:43","date_gmt":"2020-05-26T20:32:43","guid":{"rendered":"https:\/\/www.sindiaboldt.de\/wedding\/?page_id=9528"},"modified":"2022-04-14T16:23:07","modified_gmt":"2022-04-14T14:23:07","slug":"hochzeitsfotograf-erding","status":"publish","type":"page","link":"https:\/\/www.sindiaboldt.de\/wedding\/hochzeitsfotograf-erding\/","title":{"rendered":"Hochzeitsfotograf Erding &#8211; Elegante Hochzeitsreportagen"},"content":{"rendered":"<h1 style=\"text-align: center\">HOCHZEITSFOTOGRAF ERDING &#8211; F\u00dcR EURE KLASSISCH ELEGANTE HOCHZEIT<\/h1>\n<p style=\"text-align: center\">Als Hochzeitsfotograf Erding bin ich spezielisiert auf einen eleganten, zeitlosen Stil der Hochzeitsfotografie. Genau Euer Geschmack? Wunderbar! Ich bin Sindia und freue Mich darauf Euch kennenzulernen! Gerne berate ich Euch zu allen W\u00fcnschen, Sorgen und Highlights der fotografischen Begleitung &#8211; denn mit \u00fcber 10 Jahren Erfahrung habt Ihr einen Vollblutprofi an Eurer Seite! Kontaktiert Mich per E-Mail, \u00fcber die Website oder Telefon und vereinbart ein unverbindliches Treffen in meinem Atelier! Wir erarbeiten ein traumhaftes Konzept f\u00fcr Eure gew\u00fcnschten Hochzeitsbilder. Ich freue mich darauf Euch kennenzulernen und mit Euch den sch\u00f6nsten Tag Eures Lebens zu planen!<\/p>\n","protected":false},"excerpt":{"rendered":"<p>HOCHZEITSFOTOGRAF ERDING &#8211; F\u00dcR EURE KLASSISCH ELEGANTE HOCHZEIT Als Hochzeitsfotograf Erding bin ich spezielisiert auf einen eleganten, zeitlosen Stil der Hochzeitsfotografie. Genau Euer Geschmack? Wunderbar! Ich bin Sindia und freue Mich darauf Euch kennenzulernen! Gerne berate ich Euch zu allen W\u00fcnschen, Sorgen und Highlights der fotografischen Begleitung &#8211; denn mit \u00fcber 10 Jahren Erfahrung habt [&hellip;]<\/p>\n","protected":false},"author":1,"featured_media":0,"parent":0,"menu_order":0,"comment_status":"closed","ping_status":"closed","template":"","meta":{"footnotes":""},"class_list":["post-9528","page","type-page","status-publish"],"yoast_head":"<!-- This site is optimized with the Yoast SEO plugin v26.8 - https:\/\/yoast.com\/product\/yoast-seo-wordpress\/ -->\n<title>Hochzeitsfotograf Erding - Elegante Hochzeitsreportagen<\/title>\n<meta name=\"description\" content=\"\u2665 Hochzeitsfotograf Erding &amp; Umgebung: Hochwertige Hochzeitsbilder f\u00fcr Eure klassisch, elegante Hochzeit. Jetzt Kennenlernen vereinbaren! \u2665\" \/>\n<meta name=\"robots\" content=\"index, follow, max-snippet:-1, max-image-preview:large, max-video-preview:-1\" \/>\n<link rel=\"canonical\" href=\"https:\/\/www.sindiaboldt.de\/wedding\/hochzeitsfotograf-erding\/\" \/>\n<meta property=\"og:locale\" content=\"de_DE\" \/>\n<meta property=\"og:type\" content=\"article\" \/>\n<meta property=\"og:title\" content=\"Hochzeitsfotograf Erding - Elegante Hochzeitsreportagen\" \/>\n<meta property=\"og:description\" content=\"\u2665 Hochzeitsfotograf Erding &amp; Umgebung: Hochwertige Hochzeitsbilder f\u00fcr Eure klassisch, elegante Hochzeit. Jetzt Kennenlernen vereinbaren! \u2665\" \/>\n<meta property=\"og:url\" content=\"https:\/\/www.sindiaboldt.de\/wedding\/hochzeitsfotograf-erding\/\" \/>\n<meta property=\"og:site_name\" content=\"Wedding\" \/>\n<meta property=\"article:modified_time\" content=\"2022-04-14T14:23:07+00:00\" \/>\n<meta name=\"twitter:card\" content=\"summary_large_image\" \/>\n<meta name=\"twitter:label1\" content=\"Gesch\u00e4tzte Lesezeit\" \/>\n\t<meta name=\"twitter:data1\" content=\"1\u00a0Minute\" \/>\n<script type=\"application\/ld+json\" class=\"yoast-schema-graph\">{\"@context\":\"https:\/\/schema.org\",\"@graph\":[{\"@type\":\"WebPage\",\"@id\":\"https:\/\/www.sindiaboldt.de\/wedding\/hochzeitsfotograf-erding\/\",\"url\":\"https:\/\/www.sindiaboldt.de\/wedding\/hochzeitsfotograf-erding\/\",\"name\":\"Hochzeitsfotograf Erding - Elegante Hochzeitsreportagen\",\"isPartOf\":{\"@id\":\"https:\/\/www.sindiaboldt.de\/wedding\/#website\"},\"datePublished\":\"2020-05-26T20:32:43+00:00\",\"dateModified\":\"2022-04-14T14:23:07+00:00\",\"description\":\"\u2665 Hochzeitsfotograf Erding & Umgebung: Hochwertige Hochzeitsbilder f\u00fcr Eure klassisch, elegante Hochzeit. Jetzt Kennenlernen vereinbaren! \u2665\",\"breadcrumb\":{\"@id\":\"https:\/\/www.sindiaboldt.de\/wedding\/hochzeitsfotograf-erding\/#breadcrumb\"},\"inLanguage\":\"de\",\"potentialAction\":[{\"@type\":\"ReadAction\",\"target\":[\"https:\/\/www.sindiaboldt.de\/wedding\/hochzeitsfotograf-erding\/\"]}]},{\"@type\":\"BreadcrumbList\",\"@id\":\"https:\/\/www.sindiaboldt.de\/wedding\/hochzeitsfotograf-erding\/#breadcrumb\",\"itemListElement\":[{\"@type\":\"ListItem\",\"position\":1,\"name\":\"Home\",\"item\":\"https:\/\/www.sindiaboldt.de\/wedding\/\"},{\"@type\":\"ListItem\",\"position\":2,\"name\":\"Hochzeitsfotograf Erding &#8211; Elegante Hochzeitsreportagen\"}]},{\"@type\":\"WebSite\",\"@id\":\"https:\/\/www.sindiaboldt.de\/wedding\/#website\",\"url\":\"https:\/\/www.sindiaboldt.de\/wedding\/\",\"name\":\"Wedding\",\"description\":\"Sindia Boldt Hochzeitsfotograf M\u00fcnchen\",\"potentialAction\":[{\"@type\":\"SearchAction\",\"target\":{\"@type\":\"EntryPoint\",\"urlTemplate\":\"https:\/\/www.sindiaboldt.de\/wedding\/?s={search_term_string}\"},\"query-input\":{\"@type\":\"PropertyValueSpecification\",\"valueRequired\":true,\"valueName\":\"search_term_string\"}}],\"inLanguage\":\"de\"}]}<\/script>\n<!-- \/ Yoast SEO plugin. -->","yoast_head_json":{"title":"Hochzeitsfotograf Erding - Elegante Hochzeitsreportagen","description":"\u2665 Hochzeitsfotograf Erding & Umgebung: Hochwertige Hochzeitsbilder f\u00fcr Eure klassisch, elegante Hochzeit. Jetzt Kennenlernen vereinbaren! \u2665","robots":{"index":"index","follow":"follow","max-snippet":"max-snippet:-1","max-image-preview":"max-image-preview:large","max-video-preview":"max-video-preview:-1"},"canonical":"https:\/\/www.sindiaboldt.de\/wedding\/hochzeitsfotograf-erding\/","og_locale":"de_DE","og_type":"article","og_title":"Hochzeitsfotograf Erding - Elegante Hochzeitsreportagen","og_description":"\u2665 Hochzeitsfotograf Erding & Umgebung: Hochwertige Hochzeitsbilder f\u00fcr Eure klassisch, elegante Hochzeit. Jetzt Kennenlernen vereinbaren! \u2665","og_url":"https:\/\/www.sindiaboldt.de\/wedding\/hochzeitsfotograf-erding\/","og_site_name":"Wedding","article_modified_time":"2022-04-14T14:23:07+00:00","twitter_card":"summary_large_image","twitter_misc":{"Gesch\u00e4tzte Lesezeit":"1\u00a0Minute"},"schema":{"@context":"https:\/\/schema.org","@graph":[{"@type":"WebPage","@id":"https:\/\/www.sindiaboldt.de\/wedding\/hochzeitsfotograf-erding\/","url":"https:\/\/www.sindiaboldt.de\/wedding\/hochzeitsfotograf-erding\/","name":"Hochzeitsfotograf Erding - Elegante Hochzeitsreportagen","isPartOf":{"@id":"https:\/\/www.sindiaboldt.de\/wedding\/#website"},"datePublished":"2020-05-26T20:32:43+00:00","dateModified":"2022-04-14T14:23:07+00:00","description":"\u2665 Hochzeitsfotograf Erding & Umgebung: Hochwertige Hochzeitsbilder f\u00fcr Eure klassisch, elegante Hochzeit. Jetzt Kennenlernen vereinbaren! \u2665","breadcrumb":{"@id":"https:\/\/www.sindiaboldt.de\/wedding\/hochzeitsfotograf-erding\/#breadcrumb"},"inLanguage":"de","potentialAction":[{"@type":"ReadAction","target":["https:\/\/www.sindiaboldt.de\/wedding\/hochzeitsfotograf-erding\/"]}]},{"@type":"BreadcrumbList","@id":"https:\/\/www.sindiaboldt.de\/wedding\/hochzeitsfotograf-erding\/#breadcrumb","itemListElement":[{"@type":"ListItem","position":1,"name":"Home","item":"https:\/\/www.sindiaboldt.de\/wedding\/"},{"@type":"ListItem","position":2,"name":"Hochzeitsfotograf Erding &#8211; Elegante Hochzeitsreportagen"}]},{"@type":"WebSite","@id":"https:\/\/www.sindiaboldt.de\/wedding\/#website","url":"https:\/\/www.sindiaboldt.de\/wedding\/","name":"Wedding","description":"Sindia Boldt Hochzeitsfotograf M\u00fcnchen","potentialAction":[{"@type":"SearchAction","target":{"@type":"EntryPoint","urlTemplate":"https:\/\/www.sindiaboldt.de\/wedding\/?s={search_term_string}"},"query-input":{"@type":"PropertyValueSpecification","valueRequired":true,"valueName":"search_term_string"}}],"inLanguage":"de"}]}},"_links":{"self":[{"href":"https:\/\/www.sindiaboldt.de\/wedding\/wp-json\/wp\/v2\/pages\/9528","targetHints":{"allow":["GET"]}}],"collection":[{"href":"https:\/\/www.sindiaboldt.de\/wedding\/wp-json\/wp\/v2\/pages"}],"about":[{"href":"https:\/\/www.sindiaboldt.de\/wedding\/wp-json\/wp\/v2\/types\/page"}],"author":[{"embeddable":true,"href":"https:\/\/www.sindiaboldt.de\/wedding\/wp-json\/wp\/v2\/users\/1"}],"replies":[{"embeddable":true,"href":"https:\/\/www.sindiaboldt.de\/wedding\/wp-json\/wp\/v2\/comments?post=9528"}],"version-history":[{"count":0,"href":"https:\/\/www.sindiaboldt.de\/wedding\/wp-json\/wp\/v2\/pages\/9528\/revisions"}],"wp:attachment":[{"href":"https:\/\/www.sindiaboldt.de\/wedding\/wp-json\/wp\/v2\/media?parent=9528"}],"curies":[{"name":"wp","href":"https:\/\/api.w.org\/{rel}","templated":true}]}}