{"id":9538,"date":"2020-06-01T16:06:51","date_gmt":"2020-06-01T14:06:51","guid":{"rendered":"https:\/\/www.sindiaboldt.de\/wedding\/?page_id=9538"},"modified":"2022-04-14T16:35:52","modified_gmt":"2022-04-14T14:35:52","slug":"hochzeitsfotograf-hohenkammer","status":"publish","type":"page","link":"https:\/\/www.sindiaboldt.de\/wedding\/hochzeitsfotograf-hohenkammer\/","title":{"rendered":"Hochzeitsfotograf Hohenkammer &#8211; Schlosshochzeit wie im M\u00e4rchen"},"content":{"rendered":"<h1 style=\"text-align: center\">HOCHZEITSFOTOGRAF HOHENKAMMER &#8211; F\u00dcR EURE KLASSISCH ELEGANTE HOCHZEIT<\/h1>\n<p style=\"text-align: center\">Herzlich willkommen auf meiner Website: Hochzeitsfotograf Hohenkammer! Ich bin Sindia, seit \u00fcber 10 Jahren Hochzeitsfotografin. Mein Atelier liegt direkt neben der wundervollen Hochzeitslocation Schloss Hohenkammer und ich genie\u00dfe jede Hochzeit in dieser eleganten und feierlichen Umgebung! Auf dieser Seite m\u00f6chte ich Euch Einblicke in meine Arbeit geben und Euch auf die wundersch\u00f6nen Momente und Erinnerungen einstimmen, auf die Ihr Euch bei Eurer Hochzeit freuen k\u00f6nnt. Durch meine jahrelange Erfahrung schaffe ich es, Liebe in Bildern zu verewigen. Genau das m\u00f6chte ich als Euer Hochzeitsfotograf Hohenkammer auch f\u00fcr Euch, damit Eure Hochzeit unvergesslich bleibt. Kontaktiert mich gern und besucht mich in meinem Atelier! Bei einem Kaffee lernt es sich sehr gut kennen und wir finden gemeinsam heraus, was Eure Vorstellungen und W\u00fcnsche f\u00fcr Eure Hochzeitsbilder sind.<\/p>\n","protected":false},"excerpt":{"rendered":"<p>HOCHZEITSFOTOGRAF HOHENKAMMER &#8211; F\u00dcR EURE KLASSISCH ELEGANTE HOCHZEIT Herzlich willkommen auf meiner Website: Hochzeitsfotograf Hohenkammer! Ich bin Sindia, seit \u00fcber 10 Jahren Hochzeitsfotografin. Mein Atelier liegt direkt neben der wundervollen Hochzeitslocation Schloss Hohenkammer und ich genie\u00dfe jede Hochzeit in dieser eleganten und feierlichen Umgebung! Auf dieser Seite m\u00f6chte ich Euch Einblicke in meine Arbeit geben [&hellip;]<\/p>\n","protected":false},"author":1,"featured_media":0,"parent":0,"menu_order":0,"comment_status":"closed","ping_status":"closed","template":"","meta":{"footnotes":""},"class_list":["post-9538","page","type-page","status-publish"],"yoast_head":"<!-- This site is optimized with the Yoast SEO plugin v26.8 - https:\/\/yoast.com\/product\/yoast-seo-wordpress\/ -->\n<title>Hochzeitsfotograf Hohenkammer - Schlosshochzeit wie im M\u00e4rchen<\/title>\n<meta name=\"description\" content=\"\u2665 Hochzeitsfotograf Hohenkammer &amp; M\u00fcnchner Norden: Hochwertige Hochzeitsbilder f\u00fcr Eure klassisch, elegante Hochzeit. Jetzt Kennenlernen vereinbaren! \u2665\" \/>\n<meta name=\"robots\" content=\"index, follow, max-snippet:-1, max-image-preview:large, max-video-preview:-1\" \/>\n<link rel=\"canonical\" href=\"https:\/\/www.sindiaboldt.de\/wedding\/hochzeitsfotograf-hohenkammer\/\" \/>\n<meta property=\"og:locale\" content=\"de_DE\" \/>\n<meta property=\"og:type\" content=\"article\" \/>\n<meta property=\"og:title\" content=\"Hochzeitsfotograf Hohenkammer - Schlosshochzeit wie im M\u00e4rchen\" \/>\n<meta property=\"og:description\" content=\"\u2665 Hochzeitsfotograf Hohenkammer &amp; M\u00fcnchner Norden: Hochwertige Hochzeitsbilder f\u00fcr Eure klassisch, elegante Hochzeit. Jetzt Kennenlernen vereinbaren! \u2665\" \/>\n<meta property=\"og:url\" content=\"https:\/\/www.sindiaboldt.de\/wedding\/hochzeitsfotograf-hohenkammer\/\" \/>\n<meta property=\"og:site_name\" content=\"Wedding\" \/>\n<meta property=\"article:modified_time\" content=\"2022-04-14T14:35:52+00:00\" \/>\n<meta name=\"twitter:card\" content=\"summary_large_image\" \/>\n<meta name=\"twitter:label1\" content=\"Gesch\u00e4tzte Lesezeit\" \/>\n\t<meta name=\"twitter:data1\" content=\"1\u00a0Minute\" \/>\n<script type=\"application\/ld+json\" class=\"yoast-schema-graph\">{\"@context\":\"https:\/\/schema.org\",\"@graph\":[{\"@type\":\"WebPage\",\"@id\":\"https:\/\/www.sindiaboldt.de\/wedding\/hochzeitsfotograf-hohenkammer\/\",\"url\":\"https:\/\/www.sindiaboldt.de\/wedding\/hochzeitsfotograf-hohenkammer\/\",\"name\":\"Hochzeitsfotograf Hohenkammer - Schlosshochzeit wie im M\u00e4rchen\",\"isPartOf\":{\"@id\":\"https:\/\/www.sindiaboldt.de\/wedding\/#website\"},\"datePublished\":\"2020-06-01T14:06:51+00:00\",\"dateModified\":\"2022-04-14T14:35:52+00:00\",\"description\":\"\u2665 Hochzeitsfotograf Hohenkammer & M\u00fcnchner Norden: Hochwertige Hochzeitsbilder f\u00fcr Eure klassisch, elegante Hochzeit. Jetzt Kennenlernen vereinbaren! \u2665\",\"breadcrumb\":{\"@id\":\"https:\/\/www.sindiaboldt.de\/wedding\/hochzeitsfotograf-hohenkammer\/#breadcrumb\"},\"inLanguage\":\"de\",\"potentialAction\":[{\"@type\":\"ReadAction\",\"target\":[\"https:\/\/www.sindiaboldt.de\/wedding\/hochzeitsfotograf-hohenkammer\/\"]}]},{\"@type\":\"BreadcrumbList\",\"@id\":\"https:\/\/www.sindiaboldt.de\/wedding\/hochzeitsfotograf-hohenkammer\/#breadcrumb\",\"itemListElement\":[{\"@type\":\"ListItem\",\"position\":1,\"name\":\"Home\",\"item\":\"https:\/\/www.sindiaboldt.de\/wedding\/\"},{\"@type\":\"ListItem\",\"position\":2,\"name\":\"Hochzeitsfotograf Hohenkammer &#8211; Schlosshochzeit wie im M\u00e4rchen\"}]},{\"@type\":\"WebSite\",\"@id\":\"https:\/\/www.sindiaboldt.de\/wedding\/#website\",\"url\":\"https:\/\/www.sindiaboldt.de\/wedding\/\",\"name\":\"Wedding\",\"description\":\"Sindia Boldt Hochzeitsfotograf M\u00fcnchen\",\"potentialAction\":[{\"@type\":\"SearchAction\",\"target\":{\"@type\":\"EntryPoint\",\"urlTemplate\":\"https:\/\/www.sindiaboldt.de\/wedding\/?s={search_term_string}\"},\"query-input\":{\"@type\":\"PropertyValueSpecification\",\"valueRequired\":true,\"valueName\":\"search_term_string\"}}],\"inLanguage\":\"de\"}]}<\/script>\n<!-- \/ Yoast SEO plugin. -->","yoast_head_json":{"title":"Hochzeitsfotograf Hohenkammer - Schlosshochzeit wie im M\u00e4rchen","description":"\u2665 Hochzeitsfotograf Hohenkammer & M\u00fcnchner Norden: Hochwertige Hochzeitsbilder f\u00fcr Eure klassisch, elegante Hochzeit. Jetzt Kennenlernen vereinbaren! \u2665","robots":{"index":"index","follow":"follow","max-snippet":"max-snippet:-1","max-image-preview":"max-image-preview:large","max-video-preview":"max-video-preview:-1"},"canonical":"https:\/\/www.sindiaboldt.de\/wedding\/hochzeitsfotograf-hohenkammer\/","og_locale":"de_DE","og_type":"article","og_title":"Hochzeitsfotograf Hohenkammer - Schlosshochzeit wie im M\u00e4rchen","og_description":"\u2665 Hochzeitsfotograf Hohenkammer & M\u00fcnchner Norden: Hochwertige Hochzeitsbilder f\u00fcr Eure klassisch, elegante Hochzeit. Jetzt Kennenlernen vereinbaren! \u2665","og_url":"https:\/\/www.sindiaboldt.de\/wedding\/hochzeitsfotograf-hohenkammer\/","og_site_name":"Wedding","article_modified_time":"2022-04-14T14:35:52+00:00","twitter_card":"summary_large_image","twitter_misc":{"Gesch\u00e4tzte Lesezeit":"1\u00a0Minute"},"schema":{"@context":"https:\/\/schema.org","@graph":[{"@type":"WebPage","@id":"https:\/\/www.sindiaboldt.de\/wedding\/hochzeitsfotograf-hohenkammer\/","url":"https:\/\/www.sindiaboldt.de\/wedding\/hochzeitsfotograf-hohenkammer\/","name":"Hochzeitsfotograf Hohenkammer - Schlosshochzeit wie im M\u00e4rchen","isPartOf":{"@id":"https:\/\/www.sindiaboldt.de\/wedding\/#website"},"datePublished":"2020-06-01T14:06:51+00:00","dateModified":"2022-04-14T14:35:52+00:00","description":"\u2665 Hochzeitsfotograf Hohenkammer & M\u00fcnchner Norden: Hochwertige Hochzeitsbilder f\u00fcr Eure klassisch, elegante Hochzeit. Jetzt Kennenlernen vereinbaren! \u2665","breadcrumb":{"@id":"https:\/\/www.sindiaboldt.de\/wedding\/hochzeitsfotograf-hohenkammer\/#breadcrumb"},"inLanguage":"de","potentialAction":[{"@type":"ReadAction","target":["https:\/\/www.sindiaboldt.de\/wedding\/hochzeitsfotograf-hohenkammer\/"]}]},{"@type":"BreadcrumbList","@id":"https:\/\/www.sindiaboldt.de\/wedding\/hochzeitsfotograf-hohenkammer\/#breadcrumb","itemListElement":[{"@type":"ListItem","position":1,"name":"Home","item":"https:\/\/www.sindiaboldt.de\/wedding\/"},{"@type":"ListItem","position":2,"name":"Hochzeitsfotograf Hohenkammer &#8211; Schlosshochzeit wie im M\u00e4rchen"}]},{"@type":"WebSite","@id":"https:\/\/www.sindiaboldt.de\/wedding\/#website","url":"https:\/\/www.sindiaboldt.de\/wedding\/","name":"Wedding","description":"Sindia Boldt Hochzeitsfotograf M\u00fcnchen","potentialAction":[{"@type":"SearchAction","target":{"@type":"EntryPoint","urlTemplate":"https:\/\/www.sindiaboldt.de\/wedding\/?s={search_term_string}"},"query-input":{"@type":"PropertyValueSpecification","valueRequired":true,"valueName":"search_term_string"}}],"inLanguage":"de"}]}},"_links":{"self":[{"href":"https:\/\/www.sindiaboldt.de\/wedding\/wp-json\/wp\/v2\/pages\/9538","targetHints":{"allow":["GET"]}}],"collection":[{"href":"https:\/\/www.sindiaboldt.de\/wedding\/wp-json\/wp\/v2\/pages"}],"about":[{"href":"https:\/\/www.sindiaboldt.de\/wedding\/wp-json\/wp\/v2\/types\/page"}],"author":[{"embeddable":true,"href":"https:\/\/www.sindiaboldt.de\/wedding\/wp-json\/wp\/v2\/users\/1"}],"replies":[{"embeddable":true,"href":"https:\/\/www.sindiaboldt.de\/wedding\/wp-json\/wp\/v2\/comments?post=9538"}],"version-history":[{"count":0,"href":"https:\/\/www.sindiaboldt.de\/wedding\/wp-json\/wp\/v2\/pages\/9538\/revisions"}],"wp:attachment":[{"href":"https:\/\/www.sindiaboldt.de\/wedding\/wp-json\/wp\/v2\/media?parent=9538"}],"curies":[{"name":"wp","href":"https:\/\/api.w.org\/{rel}","templated":true}]}}