{"id":9549,"date":"2020-06-01T21:37:26","date_gmt":"2020-06-01T19:37:26","guid":{"rendered":"https:\/\/www.sindiaboldt.de\/wedding\/?page_id=9549"},"modified":"2022-04-14T16:15:40","modified_gmt":"2022-04-14T14:15:40","slug":"hochzeitsfotograf-muenchen","status":"publish","type":"page","link":"https:\/\/www.sindiaboldt.de\/wedding\/hochzeitsfotograf-muenchen\/","title":{"rendered":"Hochzeitsfotograf M\u00fcnchen &#8211; Elegante Hochzeitsfotos f\u00fcr anspruchsvolle Paare"},"content":{"rendered":"<p style=\"text-align: center\">Herzlich Willkommen auf meiner Homepage &#8211; Ich bin Sindia, Euer <a href=\"https:\/\/www.sindiaboldt.de\/wedding\/\">Hochzeitsfotograf M\u00fcnchen<\/a>.<br \/>\nIch bin Eure Fotografin, wenn Ihr einen klassisch, eleganten Stil m\u00f6gt. Euch zeitlose Hochzeitsbilder wichtig sind und Ihr die tiefen Emotionen, die Romantik und die sch\u00f6ne Stimmung Eurer Hochzeit in M\u00fcnchen immer und immer wieder genie\u00dfen m\u00f6chtet! Denn meine Spezialit\u00e4t ist es, Liebe in Bildern festzuhalten, die so sch\u00f6n sind, dass Ihr sie f\u00fcr immer in Ehren halten werdet! Kontaktiert und besucht mich in meinem Atelier. Ich lade Euch gern zu einem Kaffee ein und wir finden gemeinsam heraus, was Eure Vorstellungen und W\u00fcnsche f\u00fcr Eure Hochzeitsbilder sind! Denn meine Verantwortung liegt darin, Euren Hochzeitstag f\u00fcr Euch und Eure Familie, zuk\u00fcnftige Generationen und Euer zuk\u00fcnftiges Ich so festzuhalten, dass Ihr einen Schatz von Erinnerung und Emotion in H\u00e4nden halten werdet!<\/p>\n","protected":false},"excerpt":{"rendered":"<p>Herzlich Willkommen auf meiner Homepage &#8211; Ich bin Sindia, Euer Hochzeitsfotograf M\u00fcnchen. Ich bin Eure Fotografin, wenn Ihr einen klassisch, eleganten Stil m\u00f6gt. Euch zeitlose Hochzeitsbilder wichtig sind und Ihr die tiefen Emotionen, die Romantik und die sch\u00f6ne Stimmung Eurer Hochzeit in M\u00fcnchen immer und immer wieder genie\u00dfen m\u00f6chtet! Denn meine Spezialit\u00e4t ist es, Liebe [&hellip;]<\/p>\n","protected":false},"author":1,"featured_media":0,"parent":0,"menu_order":0,"comment_status":"closed","ping_status":"closed","template":"","meta":{"footnotes":""},"class_list":["post-9549","page","type-page","status-publish"],"yoast_head":"<!-- This site is optimized with the Yoast SEO plugin v26.8 - https:\/\/yoast.com\/product\/yoast-seo-wordpress\/ -->\n<title>Hochzeitsfotograf M\u00fcnchen - Elegante Hochzeitsfotos f\u00fcr anspruchsvolle Paare<\/title>\n<meta name=\"description\" content=\"\u2665 Hochzeitsfotograf M\u00fcnchen: Hochwertige Hochzeitsbilder f\u00fcr Eure klassisch, elegante Hochzeit. Jetzt Termin anfragen und Kennenlernen vereinbaren! \u2665\" \/>\n<meta name=\"robots\" content=\"noindex, follow\" \/>\n<meta property=\"og:locale\" content=\"de_DE\" \/>\n<meta property=\"og:type\" content=\"article\" \/>\n<meta property=\"og:title\" content=\"Hochzeitsfotograf M\u00fcnchen - Elegante Hochzeitsfotos f\u00fcr anspruchsvolle Paare\" \/>\n<meta property=\"og:description\" content=\"\u2665 Hochzeitsfotograf M\u00fcnchen: Hochwertige Hochzeitsbilder f\u00fcr Eure klassisch, elegante Hochzeit. Jetzt Termin anfragen und Kennenlernen vereinbaren! \u2665\" \/>\n<meta property=\"og:url\" content=\"https:\/\/www.sindiaboldt.de\/wedding\/hochzeitsfotograf-muenchen\/\" \/>\n<meta property=\"og:site_name\" content=\"Wedding\" \/>\n<meta property=\"article:modified_time\" content=\"2022-04-14T14:15:40+00:00\" \/>\n<meta name=\"twitter:card\" content=\"summary_large_image\" \/>\n<meta name=\"twitter:label1\" content=\"Gesch\u00e4tzte Lesezeit\" \/>\n\t<meta name=\"twitter:data1\" content=\"1\u00a0Minute\" \/>\n<script type=\"application\/ld+json\" class=\"yoast-schema-graph\">{\"@context\":\"https:\/\/schema.org\",\"@graph\":[{\"@type\":\"WebPage\",\"@id\":\"https:\/\/www.sindiaboldt.de\/wedding\/hochzeitsfotograf-muenchen\/\",\"url\":\"https:\/\/www.sindiaboldt.de\/wedding\/hochzeitsfotograf-muenchen\/\",\"name\":\"Hochzeitsfotograf M\u00fcnchen - Elegante Hochzeitsfotos f\u00fcr anspruchsvolle Paare\",\"isPartOf\":{\"@id\":\"https:\/\/www.sindiaboldt.de\/wedding\/#website\"},\"datePublished\":\"2020-06-01T19:37:26+00:00\",\"dateModified\":\"2022-04-14T14:15:40+00:00\",\"description\":\"\u2665 Hochzeitsfotograf M\u00fcnchen: Hochwertige Hochzeitsbilder f\u00fcr Eure klassisch, elegante Hochzeit. Jetzt Termin anfragen und Kennenlernen vereinbaren! \u2665\",\"breadcrumb\":{\"@id\":\"https:\/\/www.sindiaboldt.de\/wedding\/hochzeitsfotograf-muenchen\/#breadcrumb\"},\"inLanguage\":\"de\",\"potentialAction\":[{\"@type\":\"ReadAction\",\"target\":[\"https:\/\/www.sindiaboldt.de\/wedding\/hochzeitsfotograf-muenchen\/\"]}]},{\"@type\":\"BreadcrumbList\",\"@id\":\"https:\/\/www.sindiaboldt.de\/wedding\/hochzeitsfotograf-muenchen\/#breadcrumb\",\"itemListElement\":[{\"@type\":\"ListItem\",\"position\":1,\"name\":\"Home\",\"item\":\"https:\/\/www.sindiaboldt.de\/wedding\/\"},{\"@type\":\"ListItem\",\"position\":2,\"name\":\"Hochzeitsfotograf M\u00fcnchen &#8211; Elegante Hochzeitsfotos f\u00fcr anspruchsvolle Paare\"}]},{\"@type\":\"WebSite\",\"@id\":\"https:\/\/www.sindiaboldt.de\/wedding\/#website\",\"url\":\"https:\/\/www.sindiaboldt.de\/wedding\/\",\"name\":\"Wedding\",\"description\":\"Sindia Boldt Hochzeitsfotograf M\u00fcnchen\",\"potentialAction\":[{\"@type\":\"SearchAction\",\"target\":{\"@type\":\"EntryPoint\",\"urlTemplate\":\"https:\/\/www.sindiaboldt.de\/wedding\/?s={search_term_string}\"},\"query-input\":{\"@type\":\"PropertyValueSpecification\",\"valueRequired\":true,\"valueName\":\"search_term_string\"}}],\"inLanguage\":\"de\"}]}<\/script>\n<!-- \/ Yoast SEO plugin. -->","yoast_head_json":{"title":"Hochzeitsfotograf M\u00fcnchen - Elegante Hochzeitsfotos f\u00fcr anspruchsvolle Paare","description":"\u2665 Hochzeitsfotograf M\u00fcnchen: Hochwertige Hochzeitsbilder f\u00fcr Eure klassisch, elegante Hochzeit. Jetzt Termin anfragen und Kennenlernen vereinbaren! \u2665","robots":{"index":"noindex","follow":"follow"},"og_locale":"de_DE","og_type":"article","og_title":"Hochzeitsfotograf M\u00fcnchen - Elegante Hochzeitsfotos f\u00fcr anspruchsvolle Paare","og_description":"\u2665 Hochzeitsfotograf M\u00fcnchen: Hochwertige Hochzeitsbilder f\u00fcr Eure klassisch, elegante Hochzeit. Jetzt Termin anfragen und Kennenlernen vereinbaren! \u2665","og_url":"https:\/\/www.sindiaboldt.de\/wedding\/hochzeitsfotograf-muenchen\/","og_site_name":"Wedding","article_modified_time":"2022-04-14T14:15:40+00:00","twitter_card":"summary_large_image","twitter_misc":{"Gesch\u00e4tzte Lesezeit":"1\u00a0Minute"},"schema":{"@context":"https:\/\/schema.org","@graph":[{"@type":"WebPage","@id":"https:\/\/www.sindiaboldt.de\/wedding\/hochzeitsfotograf-muenchen\/","url":"https:\/\/www.sindiaboldt.de\/wedding\/hochzeitsfotograf-muenchen\/","name":"Hochzeitsfotograf M\u00fcnchen - Elegante Hochzeitsfotos f\u00fcr anspruchsvolle Paare","isPartOf":{"@id":"https:\/\/www.sindiaboldt.de\/wedding\/#website"},"datePublished":"2020-06-01T19:37:26+00:00","dateModified":"2022-04-14T14:15:40+00:00","description":"\u2665 Hochzeitsfotograf M\u00fcnchen: Hochwertige Hochzeitsbilder f\u00fcr Eure klassisch, elegante Hochzeit. Jetzt Termin anfragen und Kennenlernen vereinbaren! \u2665","breadcrumb":{"@id":"https:\/\/www.sindiaboldt.de\/wedding\/hochzeitsfotograf-muenchen\/#breadcrumb"},"inLanguage":"de","potentialAction":[{"@type":"ReadAction","target":["https:\/\/www.sindiaboldt.de\/wedding\/hochzeitsfotograf-muenchen\/"]}]},{"@type":"BreadcrumbList","@id":"https:\/\/www.sindiaboldt.de\/wedding\/hochzeitsfotograf-muenchen\/#breadcrumb","itemListElement":[{"@type":"ListItem","position":1,"name":"Home","item":"https:\/\/www.sindiaboldt.de\/wedding\/"},{"@type":"ListItem","position":2,"name":"Hochzeitsfotograf M\u00fcnchen &#8211; Elegante Hochzeitsfotos f\u00fcr anspruchsvolle Paare"}]},{"@type":"WebSite","@id":"https:\/\/www.sindiaboldt.de\/wedding\/#website","url":"https:\/\/www.sindiaboldt.de\/wedding\/","name":"Wedding","description":"Sindia Boldt Hochzeitsfotograf M\u00fcnchen","potentialAction":[{"@type":"SearchAction","target":{"@type":"EntryPoint","urlTemplate":"https:\/\/www.sindiaboldt.de\/wedding\/?s={search_term_string}"},"query-input":{"@type":"PropertyValueSpecification","valueRequired":true,"valueName":"search_term_string"}}],"inLanguage":"de"}]}},"_links":{"self":[{"href":"https:\/\/www.sindiaboldt.de\/wedding\/wp-json\/wp\/v2\/pages\/9549","targetHints":{"allow":["GET"]}}],"collection":[{"href":"https:\/\/www.sindiaboldt.de\/wedding\/wp-json\/wp\/v2\/pages"}],"about":[{"href":"https:\/\/www.sindiaboldt.de\/wedding\/wp-json\/wp\/v2\/types\/page"}],"author":[{"embeddable":true,"href":"https:\/\/www.sindiaboldt.de\/wedding\/wp-json\/wp\/v2\/users\/1"}],"replies":[{"embeddable":true,"href":"https:\/\/www.sindiaboldt.de\/wedding\/wp-json\/wp\/v2\/comments?post=9549"}],"version-history":[{"count":0,"href":"https:\/\/www.sindiaboldt.de\/wedding\/wp-json\/wp\/v2\/pages\/9549\/revisions"}],"wp:attachment":[{"href":"https:\/\/www.sindiaboldt.de\/wedding\/wp-json\/wp\/v2\/media?parent=9549"}],"curies":[{"name":"wp","href":"https:\/\/api.w.org\/{rel}","templated":true}]}}