{"id":9564,"date":"2020-06-03T18:59:29","date_gmt":"2020-06-03T16:59:29","guid":{"rendered":"https:\/\/www.sindiaboldt.de\/wedding\/?page_id=9564"},"modified":"2021-04-25T12:18:45","modified_gmt":"2021-04-25T10:18:45","slug":"coaching-fuer-fotografen","status":"publish","type":"page","link":"https:\/\/www.sindiaboldt.de\/wedding\/coaching-fuer-fotografen\/","title":{"rendered":"Coaching f\u00fcr Fotografen"},"content":{"rendered":"<p style=\"text-align: center;\">Du hast 1000 Ideen und Tr\u00e4ume, aber noch mehr Zweifel und Fragen?<\/p>\n<p style=\"text-align: center;\">Du willst als Fotograf Fu\u00df fassen oder dein Business weiterentwickeln? Du startest gerade und wei\u00dft nicht wo du anfangen sollst? Wie mache ich mich Selbstst\u00e4ndig? Wie gestalte ich meinen Preis? Ist meine Fotografie gut genug?<\/p>\n<p style=\"text-align: center;\">Oder&#8230;<\/p>\n<p style=\"text-align: center;\">Du bist bereits Fotograf im Neben- oder Hauptberuf und m\u00f6chtest Dich und Dein Business weiterentwicklen? Dich interessieren Fragen wie: Wie finde ich meine Bildsprache und Konsistenz in meiner Arbeit? Wie kann ich meine Prozesse verbessern um mehr Zeit f\u00fcr die wirklich wichtigen Dinge zu haben? Wie kann ich meine Bildbearbeitung optimieren? Welche Tools und Programme helfen und sind ihr Geld wert? Wie finde ich meinen Traumkunden?<\/p>\n<p>&nbsp;<\/p>\n","protected":false},"excerpt":{"rendered":"<p>Du hast 1000 Ideen und Tr\u00e4ume, aber noch mehr Zweifel und Fragen? Du willst als Fotograf Fu\u00df fassen oder dein Business weiterentwickeln? Du startest gerade und wei\u00dft nicht wo du anfangen sollst? Wie mache ich mich Selbstst\u00e4ndig? Wie gestalte ich meinen Preis? Ist meine Fotografie gut genug? Oder&#8230; Du bist bereits Fotograf im Neben- oder [&hellip;]<\/p>\n","protected":false},"author":1,"featured_media":0,"parent":0,"menu_order":0,"comment_status":"closed","ping_status":"closed","template":"","meta":{"footnotes":""},"class_list":["post-9564","page","type-page","status-publish"],"yoast_head":"<!-- This site is optimized with the Yoast SEO plugin v26.8 - https:\/\/yoast.com\/product\/yoast-seo-wordpress\/ -->\n<title>Coaching f\u00fcr Fotografen - Wedding<\/title>\n<meta name=\"description\" content=\"Du hast 1000 Ideen und Tr\u00e4ume, aber noch mehr Zweifel und Fragen? Deine Weiterbildung im Bereich Fotografie oder alles rund ums Business! Jetzt anfragen.\" \/>\n<meta name=\"robots\" content=\"index, follow, max-snippet:-1, max-image-preview:large, max-video-preview:-1\" \/>\n<link rel=\"canonical\" href=\"https:\/\/www.sindiaboldt.de\/wedding\/coaching-fuer-fotografen\/\" \/>\n<meta property=\"og:locale\" content=\"de_DE\" \/>\n<meta property=\"og:type\" content=\"article\" \/>\n<meta property=\"og:title\" content=\"Coaching f\u00fcr Fotografen - Wedding\" \/>\n<meta property=\"og:description\" content=\"Du hast 1000 Ideen und Tr\u00e4ume, aber noch mehr Zweifel und Fragen? Deine Weiterbildung im Bereich Fotografie oder alles rund ums Business! Jetzt anfragen.\" \/>\n<meta property=\"og:url\" content=\"https:\/\/www.sindiaboldt.de\/wedding\/coaching-fuer-fotografen\/\" \/>\n<meta property=\"og:site_name\" content=\"Wedding\" \/>\n<meta property=\"article:modified_time\" content=\"2021-04-25T10:18:45+00:00\" \/>\n<meta property=\"og:image\" content=\"https:\/\/www.sindiaboldt.de\/wedding\/wp-content\/uploads\/sites\/2\/2020\/02\/Hochzeitsfotograf-Mu\u0308nchen-Hochzeit-Location-Sindia-Boldt-Photography_0086-e1601459261436.jpg\" \/>\n\t<meta property=\"og:image:width\" content=\"600\" \/>\n\t<meta property=\"og:image:height\" content=\"895\" \/>\n\t<meta property=\"og:image:type\" content=\"image\/jpeg\" \/>\n<meta name=\"twitter:card\" content=\"summary_large_image\" \/>\n<meta name=\"twitter:label1\" content=\"Gesch\u00e4tzte Lesezeit\" \/>\n\t<meta name=\"twitter:data1\" content=\"1\u00a0Minute\" \/>\n<script type=\"application\/ld+json\" class=\"yoast-schema-graph\">{\"@context\":\"https:\/\/schema.org\",\"@graph\":[{\"@type\":\"WebPage\",\"@id\":\"https:\/\/www.sindiaboldt.de\/wedding\/coaching-fuer-fotografen\/\",\"url\":\"https:\/\/www.sindiaboldt.de\/wedding\/coaching-fuer-fotografen\/\",\"name\":\"Coaching f\u00fcr Fotografen - Wedding\",\"isPartOf\":{\"@id\":\"https:\/\/www.sindiaboldt.de\/wedding\/#website\"},\"datePublished\":\"2020-06-03T16:59:29+00:00\",\"dateModified\":\"2021-04-25T10:18:45+00:00\",\"description\":\"Du hast 1000 Ideen und Tr\u00e4ume, aber noch mehr Zweifel und Fragen? Deine Weiterbildung im Bereich Fotografie oder alles rund ums Business! Jetzt anfragen.\",\"breadcrumb\":{\"@id\":\"https:\/\/www.sindiaboldt.de\/wedding\/coaching-fuer-fotografen\/#breadcrumb\"},\"inLanguage\":\"de\",\"potentialAction\":[{\"@type\":\"ReadAction\",\"target\":[\"https:\/\/www.sindiaboldt.de\/wedding\/coaching-fuer-fotografen\/\"]}]},{\"@type\":\"BreadcrumbList\",\"@id\":\"https:\/\/www.sindiaboldt.de\/wedding\/coaching-fuer-fotografen\/#breadcrumb\",\"itemListElement\":[{\"@type\":\"ListItem\",\"position\":1,\"name\":\"Home\",\"item\":\"https:\/\/www.sindiaboldt.de\/wedding\/\"},{\"@type\":\"ListItem\",\"position\":2,\"name\":\"Coaching f\u00fcr Fotografen\"}]},{\"@type\":\"WebSite\",\"@id\":\"https:\/\/www.sindiaboldt.de\/wedding\/#website\",\"url\":\"https:\/\/www.sindiaboldt.de\/wedding\/\",\"name\":\"Wedding\",\"description\":\"Sindia Boldt Hochzeitsfotograf M\u00fcnchen\",\"potentialAction\":[{\"@type\":\"SearchAction\",\"target\":{\"@type\":\"EntryPoint\",\"urlTemplate\":\"https:\/\/www.sindiaboldt.de\/wedding\/?s={search_term_string}\"},\"query-input\":{\"@type\":\"PropertyValueSpecification\",\"valueRequired\":true,\"valueName\":\"search_term_string\"}}],\"inLanguage\":\"de\"}]}<\/script>\n<!-- \/ Yoast SEO plugin. -->","yoast_head_json":{"title":"Coaching f\u00fcr Fotografen - Wedding","description":"Du hast 1000 Ideen und Tr\u00e4ume, aber noch mehr Zweifel und Fragen? Deine Weiterbildung im Bereich Fotografie oder alles rund ums Business! Jetzt anfragen.","robots":{"index":"index","follow":"follow","max-snippet":"max-snippet:-1","max-image-preview":"max-image-preview:large","max-video-preview":"max-video-preview:-1"},"canonical":"https:\/\/www.sindiaboldt.de\/wedding\/coaching-fuer-fotografen\/","og_locale":"de_DE","og_type":"article","og_title":"Coaching f\u00fcr Fotografen - Wedding","og_description":"Du hast 1000 Ideen und Tr\u00e4ume, aber noch mehr Zweifel und Fragen? Deine Weiterbildung im Bereich Fotografie oder alles rund ums Business! Jetzt anfragen.","og_url":"https:\/\/www.sindiaboldt.de\/wedding\/coaching-fuer-fotografen\/","og_site_name":"Wedding","article_modified_time":"2021-04-25T10:18:45+00:00","og_image":[{"width":600,"height":895,"url":"https:\/\/www.sindiaboldt.de\/wedding\/wp-content\/uploads\/sites\/2\/2020\/02\/Hochzeitsfotograf-Mu\u0308nchen-Hochzeit-Location-Sindia-Boldt-Photography_0086-e1601459261436.jpg","type":"image\/jpeg"}],"twitter_card":"summary_large_image","twitter_misc":{"Gesch\u00e4tzte Lesezeit":"1\u00a0Minute"},"schema":{"@context":"https:\/\/schema.org","@graph":[{"@type":"WebPage","@id":"https:\/\/www.sindiaboldt.de\/wedding\/coaching-fuer-fotografen\/","url":"https:\/\/www.sindiaboldt.de\/wedding\/coaching-fuer-fotografen\/","name":"Coaching f\u00fcr Fotografen - Wedding","isPartOf":{"@id":"https:\/\/www.sindiaboldt.de\/wedding\/#website"},"datePublished":"2020-06-03T16:59:29+00:00","dateModified":"2021-04-25T10:18:45+00:00","description":"Du hast 1000 Ideen und Tr\u00e4ume, aber noch mehr Zweifel und Fragen? Deine Weiterbildung im Bereich Fotografie oder alles rund ums Business! Jetzt anfragen.","breadcrumb":{"@id":"https:\/\/www.sindiaboldt.de\/wedding\/coaching-fuer-fotografen\/#breadcrumb"},"inLanguage":"de","potentialAction":[{"@type":"ReadAction","target":["https:\/\/www.sindiaboldt.de\/wedding\/coaching-fuer-fotografen\/"]}]},{"@type":"BreadcrumbList","@id":"https:\/\/www.sindiaboldt.de\/wedding\/coaching-fuer-fotografen\/#breadcrumb","itemListElement":[{"@type":"ListItem","position":1,"name":"Home","item":"https:\/\/www.sindiaboldt.de\/wedding\/"},{"@type":"ListItem","position":2,"name":"Coaching f\u00fcr Fotografen"}]},{"@type":"WebSite","@id":"https:\/\/www.sindiaboldt.de\/wedding\/#website","url":"https:\/\/www.sindiaboldt.de\/wedding\/","name":"Wedding","description":"Sindia Boldt Hochzeitsfotograf M\u00fcnchen","potentialAction":[{"@type":"SearchAction","target":{"@type":"EntryPoint","urlTemplate":"https:\/\/www.sindiaboldt.de\/wedding\/?s={search_term_string}"},"query-input":{"@type":"PropertyValueSpecification","valueRequired":true,"valueName":"search_term_string"}}],"inLanguage":"de"}]}},"_links":{"self":[{"href":"https:\/\/www.sindiaboldt.de\/wedding\/wp-json\/wp\/v2\/pages\/9564","targetHints":{"allow":["GET"]}}],"collection":[{"href":"https:\/\/www.sindiaboldt.de\/wedding\/wp-json\/wp\/v2\/pages"}],"about":[{"href":"https:\/\/www.sindiaboldt.de\/wedding\/wp-json\/wp\/v2\/types\/page"}],"author":[{"embeddable":true,"href":"https:\/\/www.sindiaboldt.de\/wedding\/wp-json\/wp\/v2\/users\/1"}],"replies":[{"embeddable":true,"href":"https:\/\/www.sindiaboldt.de\/wedding\/wp-json\/wp\/v2\/comments?post=9564"}],"version-history":[{"count":0,"href":"https:\/\/www.sindiaboldt.de\/wedding\/wp-json\/wp\/v2\/pages\/9564\/revisions"}],"wp:attachment":[{"href":"https:\/\/www.sindiaboldt.de\/wedding\/wp-json\/wp\/v2\/media?parent=9564"}],"curies":[{"name":"wp","href":"https:\/\/api.w.org\/{rel}","templated":true}]}}